{"id":129,"date":"2021-03-09T06:22:14","date_gmt":"2021-03-09T11:22:14","guid":{"rendered":"http:\/\/www.theadkx.org\/?page_id=129"},"modified":"2022-07-08T12:57:58","modified_gmt":"2022-07-08T16:57:58","slug":"viajes-de-campo","status":"publish","type":"page","link":"https:\/\/www.theadkx.org\/es\/education\/field-trips\/","title":{"rendered":"Viajes de campo"},"content":{"rendered":"<div id='av_section_1'  class='avia-section main_color avia-section-no-padding avia-no-border-styling  ep-lazy-loaded avia-full-stretch avia-bg-style-scroll  avia-builder-el-0  el_before_av_section  avia-builder-el-first   avia-section-fwd container_wrap fullsize' style='background-repeat: no-repeat; --epBGImgDesktop: url(https:\/\/www.theadkx.org\/wp-content\/uploads\/2021\/04\/field-trips-1920x640-1.jpg);--epBGImgTablet: var(--epBGImgDesktop); --epBGImgMobile: url(https:\/\/www.theadkx.org\/wp-content\/uploads\/2021\/04\/field-trips-mobile-720x540-1.jpg);;background-attachment: scroll; background-position: center center;   '   data-section-bg-repeat='stretch' ><div class='container' style=\"\"><main  role=\"main\" itemprop=\"mainContentOfPage\"  class='template-page content  av-content-full alpha units' ><div class='post-entry post-entry-type-page post-entry-129'><div class='entry-content-wrapper clearfix'>\n<div   class='hr hr-invisible  hr-responsive   avia-builder-el-1  avia-builder-el-no-sibling' ><div style='height:300px' class='hr-desktop'><\/div><div style='height:300px' class='hr-tablet'><\/div><div style='height:150px' class='hr-mobile'><\/div><\/div>\n\n<\/div><\/div><\/main><!-- close content main element --><\/div><\/div><div id='av_section_2'  class='avia-section main_color avia-section-default avia-no-border-styling  ep-lazy-loaded avia-full-stretch avia-bg-style-scroll  avia-builder-el-2  el_after_av_section  el_before_av_section   container_wrap fullsize' style='background-color: #fcfaf5; background-repeat: no-repeat; --epBGImg: url(https:\/\/www.theadkx.org\/wp-content\/uploads\/2021\/03\/Brown-Topo-Map-1.png);;background-attachment: scroll; background-position: center center;   '  data-lazy-bg data-section-bg-repeat='stretch' ><div class='container' ><div class='template-page content  av-content-full alpha units' ><div class='post-entry post-entry-type-page post-entry-129'><div class='entry-content-wrapper clearfix'>\n<div   class='av-special-heading av-special-heading-h1   blockquote modern-quote  avia-builder-el-3  avia-builder-el-no-sibling' ><h1 class='av-special-heading-tag'   itemprop=\"headline\"  >Excursiones al ADKX<\/h1><div class='special-heading-border'><div class='special-heading-inner-border' ><\/div><\/div><\/div>\n\n<\/div><\/div><\/div><!-- close content main div --><\/div><\/div><div id='av_section_3'  class='avia-section main_color avia-section-default avia-no-border-styling  avia-bg-style-scroll  avia-builder-el-4  el_after_av_section  avia-builder-el-last   avia-section-fwd container_wrap fullsize' style='  '   ><div class='container' style=\"\"><div class='template-page content  av-content-full alpha units' ><div class='post-entry post-entry-type-page post-entry-129'><div class='entry-content-wrapper clearfix'>\n<div   class='flex_column_table  reverse-order ep-lazy-loaded plan-your-visit-row  av-equal-height-column-flextable av-break-at-tablet-flextable flex-column-table-1'  ><div  class=\"flex_column av_three_fifth  custom_space av-break-at-tablet flex_column_table_cell av-equal-height-column av-align-top ep-lazy-loaded first  avia-builder-el-5  avia-builder-el-no-sibling  mobile-offset\" ><div class=\"flex-column-inner\"><p><div  style='height:20px' class='hr hr-invisible   av-desktop-hide  avia-builder-el-6  el_before_av_textblock  avia-builder-el-first' ><span class='hr-inner' ><span class='hr-inner-style'><\/span><\/span><\/div><br \/>\n<section class=\"av_textblock_section\"  itemscope=\"itemscope\" itemtype=\"https:\/\/schema.org\/CreativeWork\"  ><div class='avia_textblock   av_inherit_color'  style='font-size:30px; color:#789d4a; '  itemprop=\"text\" ><p>We are updating this page! Check back often for new information!<\/p>\n<\/div><\/section><br \/>\n<div  class='avia-video av-ko0wm291-6a6950a1bf48657f1e89a334da9d2c6a avia-video-16-9 av-no-preview-image avia-video-load-always av-lazyload-immediate av-lazyload-video-embed'  itemprop=\"video\" itemtype=\"https:\/\/schema.org\/VideoObject\"  data-original_url='https:\/\/vimeo.com\/314902521'><script type='text\/html' class='av-video-tmpl'><div class='avia-iframe-wrap'><iframe loading=\"lazy\" title=\"ADKX_EducationOrientationVideo\" src=\"https:\/\/player.vimeo.com\/video\/314902521?dnt=1&amp;app_id=122963&autoplay=0&loop=0&controls=1&muted=0\" width=\"1500\" height=\"844\" frameborder=\"0\" allow=\"autoplay; fullscreen; picture-in-picture\" allowfullscreen><\/iframe><\/div><\/script><div class='av-click-to-play-overlay'><div class=\"avia_playpause_icon\"><\/div><\/div><\/div><br \/>\n<section class=\"av_textblock_section\"  itemscope=\"itemscope\" itemtype=\"https:\/\/schema.org\/CreativeWork\"  ><div class='avia_textblock   av_inherit_color'  style='font-size:15px; color:#789d4a; '  itemprop=\"text\" ><p><em>Este v\u00eddeo se produjo antes de la celebraci\u00f3n de Covid, por lo que todos los grupos escolares deber\u00e1n seguir las directrices de seguridad vigentes impuestas por el Estado de Nueva York cuando realicen sus visitas.\u00a0<\/em><\/p>\n<\/div><\/section><br \/>\n<div  style='height:20px' class='hr hr-invisible    avia-builder-el-10  el_after_av_textblock  avia-builder-el-last' ><span class='hr-inner' ><span class='hr-inner-style'><\/span><\/span><\/div><\/p><\/div><\/div><\/div><!--close column table wrapper. Autoclose: 1 -->","protected":false},"excerpt":{"rendered":"","protected":false},"author":4,"featured_media":0,"parent":24,"menu_order":70,"comment_status":"closed","ping_status":"closed","template":"","meta":{"_acf_changed":false,"om_disable_all_campaigns":false,"footnotes":""},"class_list":["post-129","page","type-page","status-publish","hentry"],"acf":[],"yoast_head":"<!-- This site is optimized with the Yoast SEO Premium plugin v22.8 (Yoast SEO v27.4) - https:\/\/yoast.com\/product\/yoast-seo-premium-wordpress\/ -->\n<title>Field Trips | Adirondack Experience<\/title>\n<meta name=\"robots\" content=\"index, follow, max-snippet:-1, max-image-preview:large, max-video-preview:-1\" \/>\n<link rel=\"canonical\" href=\"https:\/\/www.theadkx.org\/es\/fondo-anual\/viajes-de-campo\/\" \/>\n<meta property=\"og:locale\" content=\"es_ES\" \/>\n<meta property=\"og:type\" content=\"article\" \/>\n<meta property=\"og:title\" content=\"Field Trips\" \/>\n<meta property=\"og:url\" content=\"https:\/\/www.theadkx.org\/es\/fondo-anual\/viajes-de-campo\/\" \/>\n<meta property=\"og:site_name\" content=\"Adirondack Experience\" \/>\n<meta property=\"article:publisher\" content=\"https:\/\/www.facebook.com\/theADKX\/\" \/>\n<meta property=\"article:modified_time\" content=\"2022-07-08T16:57:58+00:00\" \/>\n<meta name=\"twitter:card\" content=\"summary_large_image\" \/>\n<meta name=\"twitter:site\" content=\"@theadkx\" \/>\n<meta name=\"twitter:label1\" content=\"Tiempo de lectura\" \/>\n\t<meta name=\"twitter:data1\" content=\"19 minutos\" \/>\n<script type=\"application\/ld+json\" class=\"yoast-schema-graph\">{\"@context\":\"https:\\\/\\\/schema.org\",\"@graph\":[{\"@type\":\"WebPage\",\"@id\":\"https:\\\/\\\/www.theadkx.org\\\/education\\\/field-trips\\\/\",\"url\":\"https:\\\/\\\/www.theadkx.org\\\/education\\\/field-trips\\\/\",\"name\":\"Field Trips | Adirondack Experience\",\"isPartOf\":{\"@id\":\"https:\\\/\\\/www.theadkx.org\\\/#website\"},\"datePublished\":\"2021-03-09T11:22:14+00:00\",\"dateModified\":\"2022-07-08T16:57:58+00:00\",\"breadcrumb\":{\"@id\":\"https:\\\/\\\/www.theadkx.org\\\/education\\\/field-trips\\\/#breadcrumb\"},\"inLanguage\":\"es\",\"potentialAction\":[{\"@type\":\"ReadAction\",\"target\":[\"https:\\\/\\\/www.theadkx.org\\\/education\\\/field-trips\\\/\"]}]},{\"@type\":\"BreadcrumbList\",\"@id\":\"https:\\\/\\\/www.theadkx.org\\\/education\\\/field-trips\\\/#breadcrumb\",\"itemListElement\":[{\"@type\":\"ListItem\",\"position\":1,\"name\":\"Home\",\"item\":\"https:\\\/\\\/www.theadkx.org\\\/homepage\\\/\"},{\"@type\":\"ListItem\",\"position\":2,\"name\":\"Education\",\"item\":\"https:\\\/\\\/www.theadkx.org\\\/education\\\/\"},{\"@type\":\"ListItem\",\"position\":3,\"name\":\"Field Trips\"}]},{\"@type\":\"WebSite\",\"@id\":\"https:\\\/\\\/www.theadkx.org\\\/#website\",\"url\":\"https:\\\/\\\/www.theadkx.org\\\/\",\"name\":\"Adirondack Experience\",\"description\":\"The Museum on Blue Mountain Lake\",\"publisher\":{\"@id\":\"https:\\\/\\\/www.theadkx.org\\\/#organization\"},\"potentialAction\":[{\"@type\":\"SearchAction\",\"target\":{\"@type\":\"EntryPoint\",\"urlTemplate\":\"https:\\\/\\\/www.theadkx.org\\\/?s={search_term_string}\"},\"query-input\":{\"@type\":\"PropertyValueSpecification\",\"valueRequired\":true,\"valueName\":\"search_term_string\"}}],\"inLanguage\":\"es\"},{\"@type\":\"Organization\",\"@id\":\"https:\\\/\\\/www.theadkx.org\\\/#organization\",\"name\":\"Adirondack Experience, The Museum on Blue Mountain Lake\",\"url\":\"https:\\\/\\\/www.theadkx.org\\\/\",\"logo\":{\"@type\":\"ImageObject\",\"inLanguage\":\"es\",\"@id\":\"https:\\\/\\\/www.theadkx.org\\\/#\\\/schema\\\/logo\\\/image\\\/\",\"url\":\"https:\\\/\\\/www.theadkx.org\\\/wp-content\\\/uploads\\\/2021\\\/03\\\/ADKX_LOGO.png\",\"contentUrl\":\"https:\\\/\\\/www.theadkx.org\\\/wp-content\\\/uploads\\\/2021\\\/03\\\/ADKX_LOGO.png\",\"width\":440,\"height\":276,\"caption\":\"Adirondack Experience, The Museum on Blue Mountain Lake\"},\"image\":{\"@id\":\"https:\\\/\\\/www.theadkx.org\\\/#\\\/schema\\\/logo\\\/image\\\/\"},\"sameAs\":[\"https:\\\/\\\/www.facebook.com\\\/theADKX\\\/\",\"https:\\\/\\\/x.com\\\/theadkx\",\"https:\\\/\\\/www.instagram.com\\\/theadkx\\\/\",\"https:\\\/\\\/www.youtube.com\\\/user\\\/AdirondackMuseum\"]}]}<\/script>\n<!-- \/ Yoast SEO Premium plugin. -->","yoast_head_json":{"title":"Excursiones | Experiencia Adirondack","robots":{"index":"index","follow":"follow","max-snippet":"max-snippet:-1","max-image-preview":"max-image-preview:large","max-video-preview":"max-video-preview:-1"},"canonical":"https:\/\/www.theadkx.org\/es\/fondo-anual\/viajes-de-campo\/","og_locale":"es_ES","og_type":"article","og_title":"Field Trips","og_url":"https:\/\/www.theadkx.org\/es\/fondo-anual\/viajes-de-campo\/","og_site_name":"Adirondack Experience","article_publisher":"https:\/\/www.facebook.com\/theADKX\/","article_modified_time":"2022-07-08T16:57:58+00:00","twitter_card":"summary_large_image","twitter_site":"@theadkx","twitter_misc":{"Tiempo de lectura":"19 minutos"},"schema":{"@context":"https:\/\/schema.org","@graph":[{"@type":"WebPage","@id":"https:\/\/www.theadkx.org\/education\/field-trips\/","url":"https:\/\/www.theadkx.org\/education\/field-trips\/","name":"Excursiones | Experiencia Adirondack","isPartOf":{"@id":"https:\/\/www.theadkx.org\/#website"},"datePublished":"2021-03-09T11:22:14+00:00","dateModified":"2022-07-08T16:57:58+00:00","breadcrumb":{"@id":"https:\/\/www.theadkx.org\/education\/field-trips\/#breadcrumb"},"inLanguage":"es","potentialAction":[{"@type":"ReadAction","target":["https:\/\/www.theadkx.org\/education\/field-trips\/"]}]},{"@type":"BreadcrumbList","@id":"https:\/\/www.theadkx.org\/education\/field-trips\/#breadcrumb","itemListElement":[{"@type":"ListItem","position":1,"name":"Home","item":"https:\/\/www.theadkx.org\/homepage\/"},{"@type":"ListItem","position":2,"name":"Education","item":"https:\/\/www.theadkx.org\/education\/"},{"@type":"ListItem","position":3,"name":"Field Trips"}]},{"@type":"WebSite","@id":"https:\/\/www.theadkx.org\/#website","url":"https:\/\/www.theadkx.org\/","name":"Experiencia Adirondack","description":"El Museo del Lago de la Monta\u00f1a Azul","publisher":{"@id":"https:\/\/www.theadkx.org\/#organization"},"potentialAction":[{"@type":"SearchAction","target":{"@type":"EntryPoint","urlTemplate":"https:\/\/www.theadkx.org\/?s={search_term_string}"},"query-input":{"@type":"PropertyValueSpecification","valueRequired":true,"valueName":"search_term_string"}}],"inLanguage":"es"},{"@type":"Organization","@id":"https:\/\/www.theadkx.org\/#organization","name":"Experiencia Adirondack, El Museo del Lago Blue Mountain","url":"https:\/\/www.theadkx.org\/","logo":{"@type":"ImageObject","inLanguage":"es","@id":"https:\/\/www.theadkx.org\/#\/schema\/logo\/image\/","url":"https:\/\/www.theadkx.org\/wp-content\/uploads\/2021\/03\/ADKX_LOGO.png","contentUrl":"https:\/\/www.theadkx.org\/wp-content\/uploads\/2021\/03\/ADKX_LOGO.png","width":440,"height":276,"caption":"Adirondack Experience, The Museum on Blue Mountain Lake"},"image":{"@id":"https:\/\/www.theadkx.org\/#\/schema\/logo\/image\/"},"sameAs":["https:\/\/www.facebook.com\/theADKX\/","https:\/\/x.com\/theadkx","https:\/\/www.instagram.com\/theadkx\/","https:\/\/www.youtube.com\/user\/AdirondackMuseum"]}]}},"_links":{"self":[{"href":"https:\/\/www.theadkx.org\/es\/wp-json\/wp\/v2\/pages\/129","targetHints":{"allow":["GET"]}}],"collection":[{"href":"https:\/\/www.theadkx.org\/es\/wp-json\/wp\/v2\/pages"}],"about":[{"href":"https:\/\/www.theadkx.org\/es\/wp-json\/wp\/v2\/types\/page"}],"author":[{"embeddable":true,"href":"https:\/\/www.theadkx.org\/es\/wp-json\/wp\/v2\/users\/4"}],"replies":[{"embeddable":true,"href":"https:\/\/www.theadkx.org\/es\/wp-json\/wp\/v2\/comments?post=129"}],"version-history":[{"count":10,"href":"https:\/\/www.theadkx.org\/es\/wp-json\/wp\/v2\/pages\/129\/revisions"}],"predecessor-version":[{"id":15996,"href":"https:\/\/www.theadkx.org\/es\/wp-json\/wp\/v2\/pages\/129\/revisions\/15996"}],"up":[{"embeddable":true,"href":"https:\/\/www.theadkx.org\/es\/wp-json\/wp\/v2\/pages\/24"}],"wp:attachment":[{"href":"https:\/\/www.theadkx.org\/es\/wp-json\/wp\/v2\/media?parent=129"}],"curies":[{"name":"wp","href":"https:\/\/api.w.org\/{rel}","templated":true}]}}