{"id":13692,"date":"2024-02-20T14:44:05","date_gmt":"2024-02-20T19:44:05","guid":{"rendered":"http:\/\/www.theadkx.org\/?page_id=13692"},"modified":"2024-02-20T14:44:05","modified_gmt":"2024-02-20T19:44:05","slug":"fondo-anual-3","status":"publish","type":"page","link":"https:\/\/www.theadkx.org\/es\/join-support\/donate\/special-programs\/log-hotel\/","title":{"rendered":"Log Hotel Restoration"},"content":{"rendered":"<div id='av_section_1'  class='avia-section main_color avia-section-no-padding avia-no-border-styling  ep-lazy-loaded avia-full-stretch avia-bg-style-scroll  avia-builder-el-0  el_before_av_section  avia-builder-el-first   avia-section-fwd container_wrap fullsize' style='background-repeat: no-repeat; --epBGImgDesktop: url(https:\/\/www.theadkx.org\/wp-content\/uploads\/2021\/04\/log-hotel-1920x640-1.jpg);--epBGImgTablet: var(--epBGImgDesktop); --epBGImgMobile: url(https:\/\/www.theadkx.org\/wp-content\/uploads\/2021\/04\/log-hotel-mobile-720x540-1-300x225.jpg);;background-attachment: scroll; background-position: center center;   '   data-section-bg-repeat='stretch' ><div class='container' style=\"\"><main  role=\"main\" itemprop=\"mainContentOfPage\"  class='template-page content  av-content-full alpha units' ><div class='post-entry post-entry-type-page post-entry-13692'><div class='entry-content-wrapper clearfix'>\n<div   class='hr hr-invisible  hr-responsive   avia-builder-el-1  avia-builder-el-no-sibling' ><div style='height:300px' class='hr-desktop'><\/div><div style='height:300px' class='hr-tablet'><\/div><div style='height:150px' class='hr-mobile'><\/div><\/div>\n\n<\/div><\/div><\/main><!-- close content main element --><\/div><\/div><div id='av_section_2'  class='avia-section main_color avia-section-default avia-no-border-styling  ep-lazy-loaded avia-full-stretch avia-bg-style-scroll  avia-builder-el-2  el_after_av_section  el_before_av_section   container_wrap fullsize' style='background-color: #fcfaf5; background-repeat: no-repeat; --epBGImg: url(https:\/\/www.theadkx.org\/wp-content\/uploads\/2021\/03\/Brown-Topo-Map-1.png);;background-attachment: scroll; background-position: center center;   '  data-lazy-bg data-section-bg-repeat='stretch' ><div class='container' ><div class='template-page content  av-content-full alpha units' ><div class='post-entry post-entry-type-page post-entry-13692'><div class='entry-content-wrapper clearfix'>\n<div   class='av-special-heading av-special-heading-h1   blockquote modern-quote  avia-builder-el-3  avia-builder-el-no-sibling' ><h1 class='av-special-heading-tag'   itemprop=\"headline\"  >Log Hotel Restoration<\/h1><div class='special-heading-border'><div class='special-heading-inner-border' ><\/div><\/div><\/div>\n<\/div><\/div><\/div><!-- close content main div --><\/div><\/div><div id='av_section_3'  class='avia-section main_color avia-section-default avia-no-border-styling  avia-bg-style-scroll  avia-builder-el-4  el_after_av_section  avia-builder-el-last   container_wrap fullsize' style='  '   ><div class='container' style=\"--containerWidth:1150px;max-width:1150px;\"><div class='template-page content  av-content-full alpha units' ><div class='post-entry post-entry-type-page post-entry-13692'><div class='entry-content-wrapper clearfix'>\n<div   class='flex_column_table  ep-lazy-loaded   av-equal-height-column-flextable -flextable flex-column-table-1'  ><div  class=\"flex_column av_one_full  no_margin flex_column_table_cell av-equal-height-column av-align-top ep-lazy-loaded first  avia-builder-el-5  avia-builder-el-no-sibling\" ><div class=\"flex-column-inner\"><p><div  style='height:20px' class='hr hr-invisible   av-desktop-hide  avia-builder-el-6  el_before_av_textblock  avia-builder-el-first' ><span class='hr-inner' ><span class='hr-inner-style'><\/span><\/span><\/div><br \/>\n<section class=\"av_textblock_section\"  itemscope=\"itemscope\" itemtype=\"https:\/\/schema.org\/CreativeWork\"  ><div class='avia_textblock'   itemprop=\"text\" ><p>Built in 1876 by Miles Tyler Merwin, the Log Hotel is thought to be the oldest existing building in the central Adirondacks and is listed on the National Register of Historic Places. The Log Hotel embodies the evolution of the Adirondack economy. Originally built as a logging campsite, it was later converted into a hotel for tourists. All of the other early hotels in Blue Mountain Lake are now gone, including the Prospect House, the first hotel in the U.S. to be lit by electricity. The Log Hotel stands as a monument to regional history.<\/p>\n<p>The Museum has cared for the Log Hotel since 1954, but a recent comprehensive assessment revealed routine maintenance would no longer suffice in preserving the structure. In 2012 its foundations were stabilized, and in 2023 its electricity was upgraded, but more is needed to best preserve this historic structure for years to come. Restoration priorities include: reinforcing the roof and replacing shingles, repairing logs and restoring siding, further stabilizing the piers, and dismantling and reconstructing the chimney. These efforts to preserve the Log Hotel will cost over $600,000 and will ensure that the Log Hotel will be around for ADKX\u2019s tens of thousands of annual visitors for years to come.<\/p>\n<p>Para hacer un regalo en l\u00ednea, haga clic en el\u00a0<strong>Donar ahora<\/strong> y rellene el formulario en l\u00ednea. Para obtener informaci\u00f3n adicional sobre c\u00f3mo hacer una donaci\u00f3n, llame a la Oficina de Promoci\u00f3n Institucional al 518.352.7311 ext. 119.<\/p>\n<div  class='avia-button-wrap avia-button-left    avia-builder-el-8  avia-builder-el-no-sibling'  ><a href='https:\/\/6725a.blackbaudhosting.com\/6725a\/Log-Hotel-Restoration '  class='avia-button   avia-icon_select-no avia-color-regular avia-size-medium avia-position-left'   ><span class='avia_iconbox_title' >\u00a1Done ahora!<\/span><\/a><\/div>\n<\/div><\/section><\/p><\/div><\/div><\/div><!--close column table wrapper. Autoclose: 1 --><\/p>","protected":false},"excerpt":{"rendered":"","protected":false},"author":4,"featured_media":0,"parent":2026,"menu_order":141,"comment_status":"closed","ping_status":"closed","template":"","meta":{"_acf_changed":false,"om_disable_all_campaigns":false,"footnotes":""},"class_list":["post-13692","page","type-page","status-publish","hentry"],"acf":[],"yoast_head":"<!-- This site is optimized with the Yoast SEO Premium plugin v22.8 (Yoast SEO v27.4) - https:\/\/yoast.com\/product\/yoast-seo-premium-wordpress\/ -->\n<title>Log Hotel Restoration | Make your Contribution Today | Adirondack Experience<\/title>\n<meta name=\"description\" content=\"Provide vital support to every aspect of the Adirondack Experience\u2019s programs and operations by contributing the our Annual Fund.\" \/>\n<meta name=\"robots\" content=\"index, follow, max-snippet:-1, max-image-preview:large, max-video-preview:-1\" \/>\n<link rel=\"canonical\" href=\"https:\/\/www.theadkx.org\/es\/soporte-union\/donar\/programas-especiales\/fondo-anual-3\/\" \/>\n<meta property=\"og:locale\" content=\"es_ES\" \/>\n<meta property=\"og:type\" content=\"article\" \/>\n<meta property=\"og:title\" content=\"Log Hotel Restoration\" \/>\n<meta property=\"og:url\" content=\"https:\/\/www.theadkx.org\/es\/soporte-union\/donar\/programas-especiales\/fondo-anual-3\/\" \/>\n<meta property=\"og:site_name\" content=\"Adirondack Experience\" \/>\n<meta property=\"article:publisher\" content=\"https:\/\/www.facebook.com\/theADKX\/\" \/>\n<meta name=\"twitter:card\" content=\"summary_large_image\" \/>\n<meta name=\"twitter:site\" content=\"@theadkx\" \/>\n<meta name=\"twitter:label1\" content=\"Tiempo de lectura\" \/>\n\t<meta name=\"twitter:data1\" content=\"3 minutos\" \/>\n<script type=\"application\/ld+json\" class=\"yoast-schema-graph\">{\"@context\":\"https:\\\/\\\/schema.org\",\"@graph\":[{\"@type\":\"WebPage\",\"@id\":\"https:\\\/\\\/www.theadkx.org\\\/join-support\\\/donate\\\/special-programs\\\/log-hotel\\\/\",\"url\":\"https:\\\/\\\/www.theadkx.org\\\/join-support\\\/donate\\\/special-programs\\\/log-hotel\\\/\",\"name\":\"Log Hotel Restoration | Make your Contribution Today | Adirondack Experience\",\"isPartOf\":{\"@id\":\"https:\\\/\\\/www.theadkx.org\\\/#website\"},\"datePublished\":\"2024-02-20T19:44:05+00:00\",\"description\":\"Provide vital support to every aspect of the Adirondack Experience\u2019s programs and operations by contributing the our Annual Fund.\",\"breadcrumb\":{\"@id\":\"https:\\\/\\\/www.theadkx.org\\\/join-support\\\/donate\\\/special-programs\\\/log-hotel\\\/#breadcrumb\"},\"inLanguage\":\"es\",\"potentialAction\":[{\"@type\":\"ReadAction\",\"target\":[\"https:\\\/\\\/www.theadkx.org\\\/join-support\\\/donate\\\/special-programs\\\/log-hotel\\\/\"]}]},{\"@type\":\"BreadcrumbList\",\"@id\":\"https:\\\/\\\/www.theadkx.org\\\/join-support\\\/donate\\\/special-programs\\\/log-hotel\\\/#breadcrumb\",\"itemListElement\":[{\"@type\":\"ListItem\",\"position\":1,\"name\":\"Home\",\"item\":\"https:\\\/\\\/www.theadkx.org\\\/homepage\\\/\"},{\"@type\":\"ListItem\",\"position\":2,\"name\":\"Join\\\/Renew + Support\",\"item\":\"https:\\\/\\\/www.theadkx.org\\\/join-support\\\/\"},{\"@type\":\"ListItem\",\"position\":3,\"name\":\"Donate\",\"item\":\"https:\\\/\\\/www.theadkx.org\\\/join-support\\\/donate\\\/\"},{\"@type\":\"ListItem\",\"position\":4,\"name\":\"Special Programs\",\"item\":\"https:\\\/\\\/www.theadkx.org\\\/join-support\\\/donate\\\/special-programs\\\/\"},{\"@type\":\"ListItem\",\"position\":5,\"name\":\"Log Hotel Restoration\"}]},{\"@type\":\"WebSite\",\"@id\":\"https:\\\/\\\/www.theadkx.org\\\/#website\",\"url\":\"https:\\\/\\\/www.theadkx.org\\\/\",\"name\":\"Adirondack Experience\",\"description\":\"The Museum on Blue Mountain Lake\",\"publisher\":{\"@id\":\"https:\\\/\\\/www.theadkx.org\\\/#organization\"},\"potentialAction\":[{\"@type\":\"SearchAction\",\"target\":{\"@type\":\"EntryPoint\",\"urlTemplate\":\"https:\\\/\\\/www.theadkx.org\\\/?s={search_term_string}\"},\"query-input\":{\"@type\":\"PropertyValueSpecification\",\"valueRequired\":true,\"valueName\":\"search_term_string\"}}],\"inLanguage\":\"es\"},{\"@type\":\"Organization\",\"@id\":\"https:\\\/\\\/www.theadkx.org\\\/#organization\",\"name\":\"Adirondack Experience, The Museum on Blue Mountain Lake\",\"url\":\"https:\\\/\\\/www.theadkx.org\\\/\",\"logo\":{\"@type\":\"ImageObject\",\"inLanguage\":\"es\",\"@id\":\"https:\\\/\\\/www.theadkx.org\\\/#\\\/schema\\\/logo\\\/image\\\/\",\"url\":\"https:\\\/\\\/www.theadkx.org\\\/wp-content\\\/uploads\\\/2021\\\/03\\\/ADKX_LOGO.png\",\"contentUrl\":\"https:\\\/\\\/www.theadkx.org\\\/wp-content\\\/uploads\\\/2021\\\/03\\\/ADKX_LOGO.png\",\"width\":440,\"height\":276,\"caption\":\"Adirondack Experience, The Museum on Blue Mountain Lake\"},\"image\":{\"@id\":\"https:\\\/\\\/www.theadkx.org\\\/#\\\/schema\\\/logo\\\/image\\\/\"},\"sameAs\":[\"https:\\\/\\\/www.facebook.com\\\/theADKX\\\/\",\"https:\\\/\\\/x.com\\\/theadkx\",\"https:\\\/\\\/www.instagram.com\\\/theadkx\\\/\",\"https:\\\/\\\/www.youtube.com\\\/user\\\/AdirondackMuseum\"]}]}<\/script>\n<!-- \/ Yoast SEO Premium plugin. -->","yoast_head_json":{"title":"Log Hotel Restoration | Make your Contribution Today | Adirondack Experience","description":"Proporcione un apoyo vital a todos los aspectos de los programas y operaciones de la Experiencia Adirondack contribuyendo a nuestro Fondo Anual.","robots":{"index":"index","follow":"follow","max-snippet":"max-snippet:-1","max-image-preview":"max-image-preview:large","max-video-preview":"max-video-preview:-1"},"canonical":"https:\/\/www.theadkx.org\/es\/soporte-union\/donar\/programas-especiales\/fondo-anual-3\/","og_locale":"es_ES","og_type":"article","og_title":"Log Hotel Restoration","og_url":"https:\/\/www.theadkx.org\/es\/soporte-union\/donar\/programas-especiales\/fondo-anual-3\/","og_site_name":"Adirondack Experience","article_publisher":"https:\/\/www.facebook.com\/theADKX\/","twitter_card":"summary_large_image","twitter_site":"@theadkx","twitter_misc":{"Tiempo de lectura":"3 minutos"},"schema":{"@context":"https:\/\/schema.org","@graph":[{"@type":"WebPage","@id":"https:\/\/www.theadkx.org\/join-support\/donate\/special-programs\/log-hotel\/","url":"https:\/\/www.theadkx.org\/join-support\/donate\/special-programs\/log-hotel\/","name":"Log Hotel Restoration | Make your Contribution Today | Adirondack Experience","isPartOf":{"@id":"https:\/\/www.theadkx.org\/#website"},"datePublished":"2024-02-20T19:44:05+00:00","description":"Proporcione un apoyo vital a todos los aspectos de los programas y operaciones de la Experiencia Adirondack contribuyendo a nuestro Fondo Anual.","breadcrumb":{"@id":"https:\/\/www.theadkx.org\/join-support\/donate\/special-programs\/log-hotel\/#breadcrumb"},"inLanguage":"es","potentialAction":[{"@type":"ReadAction","target":["https:\/\/www.theadkx.org\/join-support\/donate\/special-programs\/log-hotel\/"]}]},{"@type":"BreadcrumbList","@id":"https:\/\/www.theadkx.org\/join-support\/donate\/special-programs\/log-hotel\/#breadcrumb","itemListElement":[{"@type":"ListItem","position":1,"name":"Home","item":"https:\/\/www.theadkx.org\/homepage\/"},{"@type":"ListItem","position":2,"name":"Join\/Renew + Support","item":"https:\/\/www.theadkx.org\/join-support\/"},{"@type":"ListItem","position":3,"name":"Donate","item":"https:\/\/www.theadkx.org\/join-support\/donate\/"},{"@type":"ListItem","position":4,"name":"Special Programs","item":"https:\/\/www.theadkx.org\/join-support\/donate\/special-programs\/"},{"@type":"ListItem","position":5,"name":"Log Hotel Restoration"}]},{"@type":"WebSite","@id":"https:\/\/www.theadkx.org\/#website","url":"https:\/\/www.theadkx.org\/","name":"Experiencia Adirondack","description":"El Museo del Lago de la Monta\u00f1a Azul","publisher":{"@id":"https:\/\/www.theadkx.org\/#organization"},"potentialAction":[{"@type":"SearchAction","target":{"@type":"EntryPoint","urlTemplate":"https:\/\/www.theadkx.org\/?s={search_term_string}"},"query-input":{"@type":"PropertyValueSpecification","valueRequired":true,"valueName":"search_term_string"}}],"inLanguage":"es"},{"@type":"Organization","@id":"https:\/\/www.theadkx.org\/#organization","name":"Experiencia Adirondack, El Museo del Lago Blue Mountain","url":"https:\/\/www.theadkx.org\/","logo":{"@type":"ImageObject","inLanguage":"es","@id":"https:\/\/www.theadkx.org\/#\/schema\/logo\/image\/","url":"https:\/\/www.theadkx.org\/wp-content\/uploads\/2021\/03\/ADKX_LOGO.png","contentUrl":"https:\/\/www.theadkx.org\/wp-content\/uploads\/2021\/03\/ADKX_LOGO.png","width":440,"height":276,"caption":"Adirondack Experience, The Museum on Blue Mountain Lake"},"image":{"@id":"https:\/\/www.theadkx.org\/#\/schema\/logo\/image\/"},"sameAs":["https:\/\/www.facebook.com\/theADKX\/","https:\/\/x.com\/theadkx","https:\/\/www.instagram.com\/theadkx\/","https:\/\/www.youtube.com\/user\/AdirondackMuseum"]}]}},"_links":{"self":[{"href":"https:\/\/www.theadkx.org\/es\/wp-json\/wp\/v2\/pages\/13692","targetHints":{"allow":["GET"]}}],"collection":[{"href":"https:\/\/www.theadkx.org\/es\/wp-json\/wp\/v2\/pages"}],"about":[{"href":"https:\/\/www.theadkx.org\/es\/wp-json\/wp\/v2\/types\/page"}],"author":[{"embeddable":true,"href":"https:\/\/www.theadkx.org\/es\/wp-json\/wp\/v2\/users\/4"}],"replies":[{"embeddable":true,"href":"https:\/\/www.theadkx.org\/es\/wp-json\/wp\/v2\/comments?post=13692"}],"version-history":[{"count":2,"href":"https:\/\/www.theadkx.org\/es\/wp-json\/wp\/v2\/pages\/13692\/revisions"}],"predecessor-version":[{"id":13694,"href":"https:\/\/www.theadkx.org\/es\/wp-json\/wp\/v2\/pages\/13692\/revisions\/13694"}],"up":[{"embeddable":true,"href":"https:\/\/www.theadkx.org\/es\/wp-json\/wp\/v2\/pages\/2026"}],"wp:attachment":[{"href":"https:\/\/www.theadkx.org\/es\/wp-json\/wp\/v2\/media?parent=13692"}],"curies":[{"name":"wp","href":"https:\/\/api.w.org\/{rel}","templated":true}]}}