{"id":13705,"date":"2024-02-20T15:06:41","date_gmt":"2024-02-20T20:06:41","guid":{"rendered":"http:\/\/www.theadkx.org\/?page_id=13705"},"modified":"2024-02-20T15:06:41","modified_gmt":"2024-02-20T20:06:41","slug":"fondo-anual-6","status":"publish","type":"page","link":"https:\/\/www.theadkx.org\/es\/join-support\/donate\/special-programs\/boatbuilder-fund\/","title":{"rendered":"Fondo de Residencia para Constructores de Barcos"},"content":{"rendered":"<div id='av_section_1'  class='avia-section main_color avia-section-no-padding avia-no-border-styling  ep-lazy-loaded avia-full-stretch avia-bg-style-scroll  avia-builder-el-0  el_before_av_section  avia-builder-el-first   avia-section-fwd container_wrap fullsize' style='background-repeat: no-repeat; --epBGImgDesktop: url(https:\/\/www.theadkx.org\/wp-content\/uploads\/2021\/04\/annual-fund-1920x640-1.jpg);--epBGImgTablet: var(--epBGImgDesktop); --epBGImgMobile: url(https:\/\/www.theadkx.org\/wp-content\/uploads\/2021\/04\/annual-fund-720x540-1.jpg);;background-attachment: scroll; background-position: center center;   '   data-section-bg-repeat='stretch' ><div class='container' style=\"\"><main  role=\"main\" itemprop=\"mainContentOfPage\"  class='template-page content  av-content-full alpha units' ><div class='post-entry post-entry-type-page post-entry-13705'><div class='entry-content-wrapper clearfix'>\n<div   class='hr hr-invisible  hr-responsive   avia-builder-el-1  avia-builder-el-no-sibling' ><div style='height:300px' class='hr-desktop'><\/div><div style='height:300px' class='hr-tablet'><\/div><div style='height:150px' class='hr-mobile'><\/div><\/div>\n\n<\/div><\/div><\/main><!-- close content main element --><\/div><\/div><div id='av_section_2'  class='avia-section main_color avia-section-default avia-no-border-styling  ep-lazy-loaded avia-full-stretch avia-bg-style-scroll  avia-builder-el-2  el_after_av_section  el_before_av_section   container_wrap fullsize' style='background-color: #fcfaf5; background-repeat: no-repeat; --epBGImg: url(https:\/\/www.theadkx.org\/wp-content\/uploads\/2021\/03\/Brown-Topo-Map-1.png);;background-attachment: scroll; background-position: center center;   '  data-lazy-bg data-section-bg-repeat='stretch' ><div class='container' ><div class='template-page content  av-content-full alpha units' ><div class='post-entry post-entry-type-page post-entry-13705'><div class='entry-content-wrapper clearfix'>\n<div   class='av-special-heading av-special-heading-h1   blockquote modern-quote  avia-builder-el-3  avia-builder-el-no-sibling' ><h1 class='av-special-heading-tag'   itemprop=\"headline\"  >Fondo de Residencia para Constructores de Barcos<\/h1><div class='special-heading-border'><div class='special-heading-inner-border' ><\/div><\/div><\/div>\n<\/div><\/div><\/div><!-- close content main div --><\/div><\/div><div id='av_section_3'  class='avia-section main_color avia-section-default avia-no-border-styling  avia-bg-style-scroll  avia-builder-el-4  el_after_av_section  avia-builder-el-last   container_wrap fullsize' style='  '   ><div class='container' style=\"--containerWidth:1150px;max-width:1150px;\"><div class='template-page content  av-content-full alpha units' ><div class='post-entry post-entry-type-page post-entry-13705'><div class='entry-content-wrapper clearfix'>\n<div   class='flex_column_table  ep-lazy-loaded   av-equal-height-column-flextable -flextable flex-column-table-1'  ><div  class=\"flex_column av_one_full  no_margin flex_column_table_cell av-equal-height-column av-align-top ep-lazy-loaded first  avia-builder-el-5  avia-builder-el-no-sibling\" ><div class=\"flex-column-inner\"><p><div  style='height:20px' class='hr hr-invisible   av-desktop-hide  avia-builder-el-6  el_before_av_textblock  avia-builder-el-first' ><span class='hr-inner' ><span class='hr-inner-style'><\/span><\/span><\/div><br \/>\n<section class=\"av_textblock_section\"  itemscope=\"itemscope\" itemtype=\"https:\/\/schema.org\/CreativeWork\"  ><div class='avia_textblock'   itemprop=\"text\" ><p>Ya en la d\u00e9cada de 1840, en las Adirondacks centrales se utilizaban peque\u00f1as embarcaciones de madera, lo bastante grandes para albergar a un par de personas y sus aparejos. A medida que aumentaba el n\u00famero de personas que acud\u00edan a la regi\u00f3n para practicar deporte, crec\u00eda la demanda de gu\u00edas y sus embarcaciones, que pasaron a conocerse como lanchas-gu\u00eda. En la actualidad, Adirondack Experience alberga una de las mayores colecciones de embarcaciones de navegaci\u00f3n interior del pa\u00eds, que incluye 100 lanchas-gu\u00eda artesanales.<\/p>\n<p>En 2002, el Museo instal\u00f3 un taller n\u00e1utico en funcionamiento en el <em>Barcos y navegaci\u00f3n en los Adirondacks <\/em>exposici\u00f3n. Durante la temporada de puertas abiertas, un experimentado constructor de embarcaciones muestra el singular oficio de construir una embarcaci\u00f3n gu\u00eda, dando vida a la historia para visitantes de todas las edades.<\/p>\n<p>Sidney Whelan, administrador honorario de Adirondack Experience, inici\u00f3 el fondo para financiar el programa de constructores de barcos residentes. En 2024 Sidney Whelan falleci\u00f3. El ADKX da la bienvenida a nuevas donaciones al fondo en memoria del impacto duradero de Sid en el Museo.<\/p>\n<p>Para hacer un regalo en l\u00ednea, haga clic en el\u00a0<strong>Donar ahora<\/strong>\u00a0y rellene el formulario en l\u00ednea. Para obtener informaci\u00f3n adicional sobre c\u00f3mo hacer una donaci\u00f3n, llame a la Oficina de Promoci\u00f3n Institucional al 518.352.7311 ext. 119.<\/p>\n<div  class='avia-button-wrap avia-button-left    avia-builder-el-8  avia-builder-el-no-sibling'  ><a href='https:\/\/6725a.blackbaudhosting.com\/6725a\/Boatbuilder-Endowment '  class='avia-button   avia-icon_select-no avia-color-regular avia-size-medium avia-position-left'   ><span class='avia_iconbox_title' >\u00a1Done ahora!<\/span><\/a><\/div>\n<\/div><\/section><\/p><\/div><\/div><\/div><!--close column table wrapper. Autoclose: 1 --><\/p>","protected":false},"excerpt":{"rendered":"","protected":false},"author":4,"featured_media":0,"parent":2026,"menu_order":141,"comment_status":"closed","ping_status":"closed","template":"","meta":{"_acf_changed":false,"om_disable_all_campaigns":false,"footnotes":""},"class_list":["post-13705","page","type-page","status-publish","hentry"],"acf":[],"yoast_head":"<!-- This site is optimized with the Yoast SEO Premium plugin v22.8 (Yoast SEO v27.4) - https:\/\/yoast.com\/product\/yoast-seo-premium-wordpress\/ -->\n<title>Boatbuilder-in-Residence Fund | Make your Contribution Today | Adirondack Experience<\/title>\n<meta name=\"description\" content=\"Provide vital support to every aspect of the Adirondack Experience\u2019s programs and operations by contributing the our Annual Fund.\" \/>\n<meta name=\"robots\" content=\"index, follow, max-snippet:-1, max-image-preview:large, max-video-preview:-1\" \/>\n<link rel=\"canonical\" href=\"https:\/\/www.theadkx.org\/es\/soporte-union\/donar\/programas-especiales\/fondo-anual-6\/\" \/>\n<meta property=\"og:locale\" content=\"es_ES\" \/>\n<meta property=\"og:type\" content=\"article\" \/>\n<meta property=\"og:title\" content=\"Boatbuilder-in-Residence Fund\" \/>\n<meta property=\"og:url\" content=\"https:\/\/www.theadkx.org\/es\/soporte-union\/donar\/programas-especiales\/fondo-anual-6\/\" \/>\n<meta property=\"og:site_name\" content=\"Adirondack Experience\" \/>\n<meta property=\"article:publisher\" content=\"https:\/\/www.facebook.com\/theADKX\/\" \/>\n<meta name=\"twitter:card\" content=\"summary_large_image\" \/>\n<meta name=\"twitter:site\" content=\"@theadkx\" \/>\n<meta name=\"twitter:label1\" content=\"Tiempo de lectura\" \/>\n\t<meta name=\"twitter:data1\" content=\"3 minutos\" \/>\n<script type=\"application\/ld+json\" class=\"yoast-schema-graph\">{\"@context\":\"https:\\\/\\\/schema.org\",\"@graph\":[{\"@type\":\"WebPage\",\"@id\":\"https:\\\/\\\/www.theadkx.org\\\/fr\\\/joindre-support\\\/faire-un-don\\\/programmes-speciaux\\\/fonds-annuel-6\\\/\",\"url\":\"https:\\\/\\\/www.theadkx.org\\\/fr\\\/joindre-support\\\/faire-un-don\\\/programmes-speciaux\\\/fonds-annuel-6\\\/\",\"name\":\"Boatbuilder-in-Residence Fund | Make your Contribution Today | Adirondack Experience\",\"isPartOf\":{\"@id\":\"https:\\\/\\\/www.theadkx.org\\\/#website\"},\"datePublished\":\"2024-02-20T20:06:41+00:00\",\"description\":\"Provide vital support to every aspect of the Adirondack Experience\u2019s programs and operations by contributing the our Annual Fund.\",\"breadcrumb\":{\"@id\":\"https:\\\/\\\/www.theadkx.org\\\/fr\\\/joindre-support\\\/faire-un-don\\\/programmes-speciaux\\\/fonds-annuel-6\\\/#breadcrumb\"},\"inLanguage\":\"es\",\"potentialAction\":[{\"@type\":\"ReadAction\",\"target\":[\"https:\\\/\\\/www.theadkx.org\\\/fr\\\/joindre-support\\\/faire-un-don\\\/programmes-speciaux\\\/fonds-annuel-6\\\/\"]}]},{\"@type\":\"BreadcrumbList\",\"@id\":\"https:\\\/\\\/www.theadkx.org\\\/fr\\\/joindre-support\\\/faire-un-don\\\/programmes-speciaux\\\/fonds-annuel-6\\\/#breadcrumb\",\"itemListElement\":[{\"@type\":\"ListItem\",\"position\":1,\"name\":\"Home\",\"item\":\"https:\\\/\\\/www.theadkx.org\\\/homepage\\\/\"},{\"@type\":\"ListItem\",\"position\":2,\"name\":\"Join\\\/Renew + Support\",\"item\":\"https:\\\/\\\/www.theadkx.org\\\/join-support\\\/\"},{\"@type\":\"ListItem\",\"position\":3,\"name\":\"Donate\",\"item\":\"https:\\\/\\\/www.theadkx.org\\\/join-support\\\/donate\\\/\"},{\"@type\":\"ListItem\",\"position\":4,\"name\":\"Special Programs\",\"item\":\"https:\\\/\\\/www.theadkx.org\\\/join-support\\\/donate\\\/special-programs\\\/\"},{\"@type\":\"ListItem\",\"position\":5,\"name\":\"Boatbuilder-in-Residence Fund\"}]},{\"@type\":\"WebSite\",\"@id\":\"https:\\\/\\\/www.theadkx.org\\\/#website\",\"url\":\"https:\\\/\\\/www.theadkx.org\\\/\",\"name\":\"Adirondack Experience\",\"description\":\"The Museum on Blue Mountain Lake\",\"publisher\":{\"@id\":\"https:\\\/\\\/www.theadkx.org\\\/#organization\"},\"potentialAction\":[{\"@type\":\"SearchAction\",\"target\":{\"@type\":\"EntryPoint\",\"urlTemplate\":\"https:\\\/\\\/www.theadkx.org\\\/?s={search_term_string}\"},\"query-input\":{\"@type\":\"PropertyValueSpecification\",\"valueRequired\":true,\"valueName\":\"search_term_string\"}}],\"inLanguage\":\"es\"},{\"@type\":\"Organization\",\"@id\":\"https:\\\/\\\/www.theadkx.org\\\/#organization\",\"name\":\"Adirondack Experience, The Museum on Blue Mountain Lake\",\"url\":\"https:\\\/\\\/www.theadkx.org\\\/\",\"logo\":{\"@type\":\"ImageObject\",\"inLanguage\":\"es\",\"@id\":\"https:\\\/\\\/www.theadkx.org\\\/#\\\/schema\\\/logo\\\/image\\\/\",\"url\":\"https:\\\/\\\/www.theadkx.org\\\/wp-content\\\/uploads\\\/2021\\\/03\\\/ADKX_LOGO.png\",\"contentUrl\":\"https:\\\/\\\/www.theadkx.org\\\/wp-content\\\/uploads\\\/2021\\\/03\\\/ADKX_LOGO.png\",\"width\":440,\"height\":276,\"caption\":\"Adirondack Experience, The Museum on Blue Mountain Lake\"},\"image\":{\"@id\":\"https:\\\/\\\/www.theadkx.org\\\/#\\\/schema\\\/logo\\\/image\\\/\"},\"sameAs\":[\"https:\\\/\\\/www.facebook.com\\\/theADKX\\\/\",\"https:\\\/\\\/x.com\\\/theadkx\",\"https:\\\/\\\/www.instagram.com\\\/theadkx\\\/\",\"https:\\\/\\\/www.youtube.com\\\/user\\\/AdirondackMuseum\"]}]}<\/script>\n<!-- \/ Yoast SEO Premium plugin. -->","yoast_head_json":{"title":"Fondo de Residencia para Constructores de Barcos | Haga su contribuci\u00f3n hoy | Experiencia Adirondack","description":"Proporcione un apoyo vital a todos los aspectos de los programas y operaciones de la Experiencia Adirondack contribuyendo a nuestro Fondo Anual.","robots":{"index":"index","follow":"follow","max-snippet":"max-snippet:-1","max-image-preview":"max-image-preview:large","max-video-preview":"max-video-preview:-1"},"canonical":"https:\/\/www.theadkx.org\/es\/soporte-union\/donar\/programas-especiales\/fondo-anual-6\/","og_locale":"es_ES","og_type":"article","og_title":"Boatbuilder-in-Residence Fund","og_url":"https:\/\/www.theadkx.org\/es\/soporte-union\/donar\/programas-especiales\/fondo-anual-6\/","og_site_name":"Adirondack Experience","article_publisher":"https:\/\/www.facebook.com\/theADKX\/","twitter_card":"summary_large_image","twitter_site":"@theadkx","twitter_misc":{"Tiempo de lectura":"3 minutos"},"schema":{"@context":"https:\/\/schema.org","@graph":[{"@type":"WebPage","@id":"https:\/\/www.theadkx.org\/fr\/joindre-support\/faire-un-don\/programmes-speciaux\/fonds-annuel-6\/","url":"https:\/\/www.theadkx.org\/fr\/joindre-support\/faire-un-don\/programmes-speciaux\/fonds-annuel-6\/","name":"Fondo de Residencia para Constructores de Barcos | Haga su contribuci\u00f3n hoy | Experiencia Adirondack","isPartOf":{"@id":"https:\/\/www.theadkx.org\/#website"},"datePublished":"2024-02-20T20:06:41+00:00","description":"Proporcione un apoyo vital a todos los aspectos de los programas y operaciones de la Experiencia Adirondack contribuyendo a nuestro Fondo Anual.","breadcrumb":{"@id":"https:\/\/www.theadkx.org\/fr\/joindre-support\/faire-un-don\/programmes-speciaux\/fonds-annuel-6\/#breadcrumb"},"inLanguage":"es","potentialAction":[{"@type":"ReadAction","target":["https:\/\/www.theadkx.org\/fr\/joindre-support\/faire-un-don\/programmes-speciaux\/fonds-annuel-6\/"]}]},{"@type":"BreadcrumbList","@id":"https:\/\/www.theadkx.org\/fr\/joindre-support\/faire-un-don\/programmes-speciaux\/fonds-annuel-6\/#breadcrumb","itemListElement":[{"@type":"ListItem","position":1,"name":"Home","item":"https:\/\/www.theadkx.org\/homepage\/"},{"@type":"ListItem","position":2,"name":"Join\/Renew + Support","item":"https:\/\/www.theadkx.org\/join-support\/"},{"@type":"ListItem","position":3,"name":"Donate","item":"https:\/\/www.theadkx.org\/join-support\/donate\/"},{"@type":"ListItem","position":4,"name":"Special Programs","item":"https:\/\/www.theadkx.org\/join-support\/donate\/special-programs\/"},{"@type":"ListItem","position":5,"name":"Boatbuilder-in-Residence Fund"}]},{"@type":"WebSite","@id":"https:\/\/www.theadkx.org\/#website","url":"https:\/\/www.theadkx.org\/","name":"Experiencia Adirondack","description":"El Museo del Lago de la Monta\u00f1a Azul","publisher":{"@id":"https:\/\/www.theadkx.org\/#organization"},"potentialAction":[{"@type":"SearchAction","target":{"@type":"EntryPoint","urlTemplate":"https:\/\/www.theadkx.org\/?s={search_term_string}"},"query-input":{"@type":"PropertyValueSpecification","valueRequired":true,"valueName":"search_term_string"}}],"inLanguage":"es"},{"@type":"Organization","@id":"https:\/\/www.theadkx.org\/#organization","name":"Experiencia Adirondack, El Museo del Lago Blue Mountain","url":"https:\/\/www.theadkx.org\/","logo":{"@type":"ImageObject","inLanguage":"es","@id":"https:\/\/www.theadkx.org\/#\/schema\/logo\/image\/","url":"https:\/\/www.theadkx.org\/wp-content\/uploads\/2021\/03\/ADKX_LOGO.png","contentUrl":"https:\/\/www.theadkx.org\/wp-content\/uploads\/2021\/03\/ADKX_LOGO.png","width":440,"height":276,"caption":"Adirondack Experience, The Museum on Blue Mountain Lake"},"image":{"@id":"https:\/\/www.theadkx.org\/#\/schema\/logo\/image\/"},"sameAs":["https:\/\/www.facebook.com\/theADKX\/","https:\/\/x.com\/theadkx","https:\/\/www.instagram.com\/theadkx\/","https:\/\/www.youtube.com\/user\/AdirondackMuseum"]}]}},"_links":{"self":[{"href":"https:\/\/www.theadkx.org\/es\/wp-json\/wp\/v2\/pages\/13705","targetHints":{"allow":["GET"]}}],"collection":[{"href":"https:\/\/www.theadkx.org\/es\/wp-json\/wp\/v2\/pages"}],"about":[{"href":"https:\/\/www.theadkx.org\/es\/wp-json\/wp\/v2\/types\/page"}],"author":[{"embeddable":true,"href":"https:\/\/www.theadkx.org\/es\/wp-json\/wp\/v2\/users\/4"}],"replies":[{"embeddable":true,"href":"https:\/\/www.theadkx.org\/es\/wp-json\/wp\/v2\/comments?post=13705"}],"version-history":[{"count":2,"href":"https:\/\/www.theadkx.org\/es\/wp-json\/wp\/v2\/pages\/13705\/revisions"}],"predecessor-version":[{"id":13707,"href":"https:\/\/www.theadkx.org\/es\/wp-json\/wp\/v2\/pages\/13705\/revisions\/13707"}],"up":[{"embeddable":true,"href":"https:\/\/www.theadkx.org\/es\/wp-json\/wp\/v2\/pages\/2026"}],"wp:attachment":[{"href":"https:\/\/www.theadkx.org\/es\/wp-json\/wp\/v2\/media?parent=13705"}],"curies":[{"name":"wp","href":"https:\/\/api.w.org\/{rel}","templated":true}]}}