{"id":2026,"date":"2021-04-21T13:19:12","date_gmt":"2021-04-21T17:19:12","guid":{"rendered":"http:\/\/www.theadkx.org\/?page_id=2026"},"modified":"2023-12-11T10:19:04","modified_gmt":"2023-12-11T15:19:04","slug":"programas-especiales","status":"publish","type":"page","link":"https:\/\/www.theadkx.org\/es\/join-support\/donate\/special-programs\/","title":{"rendered":"Programas especiales"},"content":{"rendered":"<div id='av_section_1'  class='avia-section main_color avia-section-no-padding avia-no-border-styling  ep-lazy-loaded avia-full-stretch avia-bg-style-scroll  avia-builder-el-0  el_before_av_section  avia-builder-el-first   avia-section-fwd container_wrap fullsize' style='background-repeat: no-repeat; --epBGImgDesktop: url(https:\/\/www.theadkx.org\/wp-content\/uploads\/2021\/04\/special-programs-1920x640-1.jpg);--epBGImgTablet: var(--epBGImgDesktop); --epBGImgMobile: url(https:\/\/www.theadkx.org\/wp-content\/uploads\/2021\/04\/special-programs-mobile-720x540-1.jpg);;background-attachment: scroll; background-position: center center;   '   data-section-bg-repeat='stretch' ><div class='container' style=\"\"><main  role=\"main\" itemprop=\"mainContentOfPage\"  class='template-page content  av-content-full alpha units' ><div class='post-entry post-entry-type-page post-entry-2026'><div class='entry-content-wrapper clearfix'>\n<div   class='hr hr-invisible  hr-responsive   avia-builder-el-1  avia-builder-el-no-sibling' ><div style='height:300px' class='hr-desktop'><\/div><div style='height:300px' class='hr-tablet'><\/div><div style='height:150px' class='hr-mobile'><\/div><\/div>\n\n<\/div><\/div><\/main><!-- close content main element --><\/div><\/div><div id='av_section_2'  class='avia-section main_color avia-section-default avia-no-border-styling  ep-lazy-loaded avia-full-stretch avia-bg-style-scroll  avia-builder-el-2  el_after_av_section  el_before_av_section   container_wrap fullsize' style='background-color: #fcfaf5; background-repeat: no-repeat; --epBGImg: url(https:\/\/www.theadkx.org\/wp-content\/uploads\/2021\/03\/Brown-Topo-Map-1.png);;background-attachment: scroll; background-position: center center;   '  data-lazy-bg data-section-bg-repeat='stretch' ><div class='container' ><div class='template-page content  av-content-full alpha units' ><div class='post-entry post-entry-type-page post-entry-2026'><div class='entry-content-wrapper clearfix'>\n<div   class='av-special-heading av-special-heading-h1   blockquote modern-quote  avia-builder-el-3  avia-builder-el-no-sibling' ><h1 class='av-special-heading-tag'   itemprop=\"headline\"  >Programas especiales<\/h1><div class='special-heading-border'><div class='special-heading-inner-border' ><\/div><\/div><\/div>\n\n<\/div><\/div><\/div><!-- close content main div --><\/div><\/div><div id='av_section_3'  class='avia-section main_color avia-section-default avia-no-border-styling  avia-bg-style-scroll  avia-builder-el-4  el_after_av_section  el_before_av_section   container_wrap fullsize' style='  '   ><div class='container' style=\"--containerWidth:1150px;max-width:1150px;\"><div class='template-page content  av-content-full alpha units' ><div class='post-entry post-entry-type-page post-entry-2026'><div class='entry-content-wrapper clearfix'>\n<div   class='flex_column_table  ep-lazy-loaded   av-equal-height-column-flextable -flextable flex-column-table-1'  ><div  class=\"flex_column av_one_full  no_margin flex_column_table_cell av-equal-height-column av-align-top ep-lazy-loaded first  avia-builder-el-5  avia-builder-el-no-sibling\" ><div class=\"flex-column-inner\"><p><div  style='height:20px' class='hr hr-invisible   av-desktop-hide  avia-builder-el-6  el_before_av_textblock  avia-builder-el-first' ><span class='hr-inner' ><span class='hr-inner-style'><\/span><\/span><\/div><br \/>\n<section class=\"av_textblock_section\"  itemscope=\"itemscope\" itemtype=\"https:\/\/schema.org\/CreativeWork\"  ><div class='avia_textblock'   itemprop=\"text\" ><p><span class=\"EOP SCX193131774\">\u00a0<\/span>La Experiencia Adirondack inicia peri\u00f3dicamente proyectos que quedan fuera del alcance de nuestro presupuesto general de funcionamiento. Estos programas son \u00fanicos, convincentes y se eligen porque promueven directamente nuestra misi\u00f3n. Necesitamos recaudar fondos para garantizar el \u00e9xito de cada uno de ellos. Al leer las siguientes descripciones, es posible que encuentre un proyecto que coincida con sus valores o se corresponda con un inter\u00e9s personal. Todos estos programas representan oportunidades de donaci\u00f3n excepcionales. Su contribuci\u00f3n marcar\u00e1 la diferencia en el avance de la ADKX.<\/p>\n<p>To make a\u00a0donation please call the Office of Institutional Advancement at 518-352-7311 ext. 119.<\/p>\n<p>Checks can be mailed to:<br \/>\nLa experiencia Adirondack<br \/>\nPO Box 99<br \/>\nLago de la Monta\u00f1a Azul, NY 12812<\/p>\n<\/div><\/section><\/p><\/div><\/div><\/div><!--close column table wrapper. Autoclose: 1 -->\n\n<\/div><\/div><\/div><!-- close content main div --><\/div><\/div><div id='av_section_4'  class='avia-section alternate_color avia-section-default avia-no-border-styling  avia-bg-style-scroll  avia-builder-el-8  el_after_av_section  el_before_av_hr   container_wrap fullsize' style='background-color: #789d4a;   '   ><div class='container' ><div class='template-page content  av-content-full alpha units' ><div class='post-entry post-entry-type-page post-entry-2026'><div class='entry-content-wrapper clearfix'>\n<div   class='flex_column_table  ep-lazy-loaded   av-equal-height-column-flextable -flextable flex-column-table-2'  ><div  class=\"flex_column av_one_half  flex_column_table_cell av-equal-height-column av-align-top ep-lazy-loaded first  avia-builder-el-9  el_before_av_one_half  avia-builder-el-first\" ><div class=\"flex-column-inner\"><p><div  style='color:#fcfaf5;' class='av-special-heading av-special-heading-h3  custom-color-heading blockquote modern-quote  avia-builder-el-10  el_before_av_textblock  avia-builder-el-first' ><h3 class='av-special-heading-tag'   itemprop=\"headline\"  >ROBERT R. WORTH PUBLICATIONS FUND<\/h3><div class='special-heading-border'><div class='special-heading-inner-border' style='border-color:#fcfaf5'><\/div><\/div><\/div><br \/>\n<section class=\"av_textblock_section\"  itemscope=\"itemscope\" itemtype=\"https:\/\/schema.org\/CreativeWork\"  ><div class='avia_textblock   av_inherit_color'  style='font-size:20px; color:#fcfaf5; '  itemprop=\"text\" ><p><img loading=\"lazy\" decoding=\"async\" class=\"size-full wp-image-13213 alignleft\" src=\"https:\/\/www.theadkx.org\/wp-content\/uploads\/2023\/12\/Bob.jpg\" alt=\"Bob Worth Head shot\" width=\"221\" height=\"246\" srcset=\"https:\/\/www.theadkx.org\/wp-content\/uploads\/2023\/12\/Bob.jpg 221w, https:\/\/www.theadkx.org\/wp-content\/uploads\/2023\/12\/Bob-11x12.jpg 11w\" sizes=\"auto, (max-width: 221px) 100vw, 221px\" \/>We are pleased to announce the establishment of the Robert R. Worth Publications Fund, the income and principal of which will support publications dealing with Adirondack political, environmental, cultural and artistic history.<\/p>\n<p>The Worth Fund has been created as a tribute to Bob Worth, a long serving Trustee, Board Chair, and Honorary Trustee. He was the leading force behind the publication of Steven Sulavik\u2019s definitive book detailing the history of the Adirondack guideboat. The first Worth Fund supported project will be arranging the second printing of that important book. The Fund may also support the publication of a book based on the Museum\u2019s successful exhibition <em>Artistas e inspiraci\u00f3n en la naturaleza.\u00a0 <\/em><\/p>\n<p>Looking forward, the Worth Fund will generally support new scholarship of importance to the Adirondack region. The Worth Fund will advance ADKX\u2019s mission to preserve and interpret the region\u2019s rich and distinctive history. The museum welcomes contributions of any level to the Fund.<\/p>\n<p>To make an online donation by credit card click the button below:<\/p>\n<div  class='avia-button-wrap avia-button-center    avia-builder-el-12  avia-builder-el-no-sibling'  ><a href='https:\/\/6725a.blackbaudhosting.com\/6725a\/Robert-R-Worth-Publication-Fund '  class='avia-button   avia-icon_select-no avia-color-border avia-size-medium avia-position-center'  target=\"_blank\"   ><span class='avia_iconbox_title' >Online Donation<\/span><\/a><\/div>\n<p>Checks can be sent to: ATT: Office of Institutional Advancement, Adirondack Experience, P.O. Box 99, Blue Mountain Lake, NY 12812.<br \/>\nPlease indicate the &#8220;Worth Fund&#8221; on your check.<\/p>\n<p>If you would like to make a stock gift, wire transaction, or learn more about the program please call or email Sarah Lewin at: <a href=\"mailto:slewin@theadkx.org\">slewin@theadkx.org<\/a>, or, (518) 352-7311, extension 125.<\/p>\n<\/div><\/section><\/p><\/div><\/div><div class='av-flex-placeholder' ><\/div><div  class=\"flex_column av_one_half  flex_column_table_cell av-equal-height-column av-align-top ep-lazy-loaded   avia-builder-el-13  el_after_av_one_half  avia-builder-el-last\" ><div class=\"flex-column-inner\"><p><div  style='color:#fcfaf5;' class='av-special-heading av-special-heading-h3  custom-color-heading blockquote modern-quote  avia-builder-el-14  el_before_av_textblock  avia-builder-el-first' ><h3 class='av-special-heading-tag'   itemprop=\"headline\"  > K-12 SCHOOL PROGRAMMING<\/h3><div class='special-heading-border'><div class='special-heading-inner-border' style='border-color:#fcfaf5'><\/div><\/div><\/div><br \/>\n<section class=\"av_textblock_section\"  itemscope=\"itemscope\" itemtype=\"https:\/\/schema.org\/CreativeWork\"  ><div class='avia_textblock   av_inherit_color'  style='font-size:20px; color:#fcfaf5; '  itemprop=\"text\" ><p>AMPLIACI\u00d3N PARA INCLUIR LA PROGRAMACI\u00d3N GRATUITA A LOS ESTUDIANTES<\/p>\n<p><img loading=\"lazy\" decoding=\"async\" class=\"wp-image-12646 size-medium alignleft\" src=\"https:\/\/www.theadkx.org\/wp-content\/uploads\/2023\/08\/Sounds-of-the-Woods-Program-300x169.jpg\" alt=\"\" width=\"300\" height=\"169\" srcset=\"https:\/\/www.theadkx.org\/wp-content\/uploads\/2023\/08\/Sounds-of-the-Woods-Program-300x169.jpg 300w, https:\/\/www.theadkx.org\/wp-content\/uploads\/2023\/08\/Sounds-of-the-Woods-Program-1030x579.jpg 1030w, https:\/\/www.theadkx.org\/wp-content\/uploads\/2023\/08\/Sounds-of-the-Woods-Program-768x432.jpg 768w, https:\/\/www.theadkx.org\/wp-content\/uploads\/2023\/08\/Sounds-of-the-Woods-Program-1536x864.jpg 1536w, https:\/\/www.theadkx.org\/wp-content\/uploads\/2023\/08\/Sounds-of-the-Woods-Program-18x10.jpg 18w, https:\/\/www.theadkx.org\/wp-content\/uploads\/2023\/08\/Sounds-of-the-Woods-Program.jpg 1920w\" sizes=\"auto, (max-width: 300px) 100vw, 300px\" \/>La Experiencia Adirondack es un importante proveedor de programas de mejora del curr\u00edculo para los estudiantes que asisten a las escuelas del Parque Adirondack. Estamos situados en el centro del Parque, una regi\u00f3n con partes de doce condados dentro de sus l\u00edmites. La poblaci\u00f3n estudiantil de la regi\u00f3n se enfrenta a importantes retos; por ejemplo, los continuos recortes presupuestarios en las escuelas, que subrayan la importancia de los servicios de la Experiencia Adirondack. Nuestros programas de K-12 se alinean con la iniciativa nacional de los Est\u00e1ndares Estatales B\u00e1sicos Comunes, que est\u00e1 dise\u00f1ada para aumentar las habilidades de los estudiantes, como el pensamiento cr\u00edtico; la lectura para la comprensi\u00f3n y la toma de decisiones, y la escritura y el discurso persuasivo. Los ni\u00f1os en edad escolar del Parque Adirondack merecen la oportunidad de aprender y explorar la rica historia y cultura de la regi\u00f3n. La Experiencia Adirondack satisface una necesidad cr\u00edtica de una poblaci\u00f3n desatendida: los ni\u00f1os de las escuelas rurales. Nuestros programas K-12 mejoran el rendimiento de los estudiantes, prepar\u00e1ndolos para el futuro. El apoyo a la expansi\u00f3n para ofrecer programas educativos gratuitos a las escuelas regionales es una inversi\u00f3n en la pr\u00f3xima generaci\u00f3n de ciudadanos.<\/p>\n<\/div><\/section><\/p><\/div><\/div><\/div><!--close column table wrapper. Autoclose: 1 --><\/div><\/div><\/div><!-- close content main div --><\/div><\/div><div id='after_section_4'  class='main_color av_default_container_wrap container_wrap fullsize' style='  '   ><div class='container' ><div class='template-page content  av-content-full alpha units' ><div class='post-entry post-entry-type-page post-entry-2026'><div class='entry-content-wrapper clearfix'><div   class='hr hr-default    avia-builder-el-16  el_after_av_section  avia-builder-el-no-sibling' ><span class='hr-inner' ><span class='hr-inner-style'><\/span><\/span><\/div><\/p>","protected":false},"excerpt":{"rendered":"","protected":false},"author":4,"featured_media":0,"parent":159,"menu_order":142,"comment_status":"closed","ping_status":"closed","template":"","meta":{"_acf_changed":false,"om_disable_all_campaigns":false,"footnotes":""},"class_list":["post-2026","page","type-page","status-publish","hentry"],"acf":[],"yoast_head":"<!-- This site is optimized with the Yoast SEO Premium plugin v22.8 (Yoast SEO v27.4) - https:\/\/yoast.com\/product\/yoast-seo-premium-wordpress\/ -->\n<title>Special Programs | Adirondack Experience<\/title>\n<meta name=\"robots\" content=\"index, follow, max-snippet:-1, max-image-preview:large, max-video-preview:-1\" \/>\n<link rel=\"canonical\" href=\"https:\/\/www.theadkx.org\/es\/soporte-union\/donar\/programas-especiales\/\" \/>\n<meta property=\"og:locale\" content=\"es_ES\" \/>\n<meta property=\"og:type\" content=\"article\" \/>\n<meta property=\"og:title\" content=\"Special Programs\" \/>\n<meta property=\"og:url\" content=\"https:\/\/www.theadkx.org\/es\/soporte-union\/donar\/programas-especiales\/\" \/>\n<meta property=\"og:site_name\" content=\"Adirondack Experience\" \/>\n<meta property=\"article:publisher\" content=\"https:\/\/www.facebook.com\/theADKX\/\" \/>\n<meta property=\"article:modified_time\" content=\"2023-12-11T15:19:04+00:00\" \/>\n<meta property=\"og:image\" content=\"https:\/\/www.theadkx.org\/wp-content\/uploads\/2023\/12\/Bob.jpg\" \/>\n<meta name=\"twitter:card\" content=\"summary_large_image\" \/>\n<meta name=\"twitter:site\" content=\"@theadkx\" \/>\n<meta name=\"twitter:label1\" content=\"Tiempo de lectura\" \/>\n\t<meta name=\"twitter:data1\" content=\"7 minutos\" \/>\n<script type=\"application\/ld+json\" class=\"yoast-schema-graph\">{\"@context\":\"https:\\\/\\\/schema.org\",\"@graph\":[{\"@type\":\"WebPage\",\"@id\":\"https:\\\/\\\/www.theadkx.org\\\/join-support\\\/donate\\\/special-programs\\\/\",\"url\":\"https:\\\/\\\/www.theadkx.org\\\/join-support\\\/donate\\\/special-programs\\\/\",\"name\":\"Special Programs | Adirondack Experience\",\"isPartOf\":{\"@id\":\"https:\\\/\\\/www.theadkx.org\\\/#website\"},\"primaryImageOfPage\":{\"@id\":\"https:\\\/\\\/www.theadkx.org\\\/join-support\\\/donate\\\/special-programs\\\/#primaryimage\"},\"image\":{\"@id\":\"https:\\\/\\\/www.theadkx.org\\\/join-support\\\/donate\\\/special-programs\\\/#primaryimage\"},\"thumbnailUrl\":\"https:\\\/\\\/www.theadkx.org\\\/wp-content\\\/uploads\\\/2023\\\/12\\\/Bob.jpg\",\"datePublished\":\"2021-04-21T17:19:12+00:00\",\"dateModified\":\"2023-12-11T15:19:04+00:00\",\"breadcrumb\":{\"@id\":\"https:\\\/\\\/www.theadkx.org\\\/join-support\\\/donate\\\/special-programs\\\/#breadcrumb\"},\"inLanguage\":\"es\",\"potentialAction\":[{\"@type\":\"ReadAction\",\"target\":[\"https:\\\/\\\/www.theadkx.org\\\/join-support\\\/donate\\\/special-programs\\\/\"]}]},{\"@type\":\"ImageObject\",\"inLanguage\":\"es\",\"@id\":\"https:\\\/\\\/www.theadkx.org\\\/join-support\\\/donate\\\/special-programs\\\/#primaryimage\",\"url\":\"https:\\\/\\\/www.theadkx.org\\\/wp-content\\\/uploads\\\/2023\\\/12\\\/Bob.jpg\",\"contentUrl\":\"https:\\\/\\\/www.theadkx.org\\\/wp-content\\\/uploads\\\/2023\\\/12\\\/Bob.jpg\"},{\"@type\":\"BreadcrumbList\",\"@id\":\"https:\\\/\\\/www.theadkx.org\\\/join-support\\\/donate\\\/special-programs\\\/#breadcrumb\",\"itemListElement\":[{\"@type\":\"ListItem\",\"position\":1,\"name\":\"Home\",\"item\":\"https:\\\/\\\/www.theadkx.org\\\/homepage\\\/\"},{\"@type\":\"ListItem\",\"position\":2,\"name\":\"Join\\\/Renew + Support\",\"item\":\"https:\\\/\\\/www.theadkx.org\\\/join-support\\\/\"},{\"@type\":\"ListItem\",\"position\":3,\"name\":\"Donate\",\"item\":\"https:\\\/\\\/www.theadkx.org\\\/join-support\\\/donate\\\/\"},{\"@type\":\"ListItem\",\"position\":4,\"name\":\"Special Programs\"}]},{\"@type\":\"WebSite\",\"@id\":\"https:\\\/\\\/www.theadkx.org\\\/#website\",\"url\":\"https:\\\/\\\/www.theadkx.org\\\/\",\"name\":\"Adirondack Experience\",\"description\":\"The Museum on Blue Mountain Lake\",\"publisher\":{\"@id\":\"https:\\\/\\\/www.theadkx.org\\\/#organization\"},\"potentialAction\":[{\"@type\":\"SearchAction\",\"target\":{\"@type\":\"EntryPoint\",\"urlTemplate\":\"https:\\\/\\\/www.theadkx.org\\\/?s={search_term_string}\"},\"query-input\":{\"@type\":\"PropertyValueSpecification\",\"valueRequired\":true,\"valueName\":\"search_term_string\"}}],\"inLanguage\":\"es\"},{\"@type\":\"Organization\",\"@id\":\"https:\\\/\\\/www.theadkx.org\\\/#organization\",\"name\":\"Adirondack Experience, The Museum on Blue Mountain Lake\",\"url\":\"https:\\\/\\\/www.theadkx.org\\\/\",\"logo\":{\"@type\":\"ImageObject\",\"inLanguage\":\"es\",\"@id\":\"https:\\\/\\\/www.theadkx.org\\\/#\\\/schema\\\/logo\\\/image\\\/\",\"url\":\"https:\\\/\\\/www.theadkx.org\\\/wp-content\\\/uploads\\\/2021\\\/03\\\/ADKX_LOGO.png\",\"contentUrl\":\"https:\\\/\\\/www.theadkx.org\\\/wp-content\\\/uploads\\\/2021\\\/03\\\/ADKX_LOGO.png\",\"width\":440,\"height\":276,\"caption\":\"Adirondack Experience, The Museum on Blue Mountain Lake\"},\"image\":{\"@id\":\"https:\\\/\\\/www.theadkx.org\\\/#\\\/schema\\\/logo\\\/image\\\/\"},\"sameAs\":[\"https:\\\/\\\/www.facebook.com\\\/theADKX\\\/\",\"https:\\\/\\\/x.com\\\/theadkx\",\"https:\\\/\\\/www.instagram.com\\\/theadkx\\\/\",\"https:\\\/\\\/www.youtube.com\\\/user\\\/AdirondackMuseum\"]}]}<\/script>\n<!-- \/ Yoast SEO Premium plugin. -->","yoast_head_json":{"title":"Programas especiales | Experiencia Adirondack","robots":{"index":"index","follow":"follow","max-snippet":"max-snippet:-1","max-image-preview":"max-image-preview:large","max-video-preview":"max-video-preview:-1"},"canonical":"https:\/\/www.theadkx.org\/es\/soporte-union\/donar\/programas-especiales\/","og_locale":"es_ES","og_type":"article","og_title":"Special Programs","og_url":"https:\/\/www.theadkx.org\/es\/soporte-union\/donar\/programas-especiales\/","og_site_name":"Adirondack Experience","article_publisher":"https:\/\/www.facebook.com\/theADKX\/","article_modified_time":"2023-12-11T15:19:04+00:00","og_image":[{"url":"https:\/\/www.theadkx.org\/wp-content\/uploads\/2023\/12\/Bob.jpg","type":"","width":"","height":""}],"twitter_card":"summary_large_image","twitter_site":"@theadkx","twitter_misc":{"Tiempo de lectura":"7 minutos"},"schema":{"@context":"https:\/\/schema.org","@graph":[{"@type":"WebPage","@id":"https:\/\/www.theadkx.org\/join-support\/donate\/special-programs\/","url":"https:\/\/www.theadkx.org\/join-support\/donate\/special-programs\/","name":"Programas especiales | Experiencia Adirondack","isPartOf":{"@id":"https:\/\/www.theadkx.org\/#website"},"primaryImageOfPage":{"@id":"https:\/\/www.theadkx.org\/join-support\/donate\/special-programs\/#primaryimage"},"image":{"@id":"https:\/\/www.theadkx.org\/join-support\/donate\/special-programs\/#primaryimage"},"thumbnailUrl":"https:\/\/www.theadkx.org\/wp-content\/uploads\/2023\/12\/Bob.jpg","datePublished":"2021-04-21T17:19:12+00:00","dateModified":"2023-12-11T15:19:04+00:00","breadcrumb":{"@id":"https:\/\/www.theadkx.org\/join-support\/donate\/special-programs\/#breadcrumb"},"inLanguage":"es","potentialAction":[{"@type":"ReadAction","target":["https:\/\/www.theadkx.org\/join-support\/donate\/special-programs\/"]}]},{"@type":"ImageObject","inLanguage":"es","@id":"https:\/\/www.theadkx.org\/join-support\/donate\/special-programs\/#primaryimage","url":"https:\/\/www.theadkx.org\/wp-content\/uploads\/2023\/12\/Bob.jpg","contentUrl":"https:\/\/www.theadkx.org\/wp-content\/uploads\/2023\/12\/Bob.jpg"},{"@type":"BreadcrumbList","@id":"https:\/\/www.theadkx.org\/join-support\/donate\/special-programs\/#breadcrumb","itemListElement":[{"@type":"ListItem","position":1,"name":"Home","item":"https:\/\/www.theadkx.org\/homepage\/"},{"@type":"ListItem","position":2,"name":"Join\/Renew + Support","item":"https:\/\/www.theadkx.org\/join-support\/"},{"@type":"ListItem","position":3,"name":"Donate","item":"https:\/\/www.theadkx.org\/join-support\/donate\/"},{"@type":"ListItem","position":4,"name":"Special Programs"}]},{"@type":"WebSite","@id":"https:\/\/www.theadkx.org\/#website","url":"https:\/\/www.theadkx.org\/","name":"Experiencia Adirondack","description":"El Museo del Lago de la Monta\u00f1a Azul","publisher":{"@id":"https:\/\/www.theadkx.org\/#organization"},"potentialAction":[{"@type":"SearchAction","target":{"@type":"EntryPoint","urlTemplate":"https:\/\/www.theadkx.org\/?s={search_term_string}"},"query-input":{"@type":"PropertyValueSpecification","valueRequired":true,"valueName":"search_term_string"}}],"inLanguage":"es"},{"@type":"Organization","@id":"https:\/\/www.theadkx.org\/#organization","name":"Experiencia Adirondack, El Museo del Lago Blue Mountain","url":"https:\/\/www.theadkx.org\/","logo":{"@type":"ImageObject","inLanguage":"es","@id":"https:\/\/www.theadkx.org\/#\/schema\/logo\/image\/","url":"https:\/\/www.theadkx.org\/wp-content\/uploads\/2021\/03\/ADKX_LOGO.png","contentUrl":"https:\/\/www.theadkx.org\/wp-content\/uploads\/2021\/03\/ADKX_LOGO.png","width":440,"height":276,"caption":"Adirondack Experience, The Museum on Blue Mountain Lake"},"image":{"@id":"https:\/\/www.theadkx.org\/#\/schema\/logo\/image\/"},"sameAs":["https:\/\/www.facebook.com\/theADKX\/","https:\/\/x.com\/theadkx","https:\/\/www.instagram.com\/theadkx\/","https:\/\/www.youtube.com\/user\/AdirondackMuseum"]}]}},"_links":{"self":[{"href":"https:\/\/www.theadkx.org\/es\/wp-json\/wp\/v2\/pages\/2026","targetHints":{"allow":["GET"]}}],"collection":[{"href":"https:\/\/www.theadkx.org\/es\/wp-json\/wp\/v2\/pages"}],"about":[{"href":"https:\/\/www.theadkx.org\/es\/wp-json\/wp\/v2\/types\/page"}],"author":[{"embeddable":true,"href":"https:\/\/www.theadkx.org\/es\/wp-json\/wp\/v2\/users\/4"}],"replies":[{"embeddable":true,"href":"https:\/\/www.theadkx.org\/es\/wp-json\/wp\/v2\/comments?post=2026"}],"version-history":[{"count":10,"href":"https:\/\/www.theadkx.org\/es\/wp-json\/wp\/v2\/pages\/2026\/revisions"}],"predecessor-version":[{"id":13551,"href":"https:\/\/www.theadkx.org\/es\/wp-json\/wp\/v2\/pages\/2026\/revisions\/13551"}],"up":[{"embeddable":true,"href":"https:\/\/www.theadkx.org\/es\/wp-json\/wp\/v2\/pages\/159"}],"wp:attachment":[{"href":"https:\/\/www.theadkx.org\/es\/wp-json\/wp\/v2\/media?parent=2026"}],"curies":[{"name":"wp","href":"https:\/\/api.w.org\/{rel}","templated":true}]}}