{"id":2042,"date":"2021-04-21T13:26:35","date_gmt":"2021-04-21T17:26:35","guid":{"rendered":"http:\/\/www.theadkx.org\/?page_id=2042"},"modified":"2026-01-27T14:09:41","modified_gmt":"2026-01-27T19:09:41","slug":"donacion-planificada","status":"publish","type":"page","link":"https:\/\/www.theadkx.org\/es\/join-support\/donate\/planned-giving\/","title":{"rendered":"Donaciones planificadas"},"content":{"rendered":"<div id='av_section_1'  class='avia-section main_color avia-section-no-padding avia-no-border-styling  ep-lazy-loaded avia-full-stretch avia-bg-style-scroll  avia-builder-el-0  el_before_av_section  avia-builder-el-first   avia-section-fwd container_wrap fullsize' style='background-repeat: no-repeat; --epBGImgDesktop: url(https:\/\/www.theadkx.org\/wp-content\/uploads\/2021\/04\/planned-giving-1920x640-1.jpg);--epBGImgTablet: var(--epBGImgDesktop); --epBGImgMobile: url(https:\/\/www.theadkx.org\/wp-content\/uploads\/2021\/04\/planned-giving-mobile-720x540-1.jpg);;background-attachment: scroll; background-position: center center;   '   data-section-bg-repeat='stretch' ><div class='container' style=\"\"><main  role=\"main\" itemprop=\"mainContentOfPage\"  class='template-page content  av-content-full alpha units' ><div class='post-entry post-entry-type-page post-entry-2042'><div class='entry-content-wrapper clearfix'>\n<div   class='hr hr-invisible  hr-responsive   avia-builder-el-1  avia-builder-el-no-sibling' ><div style='height:300px' class='hr-desktop'><\/div><div style='height:300px' class='hr-tablet'><\/div><div style='height:150px' class='hr-mobile'><\/div><\/div>\n\n<\/div><\/div><\/main><!-- close content main element --><\/div><\/div><div id='av_section_2'  class='avia-section main_color avia-section-default avia-no-border-styling  ep-lazy-loaded avia-full-stretch avia-bg-style-scroll  avia-builder-el-2  el_after_av_section  el_before_av_section   container_wrap fullsize' style='background-color: #fcfaf5; background-repeat: no-repeat; --epBGImg: url(https:\/\/www.theadkx.org\/wp-content\/uploads\/2021\/03\/Brown-Topo-Map-1.png);;background-attachment: scroll; background-position: center center;   '  data-lazy-bg data-section-bg-repeat='stretch' ><div class='container' ><div class='template-page content  av-content-full alpha units' ><div class='post-entry post-entry-type-page post-entry-2042'><div class='entry-content-wrapper clearfix'>\n<div   class='av-special-heading av-special-heading-h1   blockquote modern-quote  avia-builder-el-3  avia-builder-el-no-sibling' ><h1 class='av-special-heading-tag'   itemprop=\"headline\"  >Donaciones planificadas<\/h1><div class='special-heading-border'><div class='special-heading-inner-border' ><\/div><\/div><\/div>\n\n<\/div><\/div><\/div><!-- close content main div --><\/div><\/div><div id='av_section_3'  class='avia-section main_color avia-section-default avia-no-border-styling  avia-bg-style-scroll  avia-builder-el-4  el_after_av_section  el_before_av_section   container_wrap fullsize' style='  '   ><div class='container' style=\"--containerWidth:1150px;max-width:1150px;\"><div class='template-page content  av-content-full alpha units' ><div class='post-entry post-entry-type-page post-entry-2042'><div class='entry-content-wrapper clearfix'>\n<div   class='flex_column_table  ep-lazy-loaded   av-equal-height-column-flextable -flextable flex-column-table-1'  ><div  class=\"flex_column av_one_full  no_margin flex_column_table_cell av-equal-height-column av-align-top ep-lazy-loaded first  avia-builder-el-5  avia-builder-el-no-sibling\" ><div class=\"flex-column-inner\"><p><div  style='height:20px' class='hr hr-invisible   av-desktop-hide  avia-builder-el-6  el_before_av_textblock  avia-builder-el-first' ><span class='hr-inner' ><span class='hr-inner-style'><\/span><\/span><\/div><br \/>\n<section class=\"av_textblock_section\"  itemscope=\"itemscope\" itemtype=\"https:\/\/schema.org\/CreativeWork\"  ><div class='avia_textblock'   itemprop=\"text\" ><p>Las donaciones planificadas son una de las contribuciones m\u00e1s significativas que usted puede hacer para asegurar el futuro de la Experiencia Adirondack, sus colecciones y programas. Las donaciones planificadas pueden reportar importantes beneficios fiscales y patrimoniales, especialmente si se financian mediante donaciones de acciones o bienes inmuebles apreciados. Las donaciones pueden adoptar la forma de legados, fideicomisos de beneficencia, fideicomisos de beneficencia, donaciones de activos de planes de jubilaci\u00f3n y p\u00f3lizas de seguro de vida, y bienes personales o inmuebles tangibles.<\/p>\n<p>La Oficina de Promoci\u00f3n Institucional de Adirondack Experience estar\u00e1 encantada de hablar con usted sobre las diversas oportunidades de donaciones planificadas. <strong>Para m\u00e1s informaci\u00f3n, p\u00f3ngase en contacto con la Oficina de Promoci\u00f3n Institucional en el 518.352.7311 ext. 125.<\/strong><\/p>\n<\/div><\/section><br \/>\n<div   class='hr hr-default    avia-builder-el-8  el_after_av_textblock  el_before_av_textblock' ><span class='hr-inner' ><span class='hr-inner-style'><\/span><\/span><\/div><br \/>\n<section class=\"av_textblock_section\"  itemscope=\"itemscope\" itemtype=\"https:\/\/schema.org\/CreativeWork\"  ><div class='avia_textblock'   itemprop=\"text\" ><h3>Donar a trav\u00e9s de su cuenta IRA<\/h3>\n<p>Si tiene 70 a\u00f1os y medio o m\u00e1s, puede hacer una donaci\u00f3n fiscal directamente desde su cuenta de jubilaci\u00f3n individual (IRA) a Adirondack Experience. Estas donaciones, conocidas como Distribuciones Ben\u00e9ficas Cualificadas (QCD, por sus siglas en ingl\u00e9s), son una forma maravillosa de apoyar al museo al tiempo que reduce sus ingresos imponibles.<\/p>\n<h5>Ventajas de donar a trav\u00e9s de una cuenta IRA<\/h5>\n<ul>\n<li>Reducci\u00f3n de la renta imponible - Un QCD no se computa como renta imponible, lo que puede reducir su factura fiscal total.<\/li>\n<li>Cumplir con las distribuciones m\u00ednimas obligatorias (RMD) - Si tiene 73 a\u00f1os o m\u00e1s, las donaciones realizadas a trav\u00e9s de un QCD cuentan para su distribuci\u00f3n m\u00ednima obligatoria anual.<\/li>\n<li>Simple y directo - Los fondos se transfieren directamente de su cuenta IRA a la Experiencia Adirondack, sin necesidad de detallar las deducciones.<\/li>\n<li>Impacto hoy - Su donaci\u00f3n apoya el trabajo de ADKX inmediatamente, ayudando a preservar y compartir la historia y la cultura de los Adirondacks.<\/li>\n<\/ul>\n<h5>C\u00f3mo hacer una donaci\u00f3n IRA a ADKX<\/h5>\n<ol>\n<li>P\u00f3ngase en contacto con el administrador de su cuenta IRA para solicitar una Distribuci\u00f3n Ben\u00e9fica Cualificada directamente a Adirondack Experience.<\/li>\n<li>Facilite los siguientes datos:\n<ul>\n<li>Nombre legal: Adirondack Historical Association (dba Adirondack Experience)<\/li>\n<li>EIN: 13-5635801<\/li>\n<li>Direcci\u00f3n: 9097 State Route 30, Blue Mountain Lake, NY 12812<\/li>\n<\/ul>\n<\/li>\n<li>H\u00e1ganos saber su donaci\u00f3n para que podamos agradec\u00e9rselo y asegurarnos de que su regalo se dirige de acuerdo con sus deseos.<\/li>\n<\/ol>\n<h5>Notas importantes<\/h5>\n<ul>\n<li>Las donaciones deben ser transferidas directamente desde su cuenta IRA a Adirondack Experience para que puedan ser consideradas como QCD.<\/li>\n<li>Puede aportar hasta $100.000 al a\u00f1o mediante QCD (los matrimonios pueden aportar cada uno hasta $108.000 de sus propias cuentas IRA).<\/li>\n<\/ul>\n<\/div><\/section><\/p><\/div><\/div><\/div><!--close column table wrapper. Autoclose: 1 --><\/div><\/div><\/div><!-- close content main div --><\/div><\/div><div id='av_section_4'  class='avia-section alternate_color avia-section-default avia-no-border-styling  avia-bg-style-scroll  avia-builder-el-10  el_after_av_section  avia-builder-el-last   container_wrap fullsize' style='background-color: #789d4a;   '   ><div class='container' ><div class='template-page content  av-content-full alpha units' ><div class='post-entry post-entry-type-page post-entry-2042'><div class='entry-content-wrapper clearfix'>\n<div   class='flex_column_table  ep-lazy-loaded   av-equal-height-column-flextable -flextable flex-column-table-2'  ><div  class=\"flex_column av_one_full  flex_column_table_cell av-equal-height-column av-align-top ep-lazy-loaded first  avia-builder-el-11  avia-builder-el-no-sibling\" ><div class=\"flex-column-inner\"><p><div  style='color:#fcfaf5;' class='av-special-heading av-special-heading-h3  custom-color-heading blockquote modern-quote  avia-builder-el-12  el_before_av_textblock  avia-builder-el-first' ><h3 class='av-special-heading-tag'   itemprop=\"headline\"  >La Sociedad Hochschild<\/h3><div class='special-heading-border'><div class='special-heading-inner-border' style='border-color:#fcfaf5'><\/div><\/div><\/div><br \/>\n<section class=\"av_textblock_section\"  itemscope=\"itemscope\" itemtype=\"https:\/\/schema.org\/CreativeWork\"  ><div class='avia_textblock   av_inherit_color'  style='font-size:20px; color:#fcfaf5; '  itemprop=\"text\" ><p>Para aquellos que apoyan la Experiencia Adirondack a trav\u00e9s de sus testamentos, planes de sucesi\u00f3n o arreglos de ingresos de por vida, hemos creado t<i>a Sociedad Hochschild<\/i>. Al hacerse socio, ayudar\u00e1 a garantizar que esta instituci\u00f3n \u00fanica enriquezca la vida de las generaciones venideras.<\/p>\n<p><strong>Si ya nos ha incluido en sus planes patrimoniales, est\u00e1 considerando una donaci\u00f3n planificada, un fideicomiso u otra opci\u00f3n, o simplemente desea m\u00e1s informaci\u00f3n sobre el<i>a Sociedad Hochschild <\/i>por favor, p\u00f3ngase en contacto con la Oficina de Promoci\u00f3n Institucional en el 518.352.7311 ext. 125.<\/strong><\/p>\n<\/div><\/section><\/p><\/div><\/div><\/div><!--close column table wrapper. Autoclose: 1 -->\n<\/p>","protected":false},"excerpt":{"rendered":"","protected":false},"author":4,"featured_media":0,"parent":159,"menu_order":143,"comment_status":"closed","ping_status":"closed","template":"","meta":{"_acf_changed":false,"om_disable_all_campaigns":false,"footnotes":""},"class_list":["post-2042","page","type-page","status-publish","hentry"],"acf":[],"yoast_head":"<!-- This site is optimized with the Yoast SEO Premium plugin v22.8 (Yoast SEO v27.4) - https:\/\/yoast.com\/product\/yoast-seo-premium-wordpress\/ -->\n<title>Planned Gifts | Support the Adirondack Experience Leave a Lasting Legacy<\/title>\n<meta name=\"description\" content=\"Planned gifts are one of the most significant contributions that you can make to secure the future of the Adirondack Experience.\" \/>\n<meta name=\"robots\" content=\"index, follow, max-snippet:-1, max-image-preview:large, max-video-preview:-1\" \/>\n<link rel=\"canonical\" href=\"https:\/\/www.theadkx.org\/es\/soporte-union\/donar\/donacion-planificada\/\" \/>\n<meta property=\"og:locale\" content=\"es_ES\" \/>\n<meta property=\"og:type\" content=\"article\" \/>\n<meta property=\"og:title\" content=\"Planned Giving\" \/>\n<meta property=\"og:url\" content=\"https:\/\/www.theadkx.org\/es\/soporte-union\/donar\/donacion-planificada\/\" \/>\n<meta property=\"og:site_name\" content=\"Adirondack Experience\" \/>\n<meta property=\"article:publisher\" content=\"https:\/\/www.facebook.com\/theADKX\/\" \/>\n<meta property=\"article:modified_time\" content=\"2026-01-27T19:09:41+00:00\" \/>\n<meta name=\"twitter:card\" content=\"summary_large_image\" \/>\n<meta name=\"twitter:site\" content=\"@theadkx\" \/>\n<script type=\"application\/ld+json\" class=\"yoast-schema-graph\">{\"@context\":\"https:\\\/\\\/schema.org\",\"@graph\":[{\"@type\":\"WebPage\",\"@id\":\"https:\\\/\\\/www.theadkx.org\\\/fr\\\/joindre-support\\\/faire-un-don\\\/dons-planifies\\\/\",\"url\":\"https:\\\/\\\/www.theadkx.org\\\/fr\\\/joindre-support\\\/faire-un-don\\\/dons-planifies\\\/\",\"name\":\"Planned Gifts | Support the Adirondack Experience Leave a Lasting Legacy\",\"isPartOf\":{\"@id\":\"https:\\\/\\\/www.theadkx.org\\\/#website\"},\"datePublished\":\"2021-04-21T17:26:35+00:00\",\"dateModified\":\"2026-01-27T19:09:41+00:00\",\"description\":\"Planned gifts are one of the most significant contributions that you can make to secure the future of the Adirondack Experience.\",\"breadcrumb\":{\"@id\":\"https:\\\/\\\/www.theadkx.org\\\/fr\\\/joindre-support\\\/faire-un-don\\\/dons-planifies\\\/#breadcrumb\"},\"inLanguage\":\"es\",\"potentialAction\":[{\"@type\":\"ReadAction\",\"target\":[\"https:\\\/\\\/www.theadkx.org\\\/fr\\\/joindre-support\\\/faire-un-don\\\/dons-planifies\\\/\"]}]},{\"@type\":\"BreadcrumbList\",\"@id\":\"https:\\\/\\\/www.theadkx.org\\\/fr\\\/joindre-support\\\/faire-un-don\\\/dons-planifies\\\/#breadcrumb\",\"itemListElement\":[{\"@type\":\"ListItem\",\"position\":1,\"name\":\"Home\",\"item\":\"https:\\\/\\\/www.theadkx.org\\\/homepage\\\/\"},{\"@type\":\"ListItem\",\"position\":2,\"name\":\"Join\\\/Renew + Support\",\"item\":\"https:\\\/\\\/www.theadkx.org\\\/join-support\\\/\"},{\"@type\":\"ListItem\",\"position\":3,\"name\":\"Donate\",\"item\":\"https:\\\/\\\/www.theadkx.org\\\/join-support\\\/donate\\\/\"},{\"@type\":\"ListItem\",\"position\":4,\"name\":\"Planned Giving\"}]},{\"@type\":\"WebSite\",\"@id\":\"https:\\\/\\\/www.theadkx.org\\\/#website\",\"url\":\"https:\\\/\\\/www.theadkx.org\\\/\",\"name\":\"Adirondack Experience\",\"description\":\"The Museum on Blue Mountain Lake\",\"publisher\":{\"@id\":\"https:\\\/\\\/www.theadkx.org\\\/#organization\"},\"potentialAction\":[{\"@type\":\"SearchAction\",\"target\":{\"@type\":\"EntryPoint\",\"urlTemplate\":\"https:\\\/\\\/www.theadkx.org\\\/?s={search_term_string}\"},\"query-input\":{\"@type\":\"PropertyValueSpecification\",\"valueRequired\":true,\"valueName\":\"search_term_string\"}}],\"inLanguage\":\"es\"},{\"@type\":\"Organization\",\"@id\":\"https:\\\/\\\/www.theadkx.org\\\/#organization\",\"name\":\"Adirondack Experience, The Museum on Blue Mountain Lake\",\"url\":\"https:\\\/\\\/www.theadkx.org\\\/\",\"logo\":{\"@type\":\"ImageObject\",\"inLanguage\":\"es\",\"@id\":\"https:\\\/\\\/www.theadkx.org\\\/#\\\/schema\\\/logo\\\/image\\\/\",\"url\":\"https:\\\/\\\/www.theadkx.org\\\/wp-content\\\/uploads\\\/2021\\\/03\\\/ADKX_LOGO.png\",\"contentUrl\":\"https:\\\/\\\/www.theadkx.org\\\/wp-content\\\/uploads\\\/2021\\\/03\\\/ADKX_LOGO.png\",\"width\":440,\"height\":276,\"caption\":\"Adirondack Experience, The Museum on Blue Mountain Lake\"},\"image\":{\"@id\":\"https:\\\/\\\/www.theadkx.org\\\/#\\\/schema\\\/logo\\\/image\\\/\"},\"sameAs\":[\"https:\\\/\\\/www.facebook.com\\\/theADKX\\\/\",\"https:\\\/\\\/x.com\\\/theadkx\",\"https:\\\/\\\/www.instagram.com\\\/theadkx\\\/\",\"https:\\\/\\\/www.youtube.com\\\/user\\\/AdirondackMuseum\"]}]}<\/script>\n<!-- \/ Yoast SEO Premium plugin. -->","yoast_head_json":{"title":"Donaciones planificadas | Apoyar la experiencia de Adirondack Deja un legado duradero","description":"Las donaciones planificadas son una de las contribuciones m\u00e1s significativas que usted puede hacer para asegurar el futuro de la Experiencia Adirondack.","robots":{"index":"index","follow":"follow","max-snippet":"max-snippet:-1","max-image-preview":"max-image-preview:large","max-video-preview":"max-video-preview:-1"},"canonical":"https:\/\/www.theadkx.org\/es\/soporte-union\/donar\/donacion-planificada\/","og_locale":"es_ES","og_type":"article","og_title":"Planned Giving","og_url":"https:\/\/www.theadkx.org\/es\/soporte-union\/donar\/donacion-planificada\/","og_site_name":"Adirondack Experience","article_publisher":"https:\/\/www.facebook.com\/theADKX\/","article_modified_time":"2026-01-27T19:09:41+00:00","twitter_card":"summary_large_image","twitter_site":"@theadkx","schema":{"@context":"https:\/\/schema.org","@graph":[{"@type":"WebPage","@id":"https:\/\/www.theadkx.org\/fr\/joindre-support\/faire-un-don\/dons-planifies\/","url":"https:\/\/www.theadkx.org\/fr\/joindre-support\/faire-un-don\/dons-planifies\/","name":"Donaciones planificadas | Apoyar la experiencia de Adirondack Deja un legado duradero","isPartOf":{"@id":"https:\/\/www.theadkx.org\/#website"},"datePublished":"2021-04-21T17:26:35+00:00","dateModified":"2026-01-27T19:09:41+00:00","description":"Las donaciones planificadas son una de las contribuciones m\u00e1s significativas que usted puede hacer para asegurar el futuro de la Experiencia Adirondack.","breadcrumb":{"@id":"https:\/\/www.theadkx.org\/fr\/joindre-support\/faire-un-don\/dons-planifies\/#breadcrumb"},"inLanguage":"es","potentialAction":[{"@type":"ReadAction","target":["https:\/\/www.theadkx.org\/fr\/joindre-support\/faire-un-don\/dons-planifies\/"]}]},{"@type":"BreadcrumbList","@id":"https:\/\/www.theadkx.org\/fr\/joindre-support\/faire-un-don\/dons-planifies\/#breadcrumb","itemListElement":[{"@type":"ListItem","position":1,"name":"Home","item":"https:\/\/www.theadkx.org\/homepage\/"},{"@type":"ListItem","position":2,"name":"Join\/Renew + Support","item":"https:\/\/www.theadkx.org\/join-support\/"},{"@type":"ListItem","position":3,"name":"Donate","item":"https:\/\/www.theadkx.org\/join-support\/donate\/"},{"@type":"ListItem","position":4,"name":"Planned Giving"}]},{"@type":"WebSite","@id":"https:\/\/www.theadkx.org\/#website","url":"https:\/\/www.theadkx.org\/","name":"Experiencia Adirondack","description":"El Museo del Lago de la Monta\u00f1a Azul","publisher":{"@id":"https:\/\/www.theadkx.org\/#organization"},"potentialAction":[{"@type":"SearchAction","target":{"@type":"EntryPoint","urlTemplate":"https:\/\/www.theadkx.org\/?s={search_term_string}"},"query-input":{"@type":"PropertyValueSpecification","valueRequired":true,"valueName":"search_term_string"}}],"inLanguage":"es"},{"@type":"Organization","@id":"https:\/\/www.theadkx.org\/#organization","name":"Experiencia Adirondack, El Museo del Lago Blue Mountain","url":"https:\/\/www.theadkx.org\/","logo":{"@type":"ImageObject","inLanguage":"es","@id":"https:\/\/www.theadkx.org\/#\/schema\/logo\/image\/","url":"https:\/\/www.theadkx.org\/wp-content\/uploads\/2021\/03\/ADKX_LOGO.png","contentUrl":"https:\/\/www.theadkx.org\/wp-content\/uploads\/2021\/03\/ADKX_LOGO.png","width":440,"height":276,"caption":"Adirondack Experience, The Museum on Blue Mountain Lake"},"image":{"@id":"https:\/\/www.theadkx.org\/#\/schema\/logo\/image\/"},"sameAs":["https:\/\/www.facebook.com\/theADKX\/","https:\/\/x.com\/theadkx","https:\/\/www.instagram.com\/theadkx\/","https:\/\/www.youtube.com\/user\/AdirondackMuseum"]}]}},"_links":{"self":[{"href":"https:\/\/www.theadkx.org\/es\/wp-json\/wp\/v2\/pages\/2042","targetHints":{"allow":["GET"]}}],"collection":[{"href":"https:\/\/www.theadkx.org\/es\/wp-json\/wp\/v2\/pages"}],"about":[{"href":"https:\/\/www.theadkx.org\/es\/wp-json\/wp\/v2\/types\/page"}],"author":[{"embeddable":true,"href":"https:\/\/www.theadkx.org\/es\/wp-json\/wp\/v2\/users\/4"}],"replies":[{"embeddable":true,"href":"https:\/\/www.theadkx.org\/es\/wp-json\/wp\/v2\/comments?post=2042"}],"version-history":[{"count":10,"href":"https:\/\/www.theadkx.org\/es\/wp-json\/wp\/v2\/pages\/2042\/revisions"}],"predecessor-version":[{"id":17961,"href":"https:\/\/www.theadkx.org\/es\/wp-json\/wp\/v2\/pages\/2042\/revisions\/17961"}],"up":[{"embeddable":true,"href":"https:\/\/www.theadkx.org\/es\/wp-json\/wp\/v2\/pages\/159"}],"wp:attachment":[{"href":"https:\/\/www.theadkx.org\/es\/wp-json\/wp\/v2\/media?parent=2042"}],"curies":[{"name":"wp","href":"https:\/\/api.w.org\/{rel}","templated":true}]}}