{"id":2062,"date":"2021-04-21T16:21:27","date_gmt":"2021-04-21T20:21:27","guid":{"rendered":"http:\/\/www.theadkx.org\/?page_id=2062"},"modified":"2021-04-30T12:40:10","modified_gmt":"2021-04-30T16:40:10","slug":"regalos-emparejamiento","status":"publish","type":"page","link":"https:\/\/www.theadkx.org\/es\/join-support\/donate\/matching-gifts\/","title":{"rendered":"Regalos de contrapartida"},"content":{"rendered":"<div id='av_section_1'  class='avia-section main_color avia-section-no-padding avia-no-border-styling  ep-lazy-loaded avia-full-stretch avia-bg-style-scroll  avia-builder-el-0  el_before_av_section  avia-builder-el-first   avia-section-fwd container_wrap fullsize' style='background-repeat: no-repeat; --epBGImgDesktop: url(https:\/\/www.theadkx.org\/wp-content\/uploads\/2021\/04\/matching-gifts-1920x640-1.jpg);--epBGImgTablet: var(--epBGImgDesktop); --epBGImgMobile: url(https:\/\/www.theadkx.org\/wp-content\/uploads\/2021\/04\/matching-gifts-mobile-720x540-1.jpg);;background-attachment: scroll; background-position: center center;   '   data-section-bg-repeat='stretch' ><div class='container' style=\"\"><main  role=\"main\" itemprop=\"mainContentOfPage\"  class='template-page content  av-content-full alpha units' ><div class='post-entry post-entry-type-page post-entry-2062'><div class='entry-content-wrapper clearfix'>\n<div   class='hr hr-invisible  hr-responsive   avia-builder-el-1  avia-builder-el-no-sibling' ><div style='height:300px' class='hr-desktop'><\/div><div style='height:300px' class='hr-tablet'><\/div><div style='height:150px' class='hr-mobile'><\/div><\/div>\n\n<\/div><\/div><\/main><!-- close content main element --><\/div><\/div><div id='av_section_2'  class='avia-section main_color avia-section-default avia-no-border-styling  ep-lazy-loaded avia-full-stretch avia-bg-style-scroll  avia-builder-el-2  el_after_av_section  el_before_av_section   container_wrap fullsize' style='background-color: #fcfaf5; background-repeat: no-repeat; --epBGImg: url(https:\/\/www.theadkx.org\/wp-content\/uploads\/2021\/03\/Brown-Topo-Map-1.png);;background-attachment: scroll; background-position: center center;   '  data-lazy-bg data-section-bg-repeat='stretch' ><div class='container' ><div class='template-page content  av-content-full alpha units' ><div class='post-entry post-entry-type-page post-entry-2062'><div class='entry-content-wrapper clearfix'>\n<div   class='av-special-heading av-special-heading-h1   blockquote modern-quote  avia-builder-el-3  avia-builder-el-no-sibling' ><h1 class='av-special-heading-tag'   itemprop=\"headline\"  >Regalos de contrapartida<\/h1><div class='special-heading-border'><div class='special-heading-inner-border' ><\/div><\/div><\/div>\n\n<\/div><\/div><\/div><!-- close content main div --><\/div><\/div><div id='av_section_3'  class='avia-section main_color avia-section-default avia-no-border-styling  avia-bg-style-scroll  avia-builder-el-4  el_after_av_section  avia-builder-el-last   container_wrap fullsize' style='  '   ><div class='container' style=\"--containerWidth:1150px;max-width:1150px;\"><div class='template-page content  av-content-full alpha units' ><div class='post-entry post-entry-type-page post-entry-2062'><div class='entry-content-wrapper clearfix'>\n<div   class='flex_column_table  ep-lazy-loaded   av-equal-height-column-flextable -flextable flex-column-table-1'  ><div  class=\"flex_column av_one_full  no_margin flex_column_table_cell av-equal-height-column av-align-top ep-lazy-loaded first  avia-builder-el-5  avia-builder-el-no-sibling\" ><div class=\"flex-column-inner\"><p><div  style='height:20px' class='hr hr-invisible   av-desktop-hide  avia-builder-el-6  el_before_av_textblock  avia-builder-el-first' ><span class='hr-inner' ><span class='hr-inner-style'><\/span><\/span><\/div><br \/>\n<section class=\"av_textblock_section\"  itemscope=\"itemscope\" itemtype=\"https:\/\/schema.org\/CreativeWork\"  ><div class='avia_textblock'   itemprop=\"text\" ><h4>\u00bfIgualar\u00e1 su empresa su donaci\u00f3n a la Experiencia Adirondack?<\/h4>\n<p>Cientos de empresas como GE, IBM, J.P. Morgan Chase y ExxonMobil tienen programas de donaciones de contrapartida para empleados y jubilados que le ayudar\u00e1n a maximizar su donaci\u00f3n.<\/p>\n<p>Pregunte hoy mismo si su empresa ofrece un programa de donaciones de contrapartida y averig\u00fce cu\u00e1les son los requisitos. Con la ayuda combinada de usted y su empresa, la Experiencia Adirondack se beneficiar\u00e1 de una base de apoyo cada vez mayor.<\/p>\n<\/div><\/section><\/p><\/div><\/div><\/div><!--close column table wrapper. Autoclose: 1 -->","protected":false},"excerpt":{"rendered":"","protected":false},"author":4,"featured_media":0,"parent":159,"menu_order":145,"comment_status":"closed","ping_status":"closed","template":"","meta":{"_acf_changed":false,"om_disable_all_campaigns":false,"footnotes":""},"class_list":["post-2062","page","type-page","status-publish","hentry"],"acf":[],"yoast_head":"<!-- This site is optimized with the Yoast SEO Premium plugin v22.8 (Yoast SEO v27.4) - https:\/\/yoast.com\/product\/yoast-seo-premium-wordpress\/ -->\n<title>Matching Gifts | Have Your Employer Match Your Donation<\/title>\n<meta name=\"description\" content=\"Maximize your contribution to the Adirondack Experience and support the history of the Adirondack region through matching gifts.\" \/>\n<meta name=\"robots\" content=\"index, follow, max-snippet:-1, max-image-preview:large, max-video-preview:-1\" \/>\n<link rel=\"canonical\" href=\"https:\/\/www.theadkx.org\/es\/soporte-union\/donar\/regalos-emparejamiento\/\" \/>\n<meta property=\"og:locale\" content=\"es_ES\" \/>\n<meta property=\"og:type\" content=\"article\" \/>\n<meta property=\"og:title\" content=\"Matching Gifts\" \/>\n<meta property=\"og:url\" content=\"https:\/\/www.theadkx.org\/es\/soporte-union\/donar\/regalos-emparejamiento\/\" \/>\n<meta property=\"og:site_name\" content=\"Adirondack Experience\" \/>\n<meta property=\"article:publisher\" content=\"https:\/\/www.facebook.com\/theADKX\/\" \/>\n<meta property=\"article:modified_time\" content=\"2021-04-30T16:40:10+00:00\" \/>\n<meta name=\"twitter:card\" content=\"summary_large_image\" \/>\n<meta name=\"twitter:site\" content=\"@theadkx\" \/>\n<meta name=\"twitter:label1\" content=\"Tiempo de lectura\" \/>\n\t<meta name=\"twitter:data1\" content=\"2 minutos\" \/>\n<script type=\"application\/ld+json\" class=\"yoast-schema-graph\">{\"@context\":\"https:\\\/\\\/schema.org\",\"@graph\":[{\"@type\":\"WebPage\",\"@id\":\"https:\\\/\\\/www.theadkx.org\\\/join-support\\\/donate\\\/matching-gifts\\\/\",\"url\":\"https:\\\/\\\/www.theadkx.org\\\/join-support\\\/donate\\\/matching-gifts\\\/\",\"name\":\"Matching Gifts | Have Your Employer Match Your Donation\",\"isPartOf\":{\"@id\":\"https:\\\/\\\/www.theadkx.org\\\/#website\"},\"datePublished\":\"2021-04-21T20:21:27+00:00\",\"dateModified\":\"2021-04-30T16:40:10+00:00\",\"description\":\"Maximize your contribution to the Adirondack Experience and support the history of the Adirondack region through matching gifts.\",\"breadcrumb\":{\"@id\":\"https:\\\/\\\/www.theadkx.org\\\/join-support\\\/donate\\\/matching-gifts\\\/#breadcrumb\"},\"inLanguage\":\"es\",\"potentialAction\":[{\"@type\":\"ReadAction\",\"target\":[\"https:\\\/\\\/www.theadkx.org\\\/join-support\\\/donate\\\/matching-gifts\\\/\"]}]},{\"@type\":\"BreadcrumbList\",\"@id\":\"https:\\\/\\\/www.theadkx.org\\\/join-support\\\/donate\\\/matching-gifts\\\/#breadcrumb\",\"itemListElement\":[{\"@type\":\"ListItem\",\"position\":1,\"name\":\"Home\",\"item\":\"https:\\\/\\\/www.theadkx.org\\\/homepage\\\/\"},{\"@type\":\"ListItem\",\"position\":2,\"name\":\"Join\\\/Renew + Support\",\"item\":\"https:\\\/\\\/www.theadkx.org\\\/join-support\\\/\"},{\"@type\":\"ListItem\",\"position\":3,\"name\":\"Donate\",\"item\":\"https:\\\/\\\/www.theadkx.org\\\/join-support\\\/donate\\\/\"},{\"@type\":\"ListItem\",\"position\":4,\"name\":\"Matching Gifts\"}]},{\"@type\":\"WebSite\",\"@id\":\"https:\\\/\\\/www.theadkx.org\\\/#website\",\"url\":\"https:\\\/\\\/www.theadkx.org\\\/\",\"name\":\"Adirondack Experience\",\"description\":\"The Museum on Blue Mountain Lake\",\"publisher\":{\"@id\":\"https:\\\/\\\/www.theadkx.org\\\/#organization\"},\"potentialAction\":[{\"@type\":\"SearchAction\",\"target\":{\"@type\":\"EntryPoint\",\"urlTemplate\":\"https:\\\/\\\/www.theadkx.org\\\/?s={search_term_string}\"},\"query-input\":{\"@type\":\"PropertyValueSpecification\",\"valueRequired\":true,\"valueName\":\"search_term_string\"}}],\"inLanguage\":\"es\"},{\"@type\":\"Organization\",\"@id\":\"https:\\\/\\\/www.theadkx.org\\\/#organization\",\"name\":\"Adirondack Experience, The Museum on Blue Mountain Lake\",\"url\":\"https:\\\/\\\/www.theadkx.org\\\/\",\"logo\":{\"@type\":\"ImageObject\",\"inLanguage\":\"es\",\"@id\":\"https:\\\/\\\/www.theadkx.org\\\/#\\\/schema\\\/logo\\\/image\\\/\",\"url\":\"https:\\\/\\\/www.theadkx.org\\\/wp-content\\\/uploads\\\/2021\\\/03\\\/ADKX_LOGO.png\",\"contentUrl\":\"https:\\\/\\\/www.theadkx.org\\\/wp-content\\\/uploads\\\/2021\\\/03\\\/ADKX_LOGO.png\",\"width\":440,\"height\":276,\"caption\":\"Adirondack Experience, The Museum on Blue Mountain Lake\"},\"image\":{\"@id\":\"https:\\\/\\\/www.theadkx.org\\\/#\\\/schema\\\/logo\\\/image\\\/\"},\"sameAs\":[\"https:\\\/\\\/www.facebook.com\\\/theADKX\\\/\",\"https:\\\/\\\/x.com\\\/theadkx\",\"https:\\\/\\\/www.instagram.com\\\/theadkx\\\/\",\"https:\\\/\\\/www.youtube.com\\\/user\\\/AdirondackMuseum\"]}]}<\/script>\n<!-- \/ Yoast SEO Premium plugin. -->","yoast_head_json":{"title":"Donaciones de contrapartida | Haga que su empleador iguale su donaci\u00f3n","description":"Maximice su contribuci\u00f3n a la Experiencia Adirondack y apoye la historia de la regi\u00f3n de Adirondack a trav\u00e9s de las donaciones de contrapartida.","robots":{"index":"index","follow":"follow","max-snippet":"max-snippet:-1","max-image-preview":"max-image-preview:large","max-video-preview":"max-video-preview:-1"},"canonical":"https:\/\/www.theadkx.org\/es\/soporte-union\/donar\/regalos-emparejamiento\/","og_locale":"es_ES","og_type":"article","og_title":"Matching Gifts","og_url":"https:\/\/www.theadkx.org\/es\/soporte-union\/donar\/regalos-emparejamiento\/","og_site_name":"Adirondack Experience","article_publisher":"https:\/\/www.facebook.com\/theADKX\/","article_modified_time":"2021-04-30T16:40:10+00:00","twitter_card":"summary_large_image","twitter_site":"@theadkx","twitter_misc":{"Tiempo de lectura":"2 minutos"},"schema":{"@context":"https:\/\/schema.org","@graph":[{"@type":"WebPage","@id":"https:\/\/www.theadkx.org\/join-support\/donate\/matching-gifts\/","url":"https:\/\/www.theadkx.org\/join-support\/donate\/matching-gifts\/","name":"Donaciones de contrapartida | Haga que su empleador iguale su donaci\u00f3n","isPartOf":{"@id":"https:\/\/www.theadkx.org\/#website"},"datePublished":"2021-04-21T20:21:27+00:00","dateModified":"2021-04-30T16:40:10+00:00","description":"Maximice su contribuci\u00f3n a la Experiencia Adirondack y apoye la historia de la regi\u00f3n de Adirondack a trav\u00e9s de las donaciones de contrapartida.","breadcrumb":{"@id":"https:\/\/www.theadkx.org\/join-support\/donate\/matching-gifts\/#breadcrumb"},"inLanguage":"es","potentialAction":[{"@type":"ReadAction","target":["https:\/\/www.theadkx.org\/join-support\/donate\/matching-gifts\/"]}]},{"@type":"BreadcrumbList","@id":"https:\/\/www.theadkx.org\/join-support\/donate\/matching-gifts\/#breadcrumb","itemListElement":[{"@type":"ListItem","position":1,"name":"Home","item":"https:\/\/www.theadkx.org\/homepage\/"},{"@type":"ListItem","position":2,"name":"Join\/Renew + Support","item":"https:\/\/www.theadkx.org\/join-support\/"},{"@type":"ListItem","position":3,"name":"Donate","item":"https:\/\/www.theadkx.org\/join-support\/donate\/"},{"@type":"ListItem","position":4,"name":"Matching Gifts"}]},{"@type":"WebSite","@id":"https:\/\/www.theadkx.org\/#website","url":"https:\/\/www.theadkx.org\/","name":"Experiencia Adirondack","description":"El Museo del Lago de la Monta\u00f1a Azul","publisher":{"@id":"https:\/\/www.theadkx.org\/#organization"},"potentialAction":[{"@type":"SearchAction","target":{"@type":"EntryPoint","urlTemplate":"https:\/\/www.theadkx.org\/?s={search_term_string}"},"query-input":{"@type":"PropertyValueSpecification","valueRequired":true,"valueName":"search_term_string"}}],"inLanguage":"es"},{"@type":"Organization","@id":"https:\/\/www.theadkx.org\/#organization","name":"Experiencia Adirondack, El Museo del Lago Blue Mountain","url":"https:\/\/www.theadkx.org\/","logo":{"@type":"ImageObject","inLanguage":"es","@id":"https:\/\/www.theadkx.org\/#\/schema\/logo\/image\/","url":"https:\/\/www.theadkx.org\/wp-content\/uploads\/2021\/03\/ADKX_LOGO.png","contentUrl":"https:\/\/www.theadkx.org\/wp-content\/uploads\/2021\/03\/ADKX_LOGO.png","width":440,"height":276,"caption":"Adirondack Experience, The Museum on Blue Mountain Lake"},"image":{"@id":"https:\/\/www.theadkx.org\/#\/schema\/logo\/image\/"},"sameAs":["https:\/\/www.facebook.com\/theADKX\/","https:\/\/x.com\/theadkx","https:\/\/www.instagram.com\/theadkx\/","https:\/\/www.youtube.com\/user\/AdirondackMuseum"]}]}},"_links":{"self":[{"href":"https:\/\/www.theadkx.org\/es\/wp-json\/wp\/v2\/pages\/2062","targetHints":{"allow":["GET"]}}],"collection":[{"href":"https:\/\/www.theadkx.org\/es\/wp-json\/wp\/v2\/pages"}],"about":[{"href":"https:\/\/www.theadkx.org\/es\/wp-json\/wp\/v2\/types\/page"}],"author":[{"embeddable":true,"href":"https:\/\/www.theadkx.org\/es\/wp-json\/wp\/v2\/users\/4"}],"replies":[{"embeddable":true,"href":"https:\/\/www.theadkx.org\/es\/wp-json\/wp\/v2\/comments?post=2062"}],"version-history":[{"count":4,"href":"https:\/\/www.theadkx.org\/es\/wp-json\/wp\/v2\/pages\/2062\/revisions"}],"predecessor-version":[{"id":4259,"href":"https:\/\/www.theadkx.org\/es\/wp-json\/wp\/v2\/pages\/2062\/revisions\/4259"}],"up":[{"embeddable":true,"href":"https:\/\/www.theadkx.org\/es\/wp-json\/wp\/v2\/pages\/159"}],"wp:attachment":[{"href":"https:\/\/www.theadkx.org\/es\/wp-json\/wp\/v2\/media?parent=2062"}],"curies":[{"name":"wp","href":"https:\/\/api.w.org\/{rel}","templated":true}]}}