{"id":2590,"date":"2021-04-24T20:06:15","date_gmt":"2021-04-25T00:06:15","guid":{"rendered":"http:\/\/www.theadkx.org\/?page_id=2590"},"modified":"2021-10-14T14:21:08","modified_gmt":"2021-10-14T18:21:08","slug":"creatividad-en-cuarentena","status":"publish","type":"page","link":"https:\/\/www.theadkx.org\/es\/exhibitions\/always-online\/meet-the-artist\/","title":{"rendered":"Conozca al artista"},"content":{"rendered":"<div id='av_section_1'  class='avia-section main_color avia-section-no-padding avia-no-border-styling  ep-lazy-loaded avia-full-stretch avia-bg-style-scroll  avia-builder-el-0  el_before_av_section  avia-builder-el-first   avia-section-fwd container_wrap fullsize' style='background-repeat: no-repeat; --epBGImgDesktop: url(https:\/\/www.theadkx.org\/wp-content\/uploads\/2021\/04\/creativity-in-quarantine-1920x640-1.jpg);--epBGImgTablet: var(--epBGImgDesktop); --epBGImgMobile: url(https:\/\/www.theadkx.org\/wp-content\/uploads\/2021\/04\/creativity-in-quarantine-720x540-1.jpg);;background-attachment: scroll; background-position: bottom center;   '   data-section-bg-repeat='stretch' ><div class='container' style=\"\"><main  role=\"main\" itemprop=\"mainContentOfPage\"  class='template-page content  av-content-full alpha units' ><div class='post-entry post-entry-type-page post-entry-2590'><div class='entry-content-wrapper clearfix'>\n<div   class='hr hr-invisible  hr-responsive   avia-builder-el-1  avia-builder-el-no-sibling' ><div style='height:300px' class='hr-desktop'><\/div><div style='height:300px' class='hr-tablet'><\/div><div style='height:150px' class='hr-mobile'><\/div><\/div>\n\n<\/div><\/div><\/main><!-- close content main element --><\/div><\/div><div id='av_section_2'  class='avia-section main_color avia-section-default avia-no-border-styling  ep-lazy-loaded avia-full-stretch avia-bg-style-scroll  avia-builder-el-2  el_after_av_section  el_before_av_section   container_wrap fullsize' style='background-color: #fcfaf5; background-repeat: no-repeat; --epBGImg: url(https:\/\/www.theadkx.org\/wp-content\/uploads\/2021\/03\/Brown-Topo-Map-1.png);;background-attachment: scroll; background-position: center center;   '  data-lazy-bg data-section-bg-repeat='stretch' ><div class='container' ><div class='template-page content  av-content-full alpha units' ><div class='post-entry post-entry-type-page post-entry-2590'><div class='entry-content-wrapper clearfix'>\n<div   class='av-special-heading av-special-heading-h1   blockquote modern-quote  avia-builder-el-3  avia-builder-el-no-sibling' ><h1 class='av-special-heading-tag'   itemprop=\"headline\"  >Conozca al artista<\/h1><div class='special-heading-border'><div class='special-heading-inner-border' ><\/div><\/div><\/div>\n<\/div><\/div><\/div><!-- close content main div --><\/div><\/div><div id='av_section_3'  class='avia-section main_color avia-section-default avia-no-border-styling  avia-bg-style-scroll  avia-builder-el-4  el_after_av_section  el_before_av_section   container_wrap fullsize' style='  '   ><div class='container' style=\"--containerWidth:1150px;max-width:1150px;\"><div class='template-page content  av-content-full alpha units' ><div class='post-entry post-entry-type-page post-entry-2590'><div class='entry-content-wrapper clearfix'>\n<div   class='flex_column_table  reverse-order ep-lazy-loaded   av-equal-height-column-flextable av-break-at-tablet-flextable flex-column-table-1'  ><div  class=\"flex_column av_one_full  custom_space av-break-at-tablet flex_column_table_cell av-equal-height-column av-align-top ep-lazy-loaded first  avia-builder-el-5  avia-builder-el-no-sibling\" ><div class=\"flex-column-inner\"><p><div  style='height:20px' class='hr hr-invisible   av-desktop-hide  avia-builder-el-6  el_before_av_heading  avia-builder-el-first' ><span class='hr-inner' ><span class='hr-inner-style'><\/span><\/span><\/div><br \/>\n<div   class='av-special-heading av-special-heading-h3   blockquote modern-quote  avia-builder-el-7  el_after_av_hr  el_before_av_textblock' ><h3 class='av-special-heading-tag'   itemprop=\"headline\"  >Artistas de Adirondack en acci\u00f3n<\/h3><div class='special-heading-border'><div class='special-heading-inner-border' ><\/div><\/div><\/div><br \/>\n<section class=\"av_textblock_section\"  itemscope=\"itemscope\" itemtype=\"https:\/\/schema.org\/CreativeWork\"  ><div class='avia_textblock'   itemprop=\"text\" ><p>El Parque Adirondack alberga una vibrante y diversa comunidad de artistas. En esta \u00e9poca dif\u00edcil, la Experiencia Adirondack ofrecer\u00e1 una visi\u00f3n \u00fanica del trabajo creativo de pintores, escultores, cesteros, fot\u00f3grafos, impresores, fabricantes de muebles y otros que encuentran su inspiraci\u00f3n en el paisaje y la vida de los pueblos del Parque Adirondack. Trabajando tanto al aire libre como en el refugio de sus estudios, los artistas comparten sus obras en curso y las formas en que la crisis del coronavirus est\u00e1 dando forma a su proceso creativo.<\/p>\n<\/div><\/section><\/p><\/div><\/div><\/div><!--close column table wrapper. Autoclose: 1 -->\n<\/p>\n<\/div><\/div><\/div><!-- close content main div --><\/div><\/div><div id='av_section_4'  class='avia-section main_color avia-section-default avia-no-border-styling  avia-bg-style-scroll  avia-builder-el-9  el_after_av_section  avia-builder-el-last   avia-section-fwd container_wrap fullsize' style='  '   ><div class='container' style=\"\"><div class='template-page content  av-content-full alpha units' style='padding-top:0px; padding-bottom:0px; '><div class='post-entry post-entry-type-page post-entry-2590'><div class='entry-content-wrapper clearfix'>\n\n\t\t\t\t<div  class='ep-item-grid-wrapper ep-grid-wrapper    avia-builder-el-10  el_before_av_hr  avia-builder-el-first  programs-items-grid' style='--itemCount: 3;' >\n\t\t\t\t\t<div class=\"ep-item-grid ep-grid  columns is-multiline is-mobile is-variable is-3 ep-grid-align-center\" >\n\t\t\t\t\t\t\n<div class='ep-item-grid-item ep-item-1  column is-full-mobile is-half-tablet is-one-third-desktop' >\n<a class=\"noHover ep-link-wrapper\" href=\"https:\/\/www.theadkx.org\/es\/exhibitions\/always-online\/meet-the-artist\/barney-bellinger\/\" >\t<div class='ep-item-grid-item-inner column-inner'>\n        <div class=\"program-item-wrapper\">\n            <div class=\"program-item-thumb\" style=\"background-image: url(https:\/\/www.theadkx.org\/wp-content\/uploads\/2021\/04\/barney-bellinger-720x540-1.jpg)\">\n            <\/div>\n            <div class=\"program-item-content field-trips-top bg-pos-right\">\n                                    <div class=\"program-item-title\">\n                        <h4 class=\"ep-item-grid-item-title\" style='font-size:50px;'>Barney Bellinger<\/h4>\n                    <\/div>\n                                                    <div class=\"program-item-extract\">\n                        <p>Nacido en Johnstown, Barney comenz\u00f3 su carrera art\u00edstica personalizando motocicletas y tallando y pintando letreros a mano. Inspirado por una visita a la Feria R\u00fastica de la Experiencia Adirondack en 1990, se dedic\u00f3 a la fabricaci\u00f3n de muebles, estableciendo el Estudio Sampson Bog cuatro a\u00f1os despu\u00e9s. Su trabajo est\u00e1 estrechamente ligado a los bosques y las aguas de su hogar en Adirondack.<br \/>\n<span style=\"color: #789d4a;\">-<\/span><\/p>\n                    <\/div>\n                                                <div class=\"program-item-link\">\n                    <span>\n                        M\u00e1s informaci\u00f3n                    <\/span>\n                <\/div>\n                            <\/div>\n        <\/div>\n\t<\/div>\n    <\/a><\/div>\n<div class='ep-item-grid-item ep-item-2  column is-full-mobile is-half-tablet is-one-third-desktop' >\n<a class=\"noHover ep-link-wrapper\" href=\"https:\/\/www.theadkx.org\/es\/exhibitions\/always-online\/meet-the-artist\/john-van-alstine\/\" >\t<div class='ep-item-grid-item-inner column-inner'>\n        <div class=\"program-item-wrapper\">\n            <div class=\"program-item-thumb\" style=\"background-image: url(https:\/\/www.theadkx.org\/wp-content\/uploads\/2021\/04\/john-van-alstine-720x540-1.jpg)\">\n            <\/div>\n            <div class=\"program-item-content in-school-top bg-pos-left\">\n                                    <div class=\"program-item-title\">\n                        <h4 class=\"ep-item-grid-item-title\" style='font-size:50px;'>John Van Alstine<\/h4>\n                    <\/div>\n                                                    <div class=\"program-item-extract\">\n                        <p>John Van Alstine (nacido en 1952) naci\u00f3 y creci\u00f3 en los Adirondacks. Vive y trabaja en Wells, Nueva York, en un antiguo molino de procesamiento de madera junto al r\u00edo Sacandaga. Sus esculturas abstractas de piedra y metal combinan elementos naturales con fragmentos industriales encontrados y a menudo hacen referencia a temas n\u00e1uticos o mitol\u00f3gicos griegos.<br \/>\n<span style=\"color: #cba052;\">-<\/span><\/p>\n                    <\/div>\n                                                <div class=\"program-item-link\">\n                    <span>\n                        M\u00e1s informaci\u00f3n                    <\/span>\n                <\/div>\n                            <\/div>\n        <\/div>\n\t<\/div>\n    <\/a><\/div>\n<div class='ep-item-grid-item ep-item-3  column is-full-mobile is-half-tablet is-one-third-desktop' >\n<a class=\"noHover ep-link-wrapper\" href=\"https:\/\/www.theadkx.org\/es\/exhibitions\/always-online\/meet-the-artist\/valerie-patterson\/\" >\t<div class='ep-item-grid-item-inner column-inner'>\n        <div class=\"program-item-wrapper\">\n            <div class=\"program-item-thumb\" style=\"background-image: url(https:\/\/www.theadkx.org\/wp-content\/uploads\/2021\/04\/valerie-patterson-720x540-1.jpg)\">\n            <\/div>\n            <div class=\"program-item-content resources-top bg-pos-right\">\n                                    <div class=\"program-item-title\">\n                        <h4 class=\"ep-item-grid-item-title\" style='font-size:50px;'>Valerie Patterson<\/h4>\n                    <\/div>\n                                                    <div class=\"program-item-extract\">\n                        <p>La artista de la acuarela Valerie Patterson creci\u00f3 en Ogdensburg, Nueva York. Se licenci\u00f3 en Arte\/Pintura y obtuvo un m\u00e1ster en Educaci\u00f3n Primaria en SUNY Potsdam. Aunque su obra es a menudo provocativa, con comentarios sociales y pol\u00edticos puntuales, su vida en las monta\u00f1as Adirondack tambi\u00e9n se refleja en su pintura.<\/p>\n                    <\/div>\n                                                <div class=\"program-item-link\">\n                    <span>\n                        M\u00e1s informaci\u00f3n                    <\/span>\n                <\/div>\n                            <\/div>\n        <\/div>\n\t<\/div>\n    <\/a><\/div>\n\t\t\t\t\t<\/div>\n\t\t\t\t\t\t\t\t\t<\/div>\n\n\t\t\t\t\n<div   class='hr hr-invisible  hr-responsive   avia-builder-el-11  el_after_ep_item_grid  avia-builder-el-last' ><div style='height:30px' class='hr-desktop'><\/div><div style='height:1px; margin-top:0px'  class='hr-tablet'><\/div><div style='height:1px; margin-top:0px'  class='hr-mobile'><\/div><\/div>","protected":false},"excerpt":{"rendered":"","protected":false},"author":4,"featured_media":0,"parent":50,"menu_order":48,"comment_status":"closed","ping_status":"closed","template":"","meta":{"_acf_changed":false,"om_disable_all_campaigns":false,"footnotes":""},"class_list":["post-2590","page","type-page","status-publish","hentry"],"acf":[],"yoast_head":"<!-- This site is optimized with the Yoast SEO Premium plugin v22.8 (Yoast SEO v27.4) - https:\/\/yoast.com\/product\/yoast-seo-premium-wordpress\/ -->\n<title>Meet the Artist | Adirondack Experience<\/title>\n<meta name=\"robots\" content=\"index, follow, max-snippet:-1, max-image-preview:large, max-video-preview:-1\" \/>\n<link rel=\"canonical\" href=\"https:\/\/www.theadkx.org\/es\/exposiciones\/siempre-en-linea\/creatividad-en-cuarentena\/\" \/>\n<meta property=\"og:locale\" content=\"es_ES\" \/>\n<meta property=\"og:type\" content=\"article\" \/>\n<meta property=\"og:title\" content=\"Meet the Artist\" \/>\n<meta property=\"og:url\" content=\"https:\/\/www.theadkx.org\/es\/exposiciones\/siempre-en-linea\/creatividad-en-cuarentena\/\" \/>\n<meta property=\"og:site_name\" content=\"Adirondack Experience\" \/>\n<meta property=\"article:publisher\" content=\"https:\/\/www.facebook.com\/theADKX\/\" \/>\n<meta property=\"article:modified_time\" content=\"2021-10-14T18:21:08+00:00\" \/>\n<meta name=\"twitter:card\" content=\"summary_large_image\" \/>\n<meta name=\"twitter:site\" content=\"@theadkx\" \/>\n<meta name=\"twitter:label1\" content=\"Tiempo de lectura\" \/>\n\t<meta name=\"twitter:data1\" content=\"4 minutos\" \/>\n<script type=\"application\/ld+json\" class=\"yoast-schema-graph\">{\"@context\":\"https:\\\/\\\/schema.org\",\"@graph\":[{\"@type\":\"WebPage\",\"@id\":\"https:\\\/\\\/www.theadkx.org\\\/exhibitions\\\/always-online\\\/meet-the-artist\\\/\",\"url\":\"https:\\\/\\\/www.theadkx.org\\\/exhibitions\\\/always-online\\\/meet-the-artist\\\/\",\"name\":\"Meet the Artist | Adirondack Experience\",\"isPartOf\":{\"@id\":\"https:\\\/\\\/www.theadkx.org\\\/#website\"},\"datePublished\":\"2021-04-25T00:06:15+00:00\",\"dateModified\":\"2021-10-14T18:21:08+00:00\",\"breadcrumb\":{\"@id\":\"https:\\\/\\\/www.theadkx.org\\\/exhibitions\\\/always-online\\\/meet-the-artist\\\/#breadcrumb\"},\"inLanguage\":\"es\",\"potentialAction\":[{\"@type\":\"ReadAction\",\"target\":[\"https:\\\/\\\/www.theadkx.org\\\/exhibitions\\\/always-online\\\/meet-the-artist\\\/\"]}]},{\"@type\":\"BreadcrumbList\",\"@id\":\"https:\\\/\\\/www.theadkx.org\\\/exhibitions\\\/always-online\\\/meet-the-artist\\\/#breadcrumb\",\"itemListElement\":[{\"@type\":\"ListItem\",\"position\":1,\"name\":\"Home\",\"item\":\"https:\\\/\\\/www.theadkx.org\\\/homepage\\\/\"},{\"@type\":\"ListItem\",\"position\":2,\"name\":\"Exhibitions\",\"item\":\"https:\\\/\\\/www.theadkx.org\\\/exhibitions\\\/\"},{\"@type\":\"ListItem\",\"position\":3,\"name\":\"Always Online\",\"item\":\"https:\\\/\\\/www.theadkx.org\\\/exhibitions\\\/always-online\\\/\"},{\"@type\":\"ListItem\",\"position\":4,\"name\":\"Meet the Artist\"}]},{\"@type\":\"WebSite\",\"@id\":\"https:\\\/\\\/www.theadkx.org\\\/#website\",\"url\":\"https:\\\/\\\/www.theadkx.org\\\/\",\"name\":\"Adirondack Experience\",\"description\":\"The Museum on Blue Mountain Lake\",\"publisher\":{\"@id\":\"https:\\\/\\\/www.theadkx.org\\\/#organization\"},\"potentialAction\":[{\"@type\":\"SearchAction\",\"target\":{\"@type\":\"EntryPoint\",\"urlTemplate\":\"https:\\\/\\\/www.theadkx.org\\\/?s={search_term_string}\"},\"query-input\":{\"@type\":\"PropertyValueSpecification\",\"valueRequired\":true,\"valueName\":\"search_term_string\"}}],\"inLanguage\":\"es\"},{\"@type\":\"Organization\",\"@id\":\"https:\\\/\\\/www.theadkx.org\\\/#organization\",\"name\":\"Adirondack Experience, The Museum on Blue Mountain Lake\",\"url\":\"https:\\\/\\\/www.theadkx.org\\\/\",\"logo\":{\"@type\":\"ImageObject\",\"inLanguage\":\"es\",\"@id\":\"https:\\\/\\\/www.theadkx.org\\\/#\\\/schema\\\/logo\\\/image\\\/\",\"url\":\"https:\\\/\\\/www.theadkx.org\\\/wp-content\\\/uploads\\\/2021\\\/03\\\/ADKX_LOGO.png\",\"contentUrl\":\"https:\\\/\\\/www.theadkx.org\\\/wp-content\\\/uploads\\\/2021\\\/03\\\/ADKX_LOGO.png\",\"width\":440,\"height\":276,\"caption\":\"Adirondack Experience, The Museum on Blue Mountain Lake\"},\"image\":{\"@id\":\"https:\\\/\\\/www.theadkx.org\\\/#\\\/schema\\\/logo\\\/image\\\/\"},\"sameAs\":[\"https:\\\/\\\/www.facebook.com\\\/theADKX\\\/\",\"https:\\\/\\\/x.com\\\/theadkx\",\"https:\\\/\\\/www.instagram.com\\\/theadkx\\\/\",\"https:\\\/\\\/www.youtube.com\\\/user\\\/AdirondackMuseum\"]}]}<\/script>\n<!-- \/ Yoast SEO Premium plugin. -->","yoast_head_json":{"title":"Conozca al artista | Experiencia Adirondack","robots":{"index":"index","follow":"follow","max-snippet":"max-snippet:-1","max-image-preview":"max-image-preview:large","max-video-preview":"max-video-preview:-1"},"canonical":"https:\/\/www.theadkx.org\/es\/exposiciones\/siempre-en-linea\/creatividad-en-cuarentena\/","og_locale":"es_ES","og_type":"article","og_title":"Meet the Artist","og_url":"https:\/\/www.theadkx.org\/es\/exposiciones\/siempre-en-linea\/creatividad-en-cuarentena\/","og_site_name":"Adirondack Experience","article_publisher":"https:\/\/www.facebook.com\/theADKX\/","article_modified_time":"2021-10-14T18:21:08+00:00","twitter_card":"summary_large_image","twitter_site":"@theadkx","twitter_misc":{"Tiempo de lectura":"4 minutos"},"schema":{"@context":"https:\/\/schema.org","@graph":[{"@type":"WebPage","@id":"https:\/\/www.theadkx.org\/exhibitions\/always-online\/meet-the-artist\/","url":"https:\/\/www.theadkx.org\/exhibitions\/always-online\/meet-the-artist\/","name":"Conozca al artista | Experiencia Adirondack","isPartOf":{"@id":"https:\/\/www.theadkx.org\/#website"},"datePublished":"2021-04-25T00:06:15+00:00","dateModified":"2021-10-14T18:21:08+00:00","breadcrumb":{"@id":"https:\/\/www.theadkx.org\/exhibitions\/always-online\/meet-the-artist\/#breadcrumb"},"inLanguage":"es","potentialAction":[{"@type":"ReadAction","target":["https:\/\/www.theadkx.org\/exhibitions\/always-online\/meet-the-artist\/"]}]},{"@type":"BreadcrumbList","@id":"https:\/\/www.theadkx.org\/exhibitions\/always-online\/meet-the-artist\/#breadcrumb","itemListElement":[{"@type":"ListItem","position":1,"name":"Home","item":"https:\/\/www.theadkx.org\/homepage\/"},{"@type":"ListItem","position":2,"name":"Exhibitions","item":"https:\/\/www.theadkx.org\/exhibitions\/"},{"@type":"ListItem","position":3,"name":"Always Online","item":"https:\/\/www.theadkx.org\/exhibitions\/always-online\/"},{"@type":"ListItem","position":4,"name":"Meet the Artist"}]},{"@type":"WebSite","@id":"https:\/\/www.theadkx.org\/#website","url":"https:\/\/www.theadkx.org\/","name":"Experiencia Adirondack","description":"El Museo del Lago de la Monta\u00f1a Azul","publisher":{"@id":"https:\/\/www.theadkx.org\/#organization"},"potentialAction":[{"@type":"SearchAction","target":{"@type":"EntryPoint","urlTemplate":"https:\/\/www.theadkx.org\/?s={search_term_string}"},"query-input":{"@type":"PropertyValueSpecification","valueRequired":true,"valueName":"search_term_string"}}],"inLanguage":"es"},{"@type":"Organization","@id":"https:\/\/www.theadkx.org\/#organization","name":"Experiencia Adirondack, El Museo del Lago Blue Mountain","url":"https:\/\/www.theadkx.org\/","logo":{"@type":"ImageObject","inLanguage":"es","@id":"https:\/\/www.theadkx.org\/#\/schema\/logo\/image\/","url":"https:\/\/www.theadkx.org\/wp-content\/uploads\/2021\/03\/ADKX_LOGO.png","contentUrl":"https:\/\/www.theadkx.org\/wp-content\/uploads\/2021\/03\/ADKX_LOGO.png","width":440,"height":276,"caption":"Adirondack Experience, The Museum on Blue Mountain Lake"},"image":{"@id":"https:\/\/www.theadkx.org\/#\/schema\/logo\/image\/"},"sameAs":["https:\/\/www.facebook.com\/theADKX\/","https:\/\/x.com\/theadkx","https:\/\/www.instagram.com\/theadkx\/","https:\/\/www.youtube.com\/user\/AdirondackMuseum"]}]}},"_links":{"self":[{"href":"https:\/\/www.theadkx.org\/es\/wp-json\/wp\/v2\/pages\/2590","targetHints":{"allow":["GET"]}}],"collection":[{"href":"https:\/\/www.theadkx.org\/es\/wp-json\/wp\/v2\/pages"}],"about":[{"href":"https:\/\/www.theadkx.org\/es\/wp-json\/wp\/v2\/types\/page"}],"author":[{"embeddable":true,"href":"https:\/\/www.theadkx.org\/es\/wp-json\/wp\/v2\/users\/4"}],"replies":[{"embeddable":true,"href":"https:\/\/www.theadkx.org\/es\/wp-json\/wp\/v2\/comments?post=2590"}],"version-history":[{"count":10,"href":"https:\/\/www.theadkx.org\/es\/wp-json\/wp\/v2\/pages\/2590\/revisions"}],"predecessor-version":[{"id":7753,"href":"https:\/\/www.theadkx.org\/es\/wp-json\/wp\/v2\/pages\/2590\/revisions\/7753"}],"up":[{"embeddable":true,"href":"https:\/\/www.theadkx.org\/es\/wp-json\/wp\/v2\/pages\/50"}],"wp:attachment":[{"href":"https:\/\/www.theadkx.org\/es\/wp-json\/wp\/v2\/media?parent=2590"}],"curies":[{"name":"wp","href":"https:\/\/api.w.org\/{rel}","templated":true}]}}