{"id":38,"date":"2021-03-08T06:02:51","date_gmt":"2021-03-08T11:02:51","guid":{"rendered":"http:\/\/www.theadkx.org\/?page_id=38"},"modified":"2026-03-31T17:50:23","modified_gmt":"2026-03-31T21:50:23","slug":"lake-view-cafe","status":"publish","type":"page","link":"https:\/\/www.theadkx.org\/es\/visit\/lake-view-cafe\/","title":{"rendered":"Lake View Caf\u00e9"},"content":{"rendered":"[av_layout_row border='' min_height_percent='' min_height_pc='25' min_height='0' color='main_color' background='bg_color' custom_bg='' background_gradient_color1='' background_gradient_color2='' background_gradient_direction='vertical' src='' attach='scroll' position='top left' repeat='no-repeat' mobile='av-flex-cells' mobile_breaking='' av-desktop-hide='' av-medium-hide='' av-small-hide='' av-mini-hide='' id='' custom_class='' template_class='' aria_label='' av_element_hidden_in_editor='0' av_uid='av-ijllo1' sc_version='1.0']\r\n\r\n[av_cell_one_full vertical_align='middle' padding='0' padding_sync='true' background='bg_color' background_color='#0093b2' background_gradient_color1='' background_gradient_color2='' background_gradient_direction='vertical' src='' attachment='' attachment_size='' background_attachment='scroll' background_position='top left' background_repeat='no-repeat' link='' linktarget='' link_hover='' mobile_display='' custom_class='' template_class='' av_uid='av-lhaxl1i6' sc_version='1.0']\r\n\r\n[av_notification title='' icon_select='no' icon='ue800' font='entypo-fontello' close_btn='' cookie_lifetime='60' size='normal' color='custom' custom_bg='#0093b2' gradient_bg_direction='vertical' gradient_bg_1='#000000' gradient_bg_2='#ffffff' gradient_bg_3='' custom_font='#ffffff' nb_border='none' nb_border_width='2,,2,' nb_border_color='#ffffff' border='' border_radius='' border_radius_sync='true' box_shadow='' box_shadow_style='0px,0px,0px,0px' box_shadow_color='' sonar_effect_effect='' sonar_effect_color='' sonar_effect_duration='1' sonar_effect_scale='' sonar_effect_opac='0.5' custom_class='' template_class='' av_uid='av-lhaxnc5g' sc_version='1.0' admin_preview_bg='']\r\n<h4 style=\"color: #ffffff;\">Opening for the season on May 22! Research Library open by appointment.<\/h4>\r\n[\/av_notification]\r\n\r\n[\/av_cell_one_full][\/av_layout_row]\n<\/div><\/div><\/div><!-- close content main div --><\/div><\/div><div id='av_section_1'  class='avia-section main_color avia-section-no-padding avia-no-border-styling  ep-lazy-loaded avia-full-stretch avia-bg-style-scroll  avia-builder-el-1  el_after_ep_template_part  el_before_av_section   avia-section-fwd container_wrap fullsize' style='background-repeat: no-repeat; --epBGImgDesktop: url(https:\/\/www.theadkx.org\/wp-content\/uploads\/2021\/04\/webcam-1920x640-1.jpg);--epBGImgTablet: var(--epBGImgDesktop); --epBGImgMobile: url(https:\/\/www.theadkx.org\/wp-content\/uploads\/2021\/04\/webcam-mobile-720x540-1.jpg);;background-attachment: scroll; background-position: bottom center;   '   data-section-bg-repeat='stretch' ><div class='container' style=><div class='template-page content  av-content-full alpha units' ><div class='post-entry post-entry-type-page post-entry-38'><div class='entry-content-wrapper clearfix'>\n<div   class='hr hr-invisible  hr-responsive   avia-builder-el-2  avia-builder-el-no-sibling ' ><div style='height:300px' class='hr-desktop '><\/div><div style='height:300px' class='hr-tablet '><\/div><div style='height:150px' class='hr-mobile'><\/div><\/div>\n\n<\/div><\/div><\/div><!-- close content main div --><\/div><\/div><div id='av_section_2'  class='avia-section main_color avia-section-default avia-no-border-styling  ep-lazy-loaded avia-full-stretch avia-bg-style-scroll  avia-builder-el-3  el_after_av_section  el_before_av_section   container_wrap fullsize' style='background-color: #fcfaf5; background-repeat: no-repeat; --epBGImg: url(https:\/\/www.theadkx.org\/wp-content\/uploads\/2021\/03\/Brown-Topo-Map-1.png);;background-attachment: scroll; background-position: center center;   '  data-lazy-bg data-section-bg-repeat='stretch' ><div class='container' ><div class='template-page content  av-content-full alpha units' ><div class='post-entry post-entry-type-page post-entry-38'><div class='entry-content-wrapper clearfix'>\n<div   class='av-special-heading av-special-heading-h1   blockquote modern-quote  avia-builder-el-4  avia-builder-el-no-sibling     ' ><h1 class='av-special-heading-tag '   itemprop=\"headline\"  >Lake View Caf\u00e9<\/h1><div class='special-heading-border'><div class='special-heading-inner-border' ><\/div><\/div><\/div>\n\n<\/div><\/div><\/div><!-- close content main div --><\/div><\/div><div id='av_section_3'  class='avia-section main_color avia-section-default avia-no-border-styling  avia-bg-style-scroll  avia-builder-el-5  el_after_av_section  el_before_av_section   container_wrap fullsize' style='  '   ><div class='container' style=--containerWidth:1150px;max-width:1150px;><div class='template-page content  av-content-full alpha units' ><div class='post-entry post-entry-type-page post-entry-38'><div class='entry-content-wrapper clearfix'>\n<div   class='flex_column_table  ep-lazy-loaded   av-equal-height-column-flextable -flextable flex-column-table-1 '  ><div  class=\"flex_column av_one_full  flex_column_table_cell av-equal-height-column av-align-top ep-lazy-loaded first  avia-builder-el-6  avia-builder-el-no-sibling  \" ><div class=\"flex-column-inner\"><p><section class=\"av_textblock_section \"  itemscope=\"itemscope\" itemtype=\"https:\/\/schema.org\/CreativeWork\"  ><div class='avia_textblock      '   itemprop=\"text\" ><p><strong>Take in the spectacular views while enjoying a full menu of options in our Lake View Caf\u00e9. Enjoy outdoor seating on our caf\u00e9 deck overlooking beautiful Blue Mountain Lake.<\/strong><\/p>\n<p>Grab-and-go items are always available 10 AM &#8211; 4 PM.<\/p>\n<p>The Lake View Caf\u00e9 is proud to work with select local producers including <a href=\"https:\/\/www.blackrivervalleynatural.com\/\">Black River Valley Natural Creamery<\/a>, and Cotrupe Produce &amp; Sons.<\/p>\n<\/div><\/section><br \/>\n<div  class='avia-button-wrap avia-button-left    avia-builder-el-8  el_after_av_textblock  avia-builder-el-last '  ><a href='https:\/\/app.squareup.com\/gift\/XQ1BQSN65QGCD\/order'  class='avia-button   avia-icon_select-yes-left-icon avia-color-regular avia-size-medium avia-position-left'   ><span class='avia_button_icon avia_button_icon_left ' aria-hidden='true' data-av_icon='\ue8cf' data-av_iconfont='entypo-fontello'><\/span><span class='avia_iconbox_title' >Buy a Lake View Caf\u00e9 Gift Card<\/span><\/a><\/div><\/p><\/div><\/div><\/div><!--close column table wrapper. Autoclose: 1 -->\n\n<\/div><\/div><\/div><!-- close content main div --><\/div><\/div><div id='av_section_4'  class='avia-section main_color avia-section-default avia-no-border-styling  avia-bg-style-scroll  avia-builder-el-9  el_after_av_section  el_before_ep_template_part   avia-section-fwd container_wrap fullsize' style='  '   ><div class='container' style=><div class='template-page content  av-content-full alpha units' style='padding-top:0px; padding-bottom:0px; '><div class='post-entry post-entry-type-page post-entry-38'><div class='entry-content-wrapper clearfix'>\n<div   class='hr hr-invisible  hr-responsive   avia-builder-el-10  el_before_av_hr  avia-builder-el-first ' ><div style='height:30px' class='hr-desktop '><\/div><div style='height:1px; margin-top:0px'  class='hr-tablet '><\/div><div style='height:1px; margin-top:0px'  class='hr-mobile'><\/div><\/div>\n<div   class='hr hr-invisible  hr-responsive   avia-builder-el-11  el_after_av_hr  avia-builder-el-last ' ><div style='height:30px' class='hr-desktop '><\/div><div style='height:1px; margin-top:0px'  class='hr-tablet '><\/div><div style='height:1px; margin-top:0px'  class='hr-mobile'><\/div><\/div>\n<\/div><\/div><\/div><!-- close content main div --><\/div><\/div><div id='after_section_4'  class='main_color av_default_container_wrap container_wrap fullsize' style='  '   ><div class='container' ><div class='template-page content  av-content-full alpha units' ><div class='post-entry post-entry-type-page post-entry-38'><div class='entry-content-wrapper clearfix'>\n[av_section min_height='' min_height_pc='25' min_height_px='500px' custom_container='fwd' custom_container_width='1100px' padding='default' custom_padding='' custom_padding_sync='true' custom_margin='0px' custom_margin_sync='true' color='alternate_color' background='bg_color' custom_bg='' background_gradient_color1='' background_gradient_color2='' background_gradient_direction='vertical' src='https:\/\/www.theadkx.org\/wp-content\/uploads\/2021\/05\/membership-banner-01-1500x420-1.jpg' attachment='4996,' attachment_size='full,' attach='scroll' position='center center' repeat='stretch' src_mobile='' video='' video_ratio='16:9' overlay_opacity='0.5' overlay_color='' overlay_pattern='' overlay_custom_pattern='' overlay_attach='scroll' overlay_position='top left' overlay_repeat='repeat' shadow='no-border-styling' bottom_border='no-border-styling' bottom_border_diagonal_color='#333333' bottom_border_diagonal_direction='' bottom_border_style='' custom_arrow_bg='' id='' custom_class='informative-section left-colored' template_class='' aria_label='' z_index='' av_element_hidden_in_editor='0' av_uid='av-j0jvqs' sc_version='1.0']\r\n[av_one_half first min_height='av-equal-height-column' vertical_alignment='av-align-top' space='' custom_space='' margin='' margin_sync='true' margin_tablet='' margin_tablet_sync='true' margin_mobile='' margin_mobile_sync='true' row_border='' row_border_color='' row_radius='' row_radius_sync='true' row_padding='' row_padding_sync='true' row_padding_tablet='' row_padding_tablet_sync='true' row_padding_mobile='' row_padding_mobile_sync='true' row_boxshadow_color='' row_boxshadow_width='10' row_background='bg_color' row_background_color='' row_background_gradient_color1='' row_background_gradient_color2='' row_background_gradient_direction='vertical' row_src='' attachment=',' attachment_size=',' row_background_attachment='scroll' row_background_position='top left' row_background_repeat='no-repeat' mobile_breaking='' row_class='' row_id='' offset_left='aviaTBoffset_left' offset_fwd_mobile='aviaTBoffset_fwd_mobile' border='' border_color='' radius='0px' radius_sync='true' padding='' padding_sync='true' padding_tablet='' padding_tablet_sync='true' padding_mobile='' padding_mobile_sync='true' column_boxshadow_color='' column_boxshadow_width='10' background='bg_color' background_color='' background_gradient_color1='' background_gradient_color2='' background_gradient_direction='vertical' src='' background_position='top left' background_repeat='no-repeat' highlight_size='1.1' animation='' link='' linktarget='' link_hover='' title_attr='' alt_attr='' mobile_display='av-hide-on-mobile' id='' custom_class='' template_class='' aria_label='' av_uid='av-gyj23o' sc_version='1.0']\r\n\r\n[av_heading heading='Support the Rich History <br> of the Adirondack Region' tag='h3' link='' link_target='' style='blockquote modern-quote' size='' weight='' text_transform='' loh='' text_sep='' alignment='' tablet_alignment='' mobile_alignment='' subheading_active='' subheading_size='' subheading_weight='' subheading_text_transform='' subheading_loh='' subheading_text_sep='' margin='' padding='0' animation='' color='' custom_font='' custom_subheading_font='' custom_class='' id='' admin_preview_bg='' av-desktop-hide='' av-medium-hide='' av-small-hide='' av-mini-hide='' av-medium-font-size-title='' av-small-font-size-title='' av-mini-font-size-title='' av-medium-font-size='' av-small-font-size='' av-mini-font-size='' av_uid='av-fs0a2s'][\/av_heading]\r\n\r\n[av_button label='Become a Member' icon_select='no' icon='ue800' font='entypo-fontello' size='medium' position='left' tablet_position='' mobile_position='' label_display='' title_attr='' color='border' custom_bg='#444444' custom_font='#ffffff' animation='' link='page,157' link_target='' id='' custom_class='' template_class='' av_uid='av-edy5j8' sc_version='1.0' admin_preview_bg='']\r\n\r\n[\/av_one_half][av_one_half min_height='av-equal-height-column' vertical_alignment='av-align-middle' space='' custom_space='' margin='' margin_sync='true' margin_tablet='' margin_tablet_sync='true' margin_mobile='' margin_mobile_sync='true' row_border='' row_border_color='' row_radius='' row_radius_sync='true' row_padding='' row_padding_sync='true' row_padding_tablet='' row_padding_tablet_sync='true' row_padding_mobile='' row_padding_mobile_sync='true' row_boxshadow_color='' row_boxshadow_width='10' row_background='bg_color' row_background_color='' row_background_gradient_color1='' row_background_gradient_color2='' row_background_gradient_direction='vertical' row_src='' attachment=',' attachment_size=',' row_background_attachment='scroll' row_background_position='top left' row_background_repeat='no-repeat' mobile_breaking='' row_class='' row_id='' border='' border_color='' radius='0px' radius_sync='true' padding='' padding_sync='true' padding_tablet='' padding_tablet_sync='true' padding_mobile='' padding_mobile_sync='true' column_boxshadow_color='' column_boxshadow_width='10' background='bg_color' background_color='' background_gradient_color1='' background_gradient_color2='' background_gradient_direction='vertical' src='' background_position='top left' background_repeat='no-repeat' highlight_size='1.1' animation='' link='' linktarget='' link_hover='' title_attr='' alt_attr='' mobile_display='' id='' custom_class='' aria_label='' av_uid='av-caj6c4']\r\n\r\n[av_image src='https:\/\/www.theadkx.org\/wp-content\/uploads\/2021\/04\/membership-banner-01-600x450-1.jpg' attachment='1010,,,' attachment_size='full,,,' src_retina='' src_mobile='' src_retina_mobile='' copyright='' caption='' styling='fwd-image' align='center' tablet_align='' mobile_align='' font_size='' overlay_opacity='0.4' overlay_color='#000000' overlay_text_color='#ffffff' animation='no-animation' hover='' appearance='' link='' target='' title_attr='' alt_attr='' lazy_loading='disabled' av-desktop-hide='aviaTBav-desktop-hide' av-medium-hide='aviaTBav-medium-hide' id='' custom_class='' template_class='' av_element_hidden_in_editor='0' av_uid='av-ax7uas' sc_version='1.0' admin_preview_bg=''][\/av_image]\r\n\r\n[\/av_one_half]\r\n[\/av_section]\r\n\r\n[av_section min_height='' min_height_pc='25' min_height_px='500px' custom_container='' custom_container_width='1100px' padding='small' custom_padding='' custom_padding_sync='true' custom_margin='0px' custom_margin_sync='true' color='alternate_color' background='bg_color' custom_bg='#7f9c90' background_gradient_color1='' background_gradient_color2='' background_gradient_direction='vertical' src='' attachment=',' attachment_size=',' attach='scroll' position='top left' repeat='no-repeat' src_mobile='' video='' video_ratio='16:9' overlay_opacity='0.5' overlay_color='' overlay_pattern='' overlay_custom_pattern='' overlay_attach='scroll' overlay_position='top left' overlay_repeat='repeat' shadow='no-border-styling' bottom_border='no-border-styling' bottom_border_diagonal_color='#333333' bottom_border_diagonal_direction='' bottom_border_style='' custom_arrow_bg='' av-desktop-hide='aviaTBav-desktop-hide' av-medium-hide='aviaTBav-medium-hide' id='' custom_class='' template_class='' aria_label='' z_index='' av_element_hidden_in_editor='0' av_uid='av-906uf8' sc_version='1.0']\r\n[av_one_full first min_height='av-equal-height-column' vertical_alignment='av-align-top' space='' custom_space='' custom_margin='' margin='' margin_tablet='' margin_mobile='' row_border='' row_border_color='' row_radius='' row_padding='' row_padding_tablet='' row_padding_mobile='' row_boxshadow='' row_boxshadow_color='' row_boxshadow_width='10' row_background='bg_color' row_background_color='' row_background_gradient_color1='' row_background_gradient_color2='' row_background_gradient_direction='vertical' row_src='' row_background_attachment='scroll' row_background_position='top left' row_background_repeat='no-repeat' mobile_breaking='' reverse_order='' row_class='' row_id='' offset_left='' offset_right='' offset_fwd_mobile='' row_container='' border='' border_color='' radius='0px' padding='' padding_tablet='' padding_mobile='' column_boxshadow='' column_boxshadow_color='' column_boxshadow_width='10' background='bg_color' background_color='' background_gradient_color1='' background_gradient_color2='' background_gradient_direction='vertical' src='' background_position='top left' background_repeat='no-repeat' background_overlay='' highlight='' highlight_size='' animation='' link='' linktarget='' link_hover='' title_attr='' alt_attr='' mobile_display='' remove_margins='' id='' custom_class='' template_class='' aria_label='' av_uid='av-85ey5w' sc_version='1.0']\r\n\r\n[av_heading heading='Support the Rich History of the Adirondack Region' tag='h3' style='blockquote modern-quote' alignment='' tablet_alignment='' mobile_alignment='' subheading_active='' size='32' av-medium-font-size-title='' av-small-font-size-title='' av-mini-font-size-title='' subheading_size='' av-medium-font-size='' av-small-font-size='' av-mini-font-size='' weight='bold' text_transform='' loh='' text_sep='' subheading_weight='' subheading_text_transform='' subheading_loh='' subheading_text_sep='' color='custom-color-heading' custom_font='#ffffff' custom_subheading_font='' margin='' margin_sync='true' padding='0' animation='' link='' link_target='' id='' custom_class='hide-caption' template_class='' av_uid='av-5aoe0k' sc_version='1.0' admin_preview_bg=''][\/av_heading]\r\n\r\n[av_hr class='invisible' height='50' tablet_height='' mobile_height='' shadow='no-shadow' position='center' mobile_position='' custom_short_margin='' custom_short_margin_sync='true' custom_short_width='' custom_border='av-border-thin' custom_width='50px' custom_border_color='' custom_margin_top='30px' custom_margin_bottom='30px' icon_select='yes' custom_icon_color='' icon='ue808' font='entypo-fontello' custom_class='' template_class='' av_uid='av-4ujjis' sc_version='1.0' admin_preview_bg='']\r\n\r\n[av_button label='Become a Member' icon_select='no' icon='ue800' font='entypo-fontello' size='medium' position='left' tablet_position='' mobile_position='' label_display='' title_attr='' color='border' custom_bg='#444444' custom_font='#ffffff' animation='' link='page,157' link_target='' id='' custom_class='' template_class='' av_uid='av-2wq94k' sc_version='1.0' admin_preview_bg='']\r\n\r\n[\/av_one_full]\r\n[\/av_section]\r\n\r\n\n","protected":false},"excerpt":{"rendered":"","protected":false},"author":4,"featured_media":0,"parent":18,"menu_order":16,"comment_status":"closed","ping_status":"closed","template":"","meta":{"_acf_changed":false,"om_disable_all_campaigns":false,"footnotes":""},"class_list":["post-38","page","type-page","status-publish","hentry"],"acf":[],"yoast_head":"<!-- This site is optimized with the Yoast SEO Premium plugin v22.8 (Yoast SEO v27.3) - https:\/\/yoast.com\/product\/yoast-seo-premium-wordpress\/ -->\n<title>Lake View Caf\u00e9 | Grab a bite, Enjoy the View | Adirondack Experience<\/title>\n<meta name=\"description\" content=\"The Lake View Caf\u00e9 offers beer, wine, lunch, and snacks all day. Take in the view after a full day at the Adirondack Experience.\" \/>\n<meta name=\"robots\" content=\"index, follow, max-snippet:-1, max-image-preview:large, max-video-preview:-1\" \/>\n<link rel=\"canonical\" href=\"https:\/\/www.theadkx.org\/es\/visite\/lake-view-cafe\/\" \/>\n<meta property=\"og:locale\" content=\"es_ES\" \/>\n<meta property=\"og:type\" content=\"article\" \/>\n<meta property=\"og:title\" content=\"Lake View Caf\u00e9\" \/>\n<meta property=\"og:url\" content=\"https:\/\/www.theadkx.org\/es\/visite\/lake-view-cafe\/\" \/>\n<meta property=\"og:site_name\" content=\"Adirondack Experience\" \/>\n<meta property=\"article:publisher\" content=\"https:\/\/www.facebook.com\/theADKX\/\" \/>\n<meta property=\"article:modified_time\" content=\"2026-03-31T21:50:23+00:00\" \/>\n<meta name=\"twitter:card\" content=\"summary_large_image\" \/>\n<meta name=\"twitter:site\" content=\"@theadkx\" \/>\n<meta name=\"twitter:label1\" content=\"Tiempo de lectura\" \/>\n\t<meta name=\"twitter:data1\" content=\"1 minuto\" \/>\n<script type=\"application\/ld+json\" class=\"yoast-schema-graph\">{\"@context\":\"https:\\\/\\\/schema.org\",\"@graph\":[{\"@type\":\"WebPage\",\"@id\":\"https:\\\/\\\/www.theadkx.org\\\/visit\\\/lake-view-cafe\\\/\",\"url\":\"https:\\\/\\\/www.theadkx.org\\\/visit\\\/lake-view-cafe\\\/\",\"name\":\"Lake View Caf\u00e9 | Grab a bite, Enjoy the View | Adirondack Experience\",\"isPartOf\":{\"@id\":\"https:\\\/\\\/www.theadkx.org\\\/#website\"},\"datePublished\":\"2021-03-08T11:02:51+00:00\",\"dateModified\":\"2026-03-31T21:50:23+00:00\",\"description\":\"The Lake View Caf\u00e9 offers beer, wine, lunch, and snacks all day. Take in the view after a full day at the Adirondack Experience.\",\"breadcrumb\":{\"@id\":\"https:\\\/\\\/www.theadkx.org\\\/visit\\\/lake-view-cafe\\\/#breadcrumb\"},\"inLanguage\":\"es\",\"potentialAction\":[{\"@type\":\"ReadAction\",\"target\":[\"https:\\\/\\\/www.theadkx.org\\\/visit\\\/lake-view-cafe\\\/\"]}]},{\"@type\":\"BreadcrumbList\",\"@id\":\"https:\\\/\\\/www.theadkx.org\\\/visit\\\/lake-view-cafe\\\/#breadcrumb\",\"itemListElement\":[{\"@type\":\"ListItem\",\"position\":1,\"name\":\"Home\",\"item\":\"https:\\\/\\\/www.theadkx.org\\\/homepage\\\/\"},{\"@type\":\"ListItem\",\"position\":2,\"name\":\"Visit\",\"item\":\"https:\\\/\\\/www.theadkx.org\\\/visit\\\/\"},{\"@type\":\"ListItem\",\"position\":3,\"name\":\"Lake View Caf\u00e9\"}]},{\"@type\":\"WebSite\",\"@id\":\"https:\\\/\\\/www.theadkx.org\\\/#website\",\"url\":\"https:\\\/\\\/www.theadkx.org\\\/\",\"name\":\"Adirondack Experience\",\"description\":\"The Museum on Blue Mountain Lake\",\"publisher\":{\"@id\":\"https:\\\/\\\/www.theadkx.org\\\/#organization\"},\"potentialAction\":[{\"@type\":\"SearchAction\",\"target\":{\"@type\":\"EntryPoint\",\"urlTemplate\":\"https:\\\/\\\/www.theadkx.org\\\/?s={search_term_string}\"},\"query-input\":{\"@type\":\"PropertyValueSpecification\",\"valueRequired\":true,\"valueName\":\"search_term_string\"}}],\"inLanguage\":\"es\"},{\"@type\":\"Organization\",\"@id\":\"https:\\\/\\\/www.theadkx.org\\\/#organization\",\"name\":\"Adirondack Experience, The Museum on Blue Mountain Lake\",\"url\":\"https:\\\/\\\/www.theadkx.org\\\/\",\"logo\":{\"@type\":\"ImageObject\",\"inLanguage\":\"es\",\"@id\":\"https:\\\/\\\/www.theadkx.org\\\/#\\\/schema\\\/logo\\\/image\\\/\",\"url\":\"https:\\\/\\\/www.theadkx.org\\\/wp-content\\\/uploads\\\/2021\\\/03\\\/ADKX_LOGO.png\",\"contentUrl\":\"https:\\\/\\\/www.theadkx.org\\\/wp-content\\\/uploads\\\/2021\\\/03\\\/ADKX_LOGO.png\",\"width\":440,\"height\":276,\"caption\":\"Adirondack Experience, The Museum on Blue Mountain Lake\"},\"image\":{\"@id\":\"https:\\\/\\\/www.theadkx.org\\\/#\\\/schema\\\/logo\\\/image\\\/\"},\"sameAs\":[\"https:\\\/\\\/www.facebook.com\\\/theADKX\\\/\",\"https:\\\/\\\/x.com\\\/theadkx\",\"https:\\\/\\\/www.instagram.com\\\/theadkx\\\/\",\"https:\\\/\\\/www.youtube.com\\\/user\\\/AdirondackMuseum\"]}]}<\/script>\n<!-- \/ Yoast SEO Premium plugin. -->","yoast_head_json":{"title":"Lake View Caf\u00e9 | Come algo, disfruta de la vista | Experiencia Adirondack","description":"El Lake View Caf\u00e9 ofrece cerveza, vino, comida y aperitivos durante todo el d\u00eda. Disfrute de las vistas despu\u00e9s de un d\u00eda completo en Adirondack Experience.","robots":{"index":"index","follow":"follow","max-snippet":"max-snippet:-1","max-image-preview":"max-image-preview:large","max-video-preview":"max-video-preview:-1"},"canonical":"https:\/\/www.theadkx.org\/es\/visite\/lake-view-cafe\/","og_locale":"es_ES","og_type":"article","og_title":"Lake View Caf\u00e9","og_url":"https:\/\/www.theadkx.org\/es\/visite\/lake-view-cafe\/","og_site_name":"Adirondack Experience","article_publisher":"https:\/\/www.facebook.com\/theADKX\/","article_modified_time":"2026-03-31T21:50:23+00:00","twitter_card":"summary_large_image","twitter_site":"@theadkx","twitter_misc":{"Tiempo de lectura":"1 minuto"},"schema":{"@context":"https:\/\/schema.org","@graph":[{"@type":"WebPage","@id":"https:\/\/www.theadkx.org\/visit\/lake-view-cafe\/","url":"https:\/\/www.theadkx.org\/visit\/lake-view-cafe\/","name":"Lake View Caf\u00e9 | Come algo, disfruta de la vista | Experiencia Adirondack","isPartOf":{"@id":"https:\/\/www.theadkx.org\/#website"},"datePublished":"2021-03-08T11:02:51+00:00","dateModified":"2026-03-31T21:50:23+00:00","description":"El Lake View Caf\u00e9 ofrece cerveza, vino, comida y aperitivos durante todo el d\u00eda. Disfrute de las vistas despu\u00e9s de un d\u00eda completo en Adirondack Experience.","breadcrumb":{"@id":"https:\/\/www.theadkx.org\/visit\/lake-view-cafe\/#breadcrumb"},"inLanguage":"es","potentialAction":[{"@type":"ReadAction","target":["https:\/\/www.theadkx.org\/visit\/lake-view-cafe\/"]}]},{"@type":"BreadcrumbList","@id":"https:\/\/www.theadkx.org\/visit\/lake-view-cafe\/#breadcrumb","itemListElement":[{"@type":"ListItem","position":1,"name":"Home","item":"https:\/\/www.theadkx.org\/homepage\/"},{"@type":"ListItem","position":2,"name":"Visit","item":"https:\/\/www.theadkx.org\/visit\/"},{"@type":"ListItem","position":3,"name":"Lake View Caf\u00e9"}]},{"@type":"WebSite","@id":"https:\/\/www.theadkx.org\/#website","url":"https:\/\/www.theadkx.org\/","name":"Experiencia Adirondack","description":"El Museo del Lago de la Monta\u00f1a Azul","publisher":{"@id":"https:\/\/www.theadkx.org\/#organization"},"potentialAction":[{"@type":"SearchAction","target":{"@type":"EntryPoint","urlTemplate":"https:\/\/www.theadkx.org\/?s={search_term_string}"},"query-input":{"@type":"PropertyValueSpecification","valueRequired":true,"valueName":"search_term_string"}}],"inLanguage":"es"},{"@type":"Organization","@id":"https:\/\/www.theadkx.org\/#organization","name":"Experiencia Adirondack, El Museo del Lago Blue Mountain","url":"https:\/\/www.theadkx.org\/","logo":{"@type":"ImageObject","inLanguage":"es","@id":"https:\/\/www.theadkx.org\/#\/schema\/logo\/image\/","url":"https:\/\/www.theadkx.org\/wp-content\/uploads\/2021\/03\/ADKX_LOGO.png","contentUrl":"https:\/\/www.theadkx.org\/wp-content\/uploads\/2021\/03\/ADKX_LOGO.png","width":440,"height":276,"caption":"Adirondack Experience, The Museum on Blue Mountain Lake"},"image":{"@id":"https:\/\/www.theadkx.org\/#\/schema\/logo\/image\/"},"sameAs":["https:\/\/www.facebook.com\/theADKX\/","https:\/\/x.com\/theadkx","https:\/\/www.instagram.com\/theadkx\/","https:\/\/www.youtube.com\/user\/AdirondackMuseum"]}]}},"_links":{"self":[{"href":"https:\/\/www.theadkx.org\/es\/wp-json\/wp\/v2\/pages\/38","targetHints":{"allow":["GET"]}}],"collection":[{"href":"https:\/\/www.theadkx.org\/es\/wp-json\/wp\/v2\/pages"}],"about":[{"href":"https:\/\/www.theadkx.org\/es\/wp-json\/wp\/v2\/types\/page"}],"author":[{"embeddable":true,"href":"https:\/\/www.theadkx.org\/es\/wp-json\/wp\/v2\/users\/4"}],"replies":[{"embeddable":true,"href":"https:\/\/www.theadkx.org\/es\/wp-json\/wp\/v2\/comments?post=38"}],"version-history":[{"count":10,"href":"https:\/\/www.theadkx.org\/es\/wp-json\/wp\/v2\/pages\/38\/revisions"}],"predecessor-version":[{"id":18776,"href":"https:\/\/www.theadkx.org\/es\/wp-json\/wp\/v2\/pages\/38\/revisions\/18776"}],"up":[{"embeddable":true,"href":"https:\/\/www.theadkx.org\/es\/wp-json\/wp\/v2\/pages\/18"}],"wp:attachment":[{"href":"https:\/\/www.theadkx.org\/es\/wp-json\/wp\/v2\/media?parent=38"}],"curies":[{"name":"wp","href":"https:\/\/api.w.org\/{rel}","templated":true}]}}