{"id":5247,"date":"2021-05-18T12:51:49","date_gmt":"2021-05-18T16:51:49","guid":{"rendered":"http:\/\/www.theadkx.org\/?page_id=5247"},"modified":"2021-05-18T14:07:06","modified_gmt":"2021-05-18T18:07:06","slug":"taste-of-the-adirondacks","status":"publish","type":"page","link":"https:\/\/www.theadkx.org\/es\/our-events\/taste-of-the-adirondacks\/","title":{"rendered":"Sabor de los Adirondacks"},"content":{"rendered":"<div id='av_section_1'  class='avia-section main_color avia-section-no-padding avia-no-border-styling  ep-lazy-loaded avia-full-stretch avia-bg-style-scroll  avia-builder-el-0  el_before_av_section  avia-builder-el-first   avia-section-fwd container_wrap fullsize' style='background-repeat: no-repeat; --epBGImgDesktop: url(https:\/\/www.theadkx.org\/wp-content\/uploads\/2021\/05\/taste-of-the-adirondacks-1920x640-1.jpg);--epBGImgTablet: var(--epBGImgDesktop); --epBGImgMobile: url(https:\/\/www.theadkx.org\/wp-content\/uploads\/2021\/05\/taste-of-the-adirondacks-720x540-1.jpg);;background-attachment: scroll; background-position: bottom center;   '   data-section-bg-repeat='stretch' ><div class='container' style=\"\"><main  role=\"main\" itemprop=\"mainContentOfPage\"  class='template-page content  av-content-full alpha units' ><div class='post-entry post-entry-type-page post-entry-5247'><div class='entry-content-wrapper clearfix'>\n<div   class='hr hr-invisible  hr-responsive   avia-builder-el-1  avia-builder-el-no-sibling' ><div style='height:300px' class='hr-desktop'><\/div><div style='height:300px' class='hr-tablet'><\/div><div style='height:150px' class='hr-mobile'><\/div><\/div>\n\n<\/div><\/div><\/main><!-- close content main element --><\/div><\/div><div id='av_section_2'  class='avia-section main_color avia-section-default avia-no-border-styling  ep-lazy-loaded avia-full-stretch avia-bg-style-scroll  avia-builder-el-2  el_after_av_section  el_before_av_section   container_wrap fullsize' style='background-color: #fcfaf5; background-repeat: no-repeat; --epBGImg: url(https:\/\/www.theadkx.org\/wp-content\/uploads\/2021\/03\/Brown-Topo-Map-1.png);;background-attachment: scroll; background-position: center center;   '  data-lazy-bg data-section-bg-repeat='stretch' ><div class='container' ><div class='template-page content  av-content-full alpha units' ><div class='post-entry post-entry-type-page post-entry-5247'><div class='entry-content-wrapper clearfix'>\n<div   class='av-special-heading av-special-heading-h1   blockquote modern-quote  avia-builder-el-3  avia-builder-el-no-sibling' ><h1 class='av-special-heading-tag'   itemprop=\"headline\"  >Sabor de los Adirondacks<\/h1><div class='special-heading-border'><div class='special-heading-inner-border' ><\/div><\/div><\/div>\n\n<\/div><\/div><\/div><!-- close content main div --><\/div><\/div><div id='av_section_3'  class='avia-section main_color avia-section-default avia-no-border-styling  avia-bg-style-scroll  avia-builder-el-4  el_after_av_section  avia-builder-el-last   container_wrap fullsize' style='  '   ><div class='container' style=\"--containerWidth:1150px;max-width:1150px;\"><div class='template-page content  av-content-full alpha units' ><div class='post-entry post-entry-type-page post-entry-5247'><div class='entry-content-wrapper clearfix'>\n<div   class='flex_column_table  ep-lazy-loaded   av-equal-height-column-flextable -flextable flex-column-table-1'  ><div  class=\"flex_column av_one_full  flex_column_table_cell av-equal-height-column av-align-top ep-lazy-loaded first  avia-builder-el-5  el_before_av_one_third  avia-builder-el-first\" ><div class=\"flex-column-inner\"><div  style='color:#7f9c90;font-size:38px;' class='av-special-heading av-special-heading-h3  custom-color-heading blockquote modern-quote  avia-builder-el-6  avia-builder-el-no-sibling  av-inherit-size' ><h3 class='av-special-heading-tag'   itemprop=\"headline\"  >Eventos anteriores de Taste of the Adirondacks<\/h3><div class='special-heading-border'><div class='special-heading-inner-border' style='border-color:#7f9c90'><\/div><\/div><\/div><\/div><\/div><\/div><!--close column table wrapper. Autoclose: 1 --><div   class='flex_column_table  ep-lazy-loaded   av-equal-height-column-flextable -flextable flex-column-table-2'  ><div  class=\"flex_column av_one_third  flex_column_table_cell av-equal-height-column av-align-top ep-lazy-loaded first  avia-builder-el-7  el_after_av_one_full  el_before_av_two_third  column-top-margin\" ><div class=\"flex-column-inner\"><div  class='avia-image-container  av-styling-      avia-builder-el-8  avia-builder-el-no-sibling  avia-align-center'  itemprop=\"image\" itemscope=\"itemscope\" itemtype=\"https:\/\/schema.org\/ImageObject\"   ><div class='avia-image-container-inner'><div class='avia-image-overlay-wrap'><img decoding=\"async\" fetchpriority=\"high\" class='wp-image-4016 avia-img-lazy-loading-not-4016 avia_image' src=\"https:\/\/www.theadkx.org\/wp-content\/uploads\/2021\/04\/a-taste-of-the-ADK.jpg\" alt='Alumnos del programa de cocina y hosteler\u00eda del Paul Smith&#039;s College, el colegio de los Adirondacks.' title='Encore estilo Adirondack: El sabor del ADK' height=\"400\" width=\"500\"  itemprop=\"thumbnailUrl\" srcset=\"https:\/\/www.theadkx.org\/wp-content\/uploads\/2021\/04\/a-taste-of-the-ADK.jpg 500w, https:\/\/www.theadkx.org\/wp-content\/uploads\/2021\/04\/a-taste-of-the-ADK-300x240.jpg 300w\" sizes=\"(max-width: 500px) 100vw, 500px\" \/><\/div><\/div><\/div><\/div><\/div><div class='av-flex-placeholder' ><\/div><div  class=\"flex_column av_two_third  flex_column_table_cell av-equal-height-column av-align-top ep-lazy-loaded   avia-builder-el-9  el_after_av_one_third  el_before_av_hr  column-top-margin\" ><div class=\"flex-column-inner\"><p><div   class='av-special-heading av-special-heading-h3   blockquote modern-quote  avia-builder-el-10  el_before_av_textblock  avia-builder-el-first' ><h3 class='av-special-heading-tag'   itemprop=\"headline\"  >Encore estilo Adirondack: El sabor del ADK<\/h3><div class ='av-subheading av-subheading_below' style='font-size:15px;'><p>Mi\u00e9rcoles, 14 de abril de 2021 | 19:00<\/p>\n<\/div><div class='special-heading-border'><div class='special-heading-inner-border' ><\/div><\/div><\/div><br \/>\n<section class=\"av_textblock_section\"  itemscope=\"itemscope\" itemtype=\"https:\/\/schema.org\/CreativeWork\"  ><div class='avia_textblock'   itemprop=\"text\" ><p>\u00bfPasas m\u00e1s tiempo en tu cocina \u00faltimamente? Acomp\u00e1\u00f1enos en un nuevo programa de nuestra serie Adirondack Style: una demostraci\u00f3n de cocina con profesores y estudiantes del Programa Culinario y de Hosteler\u00eda del Paul Smith's College, el Colegio de los Adirondacks. Este programa contar\u00e1 con ingredientes de granjas locales y alimentos producidos localmente. El chef Kevin y los estudiantes har\u00e1n:<\/p>\n<p style=\"padding-left: 40px;\">Medallones de venado con salsa de arce a la sidra<br \/>\nGratinado de 3 Tuckers Taters con codillo holand\u00e9s y tomillo<br \/>\nPur\u00e9 de zanahoria, brotes de guisantes y ra\u00edz de apio glaseada<\/p>\n<p><strong>\u00bfLe interesa saber d\u00f3nde comprar los ingredientes?<\/strong><\/p>\n<p style=\"padding-left: 40px;\">Paul Smiths College-Sirope de Arce y Sidra<br \/>\nTucker Farms-Magic Mollies, Daisy Golds y Adirondack Reds<br \/>\nQueso Sugar House Creamery-Dutch Knuckle<br \/>\nJuniper Hill Farm - Zanahorias, apio y tomillo<br \/>\nGranja de Piedra de la Luna - Brotes de guisante<\/p>\n<p><strong><em>Copatrocinado por la Experiencia Adirondack y la Biblioteca P\u00fablica de Albany en colaboraci\u00f3n con el Paul Smith's College.<\/em><\/strong><\/p>\n<\/div><\/section><br \/>\n<section class=\"av_textblock_section\"  itemscope=\"itemscope\" itemtype=\"https:\/\/schema.org\/CreativeWork\"  ><div class='avia_textblock'   itemprop=\"text\" ><p><img loading=\"lazy\" decoding=\"async\" class=\"size-full wp-image-4015 alignnone\" src=\"https:\/\/www.theadkx.org\/wp-content\/uploads\/2021\/04\/albany-paul-smiths-logo.jpg\" alt=\"\" width=\"800\" height=\"150\" srcset=\"https:\/\/www.theadkx.org\/wp-content\/uploads\/2021\/04\/albany-paul-smiths-logo.jpg 800w, https:\/\/www.theadkx.org\/wp-content\/uploads\/2021\/04\/albany-paul-smiths-logo-300x56.jpg 300w, https:\/\/www.theadkx.org\/wp-content\/uploads\/2021\/04\/albany-paul-smiths-logo-768x144.jpg 768w\" sizes=\"auto, (max-width: 800px) 100vw, 800px\" \/><\/p>\n<\/div><\/section><br \/>\n<div  class='avia-button-wrap avia-button-left    avia-builder-el-13  el_after_av_textblock  avia-builder-el-last'  ><a href='https:\/\/vimeo.com\/537714179'  class='avia-button   avia-icon_select-no avia-color-border avia-size-medium avia-position-left'  target=\"_blank\"   ><span class='avia_iconbox_title' >Ver la grabaci\u00f3n<\/span><\/a><\/div><\/p><\/div><\/div><\/div><!--close column table wrapper. Autoclose: 1 --><div  style=' margin-top:50px; margin-bottom:0px;'  class='hr hr-custom hr-center   hr-icon-no    avia-builder-el-14  el_after_av_two_third  el_before_av_one_third' ><span class='hr-inner   inner-border-av-border-fat' style=' width:800px; border-color:#719430;' ><span class='hr-inner-style'><\/span><\/span><\/div>\n<div   class='flex_column_table  ep-lazy-loaded   av-equal-height-column-flextable -flextable flex-column-table-3'  ><div  class=\"flex_column av_one_third  flex_column_table_cell av-equal-height-column av-align-top ep-lazy-loaded first  avia-builder-el-15  el_after_av_hr  el_before_av_two_third\" ><div class=\"flex-column-inner\"><div  class='avia-image-container  av-styling-      avia-builder-el-16  avia-builder-el-no-sibling  avia-align-center'  itemprop=\"image\" itemscope=\"itemscope\" itemtype=\"https:\/\/schema.org\/ImageObject\"   ><div class='avia-image-container-inner'><div class='avia-image-overlay-wrap'><img decoding=\"async\" fetchpriority=\"high\" class='wp-image-4017 avia-img-lazy-loading-not-4017 avia_image' src=\"https:\/\/www.theadkx.org\/wp-content\/uploads\/2021\/04\/food-glorious-food-675x540-1.jpg\" alt='Tarjeta postal de \u00e9poca que muestra la Prospect House en el lago Blue Mountain.' title='Comida, Gloriosa Comida, Estilo Adirondack' height=\"540\" width=\"675\"  itemprop=\"thumbnailUrl\" srcset=\"https:\/\/www.theadkx.org\/wp-content\/uploads\/2021\/04\/food-glorious-food-675x540-1.jpg 675w, https:\/\/www.theadkx.org\/wp-content\/uploads\/2021\/04\/food-glorious-food-675x540-1-300x240.jpg 300w\" sizes=\"(max-width: 675px) 100vw, 675px\" \/><\/div><\/div><\/div><\/div><\/div><div class='av-flex-placeholder' ><\/div><div  class=\"flex_column av_two_third  flex_column_table_cell av-equal-height-column av-align-top ep-lazy-loaded   avia-builder-el-17  el_after_av_one_third  el_before_av_hr\" ><div class=\"flex-column-inner\"><p><div   class='av-special-heading av-special-heading-h3   blockquote modern-quote  avia-builder-el-18  el_before_av_textblock  avia-builder-el-first' ><h3 class='av-special-heading-tag'   itemprop=\"headline\"  >Comida, Gloriosa Comida, Estilo Adirondack<\/h3><div class ='av-subheading av-subheading_below' style='font-size:15px;'><p>Mi\u00e9rcoles, 31 de marzo de 2021 | 19:00 horas<\/p>\n<\/div><div class='special-heading-border'><div class='special-heading-inner-border' ><\/div><\/div><\/div><br \/>\n<section class=\"av_textblock_section\"  itemscope=\"itemscope\" itemtype=\"https:\/\/schema.org\/CreativeWork\"  ><div class='avia_textblock'   itemprop=\"text\" ><p><strong><em>Comida, gloriosa comida, \u00a1al estilo de Adirondack!\u00a0<\/em><\/strong>Conozca los men\u00fas de los hoteles y grandes campamentos de Adirondack durante su apogeo en el siglo XIX.  \u00bfEn qu\u00e9 se diferenciaba la comida servida a los ricos de la comida y las recetas populares entre los residentes medios de las Adirondack?  Desc\u00fabrelo con Bethany Nyborg, estudiante de posgrado de la Universidad George Mason y antigua becaria de la Experiencia Adirondack. Bethany preparar\u00e1 una receta de esta \u00e9poca para mostrarla a los asistentes.<\/p>\n<div><em><strong>Copatrocinado por Adirondack Experience y la Biblioteca P\u00fablica de Albany<\/strong><\/em><\/div>\n<div><\/div>\n<\/div><\/section><br \/>\n<section class=\"av_textblock_section\"  itemscope=\"itemscope\" itemtype=\"https:\/\/schema.org\/CreativeWork\"  ><div class='avia_textblock'   itemprop=\"text\" ><p><img loading=\"lazy\" decoding=\"async\" class=\"alignnone wp-image-4014\" src=\"https:\/\/www.theadkx.org\/wp-content\/uploads\/2021\/04\/apl-logo_straight_cropped.jpeg\" alt=\"\" width=\"300\" height=\"107\" \/><\/p>\n<\/div><\/section><br \/>\n<div  class='avia-button-wrap avia-button-left    avia-builder-el-21  el_after_av_textblock  avia-builder-el-last'  ><a href='https:\/\/vimeo.com\/539665290'  class='avia-button   avia-icon_select-no avia-color-border avia-size-medium avia-position-left'  target=\"_blank\"   ><span class='avia_iconbox_title' >Ver la grabaci\u00f3n<\/span><\/a><\/div><\/p><\/div><\/div><\/div><!--close column table wrapper. Autoclose: 1 --><div  style=' margin-top:50px; margin-bottom:0px;'  class='hr hr-custom hr-center   hr-icon-no    avia-builder-el-22  el_after_av_two_third  el_before_av_one_third' ><span class='hr-inner   inner-border-av-border-fat' style=' width:800px; border-color:#719430;' ><span class='hr-inner-style'><\/span><\/span><\/div>\n<div   class='flex_column_table  ep-lazy-loaded   av-equal-height-column-flextable -flextable flex-column-table-4'  ><div  class=\"flex_column av_one_third  flex_column_table_cell av-equal-height-column av-align-top ep-lazy-loaded first  avia-builder-el-23  el_after_av_hr  el_before_av_two_third\" ><div class=\"flex-column-inner\"><div  class='avia-image-container  av-styling-      avia-builder-el-24  avia-builder-el-no-sibling  avia-align-center'  itemprop=\"image\" itemscope=\"itemscope\" itemtype=\"https:\/\/schema.org\/ImageObject\"   ><div class='avia-image-container-inner'><div class='avia-image-overlay-wrap'><img decoding=\"async\" fetchpriority=\"high\" class='wp-image-4018 avia-img-lazy-loading-not-4018 avia_image' src=\"https:\/\/www.theadkx.org\/wp-content\/uploads\/2021\/04\/maple-sugaring-675x540-1.jpg\" alt='\u00c1rboles de arce con cubos acoplados para recoger la savia para hacer jarabe de arce.' title='Az\u00facar de arce, al estilo de Adirondack' height=\"540\" width=\"675\"  itemprop=\"thumbnailUrl\" srcset=\"https:\/\/www.theadkx.org\/wp-content\/uploads\/2021\/04\/maple-sugaring-675x540-1.jpg 675w, https:\/\/www.theadkx.org\/wp-content\/uploads\/2021\/04\/maple-sugaring-675x540-1-300x240.jpg 300w\" sizes=\"(max-width: 675px) 100vw, 675px\" \/><\/div><\/div><\/div><\/div><\/div><div class='av-flex-placeholder' ><\/div><div  class=\"flex_column av_two_third  flex_column_table_cell av-equal-height-column av-align-top ep-lazy-loaded   avia-builder-el-25  el_after_av_one_third  avia-builder-el-last\" ><div class=\"flex-column-inner\"><p><div   class='av-special-heading av-special-heading-h3   blockquote modern-quote  avia-builder-el-26  el_before_av_textblock  avia-builder-el-first' ><h3 class='av-special-heading-tag'   itemprop=\"headline\"  >Az\u00facar de arce, al estilo de Adirondack<\/h3><div class ='av-subheading av-subheading_below' style='font-size:15px;'><p>Mi\u00e9rcoles, 24 de marzo de 2021 | 19:00 horas<\/p>\n<\/div><div class='special-heading-border'><div class='special-heading-inner-border' ><\/div><\/div><\/div><br \/>\n<section class=\"av_textblock_section\"  itemscope=\"itemscope\" itemtype=\"https:\/\/schema.org\/CreativeWork\"  ><div class='avia_textblock'   itemprop=\"text\" ><p><strong><em>Es la \u00e9poca del az\u00facar de arce en las Adirondacks.<\/em><\/strong><em>\u00a0<\/em>\u00danase a Ivy Gocker, directora de la Biblioteca de la Experiencia Adirondack, y a Matt Thomas, historiador independiente del jarabe de arce, para hablar de la historia y la cultura material del azucarado del arce en la regi\u00f3n de Adirondack: el proceso, c\u00f3mo se hac\u00eda en el pasado y la historia de la Compa\u00f1\u00eda Forestal Horse Shoe, cerca de Tupper Lake, que fue en su d\u00eda la mayor operaci\u00f3n de producci\u00f3n de jarabe del mundo.<\/p>\n<p><em><strong>Copatrocinado por Adirondack Experience y la Biblioteca P\u00fablica de Albany<\/strong><\/em><\/p>\n<\/div><\/section><br \/>\n<section class=\"av_textblock_section\"  itemscope=\"itemscope\" itemtype=\"https:\/\/schema.org\/CreativeWork\"  ><div class='avia_textblock'   itemprop=\"text\" ><p><img loading=\"lazy\" decoding=\"async\" class=\"alignnone wp-image-4014\" src=\"https:\/\/www.theadkx.org\/wp-content\/uploads\/2021\/04\/apl-logo_straight_cropped.jpeg\" alt=\"\" width=\"300\" height=\"107\" \/><\/p>\n<\/div><\/section><br \/>\n<div  class='avia-button-wrap avia-button-left    avia-builder-el-29  el_after_av_textblock  avia-builder-el-last'  ><a href='https:\/\/vimeo.com\/529364013'  class='avia-button   avia-icon_select-no avia-color-border avia-size-medium avia-position-left'  target=\"_blank\"   ><span class='avia_iconbox_title' >Ver la grabaci\u00f3n<\/span><\/a><\/div><\/p><\/div><\/div><\/div><!--close column table wrapper. Autoclose: 1 -->","protected":false},"excerpt":{"rendered":"","protected":false},"author":4,"featured_media":0,"parent":22,"menu_order":64,"comment_status":"closed","ping_status":"closed","template":"","meta":{"_acf_changed":false,"om_disable_all_campaigns":false,"footnotes":""},"class_list":["post-5247","page","type-page","status-publish","hentry"],"acf":[],"yoast_head":"<!-- This site is optimized with the Yoast SEO Premium plugin v22.8 (Yoast SEO v27.3) - https:\/\/yoast.com\/product\/yoast-seo-premium-wordpress\/ -->\n<title>Taste of the Adirondacks | Adirondack Experience<\/title>\n<meta name=\"robots\" content=\"index, follow, max-snippet:-1, max-image-preview:large, max-video-preview:-1\" \/>\n<link rel=\"canonical\" href=\"https:\/\/www.theadkx.org\/es\/nuestros-eventos\/taste-of-the-adirondacks\/\" \/>\n<meta property=\"og:locale\" content=\"es_ES\" \/>\n<meta property=\"og:type\" content=\"article\" \/>\n<meta property=\"og:title\" content=\"Taste of the Adirondacks\" \/>\n<meta property=\"og:url\" content=\"https:\/\/www.theadkx.org\/es\/nuestros-eventos\/taste-of-the-adirondacks\/\" \/>\n<meta property=\"og:site_name\" content=\"Adirondack Experience\" \/>\n<meta property=\"article:publisher\" content=\"https:\/\/www.facebook.com\/theADKX\/\" \/>\n<meta property=\"article:modified_time\" content=\"2021-05-18T18:07:06+00:00\" \/>\n<meta property=\"og:image\" content=\"https:\/\/www.theadkx.org\/wp-content\/uploads\/2021\/04\/albany-paul-smiths-logo.jpg\" \/>\n<meta name=\"twitter:card\" content=\"summary_large_image\" \/>\n<meta name=\"twitter:site\" content=\"@theadkx\" \/>\n<meta name=\"twitter:label1\" content=\"Tiempo de lectura\" \/>\n\t<meta name=\"twitter:data1\" content=\"14 minutos\" \/>\n<script type=\"application\/ld+json\" class=\"yoast-schema-graph\">{\"@context\":\"https:\\\/\\\/schema.org\",\"@graph\":[{\"@type\":\"WebPage\",\"@id\":\"https:\\\/\\\/www.theadkx.org\\\/es\\\/our-events\\\/taste-of-the-adirondacks\\\/\",\"url\":\"https:\\\/\\\/www.theadkx.org\\\/es\\\/our-events\\\/taste-of-the-adirondacks\\\/\",\"name\":\"Taste of the Adirondacks | Adirondack Experience\",\"isPartOf\":{\"@id\":\"https:\\\/\\\/www.theadkx.org\\\/#website\"},\"primaryImageOfPage\":{\"@id\":\"https:\\\/\\\/www.theadkx.org\\\/es\\\/our-events\\\/taste-of-the-adirondacks\\\/#primaryimage\"},\"image\":{\"@id\":\"https:\\\/\\\/www.theadkx.org\\\/es\\\/our-events\\\/taste-of-the-adirondacks\\\/#primaryimage\"},\"thumbnailUrl\":\"https:\\\/\\\/www.theadkx.org\\\/wp-content\\\/uploads\\\/2021\\\/04\\\/albany-paul-smiths-logo.jpg\",\"datePublished\":\"2021-05-18T16:51:49+00:00\",\"dateModified\":\"2021-05-18T18:07:06+00:00\",\"breadcrumb\":{\"@id\":\"https:\\\/\\\/www.theadkx.org\\\/es\\\/our-events\\\/taste-of-the-adirondacks\\\/#breadcrumb\"},\"inLanguage\":\"es\",\"potentialAction\":[{\"@type\":\"ReadAction\",\"target\":[\"https:\\\/\\\/www.theadkx.org\\\/es\\\/our-events\\\/taste-of-the-adirondacks\\\/\"]}]},{\"@type\":\"ImageObject\",\"inLanguage\":\"es\",\"@id\":\"https:\\\/\\\/www.theadkx.org\\\/es\\\/our-events\\\/taste-of-the-adirondacks\\\/#primaryimage\",\"url\":\"https:\\\/\\\/www.theadkx.org\\\/wp-content\\\/uploads\\\/2021\\\/04\\\/albany-paul-smiths-logo.jpg\",\"contentUrl\":\"https:\\\/\\\/www.theadkx.org\\\/wp-content\\\/uploads\\\/2021\\\/04\\\/albany-paul-smiths-logo.jpg\"},{\"@type\":\"BreadcrumbList\",\"@id\":\"https:\\\/\\\/www.theadkx.org\\\/es\\\/our-events\\\/taste-of-the-adirondacks\\\/#breadcrumb\",\"itemListElement\":[{\"@type\":\"ListItem\",\"position\":1,\"name\":\"Home\",\"item\":\"https:\\\/\\\/www.theadkx.org\\\/homepage\\\/\"},{\"@type\":\"ListItem\",\"position\":2,\"name\":\"Events\",\"item\":\"https:\\\/\\\/www.theadkx.org\\\/our-events\\\/\"},{\"@type\":\"ListItem\",\"position\":3,\"name\":\"Taste of the Adirondacks\"}]},{\"@type\":\"WebSite\",\"@id\":\"https:\\\/\\\/www.theadkx.org\\\/#website\",\"url\":\"https:\\\/\\\/www.theadkx.org\\\/\",\"name\":\"Adirondack Experience\",\"description\":\"The Museum on Blue Mountain Lake\",\"publisher\":{\"@id\":\"https:\\\/\\\/www.theadkx.org\\\/#organization\"},\"potentialAction\":[{\"@type\":\"SearchAction\",\"target\":{\"@type\":\"EntryPoint\",\"urlTemplate\":\"https:\\\/\\\/www.theadkx.org\\\/?s={search_term_string}\"},\"query-input\":{\"@type\":\"PropertyValueSpecification\",\"valueRequired\":true,\"valueName\":\"search_term_string\"}}],\"inLanguage\":\"es\"},{\"@type\":\"Organization\",\"@id\":\"https:\\\/\\\/www.theadkx.org\\\/#organization\",\"name\":\"Adirondack Experience, The Museum on Blue Mountain Lake\",\"url\":\"https:\\\/\\\/www.theadkx.org\\\/\",\"logo\":{\"@type\":\"ImageObject\",\"inLanguage\":\"es\",\"@id\":\"https:\\\/\\\/www.theadkx.org\\\/#\\\/schema\\\/logo\\\/image\\\/\",\"url\":\"https:\\\/\\\/www.theadkx.org\\\/wp-content\\\/uploads\\\/2021\\\/03\\\/ADKX_LOGO.png\",\"contentUrl\":\"https:\\\/\\\/www.theadkx.org\\\/wp-content\\\/uploads\\\/2021\\\/03\\\/ADKX_LOGO.png\",\"width\":440,\"height\":276,\"caption\":\"Adirondack Experience, The Museum on Blue Mountain Lake\"},\"image\":{\"@id\":\"https:\\\/\\\/www.theadkx.org\\\/#\\\/schema\\\/logo\\\/image\\\/\"},\"sameAs\":[\"https:\\\/\\\/www.facebook.com\\\/theADKX\\\/\",\"https:\\\/\\\/x.com\\\/theadkx\",\"https:\\\/\\\/www.instagram.com\\\/theadkx\\\/\",\"https:\\\/\\\/www.youtube.com\\\/user\\\/AdirondackMuseum\"]}]}<\/script>\n<!-- \/ Yoast SEO Premium plugin. -->","yoast_head_json":{"title":"Taste of the Adirondacks | Experiencia Adirondack","robots":{"index":"index","follow":"follow","max-snippet":"max-snippet:-1","max-image-preview":"max-image-preview:large","max-video-preview":"max-video-preview:-1"},"canonical":"https:\/\/www.theadkx.org\/es\/nuestros-eventos\/taste-of-the-adirondacks\/","og_locale":"es_ES","og_type":"article","og_title":"Taste of the Adirondacks","og_url":"https:\/\/www.theadkx.org\/es\/nuestros-eventos\/taste-of-the-adirondacks\/","og_site_name":"Adirondack Experience","article_publisher":"https:\/\/www.facebook.com\/theADKX\/","article_modified_time":"2021-05-18T18:07:06+00:00","og_image":[{"url":"https:\/\/www.theadkx.org\/wp-content\/uploads\/2021\/04\/albany-paul-smiths-logo.jpg","type":"","width":"","height":""}],"twitter_card":"summary_large_image","twitter_site":"@theadkx","twitter_misc":{"Tiempo de lectura":"14 minutos"},"schema":{"@context":"https:\/\/schema.org","@graph":[{"@type":"WebPage","@id":"https:\/\/www.theadkx.org\/es\/our-events\/taste-of-the-adirondacks\/","url":"https:\/\/www.theadkx.org\/es\/our-events\/taste-of-the-adirondacks\/","name":"Taste of the Adirondacks | Experiencia Adirondack","isPartOf":{"@id":"https:\/\/www.theadkx.org\/#website"},"primaryImageOfPage":{"@id":"https:\/\/www.theadkx.org\/es\/our-events\/taste-of-the-adirondacks\/#primaryimage"},"image":{"@id":"https:\/\/www.theadkx.org\/es\/our-events\/taste-of-the-adirondacks\/#primaryimage"},"thumbnailUrl":"https:\/\/www.theadkx.org\/wp-content\/uploads\/2021\/04\/albany-paul-smiths-logo.jpg","datePublished":"2021-05-18T16:51:49+00:00","dateModified":"2021-05-18T18:07:06+00:00","breadcrumb":{"@id":"https:\/\/www.theadkx.org\/es\/our-events\/taste-of-the-adirondacks\/#breadcrumb"},"inLanguage":"es","potentialAction":[{"@type":"ReadAction","target":["https:\/\/www.theadkx.org\/es\/our-events\/taste-of-the-adirondacks\/"]}]},{"@type":"ImageObject","inLanguage":"es","@id":"https:\/\/www.theadkx.org\/es\/our-events\/taste-of-the-adirondacks\/#primaryimage","url":"https:\/\/www.theadkx.org\/wp-content\/uploads\/2021\/04\/albany-paul-smiths-logo.jpg","contentUrl":"https:\/\/www.theadkx.org\/wp-content\/uploads\/2021\/04\/albany-paul-smiths-logo.jpg"},{"@type":"BreadcrumbList","@id":"https:\/\/www.theadkx.org\/es\/our-events\/taste-of-the-adirondacks\/#breadcrumb","itemListElement":[{"@type":"ListItem","position":1,"name":"Home","item":"https:\/\/www.theadkx.org\/homepage\/"},{"@type":"ListItem","position":2,"name":"Events","item":"https:\/\/www.theadkx.org\/our-events\/"},{"@type":"ListItem","position":3,"name":"Taste of the Adirondacks"}]},{"@type":"WebSite","@id":"https:\/\/www.theadkx.org\/#website","url":"https:\/\/www.theadkx.org\/","name":"Experiencia Adirondack","description":"El Museo del Lago de la Monta\u00f1a Azul","publisher":{"@id":"https:\/\/www.theadkx.org\/#organization"},"potentialAction":[{"@type":"SearchAction","target":{"@type":"EntryPoint","urlTemplate":"https:\/\/www.theadkx.org\/?s={search_term_string}"},"query-input":{"@type":"PropertyValueSpecification","valueRequired":true,"valueName":"search_term_string"}}],"inLanguage":"es"},{"@type":"Organization","@id":"https:\/\/www.theadkx.org\/#organization","name":"Experiencia Adirondack, El Museo del Lago Blue Mountain","url":"https:\/\/www.theadkx.org\/","logo":{"@type":"ImageObject","inLanguage":"es","@id":"https:\/\/www.theadkx.org\/#\/schema\/logo\/image\/","url":"https:\/\/www.theadkx.org\/wp-content\/uploads\/2021\/03\/ADKX_LOGO.png","contentUrl":"https:\/\/www.theadkx.org\/wp-content\/uploads\/2021\/03\/ADKX_LOGO.png","width":440,"height":276,"caption":"Adirondack Experience, The Museum on Blue Mountain Lake"},"image":{"@id":"https:\/\/www.theadkx.org\/#\/schema\/logo\/image\/"},"sameAs":["https:\/\/www.facebook.com\/theADKX\/","https:\/\/x.com\/theadkx","https:\/\/www.instagram.com\/theadkx\/","https:\/\/www.youtube.com\/user\/AdirondackMuseum"]}]}},"_links":{"self":[{"href":"https:\/\/www.theadkx.org\/es\/wp-json\/wp\/v2\/pages\/5247","targetHints":{"allow":["GET"]}}],"collection":[{"href":"https:\/\/www.theadkx.org\/es\/wp-json\/wp\/v2\/pages"}],"about":[{"href":"https:\/\/www.theadkx.org\/es\/wp-json\/wp\/v2\/types\/page"}],"author":[{"embeddable":true,"href":"https:\/\/www.theadkx.org\/es\/wp-json\/wp\/v2\/users\/4"}],"replies":[{"embeddable":true,"href":"https:\/\/www.theadkx.org\/es\/wp-json\/wp\/v2\/comments?post=5247"}],"version-history":[{"count":4,"href":"https:\/\/www.theadkx.org\/es\/wp-json\/wp\/v2\/pages\/5247\/revisions"}],"predecessor-version":[{"id":5267,"href":"https:\/\/www.theadkx.org\/es\/wp-json\/wp\/v2\/pages\/5247\/revisions\/5267"}],"up":[{"embeddable":true,"href":"https:\/\/www.theadkx.org\/es\/wp-json\/wp\/v2\/pages\/22"}],"wp:attachment":[{"href":"https:\/\/www.theadkx.org\/es\/wp-json\/wp\/v2\/media?parent=5247"}],"curies":[{"name":"wp","href":"https:\/\/api.w.org\/{rel}","templated":true}]}}