{"id":13705,"date":"2024-02-20T15:06:41","date_gmt":"2024-02-20T20:06:41","guid":{"rendered":"http:\/\/www.theadkx.org\/?page_id=13705"},"modified":"2024-02-20T15:06:41","modified_gmt":"2024-02-20T20:06:41","slug":"fonds-annuel-6","status":"publish","type":"page","link":"https:\/\/www.theadkx.org\/fr\/join-support\/donate\/special-programs\/boatbuilder-fund\/","title":{"rendered":"Fonds pour le constructeur de bateaux en r\u00e9sidence"},"content":{"rendered":"<div id='av_section_1'  class='avia-section main_color avia-section-no-padding avia-no-border-styling  ep-lazy-loaded avia-full-stretch avia-bg-style-scroll  avia-builder-el-0  el_before_av_section  avia-builder-el-first   avia-section-fwd container_wrap fullsize' style='background-repeat: no-repeat; --epBGImgDesktop: url(https:\/\/www.theadkx.org\/wp-content\/uploads\/2021\/04\/annual-fund-1920x640-1.jpg);--epBGImgTablet: var(--epBGImgDesktop); --epBGImgMobile: url(https:\/\/www.theadkx.org\/wp-content\/uploads\/2021\/04\/annual-fund-720x540-1.jpg);;background-attachment: scroll; background-position: center center;   '   data-section-bg-repeat='stretch' ><div class='container' style=\"\"><main  role=\"main\" itemprop=\"mainContentOfPage\"  class='template-page content  av-content-full alpha units' ><div class='post-entry post-entry-type-page post-entry-13705'><div class='entry-content-wrapper clearfix'>\n<div   class='hr hr-invisible  hr-responsive   avia-builder-el-1  avia-builder-el-no-sibling' ><div style='height:300px' class='hr-desktop'><\/div><div style='height:300px' class='hr-tablet'><\/div><div style='height:150px' class='hr-mobile'><\/div><\/div>\n\n<\/div><\/div><\/main><!-- close content main element --><\/div><\/div><div id='av_section_2'  class='avia-section main_color avia-section-default avia-no-border-styling  ep-lazy-loaded avia-full-stretch avia-bg-style-scroll  avia-builder-el-2  el_after_av_section  el_before_av_section   container_wrap fullsize' style='background-color: #fcfaf5; background-repeat: no-repeat; --epBGImg: url(https:\/\/www.theadkx.org\/wp-content\/uploads\/2021\/03\/Brown-Topo-Map-1.png);;background-attachment: scroll; background-position: center center;   '  data-lazy-bg data-section-bg-repeat='stretch' ><div class='container' ><div class='template-page content  av-content-full alpha units' ><div class='post-entry post-entry-type-page post-entry-13705'><div class='entry-content-wrapper clearfix'>\n<div   class='av-special-heading av-special-heading-h1   blockquote modern-quote  avia-builder-el-3  avia-builder-el-no-sibling' ><h1 class='av-special-heading-tag'   itemprop=\"headline\"  >Fonds pour le constructeur de bateaux en r\u00e9sidence<\/h1><div class='special-heading-border'><div class='special-heading-inner-border' ><\/div><\/div><\/div>\n<\/div><\/div><\/div><!-- close content main div --><\/div><\/div><div id='av_section_3'  class='avia-section main_color avia-section-default avia-no-border-styling  avia-bg-style-scroll  avia-builder-el-4  el_after_av_section  avia-builder-el-last   container_wrap fullsize' style='  '   ><div class='container' style=\"--containerWidth:1150px;max-width:1150px;\"><div class='template-page content  av-content-full alpha units' ><div class='post-entry post-entry-type-page post-entry-13705'><div class='entry-content-wrapper clearfix'>\n<div   class='flex_column_table  ep-lazy-loaded   av-equal-height-column-flextable -flextable flex-column-table-1'  ><div  class=\"flex_column av_one_full  no_margin flex_column_table_cell av-equal-height-column av-align-top ep-lazy-loaded first  avia-builder-el-5  avia-builder-el-no-sibling\" ><div class=\"flex-column-inner\"><p><div  style='height:20px' class='hr hr-invisible   av-desktop-hide  avia-builder-el-6  el_before_av_textblock  avia-builder-el-first' ><span class='hr-inner' ><span class='hr-inner-style'><\/span><\/span><\/div><br \/>\n<section class=\"av_textblock_section\"  itemscope=\"itemscope\" itemtype=\"https:\/\/schema.org\/CreativeWork\"  ><div class='avia_textblock'   itemprop=\"text\" ><p>As early as the 1840s, small wooden boats, just large enough to hold a couple of people and their gear, were used in the central Adirondacks. As more and more people came to the region for sport, the demand grew for guides and their boats, which became known as guideboats. Today the Adirondack Experience holds one of the largest collections of inland watercraft in the country, including 100 handcrafted guideboats.<\/p>\n<p>In 2002 the Museum installed a working boat shop in the <em>Boats &amp; Boating in the Adirondacks <\/em>exhibition. During the open season, an experienced boatbuilder demonstrates the unique craft of building a guideboat, bringing history to life for visitors of all ages.<\/p>\n<p>The fund to support the Boatbuilder-in-Residence program was initiated by Sidney Whelan, an Honorary Trustee of the Adirondack Experience. In 2024 Sidney Whelan passed away. The ADKX welcomes new donations to the fund in memory of Sid\u2019s lasting impact on the Museum.<\/p>\n<p>Pour faire un don en ligne, cliquez sur le\u00a0<strong>Faites un don maintenant<\/strong>\u00a0bouton ci-dessous et remplissez le formulaire en ligne. Pour de plus amples informations sur la fa\u00e7on de faire un don, veuillez appeler le Bureau de l'avancement institutionnel au 518.352.7311, poste 119.<\/p>\n<div  class='avia-button-wrap avia-button-left    avia-builder-el-8  avia-builder-el-no-sibling'  ><a href='https:\/\/6725a.blackbaudhosting.com\/6725a\/Boatbuilder-Endowment '  class='avia-button   avia-icon_select-no avia-color-regular avia-size-medium avia-position-left'   ><span class='avia_iconbox_title' >Faites un don maintenant !<\/span><\/a><\/div>\n<\/div><\/section><\/p><\/div><\/div><\/div><!--close column table wrapper. Autoclose: 1 --><\/p>","protected":false},"excerpt":{"rendered":"","protected":false},"author":4,"featured_media":0,"parent":2026,"menu_order":141,"comment_status":"closed","ping_status":"closed","template":"","meta":{"_acf_changed":false,"om_disable_all_campaigns":false,"footnotes":""},"class_list":["post-13705","page","type-page","status-publish","hentry"],"acf":[],"yoast_head":"<!-- This site is optimized with the Yoast SEO Premium plugin v22.8 (Yoast SEO v27.3) - https:\/\/yoast.com\/product\/yoast-seo-premium-wordpress\/ -->\n<title>Boatbuilder-in-Residence Fund | Make your Contribution Today | Adirondack Experience<\/title>\n<meta name=\"description\" content=\"Provide vital support to every aspect of the Adirondack Experience\u2019s programs and operations by contributing the our Annual Fund.\" \/>\n<meta name=\"robots\" content=\"index, follow, max-snippet:-1, max-image-preview:large, max-video-preview:-1\" \/>\n<link rel=\"canonical\" href=\"https:\/\/www.theadkx.org\/fr\/joindre-support\/faire-un-don\/programmes-speciaux\/fonds-annuel-6\/\" \/>\n<meta property=\"og:locale\" content=\"fr_FR\" \/>\n<meta property=\"og:type\" content=\"article\" \/>\n<meta property=\"og:title\" content=\"Boatbuilder-in-Residence Fund\" \/>\n<meta property=\"og:url\" content=\"https:\/\/www.theadkx.org\/fr\/joindre-support\/faire-un-don\/programmes-speciaux\/fonds-annuel-6\/\" \/>\n<meta property=\"og:site_name\" content=\"Adirondack Experience\" \/>\n<meta property=\"article:publisher\" content=\"https:\/\/www.facebook.com\/theADKX\/\" \/>\n<meta name=\"twitter:card\" content=\"summary_large_image\" \/>\n<meta name=\"twitter:site\" content=\"@theadkx\" \/>\n<meta name=\"twitter:label1\" content=\"Dur\u00e9e de lecture estim\u00e9e\" \/>\n\t<meta name=\"twitter:data1\" content=\"3 minutes\" \/>\n<script type=\"application\/ld+json\" class=\"yoast-schema-graph\">{\"@context\":\"https:\\\/\\\/schema.org\",\"@graph\":[{\"@type\":\"WebPage\",\"@id\":\"https:\\\/\\\/www.theadkx.org\\\/fr\\\/joindre-support\\\/faire-un-don\\\/programmes-speciaux\\\/fonds-annuel-6\\\/\",\"url\":\"https:\\\/\\\/www.theadkx.org\\\/fr\\\/joindre-support\\\/faire-un-don\\\/programmes-speciaux\\\/fonds-annuel-6\\\/\",\"name\":\"Boatbuilder-in-Residence Fund | Make your Contribution Today | Adirondack Experience\",\"isPartOf\":{\"@id\":\"https:\\\/\\\/www.theadkx.org\\\/#website\"},\"datePublished\":\"2024-02-20T20:06:41+00:00\",\"description\":\"Provide vital support to every aspect of the Adirondack Experience\u2019s programs and operations by contributing the our Annual Fund.\",\"breadcrumb\":{\"@id\":\"https:\\\/\\\/www.theadkx.org\\\/fr\\\/joindre-support\\\/faire-un-don\\\/programmes-speciaux\\\/fonds-annuel-6\\\/#breadcrumb\"},\"inLanguage\":\"fr-FR\",\"potentialAction\":[{\"@type\":\"ReadAction\",\"target\":[\"https:\\\/\\\/www.theadkx.org\\\/fr\\\/joindre-support\\\/faire-un-don\\\/programmes-speciaux\\\/fonds-annuel-6\\\/\"]}]},{\"@type\":\"BreadcrumbList\",\"@id\":\"https:\\\/\\\/www.theadkx.org\\\/fr\\\/joindre-support\\\/faire-un-don\\\/programmes-speciaux\\\/fonds-annuel-6\\\/#breadcrumb\",\"itemListElement\":[{\"@type\":\"ListItem\",\"position\":1,\"name\":\"Home\",\"item\":\"https:\\\/\\\/www.theadkx.org\\\/homepage\\\/\"},{\"@type\":\"ListItem\",\"position\":2,\"name\":\"Join\\\/Renew + Support\",\"item\":\"https:\\\/\\\/www.theadkx.org\\\/join-support\\\/\"},{\"@type\":\"ListItem\",\"position\":3,\"name\":\"Donate\",\"item\":\"https:\\\/\\\/www.theadkx.org\\\/join-support\\\/donate\\\/\"},{\"@type\":\"ListItem\",\"position\":4,\"name\":\"Special Programs\",\"item\":\"https:\\\/\\\/www.theadkx.org\\\/join-support\\\/donate\\\/special-programs\\\/\"},{\"@type\":\"ListItem\",\"position\":5,\"name\":\"Boatbuilder-in-Residence Fund\"}]},{\"@type\":\"WebSite\",\"@id\":\"https:\\\/\\\/www.theadkx.org\\\/#website\",\"url\":\"https:\\\/\\\/www.theadkx.org\\\/\",\"name\":\"Adirondack Experience\",\"description\":\"The Museum on Blue Mountain Lake\",\"publisher\":{\"@id\":\"https:\\\/\\\/www.theadkx.org\\\/#organization\"},\"potentialAction\":[{\"@type\":\"SearchAction\",\"target\":{\"@type\":\"EntryPoint\",\"urlTemplate\":\"https:\\\/\\\/www.theadkx.org\\\/?s={search_term_string}\"},\"query-input\":{\"@type\":\"PropertyValueSpecification\",\"valueRequired\":true,\"valueName\":\"search_term_string\"}}],\"inLanguage\":\"fr-FR\"},{\"@type\":\"Organization\",\"@id\":\"https:\\\/\\\/www.theadkx.org\\\/#organization\",\"name\":\"Adirondack Experience, The Museum on Blue Mountain Lake\",\"url\":\"https:\\\/\\\/www.theadkx.org\\\/\",\"logo\":{\"@type\":\"ImageObject\",\"inLanguage\":\"fr-FR\",\"@id\":\"https:\\\/\\\/www.theadkx.org\\\/#\\\/schema\\\/logo\\\/image\\\/\",\"url\":\"https:\\\/\\\/www.theadkx.org\\\/wp-content\\\/uploads\\\/2021\\\/03\\\/ADKX_LOGO.png\",\"contentUrl\":\"https:\\\/\\\/www.theadkx.org\\\/wp-content\\\/uploads\\\/2021\\\/03\\\/ADKX_LOGO.png\",\"width\":440,\"height\":276,\"caption\":\"Adirondack Experience, The Museum on Blue Mountain Lake\"},\"image\":{\"@id\":\"https:\\\/\\\/www.theadkx.org\\\/#\\\/schema\\\/logo\\\/image\\\/\"},\"sameAs\":[\"https:\\\/\\\/www.facebook.com\\\/theADKX\\\/\",\"https:\\\/\\\/x.com\\\/theadkx\",\"https:\\\/\\\/www.instagram.com\\\/theadkx\\\/\",\"https:\\\/\\\/www.youtube.com\\\/user\\\/AdirondackMuseum\"]}]}<\/script>\n<!-- \/ Yoast SEO Premium plugin. -->","yoast_head_json":{"title":"Boatbuilder-in-Residence Fund | Make your Contribution Today | Adirondack Experience","description":"Apportez un soutien vital \u00e0 tous les aspects des programmes et op\u00e9rations de l'Adirondack Experience en contribuant \u00e0 notre Fonds annuel.","robots":{"index":"index","follow":"follow","max-snippet":"max-snippet:-1","max-image-preview":"max-image-preview:large","max-video-preview":"max-video-preview:-1"},"canonical":"https:\/\/www.theadkx.org\/fr\/joindre-support\/faire-un-don\/programmes-speciaux\/fonds-annuel-6\/","og_locale":"fr_FR","og_type":"article","og_title":"Boatbuilder-in-Residence Fund","og_url":"https:\/\/www.theadkx.org\/fr\/joindre-support\/faire-un-don\/programmes-speciaux\/fonds-annuel-6\/","og_site_name":"Adirondack Experience","article_publisher":"https:\/\/www.facebook.com\/theADKX\/","twitter_card":"summary_large_image","twitter_site":"@theadkx","twitter_misc":{"Dur\u00e9e de lecture estim\u00e9e":"3 minutes"},"schema":{"@context":"https:\/\/schema.org","@graph":[{"@type":"WebPage","@id":"https:\/\/www.theadkx.org\/fr\/joindre-support\/faire-un-don\/programmes-speciaux\/fonds-annuel-6\/","url":"https:\/\/www.theadkx.org\/fr\/joindre-support\/faire-un-don\/programmes-speciaux\/fonds-annuel-6\/","name":"Boatbuilder-in-Residence Fund | Make your Contribution Today | Adirondack Experience","isPartOf":{"@id":"https:\/\/www.theadkx.org\/#website"},"datePublished":"2024-02-20T20:06:41+00:00","description":"Apportez un soutien vital \u00e0 tous les aspects des programmes et op\u00e9rations de l'Adirondack Experience en contribuant \u00e0 notre Fonds annuel.","breadcrumb":{"@id":"https:\/\/www.theadkx.org\/fr\/joindre-support\/faire-un-don\/programmes-speciaux\/fonds-annuel-6\/#breadcrumb"},"inLanguage":"fr-FR","potentialAction":[{"@type":"ReadAction","target":["https:\/\/www.theadkx.org\/fr\/joindre-support\/faire-un-don\/programmes-speciaux\/fonds-annuel-6\/"]}]},{"@type":"BreadcrumbList","@id":"https:\/\/www.theadkx.org\/fr\/joindre-support\/faire-un-don\/programmes-speciaux\/fonds-annuel-6\/#breadcrumb","itemListElement":[{"@type":"ListItem","position":1,"name":"Home","item":"https:\/\/www.theadkx.org\/homepage\/"},{"@type":"ListItem","position":2,"name":"Join\/Renew + Support","item":"https:\/\/www.theadkx.org\/join-support\/"},{"@type":"ListItem","position":3,"name":"Donate","item":"https:\/\/www.theadkx.org\/join-support\/donate\/"},{"@type":"ListItem","position":4,"name":"Special Programs","item":"https:\/\/www.theadkx.org\/join-support\/donate\/special-programs\/"},{"@type":"ListItem","position":5,"name":"Boatbuilder-in-Residence Fund"}]},{"@type":"WebSite","@id":"https:\/\/www.theadkx.org\/#website","url":"https:\/\/www.theadkx.org\/","name":"L'exp\u00e9rience des Adirondacks","description":"Le mus\u00e9e du lac Blue Mountain","publisher":{"@id":"https:\/\/www.theadkx.org\/#organization"},"potentialAction":[{"@type":"SearchAction","target":{"@type":"EntryPoint","urlTemplate":"https:\/\/www.theadkx.org\/?s={search_term_string}"},"query-input":{"@type":"PropertyValueSpecification","valueRequired":true,"valueName":"search_term_string"}}],"inLanguage":"fr-FR"},{"@type":"Organization","@id":"https:\/\/www.theadkx.org\/#organization","name":"Adirondack Experience, le mus\u00e9e du lac Blue Mountain","url":"https:\/\/www.theadkx.org\/","logo":{"@type":"ImageObject","inLanguage":"fr-FR","@id":"https:\/\/www.theadkx.org\/#\/schema\/logo\/image\/","url":"https:\/\/www.theadkx.org\/wp-content\/uploads\/2021\/03\/ADKX_LOGO.png","contentUrl":"https:\/\/www.theadkx.org\/wp-content\/uploads\/2021\/03\/ADKX_LOGO.png","width":440,"height":276,"caption":"Adirondack Experience, The Museum on Blue Mountain Lake"},"image":{"@id":"https:\/\/www.theadkx.org\/#\/schema\/logo\/image\/"},"sameAs":["https:\/\/www.facebook.com\/theADKX\/","https:\/\/x.com\/theadkx","https:\/\/www.instagram.com\/theadkx\/","https:\/\/www.youtube.com\/user\/AdirondackMuseum"]}]}},"_links":{"self":[{"href":"https:\/\/www.theadkx.org\/fr\/wp-json\/wp\/v2\/pages\/13705","targetHints":{"allow":["GET"]}}],"collection":[{"href":"https:\/\/www.theadkx.org\/fr\/wp-json\/wp\/v2\/pages"}],"about":[{"href":"https:\/\/www.theadkx.org\/fr\/wp-json\/wp\/v2\/types\/page"}],"author":[{"embeddable":true,"href":"https:\/\/www.theadkx.org\/fr\/wp-json\/wp\/v2\/users\/4"}],"replies":[{"embeddable":true,"href":"https:\/\/www.theadkx.org\/fr\/wp-json\/wp\/v2\/comments?post=13705"}],"version-history":[{"count":2,"href":"https:\/\/www.theadkx.org\/fr\/wp-json\/wp\/v2\/pages\/13705\/revisions"}],"predecessor-version":[{"id":13707,"href":"https:\/\/www.theadkx.org\/fr\/wp-json\/wp\/v2\/pages\/13705\/revisions\/13707"}],"up":[{"embeddable":true,"href":"https:\/\/www.theadkx.org\/fr\/wp-json\/wp\/v2\/pages\/2026"}],"wp:attachment":[{"href":"https:\/\/www.theadkx.org\/fr\/wp-json\/wp\/v2\/media?parent=13705"}],"curies":[{"name":"wp","href":"https:\/\/api.w.org\/{rel}","templated":true}]}}