{"id":139,"date":"2021-03-09T06:25:16","date_gmt":"2021-03-09T11:25:16","guid":{"rendered":"http:\/\/www.theadkx.org\/?page_id=139"},"modified":"2021-04-29T17:34:55","modified_gmt":"2021-04-29T21:34:55","slug":"journal","status":"publish","type":"page","link":"https:\/\/www.theadkx.org\/fr\/research\/journal\/","title":{"rendered":"Journal"},"content":{"rendered":"<div id='av_section_1'  class='avia-section main_color avia-section-no-padding avia-no-border-styling  ep-lazy-loaded avia-full-stretch avia-bg-style-scroll  avia-builder-el-0  el_before_av_section  avia-builder-el-first   avia-section-fwd container_wrap fullsize' style='background-repeat: no-repeat; --epBGImgDesktop: url(https:\/\/www.theadkx.org\/wp-content\/uploads\/2021\/04\/journal-1920x640-1.jpg);--epBGImgTablet: var(--epBGImgDesktop); --epBGImgMobile: url(https:\/\/www.theadkx.org\/wp-content\/uploads\/2021\/04\/journal-mobile-720x540-1.jpg);;background-attachment: scroll; background-position: center center;   '   data-section-bg-repeat='stretch' ><div class='container' style=\"\"><main  role=\"main\" itemprop=\"mainContentOfPage\"  class='template-page content  av-content-full alpha units' ><div class='post-entry post-entry-type-page post-entry-139'><div class='entry-content-wrapper clearfix'>\n<div   class='hr hr-invisible  hr-responsive   avia-builder-el-1  avia-builder-el-no-sibling' ><div style='height:300px' class='hr-desktop'><\/div><div style='height:300px' class='hr-tablet'><\/div><div style='height:150px' class='hr-mobile'><\/div><\/div>\n\n<\/div><\/div><\/main><!-- close content main element --><\/div><\/div><div id='av_section_2'  class='avia-section main_color avia-section-default avia-no-border-styling  avia-bg-style-scroll  avia-builder-el-2  el_after_av_section  el_before_av_section   container_wrap fullsize' style='  '   ><div class='container' ><div class='template-page content  av-content-full alpha units' ><div class='post-entry post-entry-type-page post-entry-139'><div class='entry-content-wrapper clearfix'>\n<div   class='flex_column_table  ep-lazy-loaded   av-equal-height-column-flextable -flextable flex-column-table-1'  ><div  class=\"flex_column av_one_full  flex_column_table_cell av-equal-height-column av-align-top ep-lazy-loaded first  avia-builder-el-3  avia-builder-el-no-sibling\" ><div class=\"flex-column-inner\"><div  style='font-size:52px;' class='av-special-heading av-special-heading-h3   blockquote modern-quote  avia-builder-el-4  avia-builder-el-no-sibling  av-inherit-size' ><h3 class='av-special-heading-tag'   itemprop=\"headline\"  >Journal de l'Adirondack<\/h3><div class='special-heading-border'><div class='special-heading-inner-border' ><\/div><\/div><\/div><\/div><\/div><\/div><!--close column table wrapper. Autoclose: 1 -->\n\n<\/div><\/div><\/div><!-- close content main div --><\/div><\/div><div id='av_section_3'  class='avia-section main_color avia-section-default avia-no-border-styling  avia-bg-style-scroll  avia-builder-el-5  el_after_av_section  el_before_av_section  journal-post-section  container_wrap fullsize' style='  '   ><div class='container' style=\"--containerWidth:1150px;max-width:1150px;\"><div class='template-page content  av-content-full alpha units' ><div class='post-entry post-entry-type-page post-entry-139'><div class='entry-content-wrapper clearfix'>\n<div  class='ep-posts-grid-container ep-grid-wrapper   avia-builder-el-6  avia-builder-el-no-sibling  adirondack-loop'  ><div class='ep-posts-grid ep-grid  facetwp-template columns is-multiline is-mobile is-variable is-3'><div class=\"ep-post-grid-item column is-full-mobile is-full-tablet is-full-desktop entry-17204 entry-post\">\n    <div class=\"entry-wrapper-content\">\n        <div class=\"entry-wrapper-content-inner\">\n            <div class=\"adirondack-thumb\">\n                <img decoding=\"async\" loading=\"lazy\" width=\"2732\" height=\"912\" src=\"https:\/\/www.theadkx.org\/wp-content\/uploads\/2025\/09\/Brandon-2732-x-912-px.png\" class=\"wp-image-17212 avia-img-lazy-loading-17212 attachment-post-thumbnail size-post-thumbnail wp-post-image\" alt=\"\" \/>            <\/div>\n            <div class=\"mobile-offset\">\n                <div class=\"adirondack-content\">\n                    <h4 class=\"entry-title\"><a href=\"https:\/\/www.theadkx.org\/fr\/adirondack-lumber-camp-music\/\">Musique du camp de b\u00fbcherons des Adirondacks<\/a><\/h4>\n                    <span class=\"adirondack-meta\">Journal de l'Adirondack<\/span>                    <div class=\"entry-excerpt\">\n\n\n\n\n\n\n\n\n\n<\/div>\n                    <a href=\"https:\/\/www.theadkx.org\/fr\/adirondack-lumber-camp-music\/\" class=\"avia-button   avia-icon_select-no avia-color-border avia-size-medium avia-position-left\"><span class=\"avia_iconbox_title\">Lire la suite<\/span><\/a>\n                <\/div>\n            <\/div>\n        <\/div>\n    <\/div>\n<\/div><div class=\"ep-post-grid-item column is-full-mobile is-full-tablet is-full-desktop entry-427 entry-post\">\n    <div class=\"entry-wrapper-content\">\n        <div class=\"entry-wrapper-content-inner\">\n            <div class=\"adirondack-thumb\">\n                <img decoding=\"async\" loading=\"lazy\" width=\"2560\" height=\"855\" src=\"https:\/\/www.theadkx.org\/wp-content\/uploads\/2021\/03\/Balsam-Cures-Header-Image-scaled.jpg\" class=\"wp-image-696 avia-img-lazy-loading-696 attachment-post-thumbnail size-post-thumbnail wp-post-image\" alt=\"\" srcset=\"https:\/\/www.theadkx.org\/wp-content\/uploads\/2021\/03\/Balsam-Cures-Header-Image-scaled.jpg 2560w, https:\/\/www.theadkx.org\/wp-content\/uploads\/2021\/03\/Balsam-Cures-Header-Image-300x100.jpg 300w, https:\/\/www.theadkx.org\/wp-content\/uploads\/2021\/03\/Balsam-Cures-Header-Image-1030x344.jpg 1030w, https:\/\/www.theadkx.org\/wp-content\/uploads\/2021\/03\/Balsam-Cures-Header-Image-768x256.jpg 768w, https:\/\/www.theadkx.org\/wp-content\/uploads\/2021\/03\/Balsam-Cures-Header-Image-1536x513.jpg 1536w, https:\/\/www.theadkx.org\/wp-content\/uploads\/2021\/03\/Balsam-Cures-Header-Image-2048x684.jpg 2048w\" sizes=\"auto, (max-width: 2560px) 100vw, 2560px\" \/>            <\/div>\n            <div class=\"mobile-offset\">\n                <div class=\"adirondack-content\">\n                    <h4 class=\"entry-title\"><a href=\"https:\/\/www.theadkx.org\/fr\/balsam-traditions-balsam-cures\/\">Traditions du baume - Cures du baume<\/a><\/h4>\n                    <span class=\"adirondack-meta\">Journal de l'Adirondack<\/span>                    <div class=\"entry-excerpt\">Le sapin baumier est une ressource naturelle importante pour la r\u00e9gion des Adirondacks depuis de nombreuses ann\u00e9es. Vous trouverez ci-dessous des extraits d'une s\u00e9rie d'affiches intitul\u00e9e \"Balsam...<\/div>\n                    <a href=\"https:\/\/www.theadkx.org\/fr\/balsam-traditions-balsam-cures\/\" class=\"avia-button   avia-icon_select-no avia-color-border avia-size-medium avia-position-left\"><span class=\"avia_iconbox_title\">Lire la suite<\/span><\/a>\n                <\/div>\n            <\/div>\n        <\/div>\n    <\/div>\n<\/div><div class=\"ep-post-grid-item column is-full-mobile is-full-tablet is-full-desktop entry-740 entry-post\">\n    <div class=\"entry-wrapper-content\">\n        <div class=\"entry-wrapper-content-inner\">\n            <div class=\"adirondack-thumb\">\n                <img decoding=\"async\" loading=\"lazy\" width=\"1085\" height=\"618\" src=\"https:\/\/www.theadkx.org\/wp-content\/uploads\/2022\/06\/p027753.jpg\" class=\"wp-image-9577 avia-img-lazy-loading-9577 attachment-post-thumbnail size-post-thumbnail wp-post-image\" alt=\"\" srcset=\"https:\/\/www.theadkx.org\/wp-content\/uploads\/2022\/06\/p027753.jpg 1085w, https:\/\/www.theadkx.org\/wp-content\/uploads\/2022\/06\/p027753-300x171.jpg 300w, https:\/\/www.theadkx.org\/wp-content\/uploads\/2022\/06\/p027753-1030x587.jpg 1030w, https:\/\/www.theadkx.org\/wp-content\/uploads\/2022\/06\/p027753-768x437.jpg 768w, https:\/\/www.theadkx.org\/wp-content\/uploads\/2022\/06\/p027753-18x10.jpg 18w\" sizes=\"auto, (max-width: 1085px) 100vw, 1085px\" \/>            <\/div>\n            <div class=\"mobile-offset\">\n                <div class=\"adirondack-content\">\n                    <h4 class=\"entry-title\"><a href=\"https:\/\/www.theadkx.org\/fr\/timbuctoo-african-american-history-in-the-adirondacks\/\">Timbuctoo : L'histoire afro-am\u00e9ricaine dans les Adirondacks<\/a><\/h4>\n                    <span class=\"adirondack-meta\">Journal de l'Adirondack<\/span>                    <div class=\"entry-excerpt\">The Adirondack Mountains have a rich history with astonishing ties to major national events. It may be a surprise to some that the wilderness of the Adirondacks...<\/div>\n                    <a href=\"https:\/\/www.theadkx.org\/fr\/timbuctoo-african-american-history-in-the-adirondacks\/\" class=\"avia-button   avia-icon_select-no avia-color-border avia-size-medium avia-position-left\"><span class=\"avia_iconbox_title\">Lire la suite<\/span><\/a>\n                <\/div>\n            <\/div>\n        <\/div>\n    <\/div>\n<\/div><div class=\"ep-post-grid-item column is-full-mobile is-full-tablet is-full-desktop entry-743 entry-post\">\n    <div class=\"entry-wrapper-content\">\n        <div class=\"entry-wrapper-content-inner\">\n            <div class=\"adirondack-thumb\">\n                <img decoding=\"async\" loading=\"lazy\" width=\"2560\" height=\"855\" src=\"https:\/\/www.theadkx.org\/wp-content\/uploads\/2021\/04\/Adirondack-Travel-Header-Image-scaled.jpg\" class=\"wp-image-744 avia-img-lazy-loading-744 attachment-post-thumbnail size-post-thumbnail wp-post-image\" alt=\"\" srcset=\"https:\/\/www.theadkx.org\/wp-content\/uploads\/2021\/04\/Adirondack-Travel-Header-Image-scaled.jpg 2560w, https:\/\/www.theadkx.org\/wp-content\/uploads\/2021\/04\/Adirondack-Travel-Header-Image-300x100.jpg 300w, https:\/\/www.theadkx.org\/wp-content\/uploads\/2021\/04\/Adirondack-Travel-Header-Image-1030x344.jpg 1030w, https:\/\/www.theadkx.org\/wp-content\/uploads\/2021\/04\/Adirondack-Travel-Header-Image-768x256.jpg 768w, https:\/\/www.theadkx.org\/wp-content\/uploads\/2021\/04\/Adirondack-Travel-Header-Image-1536x513.jpg 1536w, https:\/\/www.theadkx.org\/wp-content\/uploads\/2021\/04\/Adirondack-Travel-Header-Image-2048x684.jpg 2048w\" sizes=\"auto, (max-width: 2560px) 100vw, 2560px\" \/>            <\/div>\n            <div class=\"mobile-offset\">\n                <div class=\"adirondack-content\">\n                    <h4 class=\"entry-title\"><a href=\"https:\/\/www.theadkx.org\/fr\/adirondack-travel\/\">Voyage dans les Adirondacks<\/a><\/h4>\n                    <span class=\"adirondack-meta\">Journal de l'Adirondack<\/span>                    <div class=\"entry-excerpt\">The beauty of the Adirondacks has attracted visitors since the early nineteenth century; between 1880 and 1920 Blue Mountain Lake, New York (home of the Adirondack...<\/div>\n                    <a href=\"https:\/\/www.theadkx.org\/fr\/adirondack-travel\/\" class=\"avia-button   avia-icon_select-no avia-color-border avia-size-medium avia-position-left\"><span class=\"avia_iconbox_title\">Lire la suite<\/span><\/a>\n                <\/div>\n            <\/div>\n        <\/div>\n    <\/div>\n<\/div><div class=\"ep-post-grid-item column is-full-mobile is-full-tablet is-full-desktop entry-746 entry-post\">\n    <div class=\"entry-wrapper-content\">\n        <div class=\"entry-wrapper-content-inner\">\n            <div class=\"adirondack-thumb\">\n                <img decoding=\"async\" loading=\"lazy\" width=\"2560\" height=\"855\" src=\"https:\/\/www.theadkx.org\/wp-content\/uploads\/2021\/04\/Water-Skiing-Header-Image-scaled.jpg\" class=\"wp-image-747 avia-img-lazy-loading-747 attachment-post-thumbnail size-post-thumbnail wp-post-image\" alt=\"\" srcset=\"https:\/\/www.theadkx.org\/wp-content\/uploads\/2021\/04\/Water-Skiing-Header-Image-scaled.jpg 2560w, https:\/\/www.theadkx.org\/wp-content\/uploads\/2021\/04\/Water-Skiing-Header-Image-300x100.jpg 300w, https:\/\/www.theadkx.org\/wp-content\/uploads\/2021\/04\/Water-Skiing-Header-Image-1030x344.jpg 1030w, https:\/\/www.theadkx.org\/wp-content\/uploads\/2021\/04\/Water-Skiing-Header-Image-768x256.jpg 768w, https:\/\/www.theadkx.org\/wp-content\/uploads\/2021\/04\/Water-Skiing-Header-Image-1536x513.jpg 1536w, https:\/\/www.theadkx.org\/wp-content\/uploads\/2021\/04\/Water-Skiing-Header-Image-2048x684.jpg 2048w\" sizes=\"auto, (max-width: 2560px) 100vw, 2560px\" \/>            <\/div>\n            <div class=\"mobile-offset\">\n                <div class=\"adirondack-content\">\n                    <h4 class=\"entry-title\"><a href=\"https:\/\/www.theadkx.org\/fr\/water-skiing\/\">Ski nautique<\/a><\/h4>\n                    <span class=\"adirondack-meta\">Journal de l'Adirondack<\/span>                    <div class=\"entry-excerpt\">The earliest recorded trip on water skis occurred during the summer of 1922 in Minnesota. The term came in to common use in 1931. The Adirondacks saw a boom in ...<\/div>\n                    <a href=\"https:\/\/www.theadkx.org\/fr\/water-skiing\/\" class=\"avia-button   avia-icon_select-no avia-color-border avia-size-medium avia-position-left\"><span class=\"avia_iconbox_title\">Lire la suite<\/span><\/a>\n                <\/div>\n            <\/div>\n        <\/div>\n    <\/div>\n<\/div><div class=\"ep-post-grid-item column is-full-mobile is-full-tablet is-full-desktop entry-749 entry-post\">\n    <div class=\"entry-wrapper-content\">\n        <div class=\"entry-wrapper-content-inner\">\n            <div class=\"adirondack-thumb\">\n                <img decoding=\"async\" loading=\"lazy\" width=\"2560\" height=\"855\" src=\"https:\/\/www.theadkx.org\/wp-content\/uploads\/2017\/04\/Forest-Fires-Header-Image-scaled.jpg\" class=\"wp-image-755 avia-img-lazy-loading-755 attachment-post-thumbnail size-post-thumbnail wp-post-image\" alt=\"\" srcset=\"https:\/\/www.theadkx.org\/wp-content\/uploads\/2017\/04\/Forest-Fires-Header-Image-scaled.jpg 2560w, https:\/\/www.theadkx.org\/wp-content\/uploads\/2017\/04\/Forest-Fires-Header-Image-300x100.jpg 300w, https:\/\/www.theadkx.org\/wp-content\/uploads\/2017\/04\/Forest-Fires-Header-Image-1030x344.jpg 1030w, https:\/\/www.theadkx.org\/wp-content\/uploads\/2017\/04\/Forest-Fires-Header-Image-768x256.jpg 768w, https:\/\/www.theadkx.org\/wp-content\/uploads\/2017\/04\/Forest-Fires-Header-Image-1536x513.jpg 1536w, https:\/\/www.theadkx.org\/wp-content\/uploads\/2017\/04\/Forest-Fires-Header-Image-2048x684.jpg 2048w\" sizes=\"auto, (max-width: 2560px) 100vw, 2560px\" \/>            <\/div>\n            <div class=\"mobile-offset\">\n                <div class=\"adirondack-content\">\n                    <h4 class=\"entry-title\"><a href=\"https:\/\/www.theadkx.org\/fr\/the-adirondacks-are-burning-a-brief-history-of-forest-fires\/\">Les Adirondacks br\u00fblent : Une br\u00e8ve histoire des feux de for\u00eat<\/a><\/h4>\n                    <span class=\"adirondack-meta\">Journal de l'Adirondack<\/span>                    <div class=\"entry-excerpt\">The Adirondacks have a long history of epic blazes. While there are no recent comparisons with the terrible devastation faced by the west, fire is no stranger to...<\/div>\n                    <a href=\"https:\/\/www.theadkx.org\/fr\/the-adirondacks-are-burning-a-brief-history-of-forest-fires\/\" class=\"avia-button   avia-icon_select-no avia-color-border avia-size-medium avia-position-left\"><span class=\"avia_iconbox_title\">Lire la suite<\/span><\/a>\n                <\/div>\n            <\/div>\n        <\/div>\n    <\/div>\n<\/div><\/div><\/div>\n\n<\/div><\/div><\/div><!-- close content main div --><\/div><\/div><div id='av_section_4'  class='avia-section main_color avia-section-default avia-no-border-styling  avia-bg-style-scroll  avia-builder-el-7  el_after_av_section  avia-builder-el-last   container_wrap fullsize' style='  '   ><div class='container' ><div class='template-page content  av-content-full alpha units' ><div class='post-entry post-entry-type-page post-entry-139'><div class='entry-content-wrapper clearfix'>\n<div   class='flex_column_table  ep-lazy-loaded   av-equal-height-column-flextable -flextable flex-column-table-2'  ><div  class=\"flex_column av_one_half  flex_column_table_cell av-equal-height-column av-align-top ep-lazy-loaded first  avia-builder-el-8  el_before_av_one_half  avia-builder-el-first\" ><div class=\"flex-column-inner\"><\/div><\/div><div class='av-flex-placeholder' ><\/div><div  class=\"flex_column av_one_half  flex_column_table_cell av-equal-height-column av-align-top ep-lazy-loaded   avia-builder-el-10  el_after_av_one_half  avia-builder-el-last\" ><div class=\"flex-column-inner\"><\/div><\/div><\/div><!--close column table wrapper. Autoclose: 1 -->","protected":false},"excerpt":{"rendered":"","protected":false},"author":4,"featured_media":0,"parent":26,"menu_order":118,"comment_status":"closed","ping_status":"closed","template":"","meta":{"_acf_changed":false,"om_disable_all_campaigns":false,"footnotes":""},"class_list":["post-139","page","type-page","status-publish","hentry"],"acf":[],"yoast_head":"<!-- This site is optimized with the Yoast SEO Premium plugin v22.8 (Yoast SEO v27.4) - https:\/\/yoast.com\/product\/yoast-seo-premium-wordpress\/ -->\n<title>Journal | Adirondack Experience<\/title>\n<meta name=\"robots\" content=\"index, follow, max-snippet:-1, max-image-preview:large, max-video-preview:-1\" \/>\n<link rel=\"canonical\" href=\"https:\/\/www.theadkx.org\/fr\/recherche\/journal\/\" \/>\n<meta property=\"og:locale\" content=\"fr_FR\" \/>\n<meta property=\"og:type\" content=\"article\" \/>\n<meta property=\"og:title\" content=\"Journal\" \/>\n<meta property=\"og:url\" content=\"https:\/\/www.theadkx.org\/fr\/recherche\/journal\/\" \/>\n<meta property=\"og:site_name\" content=\"Adirondack Experience\" \/>\n<meta property=\"article:publisher\" content=\"https:\/\/www.facebook.com\/theADKX\/\" \/>\n<meta property=\"article:modified_time\" content=\"2021-04-29T21:34:55+00:00\" \/>\n<meta name=\"twitter:card\" content=\"summary_large_image\" \/>\n<meta name=\"twitter:site\" content=\"@theadkx\" \/>\n<meta name=\"twitter:label1\" content=\"Dur\u00e9e de lecture estim\u00e9e\" \/>\n\t<meta name=\"twitter:data1\" content=\"9 minutes\" \/>\n<script type=\"application\/ld+json\" class=\"yoast-schema-graph\">{\"@context\":\"https:\\\/\\\/schema.org\",\"@graph\":[{\"@type\":\"WebPage\",\"@id\":\"https:\\\/\\\/www.theadkx.org\\\/research\\\/journal\\\/\",\"url\":\"https:\\\/\\\/www.theadkx.org\\\/research\\\/journal\\\/\",\"name\":\"Journal | Adirondack Experience\",\"isPartOf\":{\"@id\":\"https:\\\/\\\/www.theadkx.org\\\/#website\"},\"datePublished\":\"2021-03-09T11:25:16+00:00\",\"dateModified\":\"2021-04-29T21:34:55+00:00\",\"breadcrumb\":{\"@id\":\"https:\\\/\\\/www.theadkx.org\\\/research\\\/journal\\\/#breadcrumb\"},\"inLanguage\":\"fr-FR\",\"potentialAction\":[{\"@type\":\"ReadAction\",\"target\":[\"https:\\\/\\\/www.theadkx.org\\\/research\\\/journal\\\/\"]}]},{\"@type\":\"BreadcrumbList\",\"@id\":\"https:\\\/\\\/www.theadkx.org\\\/research\\\/journal\\\/#breadcrumb\",\"itemListElement\":[{\"@type\":\"ListItem\",\"position\":1,\"name\":\"Home\",\"item\":\"https:\\\/\\\/www.theadkx.org\\\/homepage\\\/\"},{\"@type\":\"ListItem\",\"position\":2,\"name\":\"Research\",\"item\":\"https:\\\/\\\/www.theadkx.org\\\/research\\\/\"},{\"@type\":\"ListItem\",\"position\":3,\"name\":\"Journal\"}]},{\"@type\":\"WebSite\",\"@id\":\"https:\\\/\\\/www.theadkx.org\\\/#website\",\"url\":\"https:\\\/\\\/www.theadkx.org\\\/\",\"name\":\"Adirondack Experience\",\"description\":\"The Museum on Blue Mountain Lake\",\"publisher\":{\"@id\":\"https:\\\/\\\/www.theadkx.org\\\/#organization\"},\"potentialAction\":[{\"@type\":\"SearchAction\",\"target\":{\"@type\":\"EntryPoint\",\"urlTemplate\":\"https:\\\/\\\/www.theadkx.org\\\/?s={search_term_string}\"},\"query-input\":{\"@type\":\"PropertyValueSpecification\",\"valueRequired\":true,\"valueName\":\"search_term_string\"}}],\"inLanguage\":\"fr-FR\"},{\"@type\":\"Organization\",\"@id\":\"https:\\\/\\\/www.theadkx.org\\\/#organization\",\"name\":\"Adirondack Experience, The Museum on Blue Mountain Lake\",\"url\":\"https:\\\/\\\/www.theadkx.org\\\/\",\"logo\":{\"@type\":\"ImageObject\",\"inLanguage\":\"fr-FR\",\"@id\":\"https:\\\/\\\/www.theadkx.org\\\/#\\\/schema\\\/logo\\\/image\\\/\",\"url\":\"https:\\\/\\\/www.theadkx.org\\\/wp-content\\\/uploads\\\/2021\\\/03\\\/ADKX_LOGO.png\",\"contentUrl\":\"https:\\\/\\\/www.theadkx.org\\\/wp-content\\\/uploads\\\/2021\\\/03\\\/ADKX_LOGO.png\",\"width\":440,\"height\":276,\"caption\":\"Adirondack Experience, The Museum on Blue Mountain Lake\"},\"image\":{\"@id\":\"https:\\\/\\\/www.theadkx.org\\\/#\\\/schema\\\/logo\\\/image\\\/\"},\"sameAs\":[\"https:\\\/\\\/www.facebook.com\\\/theADKX\\\/\",\"https:\\\/\\\/x.com\\\/theadkx\",\"https:\\\/\\\/www.instagram.com\\\/theadkx\\\/\",\"https:\\\/\\\/www.youtube.com\\\/user\\\/AdirondackMuseum\"]}]}<\/script>\n<!-- \/ Yoast SEO Premium plugin. -->","yoast_head_json":{"title":"Journal | Exp\u00e9rience des Adirondacks","robots":{"index":"index","follow":"follow","max-snippet":"max-snippet:-1","max-image-preview":"max-image-preview:large","max-video-preview":"max-video-preview:-1"},"canonical":"https:\/\/www.theadkx.org\/fr\/recherche\/journal\/","og_locale":"fr_FR","og_type":"article","og_title":"Journal","og_url":"https:\/\/www.theadkx.org\/fr\/recherche\/journal\/","og_site_name":"Adirondack Experience","article_publisher":"https:\/\/www.facebook.com\/theADKX\/","article_modified_time":"2021-04-29T21:34:55+00:00","twitter_card":"summary_large_image","twitter_site":"@theadkx","twitter_misc":{"Dur\u00e9e de lecture estim\u00e9e":"9 minutes"},"schema":{"@context":"https:\/\/schema.org","@graph":[{"@type":"WebPage","@id":"https:\/\/www.theadkx.org\/research\/journal\/","url":"https:\/\/www.theadkx.org\/research\/journal\/","name":"Journal | Exp\u00e9rience des Adirondacks","isPartOf":{"@id":"https:\/\/www.theadkx.org\/#website"},"datePublished":"2021-03-09T11:25:16+00:00","dateModified":"2021-04-29T21:34:55+00:00","breadcrumb":{"@id":"https:\/\/www.theadkx.org\/research\/journal\/#breadcrumb"},"inLanguage":"fr-FR","potentialAction":[{"@type":"ReadAction","target":["https:\/\/www.theadkx.org\/research\/journal\/"]}]},{"@type":"BreadcrumbList","@id":"https:\/\/www.theadkx.org\/research\/journal\/#breadcrumb","itemListElement":[{"@type":"ListItem","position":1,"name":"Home","item":"https:\/\/www.theadkx.org\/homepage\/"},{"@type":"ListItem","position":2,"name":"Research","item":"https:\/\/www.theadkx.org\/research\/"},{"@type":"ListItem","position":3,"name":"Journal"}]},{"@type":"WebSite","@id":"https:\/\/www.theadkx.org\/#website","url":"https:\/\/www.theadkx.org\/","name":"L'exp\u00e9rience des Adirondacks","description":"Le mus\u00e9e du lac Blue Mountain","publisher":{"@id":"https:\/\/www.theadkx.org\/#organization"},"potentialAction":[{"@type":"SearchAction","target":{"@type":"EntryPoint","urlTemplate":"https:\/\/www.theadkx.org\/?s={search_term_string}"},"query-input":{"@type":"PropertyValueSpecification","valueRequired":true,"valueName":"search_term_string"}}],"inLanguage":"fr-FR"},{"@type":"Organization","@id":"https:\/\/www.theadkx.org\/#organization","name":"Adirondack Experience, le mus\u00e9e du lac Blue Mountain","url":"https:\/\/www.theadkx.org\/","logo":{"@type":"ImageObject","inLanguage":"fr-FR","@id":"https:\/\/www.theadkx.org\/#\/schema\/logo\/image\/","url":"https:\/\/www.theadkx.org\/wp-content\/uploads\/2021\/03\/ADKX_LOGO.png","contentUrl":"https:\/\/www.theadkx.org\/wp-content\/uploads\/2021\/03\/ADKX_LOGO.png","width":440,"height":276,"caption":"Adirondack Experience, The Museum on Blue Mountain Lake"},"image":{"@id":"https:\/\/www.theadkx.org\/#\/schema\/logo\/image\/"},"sameAs":["https:\/\/www.facebook.com\/theADKX\/","https:\/\/x.com\/theadkx","https:\/\/www.instagram.com\/theadkx\/","https:\/\/www.youtube.com\/user\/AdirondackMuseum"]}]}},"_links":{"self":[{"href":"https:\/\/www.theadkx.org\/fr\/wp-json\/wp\/v2\/pages\/139","targetHints":{"allow":["GET"]}}],"collection":[{"href":"https:\/\/www.theadkx.org\/fr\/wp-json\/wp\/v2\/pages"}],"about":[{"href":"https:\/\/www.theadkx.org\/fr\/wp-json\/wp\/v2\/types\/page"}],"author":[{"embeddable":true,"href":"https:\/\/www.theadkx.org\/fr\/wp-json\/wp\/v2\/users\/4"}],"replies":[{"embeddable":true,"href":"https:\/\/www.theadkx.org\/fr\/wp-json\/wp\/v2\/comments?post=139"}],"version-history":[{"count":10,"href":"https:\/\/www.theadkx.org\/fr\/wp-json\/wp\/v2\/pages\/139\/revisions"}],"predecessor-version":[{"id":15221,"href":"https:\/\/www.theadkx.org\/fr\/wp-json\/wp\/v2\/pages\/139\/revisions\/15221"}],"up":[{"embeddable":true,"href":"https:\/\/www.theadkx.org\/fr\/wp-json\/wp\/v2\/pages\/26"}],"wp:attachment":[{"href":"https:\/\/www.theadkx.org\/fr\/wp-json\/wp\/v2\/media?parent=139"}],"curies":[{"name":"wp","href":"https:\/\/api.w.org\/{rel}","templated":true}]}}