{"id":153,"date":"2021-03-09T06:27:42","date_gmt":"2021-03-09T11:27:42","guid":{"rendered":"http:\/\/www.theadkx.org\/?page_id=153"},"modified":"2021-05-02T18:33:31","modified_gmt":"2021-05-02T22:33:31","slug":"medias","status":"publish","type":"page","link":"https:\/\/www.theadkx.org\/fr\/about\/media\/","title":{"rendered":"M\u00e9dias"},"content":{"rendered":"<div id='av_section_1'  class='avia-section main_color avia-section-no-padding avia-no-border-styling  ep-lazy-loaded avia-full-stretch avia-bg-style-scroll  avia-builder-el-0  el_before_av_section  avia-builder-el-first   avia-section-fwd container_wrap fullsize' style='background-repeat: no-repeat; --epBGImgDesktop: url(https:\/\/www.theadkx.org\/wp-content\/uploads\/2021\/04\/tributememorials-1920x640-1.jpg);--epBGImgTablet: var(--epBGImgDesktop); --epBGImgMobile: url(https:\/\/www.theadkx.org\/wp-content\/uploads\/2021\/04\/tributememorials-mobile-720x540-1.jpg);;background-attachment: scroll; background-position: center center;   '   data-section-bg-repeat='stretch' ><div class='container' style=\"\"><main  role=\"main\" itemprop=\"mainContentOfPage\"  class='template-page content  av-content-full alpha units' ><div class='post-entry post-entry-type-page post-entry-153'><div class='entry-content-wrapper clearfix'>\n<div   class='hr hr-invisible  hr-responsive   avia-builder-el-1  avia-builder-el-no-sibling' ><div style='height:300px' class='hr-desktop'><\/div><div style='height:300px' class='hr-tablet'><\/div><div style='height:150px' class='hr-mobile'><\/div><\/div>\n\n<\/div><\/div><\/main><!-- close content main element --><\/div><\/div><div id='av_section_2'  class='avia-section main_color avia-section-default avia-no-border-styling  ep-lazy-loaded avia-full-stretch avia-bg-style-scroll  avia-builder-el-2  el_after_av_section  el_before_av_section   container_wrap fullsize' style='background-color: #fcfaf5; background-repeat: no-repeat; --epBGImg: url(https:\/\/www.theadkx.org\/wp-content\/uploads\/2021\/03\/Brown-Topo-Map-1.png);;background-attachment: scroll; background-position: center center;   '  data-lazy-bg data-section-bg-repeat='stretch' ><div class='container' ><div class='template-page content  av-content-full alpha units' ><div class='post-entry post-entry-type-page post-entry-153'><div class='entry-content-wrapper clearfix'>\n<div   class='av-special-heading av-special-heading-h1   blockquote modern-quote  avia-builder-el-3  avia-builder-el-no-sibling' ><h1 class='av-special-heading-tag'   itemprop=\"headline\"  >M\u00e9dias<\/h1><div class='special-heading-border'><div class='special-heading-inner-border' ><\/div><\/div><\/div>\n<\/div><\/div><\/div><!-- close content main div --><\/div><\/div><div id='av_section_3'  class='avia-section main_color avia-section-no-padding avia-no-border-styling  avia-bg-style-scroll  avia-builder-el-4  el_after_av_section  el_before_av_section   container_wrap fullsize' style='  '   ><div class='container' style=\"--containerWidth:1150px;max-width:1150px;\"><div class='template-page content  av-content-full alpha units' ><div class='post-entry post-entry-type-page post-entry-153'><div class='entry-content-wrapper clearfix'>\n<div   class='flex_column_table  ep-lazy-loaded   av-equal-height-column-flextable -flextable flex-column-table-1'  ><div  class=\"flex_column av_one_full  flex_column_table_cell av-equal-height-column av-align-top ep-lazy-loaded first  avia-builder-el-5  avia-builder-el-no-sibling\" ><div class=\"flex-column-inner\"><div  class='ep-posts-grid-container ep-grid-wrapper   avia-builder-el-6  avia-builder-el-no-sibling  adirondack-loop'  ><div class='ep-posts-grid ep-grid  facetwp-template columns is-multiline is-mobile is-variable is-1'><div class=\"ep-post-grid-item column is-full-mobile is-full-tablet is-full-desktop entry-18568 entry-post\">\n    <div class=\"entry-wrapper-content\">\n        <div class=\"entry-wrapper-content-inner\">\n            <div class=\"adirondack-thumb\">\n                <img decoding=\"async\" loading=\"lazy\" width=\"1500\" height=\"646\" src=\"https:\/\/www.theadkx.org\/wp-content\/uploads\/2026\/03\/GALA-RELEASE-WEB-HEADER.png\" class=\"wp-image-18571 avia-img-lazy-loading-18571 attachment-post-thumbnail size-post-thumbnail wp-post-image\" alt=\"\" \/>            <\/div>\n            <div class=\"mobile-offset\">\n                <div class=\"adirondack-content\">\n                    <h4 class=\"entry-title\"><a href=\"https:\/\/www.theadkx.org\/fr\/adkx-announces-the-2026-harold-k-hochschild-award-recipients-dick-beamish-and-the-adirondack-explorer-magazine\/\">ADKX annonce les laur\u00e9ats du prix Harold K. Hochschild 2026 Dick Beamish et le magazine Adirondack Explorer<\/a><\/h4>\n                    <span class=\"adirondack-meta\">Salle de presse<\/span>                    <div class=\"entry-excerpt\">19 mars 2026 Blue Mountain Lake, NY - The Adirondack Experience, The Museum on Blue Mountain Lake (ADKX) c\u00e9l\u00e9brera son gala annuel de bienfaisance et...<\/div>\n                    <a href=\"https:\/\/www.theadkx.org\/fr\/adkx-announces-the-2026-harold-k-hochschild-award-recipients-dick-beamish-and-the-adirondack-explorer-magazine\/\" class=\"avia-button   avia-icon_select-no avia-color-border avia-size-medium avia-position-left\"><span class=\"avia_iconbox_title\">Lire la suite<\/span><\/a>\n                <\/div>\n            <\/div>\n        <\/div>\n    <\/div>\n<\/div><div class=\"ep-post-grid-item column is-full-mobile is-full-tablet is-full-desktop entry-17027 entry-post\">\n    <div class=\"entry-wrapper-content\">\n        <div class=\"entry-wrapper-content-inner\">\n            <div class=\"adirondack-thumb\">\n                <img decoding=\"async\" loading=\"lazy\" width=\"1500\" height=\"300\" src=\"https:\/\/www.theadkx.org\/wp-content\/uploads\/2025\/08\/logo-header-2.png\" class=\"wp-image-17035 avia-img-lazy-loading-17035 attachment-post-thumbnail size-post-thumbnail wp-post-image\" alt=\"\" \/>            <\/div>\n            <div class=\"mobile-offset\">\n                <div class=\"adirondack-content\">\n                    <h4 class=\"entry-title\"><a href=\"https:\/\/www.theadkx.org\/fr\/8-19-25-media-statement\/\">Le conseil d'administration de l'Adirondack Experience lance la recherche d'un nouveau directeur ex\u00e9cutif avant le d\u00e9part \u00e0 la retraite de David M. Kahn, pr\u00e9vu pour 2026<\/a><\/h4>\n                    <span class=\"adirondack-meta\">Salle de presse<\/span>                    <div class=\"entry-excerpt\">Le 19 ao\u00fbt 2025 | 12:15 PM Blue Mountain Lake, NY - A l'approche de la fin d'une saison estivale 2025 bien remplie, le conseil d'administration d'Adirondack Experience (ADKX)...<\/div>\n                    <a href=\"https:\/\/www.theadkx.org\/fr\/8-19-25-media-statement\/\" class=\"avia-button   avia-icon_select-no avia-color-border avia-size-medium avia-position-left\"><span class=\"avia_iconbox_title\">Lire la suite<\/span><\/a>\n                <\/div>\n            <\/div>\n        <\/div>\n    <\/div>\n<\/div><div class=\"ep-post-grid-item column is-full-mobile is-full-tablet is-full-desktop entry-16478 entry-post\">\n    <div class=\"entry-wrapper-content\">\n        <div class=\"entry-wrapper-content-inner\">\n            <div class=\"adirondack-thumb\">\n                <img decoding=\"async\" loading=\"lazy\" width=\"1080\" height=\"607\" src=\"https:\/\/www.theadkx.org\/wp-content\/uploads\/2023\/03\/Opening-Day-2023.jpg\" class=\"wp-image-11012 avia-img-lazy-loading-11012 attachment-post-thumbnail size-post-thumbnail wp-post-image\" alt=\"\" srcset=\"https:\/\/www.theadkx.org\/wp-content\/uploads\/2023\/03\/Opening-Day-2023.jpg 1080w, https:\/\/www.theadkx.org\/wp-content\/uploads\/2023\/03\/Opening-Day-2023-300x169.jpg 300w, https:\/\/www.theadkx.org\/wp-content\/uploads\/2023\/03\/Opening-Day-2023-1030x579.jpg 1030w, https:\/\/www.theadkx.org\/wp-content\/uploads\/2023\/03\/Opening-Day-2023-768x432.jpg 768w, https:\/\/www.theadkx.org\/wp-content\/uploads\/2023\/03\/Opening-Day-2023-18x10.jpg 18w\" sizes=\"auto, (max-width: 1080px) 100vw, 1080px\" \/>            <\/div>\n            <div class=\"mobile-offset\">\n                <div class=\"adirondack-content\">\n                    <h4 class=\"entry-title\"><a href=\"https:\/\/www.theadkx.org\/fr\/adirondack-experience-to-open-for-2025-season\/\">L'EXP\u00c9RIENCE ADIRONDACK OUVRIRA POUR LA SAISON 2025<\/a><\/h4>\n                    <span class=\"adirondack-meta\">Salle de presse<\/span>                    <div class=\"entry-excerpt\">Des expositions innovantes, des programmes \u00e9ducatifs et des activit\u00e9s interactives pour tous Blue Mountain Lake, NY - Adirondack Experience (ADKX), le mus\u00e9e du lac Blue Mountain,...<\/div>\n                    <a href=\"https:\/\/www.theadkx.org\/fr\/adirondack-experience-to-open-for-2025-season\/\" class=\"avia-button   avia-icon_select-no avia-color-border avia-size-medium avia-position-left\"><span class=\"avia_iconbox_title\">Lire la suite<\/span><\/a>\n                <\/div>\n            <\/div>\n        <\/div>\n    <\/div>\n<\/div><div class=\"ep-post-grid-item column is-full-mobile is-full-tablet is-full-desktop entry-16474 entry-post\">\n    <div class=\"entry-wrapper-content\">\n        <div class=\"entry-wrapper-content-inner\">\n            <div class=\"adirondack-thumb\">\n                <img decoding=\"async\" loading=\"lazy\" width=\"1600\" height=\"1067\" src=\"https:\/\/www.theadkx.org\/wp-content\/uploads\/2023\/06\/nbXper4AllLR-7511.jpg\" class=\"wp-image-12174 avia-img-lazy-loading-12174 attachment-post-thumbnail size-post-thumbnail wp-post-image\" alt=\"\" srcset=\"https:\/\/www.theadkx.org\/wp-content\/uploads\/2023\/06\/nbXper4AllLR-7511.jpg 1600w, https:\/\/www.theadkx.org\/wp-content\/uploads\/2023\/06\/nbXper4AllLR-7511-300x200.jpg 300w, https:\/\/www.theadkx.org\/wp-content\/uploads\/2023\/06\/nbXper4AllLR-7511-1030x687.jpg 1030w, https:\/\/www.theadkx.org\/wp-content\/uploads\/2023\/06\/nbXper4AllLR-7511-768x512.jpg 768w, https:\/\/www.theadkx.org\/wp-content\/uploads\/2023\/06\/nbXper4AllLR-7511-1536x1024.jpg 1536w, https:\/\/www.theadkx.org\/wp-content\/uploads\/2023\/06\/nbXper4AllLR-7511-18x12.jpg 18w\" sizes=\"auto, (max-width: 1600px) 100vw, 1600px\" \/><small class='avia-copyright'>Campus ADKX avec tentes \u00e9v\u00e9nementielles<\/small>            <\/div>\n            <div class=\"mobile-offset\">\n                <div class=\"adirondack-content\">\n                    <h4 class=\"entry-title\"><a href=\"https:\/\/www.theadkx.org\/fr\/adirondack-experience-receives-historic-2m-in-state-funding-to-support-creation-of-major-new-exhibition-the-african-american-experience-in-the-adirondacks-opening-in-2027\/\">Adirondack Experience re\u00e7oit un financement public historique de $2M pour soutenir la cr\u00e9ation d'une nouvelle exposition majeure, The African American Experience in the Adirondacks (L'exp\u00e9rience afro-am\u00e9ricaine dans les Adirondacks), qui ouvrira en 2027<\/a><\/h4>\n                    <span class=\"adirondack-meta\">Salle de presse<\/span>                    <div class=\"entry-excerpt\">Blue Mountain Lake, NY - L'Adirondack Experience, le mus\u00e9e du lac Blue Mountain (ADKX), a re\u00e7u un financement de $2M de l'\u00c9tat de New York pour soutenir un nouveau...<\/div>\n                    <a href=\"https:\/\/www.theadkx.org\/fr\/adirondack-experience-receives-historic-2m-in-state-funding-to-support-creation-of-major-new-exhibition-the-african-american-experience-in-the-adirondacks-opening-in-2027\/\" class=\"avia-button   avia-icon_select-no avia-color-border avia-size-medium avia-position-left\"><span class=\"avia_iconbox_title\">Lire la suite<\/span><\/a>\n                <\/div>\n            <\/div>\n        <\/div>\n    <\/div>\n<\/div><div class=\"ep-post-grid-item column is-full-mobile is-full-tablet is-full-desktop entry-15955 entry-post\">\n    <div class=\"entry-wrapper-content\">\n        <div class=\"entry-wrapper-content-inner\">\n            <div class=\"adirondack-thumb\">\n                <img decoding=\"async\" loading=\"lazy\" width=\"1920\" height=\"1080\" src=\"https:\/\/www.theadkx.org\/wp-content\/uploads\/2023\/11\/ADKX-Library-Shelf.jpg\" class=\"wp-image-13041 avia-img-lazy-loading-13041 attachment-post-thumbnail size-post-thumbnail wp-post-image\" alt=\"\" srcset=\"https:\/\/www.theadkx.org\/wp-content\/uploads\/2023\/11\/ADKX-Library-Shelf.jpg 1920w, https:\/\/www.theadkx.org\/wp-content\/uploads\/2023\/11\/ADKX-Library-Shelf-300x169.jpg 300w, https:\/\/www.theadkx.org\/wp-content\/uploads\/2023\/11\/ADKX-Library-Shelf-1030x579.jpg 1030w, https:\/\/www.theadkx.org\/wp-content\/uploads\/2023\/11\/ADKX-Library-Shelf-768x432.jpg 768w, https:\/\/www.theadkx.org\/wp-content\/uploads\/2023\/11\/ADKX-Library-Shelf-1536x864.jpg 1536w, https:\/\/www.theadkx.org\/wp-content\/uploads\/2023\/11\/ADKX-Library-Shelf-18x10.jpg 18w\" sizes=\"auto, (max-width: 1920px) 100vw, 1920px\" \/>            <\/div>\n            <div class=\"mobile-offset\">\n                <div class=\"adirondack-content\">\n                    <h4 class=\"entry-title\"><a href=\"https:\/\/www.theadkx.org\/fr\/adirondack-experience-announces-new-research-fellowship-program-awards-for-the-2025-2026-academic-year\/\">Adirondack Experience annonce l'attribution de nouvelles bourses de recherche pour l'ann\u00e9e acad\u00e9mique 2025-2026<\/a><\/h4>\n                    <span class=\"adirondack-meta\">Salle de presse<\/span>                    <div class=\"entry-excerpt\">Blue Mountain Lake, NY - Adirondack Experience, The Museum on Blue Mountain Lake (ADKX), a le plaisir d'annoncer sa classe de boursiers pour l'ann\u00e9e acad\u00e9mique 2025-2026....<\/div>\n                    <a href=\"https:\/\/www.theadkx.org\/fr\/adirondack-experience-announces-new-research-fellowship-program-awards-for-the-2025-2026-academic-year\/\" class=\"avia-button   avia-icon_select-no avia-color-border avia-size-medium avia-position-left\"><span class=\"avia_iconbox_title\">Lire la suite<\/span><\/a>\n                <\/div>\n            <\/div>\n        <\/div>\n    <\/div>\n<\/div><div class=\"ep-post-grid-item column is-full-mobile is-full-tablet is-full-desktop entry-15916 entry-post\">\n    <div class=\"entry-wrapper-content\">\n        <div class=\"entry-wrapper-content-inner\">\n            <div class=\"adirondack-thumb\">\n                <img decoding=\"async\" loading=\"lazy\" width=\"1080\" height=\"608\" src=\"https:\/\/www.theadkx.org\/wp-content\/uploads\/2025\/03\/22b2ed2d-10d6-9513-a43b-32aa78ac754d.jpg\" class=\"wp-image-15919 avia-img-lazy-loading-15919 attachment-post-thumbnail size-post-thumbnail wp-post-image\" alt=\"\" \/>            <\/div>\n            <div class=\"mobile-offset\">\n                <div class=\"adirondack-content\">\n                    <h4 class=\"entry-title\"><a href=\"https:\/\/www.theadkx.org\/fr\/adkx-announces-the-2025-harold-k-hochschild-award-recipients-adirondack-foundation-and-cali-brooks\/\">ADKX annonce les laur\u00e9ats du prix Harold K. Hochschild 2025 : Adirondack Foundation et Cali Brooks<\/a><\/h4>\n                    <span class=\"adirondack-meta\">Salle de presse<\/span>                    <div class=\"entry-excerpt\">Blue Mountain Lake, NY - The Adirondack Experience, The Museum on Blue Mountain Lake (ADKX) c\u00e9l\u00e9brera son gala annuel de bienfaisance et Harold K. Hochschild...<\/div>\n                    <a href=\"https:\/\/www.theadkx.org\/fr\/adkx-announces-the-2025-harold-k-hochschild-award-recipients-adirondack-foundation-and-cali-brooks\/\" class=\"avia-button   avia-icon_select-no avia-color-border avia-size-medium avia-position-left\"><span class=\"avia_iconbox_title\">Lire la suite<\/span><\/a>\n                <\/div>\n            <\/div>\n        <\/div>\n    <\/div>\n<\/div><\/div><\/div><\/div><\/div><\/div><!--close column table wrapper. Autoclose: 1 -->\n<\/p>\n<\/div><\/div><\/div><!-- close content main div --><\/div><\/div><div id='av_section_4'  class='avia-section main_color avia-section-default avia-no-border-styling  avia-bg-style-scroll  avia-builder-el-7  el_after_av_section  avia-builder-el-last   container_wrap fullsize' style='  '   ><div class='container' ><div class='template-page content  av-content-full alpha units' ><div class='post-entry post-entry-type-page post-entry-153'><div class='entry-content-wrapper clearfix'>\n<div   class='flex_column_table  ep-lazy-loaded   av-equal-height-column-flextable -flextable flex-column-table-2'  ><div  class=\"flex_column av_one_half  flex_column_table_cell av-equal-height-column av-align-top ep-lazy-loaded first  avia-builder-el-8  el_before_av_one_half  avia-builder-el-first\" ><div class=\"flex-column-inner\"><\/div><\/div><div class='av-flex-placeholder' ><\/div><div  class=\"flex_column av_one_half  flex_column_table_cell av-equal-height-column av-align-top ep-lazy-loaded   avia-builder-el-10  el_after_av_one_half  avia-builder-el-last\" ><div class=\"flex-column-inner\"><\/div><\/div><\/div><!--close column table wrapper. Autoclose: 1 -->","protected":false},"excerpt":{"rendered":"","protected":false},"author":4,"featured_media":0,"parent":28,"menu_order":132,"comment_status":"closed","ping_status":"closed","template":"","meta":{"_acf_changed":false,"om_disable_all_campaigns":false,"footnotes":""},"class_list":["post-153","page","type-page","status-publish","hentry"],"acf":[],"yoast_head":"<!-- This site is optimized with the Yoast SEO Premium plugin v22.8 (Yoast SEO v27.4) - https:\/\/yoast.com\/product\/yoast-seo-premium-wordpress\/ -->\n<title>Media | Adirondack Experience<\/title>\n<meta name=\"robots\" content=\"index, follow, max-snippet:-1, max-image-preview:large, max-video-preview:-1\" \/>\n<link rel=\"canonical\" href=\"https:\/\/www.theadkx.org\/fr\/a-propos-de\/medias\/\" \/>\n<meta property=\"og:locale\" content=\"fr_FR\" \/>\n<meta property=\"og:type\" content=\"article\" \/>\n<meta property=\"og:title\" content=\"Media\" \/>\n<meta property=\"og:url\" content=\"https:\/\/www.theadkx.org\/fr\/a-propos-de\/medias\/\" \/>\n<meta property=\"og:site_name\" content=\"Adirondack Experience\" \/>\n<meta property=\"article:publisher\" content=\"https:\/\/www.facebook.com\/theADKX\/\" \/>\n<meta property=\"article:modified_time\" content=\"2021-05-02T22:33:31+00:00\" \/>\n<meta name=\"twitter:card\" content=\"summary_large_image\" \/>\n<meta name=\"twitter:site\" content=\"@theadkx\" \/>\n<meta name=\"twitter:label1\" content=\"Dur\u00e9e de lecture estim\u00e9e\" \/>\n\t<meta name=\"twitter:data1\" content=\"3 minutes\" \/>\n<script type=\"application\/ld+json\" class=\"yoast-schema-graph\">{\"@context\":\"https:\\\/\\\/schema.org\",\"@graph\":[{\"@type\":\"WebPage\",\"@id\":\"https:\\\/\\\/www.theadkx.org\\\/es\\\/sobre\\\/medios-de-comunicacion\\\/\",\"url\":\"https:\\\/\\\/www.theadkx.org\\\/es\\\/sobre\\\/medios-de-comunicacion\\\/\",\"name\":\"Media | Adirondack Experience\",\"isPartOf\":{\"@id\":\"https:\\\/\\\/www.theadkx.org\\\/#website\"},\"datePublished\":\"2021-03-09T11:27:42+00:00\",\"dateModified\":\"2021-05-02T22:33:31+00:00\",\"breadcrumb\":{\"@id\":\"https:\\\/\\\/www.theadkx.org\\\/es\\\/sobre\\\/medios-de-comunicacion\\\/#breadcrumb\"},\"inLanguage\":\"fr-FR\",\"potentialAction\":[{\"@type\":\"ReadAction\",\"target\":[\"https:\\\/\\\/www.theadkx.org\\\/es\\\/sobre\\\/medios-de-comunicacion\\\/\"]}]},{\"@type\":\"BreadcrumbList\",\"@id\":\"https:\\\/\\\/www.theadkx.org\\\/es\\\/sobre\\\/medios-de-comunicacion\\\/#breadcrumb\",\"itemListElement\":[{\"@type\":\"ListItem\",\"position\":1,\"name\":\"Home\",\"item\":\"https:\\\/\\\/www.theadkx.org\\\/homepage\\\/\"},{\"@type\":\"ListItem\",\"position\":2,\"name\":\"About\",\"item\":\"https:\\\/\\\/www.theadkx.org\\\/about\\\/\"},{\"@type\":\"ListItem\",\"position\":3,\"name\":\"Media\"}]},{\"@type\":\"WebSite\",\"@id\":\"https:\\\/\\\/www.theadkx.org\\\/#website\",\"url\":\"https:\\\/\\\/www.theadkx.org\\\/\",\"name\":\"Adirondack Experience\",\"description\":\"The Museum on Blue Mountain Lake\",\"publisher\":{\"@id\":\"https:\\\/\\\/www.theadkx.org\\\/#organization\"},\"potentialAction\":[{\"@type\":\"SearchAction\",\"target\":{\"@type\":\"EntryPoint\",\"urlTemplate\":\"https:\\\/\\\/www.theadkx.org\\\/?s={search_term_string}\"},\"query-input\":{\"@type\":\"PropertyValueSpecification\",\"valueRequired\":true,\"valueName\":\"search_term_string\"}}],\"inLanguage\":\"fr-FR\"},{\"@type\":\"Organization\",\"@id\":\"https:\\\/\\\/www.theadkx.org\\\/#organization\",\"name\":\"Adirondack Experience, The Museum on Blue Mountain Lake\",\"url\":\"https:\\\/\\\/www.theadkx.org\\\/\",\"logo\":{\"@type\":\"ImageObject\",\"inLanguage\":\"fr-FR\",\"@id\":\"https:\\\/\\\/www.theadkx.org\\\/#\\\/schema\\\/logo\\\/image\\\/\",\"url\":\"https:\\\/\\\/www.theadkx.org\\\/wp-content\\\/uploads\\\/2021\\\/03\\\/ADKX_LOGO.png\",\"contentUrl\":\"https:\\\/\\\/www.theadkx.org\\\/wp-content\\\/uploads\\\/2021\\\/03\\\/ADKX_LOGO.png\",\"width\":440,\"height\":276,\"caption\":\"Adirondack Experience, The Museum on Blue Mountain Lake\"},\"image\":{\"@id\":\"https:\\\/\\\/www.theadkx.org\\\/#\\\/schema\\\/logo\\\/image\\\/\"},\"sameAs\":[\"https:\\\/\\\/www.facebook.com\\\/theADKX\\\/\",\"https:\\\/\\\/x.com\\\/theadkx\",\"https:\\\/\\\/www.instagram.com\\\/theadkx\\\/\",\"https:\\\/\\\/www.youtube.com\\\/user\\\/AdirondackMuseum\"]}]}<\/script>\n<!-- \/ Yoast SEO Premium plugin. -->","yoast_head_json":{"title":"M\u00e9dias | L'exp\u00e9rience Adirondack","robots":{"index":"index","follow":"follow","max-snippet":"max-snippet:-1","max-image-preview":"max-image-preview:large","max-video-preview":"max-video-preview:-1"},"canonical":"https:\/\/www.theadkx.org\/fr\/a-propos-de\/medias\/","og_locale":"fr_FR","og_type":"article","og_title":"Media","og_url":"https:\/\/www.theadkx.org\/fr\/a-propos-de\/medias\/","og_site_name":"Adirondack Experience","article_publisher":"https:\/\/www.facebook.com\/theADKX\/","article_modified_time":"2021-05-02T22:33:31+00:00","twitter_card":"summary_large_image","twitter_site":"@theadkx","twitter_misc":{"Dur\u00e9e de lecture estim\u00e9e":"3 minutes"},"schema":{"@context":"https:\/\/schema.org","@graph":[{"@type":"WebPage","@id":"https:\/\/www.theadkx.org\/es\/sobre\/medios-de-comunicacion\/","url":"https:\/\/www.theadkx.org\/es\/sobre\/medios-de-comunicacion\/","name":"M\u00e9dias | L'exp\u00e9rience Adirondack","isPartOf":{"@id":"https:\/\/www.theadkx.org\/#website"},"datePublished":"2021-03-09T11:27:42+00:00","dateModified":"2021-05-02T22:33:31+00:00","breadcrumb":{"@id":"https:\/\/www.theadkx.org\/es\/sobre\/medios-de-comunicacion\/#breadcrumb"},"inLanguage":"fr-FR","potentialAction":[{"@type":"ReadAction","target":["https:\/\/www.theadkx.org\/es\/sobre\/medios-de-comunicacion\/"]}]},{"@type":"BreadcrumbList","@id":"https:\/\/www.theadkx.org\/es\/sobre\/medios-de-comunicacion\/#breadcrumb","itemListElement":[{"@type":"ListItem","position":1,"name":"Home","item":"https:\/\/www.theadkx.org\/homepage\/"},{"@type":"ListItem","position":2,"name":"About","item":"https:\/\/www.theadkx.org\/about\/"},{"@type":"ListItem","position":3,"name":"Media"}]},{"@type":"WebSite","@id":"https:\/\/www.theadkx.org\/#website","url":"https:\/\/www.theadkx.org\/","name":"L'exp\u00e9rience des Adirondacks","description":"Le mus\u00e9e du lac Blue Mountain","publisher":{"@id":"https:\/\/www.theadkx.org\/#organization"},"potentialAction":[{"@type":"SearchAction","target":{"@type":"EntryPoint","urlTemplate":"https:\/\/www.theadkx.org\/?s={search_term_string}"},"query-input":{"@type":"PropertyValueSpecification","valueRequired":true,"valueName":"search_term_string"}}],"inLanguage":"fr-FR"},{"@type":"Organization","@id":"https:\/\/www.theadkx.org\/#organization","name":"Adirondack Experience, le mus\u00e9e du lac Blue Mountain","url":"https:\/\/www.theadkx.org\/","logo":{"@type":"ImageObject","inLanguage":"fr-FR","@id":"https:\/\/www.theadkx.org\/#\/schema\/logo\/image\/","url":"https:\/\/www.theadkx.org\/wp-content\/uploads\/2021\/03\/ADKX_LOGO.png","contentUrl":"https:\/\/www.theadkx.org\/wp-content\/uploads\/2021\/03\/ADKX_LOGO.png","width":440,"height":276,"caption":"Adirondack Experience, The Museum on Blue Mountain Lake"},"image":{"@id":"https:\/\/www.theadkx.org\/#\/schema\/logo\/image\/"},"sameAs":["https:\/\/www.facebook.com\/theADKX\/","https:\/\/x.com\/theadkx","https:\/\/www.instagram.com\/theadkx\/","https:\/\/www.youtube.com\/user\/AdirondackMuseum"]}]}},"_links":{"self":[{"href":"https:\/\/www.theadkx.org\/fr\/wp-json\/wp\/v2\/pages\/153","targetHints":{"allow":["GET"]}}],"collection":[{"href":"https:\/\/www.theadkx.org\/fr\/wp-json\/wp\/v2\/pages"}],"about":[{"href":"https:\/\/www.theadkx.org\/fr\/wp-json\/wp\/v2\/types\/page"}],"author":[{"embeddable":true,"href":"https:\/\/www.theadkx.org\/fr\/wp-json\/wp\/v2\/users\/4"}],"replies":[{"embeddable":true,"href":"https:\/\/www.theadkx.org\/fr\/wp-json\/wp\/v2\/comments?post=153"}],"version-history":[{"count":10,"href":"https:\/\/www.theadkx.org\/fr\/wp-json\/wp\/v2\/pages\/153\/revisions"}],"predecessor-version":[{"id":11513,"href":"https:\/\/www.theadkx.org\/fr\/wp-json\/wp\/v2\/pages\/153\/revisions\/11513"}],"up":[{"embeddable":true,"href":"https:\/\/www.theadkx.org\/fr\/wp-json\/wp\/v2\/pages\/28"}],"wp:attachment":[{"href":"https:\/\/www.theadkx.org\/fr\/wp-json\/wp\/v2\/media?parent=153"}],"curies":[{"name":"wp","href":"https:\/\/api.w.org\/{rel}","templated":true}]}}