{"id":157,"date":"2021-03-09T06:28:44","date_gmt":"2021-03-09T11:28:44","guid":{"rendered":"http:\/\/www.theadkx.org\/?page_id=157"},"modified":"2025-08-01T14:08:19","modified_gmt":"2025-08-01T18:08:19","slug":"rejoindre","status":"publish","type":"page","link":"https:\/\/www.theadkx.org\/fr\/join-support\/join\/","title":{"rendered":"Rejoignez"},"content":{"rendered":"<div id='av_section_1'  class='avia-section main_color avia-section-no-padding avia-no-border-styling  ep-lazy-loaded avia-full-stretch avia-bg-style-scroll  avia-builder-el-0  el_before_av_section  avia-builder-el-first   avia-section-fwd container_wrap fullsize' style='background-repeat: no-repeat; --epBGImgDesktop: url(https:\/\/www.theadkx.org\/wp-content\/uploads\/2021\/04\/memebership-header-1920x640-1.jpg);--epBGImgTablet: var(--epBGImgDesktop); --epBGImgMobile: url(https:\/\/www.theadkx.org\/wp-content\/uploads\/2021\/04\/memebership-header-mobile-720x540-1.jpg);;background-attachment: scroll; background-position: bottom center;   '   data-section-bg-repeat='stretch' ><div class='container' style=\"\"><main  role=\"main\" itemprop=\"mainContentOfPage\"  class='template-page content  av-content-full alpha units' ><div class='post-entry post-entry-type-page post-entry-157'><div class='entry-content-wrapper clearfix'>\n<div   class='hr hr-invisible  hr-responsive   avia-builder-el-1  avia-builder-el-no-sibling' ><div style='height:300px' class='hr-desktop'><\/div><div style='height:300px' class='hr-tablet'><\/div><div style='height:150px' class='hr-mobile'><\/div><\/div>\n\n<\/div><\/div><\/main><!-- close content main element --><\/div><\/div><div id='av_section_2'  class='avia-section main_color avia-section-default avia-no-border-styling  ep-lazy-loaded avia-full-stretch avia-bg-style-scroll  avia-builder-el-2  el_after_av_section  el_before_av_section   container_wrap fullsize' style='background-color: #fcfaf5; background-repeat: no-repeat; --epBGImg: url(https:\/\/www.theadkx.org\/wp-content\/uploads\/2021\/03\/Brown-Topo-Map-1.png);;background-attachment: scroll; background-position: center center;   '  data-lazy-bg data-section-bg-repeat='stretch' ><div class='container' ><div class='template-page content  av-content-full alpha units' ><div class='post-entry post-entry-type-page post-entry-157'><div class='entry-content-wrapper clearfix'>\n<div   class='av-special-heading av-special-heading-h1   blockquote modern-quote  avia-builder-el-3  avia-builder-el-no-sibling' ><h1 class='av-special-heading-tag'   itemprop=\"headline\"  >Devenir membre<\/h1><div class='special-heading-border'><div class='special-heading-inner-border' ><\/div><\/div><\/div>\n\n<\/div><\/div><\/div><!-- close content main div --><\/div><\/div><div id='av_section_3'  class='avia-section main_color avia-section-default avia-no-border-styling  avia-bg-style-scroll  avia-builder-el-4  el_after_av_section  el_before_av_section   container_wrap fullsize' style='  '   ><div class='container' style=\"--containerWidth:1150px;max-width:1150px;\"><div class='template-page content  av-content-full alpha units' ><div class='post-entry post-entry-type-page post-entry-157'><div class='entry-content-wrapper clearfix'>\n<div   class='flex_column_table  reverse-order ep-lazy-loaded   av-equal-height-column-flextable av-break-at-tablet-flextable flex-column-table-1'  ><div  class=\"flex_column av_one_full  custom_space av-break-at-tablet flex_column_table_cell av-equal-height-column av-align-top ep-lazy-loaded first  avia-builder-el-5  avia-builder-el-no-sibling\" ><div class=\"flex-column-inner\"><p><div  style='height:20px' class='hr hr-invisible   av-desktop-hide  avia-builder-el-6  el_before_av_heading  avia-builder-el-first' ><span class='hr-inner' ><span class='hr-inner-style'><\/span><\/span><\/div><br \/>\n<div   class='av-special-heading av-special-heading-h3   blockquote modern-quote  avia-builder-el-7  el_after_av_hr  el_before_av_textblock' ><h3 class='av-special-heading-tag'   itemprop=\"headline\"  >Votre adh\u00e9sion nous fait vivre<\/h3><div class='special-heading-border'><div class='special-heading-inner-border' ><\/div><\/div><\/div><br \/>\n<section class=\"av_textblock_section\"  itemscope=\"itemscope\" itemtype=\"https:\/\/schema.org\/CreativeWork\"  ><div class='avia_textblock'   itemprop=\"text\" ><p>Adh\u00e9rez ou renouvelez votre adh\u00e9sion maintenant et faites partie de l'endroit que vous aimez. Votre adh\u00e9sion permet au mus\u00e9e de continuer \u00e0 pr\u00e9server le patrimoine culturel des Adirondacks et de partager les histoires importantes des Adirondacks. Vous nous aiderez \u00e9galement \u00e0 remplir notre mission en finan\u00e7ant l'entretien et l'acquisition d'objets, la programmation \u00e9ducative et bien d'autres choses encore.<\/p>\n<\/div><\/section><\/p><\/div><\/div><\/div><!--close column table wrapper. Autoclose: 1 -->\n\n<\/div><\/div><\/div><!-- close content main div --><\/div><\/div><div id='av_section_4'  class='avia-section main_color avia-section-default avia-no-border-styling  avia-bg-style-scroll  avia-builder-el-9  el_after_av_section  avia-builder-el-last   avia-section-fwd container_wrap fullsize' style='  '   ><div class='container' style=\"\"><div class='template-page content  av-content-full alpha units' style='padding-top:0px; padding-bottom:0px; '><div class='post-entry post-entry-type-page post-entry-157'><div class='entry-content-wrapper clearfix'>\n\n\t\t\t\t<div  class='ep-item-grid-wrapper ep-grid-wrapper    avia-builder-el-10  el_before_av_hr  avia-builder-el-first  programs-items-grid' style='--itemCount: 3;' >\n\t\t\t\t\t<div class=\"ep-item-grid ep-grid  columns is-multiline is-mobile is-variable is-3 ep-grid-align-center\" >\n\t\t\t\t\t\t\n<div class='ep-item-grid-item ep-item-1  column is-full-mobile is-half-tablet is-one-third-desktop' >\n<a class=\"noHover ep-link-wrapper\" href=\"https:\/\/www.theadkx.org\/fr\/join-support\/join\/general-membership\/\" >\t<div class='ep-item-grid-item-inner column-inner'>\n        <div class=\"program-item-wrapper\">\n            <div class=\"program-item-thumb\" style=\"background-image: url(https:\/\/www.theadkx.org\/wp-content\/uploads\/2021\/04\/general-membership-mobile-720x540-1.jpg)\">\n            <\/div>\n            <div class=\"program-item-content field-trips-top bg-pos-right\">\n                                    <div class=\"program-item-title\">\n                        <h4 class=\"ep-item-grid-item-title\" style='font-size:60px;'>Adh\u00e9sion g\u00e9n\u00e9rale<\/h4>\n                    <\/div>\n                                                                <div class=\"program-item-link\">\n                    <span>\n                        En savoir plus                    <\/span>\n                <\/div>\n                            <\/div>\n        <\/div>\n\t<\/div>\n    <\/a><\/div>\n<div class='ep-item-grid-item ep-item-2  column is-full-mobile is-half-tablet is-one-third-desktop' >\n<a class=\"noHover ep-link-wrapper\" href=\"https:\/\/www.theadkx.org\/fr\/joindre-support\/rejoindre\/entreprises-membres\/\" >\t<div class='ep-item-grid-item-inner column-inner'>\n        <div class=\"program-item-wrapper\">\n            <div class=\"program-item-thumb\" style=\"background-image: url(https:\/\/www.theadkx.org\/wp-content\/uploads\/2021\/04\/business-membership-720x540-1.jpg)\">\n            <\/div>\n            <div class=\"program-item-content in-school-top bg-pos-left\">\n                                    <div class=\"program-item-title\">\n                        <h4 class=\"ep-item-grid-item-title\" style='font-size:60px;'>Adh\u00e9sion commerciale<\/h4>\n                    <\/div>\n                                                                <div class=\"program-item-link\">\n                    <span>\n                        En savoir plus                    <\/span>\n                <\/div>\n                            <\/div>\n        <\/div>\n\t<\/div>\n    <\/a><\/div>\n<div class='ep-item-grid-item ep-item-3  column is-full-mobile is-half-tablet is-one-third-desktop' >\n<a class=\"noHover ep-link-wrapper\" href=\"https:\/\/www.theadkx.org\/fr\/join-support\/join\/gift-membership\/\" >\t<div class='ep-item-grid-item-inner column-inner'>\n        <div class=\"program-item-wrapper\">\n            <div class=\"program-item-thumb\" style=\"background-image: url(https:\/\/www.theadkx.org\/wp-content\/uploads\/2021\/04\/gift-membership-mobile-720x540-1.jpg)\">\n            <\/div>\n            <div class=\"program-item-content resources-top bg-pos-right\">\n                                    <div class=\"program-item-title\">\n                        <h4 class=\"ep-item-grid-item-title\" style='font-size:60px;'>Adh\u00e9sion cadeau<\/h4>\n                    <\/div>\n                                                                <div class=\"program-item-link\">\n                    <span>\n                        En savoir plus                    <\/span>\n                <\/div>\n                            <\/div>\n        <\/div>\n\t<\/div>\n    <\/a><\/div>\n\t\t\t\t\t<\/div>\n\t\t\t\t\t\t\t\t\t<\/div>\n\n\t\t\t\t\n<div   class='hr hr-invisible  hr-responsive   avia-builder-el-11  el_after_ep_item_grid  avia-builder-el-last' ><div style='height:30px' class='hr-desktop'><\/div><div style='height:1px; margin-top:0px'  class='hr-tablet'><\/div><div style='height:1px; margin-top:0px'  class='hr-mobile'><\/div><\/div>","protected":false},"excerpt":{"rendered":"","protected":false},"author":4,"featured_media":0,"parent":30,"menu_order":136,"comment_status":"closed","ping_status":"closed","template":"","meta":{"_acf_changed":false,"om_disable_all_campaigns":false,"footnotes":""},"class_list":["post-157","page","type-page","status-publish","hentry"],"acf":[],"yoast_head":"<!-- This site is optimized with the Yoast SEO Premium plugin v22.8 (Yoast SEO v27.4) - https:\/\/yoast.com\/product\/yoast-seo-premium-wordpress\/ -->\n<title>Become a Member of the Adirondack Experience and enjoy to Benefits<\/title>\n<meta name=\"description\" content=\"Enjoy early access, free admission, discounts, special members only events and more when you become an Adirondack Experience member today!\" \/>\n<meta name=\"robots\" content=\"index, follow, max-snippet:-1, max-image-preview:large, max-video-preview:-1\" \/>\n<link rel=\"canonical\" href=\"https:\/\/www.theadkx.org\/fr\/joindre-support\/rejoindre\/\" \/>\n<meta property=\"og:locale\" content=\"fr_FR\" \/>\n<meta property=\"og:type\" content=\"article\" \/>\n<meta property=\"og:title\" content=\"Join\" \/>\n<meta property=\"og:url\" content=\"https:\/\/www.theadkx.org\/fr\/joindre-support\/rejoindre\/\" \/>\n<meta property=\"og:site_name\" content=\"Adirondack Experience\" \/>\n<meta property=\"article:publisher\" content=\"https:\/\/www.facebook.com\/theADKX\/\" \/>\n<meta property=\"article:modified_time\" content=\"2025-08-01T18:08:19+00:00\" \/>\n<meta name=\"twitter:card\" content=\"summary_large_image\" \/>\n<meta name=\"twitter:site\" content=\"@theadkx\" \/>\n<meta name=\"twitter:label1\" content=\"Dur\u00e9e de lecture estim\u00e9e\" \/>\n\t<meta name=\"twitter:data1\" content=\"1 minute\" \/>\n<script type=\"application\/ld+json\" class=\"yoast-schema-graph\">{\"@context\":\"https:\\\/\\\/schema.org\",\"@graph\":[{\"@type\":\"WebPage\",\"@id\":\"https:\\\/\\\/www.theadkx.org\\\/join-support\\\/join\\\/\",\"url\":\"https:\\\/\\\/www.theadkx.org\\\/join-support\\\/join\\\/\",\"name\":\"Become a Member of the Adirondack Experience and enjoy to Benefits\",\"isPartOf\":{\"@id\":\"https:\\\/\\\/www.theadkx.org\\\/#website\"},\"datePublished\":\"2021-03-09T11:28:44+00:00\",\"dateModified\":\"2025-08-01T18:08:19+00:00\",\"description\":\"Enjoy early access, free admission, discounts, special members only events and more when you become an Adirondack Experience member today!\",\"breadcrumb\":{\"@id\":\"https:\\\/\\\/www.theadkx.org\\\/join-support\\\/join\\\/#breadcrumb\"},\"inLanguage\":\"fr-FR\",\"potentialAction\":[{\"@type\":\"ReadAction\",\"target\":[\"https:\\\/\\\/www.theadkx.org\\\/join-support\\\/join\\\/\"]}]},{\"@type\":\"BreadcrumbList\",\"@id\":\"https:\\\/\\\/www.theadkx.org\\\/join-support\\\/join\\\/#breadcrumb\",\"itemListElement\":[{\"@type\":\"ListItem\",\"position\":1,\"name\":\"Home\",\"item\":\"https:\\\/\\\/www.theadkx.org\\\/homepage\\\/\"},{\"@type\":\"ListItem\",\"position\":2,\"name\":\"Join\\\/Renew + Support\",\"item\":\"https:\\\/\\\/www.theadkx.org\\\/join-support\\\/\"},{\"@type\":\"ListItem\",\"position\":3,\"name\":\"Join\"}]},{\"@type\":\"WebSite\",\"@id\":\"https:\\\/\\\/www.theadkx.org\\\/#website\",\"url\":\"https:\\\/\\\/www.theadkx.org\\\/\",\"name\":\"Adirondack Experience\",\"description\":\"The Museum on Blue Mountain Lake\",\"publisher\":{\"@id\":\"https:\\\/\\\/www.theadkx.org\\\/#organization\"},\"potentialAction\":[{\"@type\":\"SearchAction\",\"target\":{\"@type\":\"EntryPoint\",\"urlTemplate\":\"https:\\\/\\\/www.theadkx.org\\\/?s={search_term_string}\"},\"query-input\":{\"@type\":\"PropertyValueSpecification\",\"valueRequired\":true,\"valueName\":\"search_term_string\"}}],\"inLanguage\":\"fr-FR\"},{\"@type\":\"Organization\",\"@id\":\"https:\\\/\\\/www.theadkx.org\\\/#organization\",\"name\":\"Adirondack Experience, The Museum on Blue Mountain Lake\",\"url\":\"https:\\\/\\\/www.theadkx.org\\\/\",\"logo\":{\"@type\":\"ImageObject\",\"inLanguage\":\"fr-FR\",\"@id\":\"https:\\\/\\\/www.theadkx.org\\\/#\\\/schema\\\/logo\\\/image\\\/\",\"url\":\"https:\\\/\\\/www.theadkx.org\\\/wp-content\\\/uploads\\\/2021\\\/03\\\/ADKX_LOGO.png\",\"contentUrl\":\"https:\\\/\\\/www.theadkx.org\\\/wp-content\\\/uploads\\\/2021\\\/03\\\/ADKX_LOGO.png\",\"width\":440,\"height\":276,\"caption\":\"Adirondack Experience, The Museum on Blue Mountain Lake\"},\"image\":{\"@id\":\"https:\\\/\\\/www.theadkx.org\\\/#\\\/schema\\\/logo\\\/image\\\/\"},\"sameAs\":[\"https:\\\/\\\/www.facebook.com\\\/theADKX\\\/\",\"https:\\\/\\\/x.com\\\/theadkx\",\"https:\\\/\\\/www.instagram.com\\\/theadkx\\\/\",\"https:\\\/\\\/www.youtube.com\\\/user\\\/AdirondackMuseum\"]}]}<\/script>\n<!-- \/ Yoast SEO Premium plugin. -->","yoast_head_json":{"title":"Devenez membre de l'Adirondack Experience et profitez des avantages suivants","description":"Profitez d'un acc\u00e8s anticip\u00e9, d'une entr\u00e9e gratuite, de r\u00e9ductions, d'\u00e9v\u00e9nements sp\u00e9ciaux r\u00e9serv\u00e9s aux membres et plus encore lorsque vous devenez membre de l'Adirondack Experience d\u00e8s aujourd'hui !","robots":{"index":"index","follow":"follow","max-snippet":"max-snippet:-1","max-image-preview":"max-image-preview:large","max-video-preview":"max-video-preview:-1"},"canonical":"https:\/\/www.theadkx.org\/fr\/joindre-support\/rejoindre\/","og_locale":"fr_FR","og_type":"article","og_title":"Join","og_url":"https:\/\/www.theadkx.org\/fr\/joindre-support\/rejoindre\/","og_site_name":"Adirondack Experience","article_publisher":"https:\/\/www.facebook.com\/theADKX\/","article_modified_time":"2025-08-01T18:08:19+00:00","twitter_card":"summary_large_image","twitter_site":"@theadkx","twitter_misc":{"Dur\u00e9e de lecture estim\u00e9e":"1 minute"},"schema":{"@context":"https:\/\/schema.org","@graph":[{"@type":"WebPage","@id":"https:\/\/www.theadkx.org\/join-support\/join\/","url":"https:\/\/www.theadkx.org\/join-support\/join\/","name":"Devenez membre de l'Adirondack Experience et profitez des avantages suivants","isPartOf":{"@id":"https:\/\/www.theadkx.org\/#website"},"datePublished":"2021-03-09T11:28:44+00:00","dateModified":"2025-08-01T18:08:19+00:00","description":"Profitez d'un acc\u00e8s anticip\u00e9, d'une entr\u00e9e gratuite, de r\u00e9ductions, d'\u00e9v\u00e9nements sp\u00e9ciaux r\u00e9serv\u00e9s aux membres et plus encore lorsque vous devenez membre de l'Adirondack Experience d\u00e8s aujourd'hui !","breadcrumb":{"@id":"https:\/\/www.theadkx.org\/join-support\/join\/#breadcrumb"},"inLanguage":"fr-FR","potentialAction":[{"@type":"ReadAction","target":["https:\/\/www.theadkx.org\/join-support\/join\/"]}]},{"@type":"BreadcrumbList","@id":"https:\/\/www.theadkx.org\/join-support\/join\/#breadcrumb","itemListElement":[{"@type":"ListItem","position":1,"name":"Home","item":"https:\/\/www.theadkx.org\/homepage\/"},{"@type":"ListItem","position":2,"name":"Join\/Renew + Support","item":"https:\/\/www.theadkx.org\/join-support\/"},{"@type":"ListItem","position":3,"name":"Join"}]},{"@type":"WebSite","@id":"https:\/\/www.theadkx.org\/#website","url":"https:\/\/www.theadkx.org\/","name":"L'exp\u00e9rience des Adirondacks","description":"Le mus\u00e9e du lac Blue Mountain","publisher":{"@id":"https:\/\/www.theadkx.org\/#organization"},"potentialAction":[{"@type":"SearchAction","target":{"@type":"EntryPoint","urlTemplate":"https:\/\/www.theadkx.org\/?s={search_term_string}"},"query-input":{"@type":"PropertyValueSpecification","valueRequired":true,"valueName":"search_term_string"}}],"inLanguage":"fr-FR"},{"@type":"Organization","@id":"https:\/\/www.theadkx.org\/#organization","name":"Adirondack Experience, le mus\u00e9e du lac Blue Mountain","url":"https:\/\/www.theadkx.org\/","logo":{"@type":"ImageObject","inLanguage":"fr-FR","@id":"https:\/\/www.theadkx.org\/#\/schema\/logo\/image\/","url":"https:\/\/www.theadkx.org\/wp-content\/uploads\/2021\/03\/ADKX_LOGO.png","contentUrl":"https:\/\/www.theadkx.org\/wp-content\/uploads\/2021\/03\/ADKX_LOGO.png","width":440,"height":276,"caption":"Adirondack Experience, The Museum on Blue Mountain Lake"},"image":{"@id":"https:\/\/www.theadkx.org\/#\/schema\/logo\/image\/"},"sameAs":["https:\/\/www.facebook.com\/theADKX\/","https:\/\/x.com\/theadkx","https:\/\/www.instagram.com\/theadkx\/","https:\/\/www.youtube.com\/user\/AdirondackMuseum"]}]}},"_links":{"self":[{"href":"https:\/\/www.theadkx.org\/fr\/wp-json\/wp\/v2\/pages\/157","targetHints":{"allow":["GET"]}}],"collection":[{"href":"https:\/\/www.theadkx.org\/fr\/wp-json\/wp\/v2\/pages"}],"about":[{"href":"https:\/\/www.theadkx.org\/fr\/wp-json\/wp\/v2\/types\/page"}],"author":[{"embeddable":true,"href":"https:\/\/www.theadkx.org\/fr\/wp-json\/wp\/v2\/users\/4"}],"replies":[{"embeddable":true,"href":"https:\/\/www.theadkx.org\/fr\/wp-json\/wp\/v2\/comments?post=157"}],"version-history":[{"count":10,"href":"https:\/\/www.theadkx.org\/fr\/wp-json\/wp\/v2\/pages\/157\/revisions"}],"predecessor-version":[{"id":16946,"href":"https:\/\/www.theadkx.org\/fr\/wp-json\/wp\/v2\/pages\/157\/revisions\/16946"}],"up":[{"embeddable":true,"href":"https:\/\/www.theadkx.org\/fr\/wp-json\/wp\/v2\/pages\/30"}],"wp:attachment":[{"href":"https:\/\/www.theadkx.org\/fr\/wp-json\/wp\/v2\/media?parent=157"}],"curies":[{"name":"wp","href":"https:\/\/api.w.org\/{rel}","templated":true}]}}