{"id":159,"date":"2021-03-09T06:29:13","date_gmt":"2021-03-09T11:29:13","guid":{"rendered":"http:\/\/www.theadkx.org\/?page_id=159"},"modified":"2026-01-28T13:59:07","modified_gmt":"2026-01-28T18:59:07","slug":"faire-un-don","status":"publish","type":"page","link":"https:\/\/www.theadkx.org\/fr\/join-support\/donate\/","title":{"rendered":"Faire un don"},"content":{"rendered":"<div id='av_section_1'  class='avia-section main_color avia-section-no-padding avia-no-border-styling  ep-lazy-loaded avia-full-stretch avia-bg-style-scroll  avia-builder-el-0  el_before_av_section  avia-builder-el-first   avia-section-fwd container_wrap fullsize' style='background-repeat: no-repeat; --epBGImgDesktop: url(https:\/\/www.theadkx.org\/wp-content\/uploads\/2021\/04\/donate-1920x640-1.jpg);--epBGImgTablet: var(--epBGImgDesktop); --epBGImgMobile: url(https:\/\/www.theadkx.org\/wp-content\/uploads\/2021\/04\/donate-720x540-1.jpg);;background-attachment: scroll; background-position: bottom center;   '   data-section-bg-repeat='stretch' ><div class='container' style=\"\"><main  role=\"main\" itemprop=\"mainContentOfPage\"  class='template-page content  av-content-full alpha units' ><div class='post-entry post-entry-type-page post-entry-159'><div class='entry-content-wrapper clearfix'>\n<div   class='hr hr-invisible  hr-responsive   avia-builder-el-1  avia-builder-el-no-sibling' ><div style='height:300px' class='hr-desktop'><\/div><div style='height:300px' class='hr-tablet'><\/div><div style='height:150px' class='hr-mobile'><\/div><\/div>\n\n<\/div><\/div><\/main><!-- close content main element --><\/div><\/div><div id='av_section_2'  class='avia-section main_color avia-section-default avia-no-border-styling  ep-lazy-loaded avia-full-stretch avia-bg-style-scroll  avia-builder-el-2  el_after_av_section  el_before_av_codeblock   container_wrap fullsize' style='background-color: #fcfaf5; background-repeat: no-repeat; --epBGImg: url(https:\/\/www.theadkx.org\/wp-content\/uploads\/2021\/03\/Brown-Topo-Map-1.png);;background-attachment: scroll; background-position: center center;   '  data-lazy-bg data-section-bg-repeat='stretch' ><div class='container' ><div class='template-page content  av-content-full alpha units' ><div class='post-entry post-entry-type-page post-entry-159'><div class='entry-content-wrapper clearfix'>\n<div   class='av-special-heading av-special-heading-h1   blockquote modern-quote  avia-builder-el-3  avia-builder-el-no-sibling' ><h1 class='av-special-heading-tag'   itemprop=\"headline\"  >Faire un don<\/h1><div class='special-heading-border'><div class='special-heading-inner-border' ><\/div><\/div><\/div>\n<\/div><\/div><\/div><!-- close content main div --><\/div><\/div><div id='after_section_2'  class='main_color av_default_container_wrap container_wrap fullsize' style='  '   ><div class='container' ><div class='template-page content  av-content-full alpha units' ><div class='post-entry post-entry-type-page post-entry-159'><div class='entry-content-wrapper clearfix'>\n\n<\/div><\/div><\/div><!-- close content main div --><\/div><\/div><div id='av_section_3'  class='avia-section main_color avia-section-default avia-no-border-styling  avia-bg-style-scroll  avia-builder-el-5  el_after_av_codeblock  el_before_av_section   container_wrap fullsize' style='  '   ><div class='container' style=\"--containerWidth:1150px;max-width:1150px;\"><div class='template-page content  av-content-full alpha units' ><div class='post-entry post-entry-type-page post-entry-159'><div class='entry-content-wrapper clearfix'>\n<div   class='flex_column_table  reverse-order ep-lazy-loaded   av-equal-height-column-flextable av-break-at-tablet-flextable flex-column-table-1'  ><div  class=\"flex_column av_one_full  custom_space av-break-at-tablet flex_column_table_cell av-equal-height-column av-align-top ep-lazy-loaded first  avia-builder-el-6  avia-builder-el-no-sibling\" ><div class=\"flex-column-inner\"><p><div  style='height:20px' class='hr hr-invisible   av-desktop-hide  avia-builder-el-7  el_before_av_heading  avia-builder-el-first' ><span class='hr-inner' ><span class='hr-inner-style'><\/span><\/span><\/div><br \/>\n<div   class='av-special-heading av-special-heading-h3   blockquote modern-quote  avia-builder-el-8  el_after_av_hr  el_before_av_textblock' ><h3 class='av-special-heading-tag'   itemprop=\"headline\"  >Chaque don fait la diff\u00e9rence<\/h3><div class='special-heading-border'><div class='special-heading-inner-border' ><\/div><\/div><\/div><br \/>\n<section class=\"av_textblock_section\"  itemscope=\"itemscope\" itemtype=\"https:\/\/schema.org\/CreativeWork\"  ><div class='avia_textblock'   itemprop=\"text\" ><p>L'Adirondack Experience d\u00e9pend du soutien financier apport\u00e9 par les membres, les dons au Fonds annuel, les programmes sp\u00e9ciaux et les expositions. Nous vous invitons \u00e0 jouer un r\u00f4le cl\u00e9 pour que nos expositions restent fra\u00eeches et vivantes, nos programmes r\u00e9fl\u00e9chis et divertissants, nos efforts de sensibilisation continus, et pour assurer nos cinquante prochaines ann\u00e9es. Chaque don fait la diff\u00e9rence.<\/p>\n<\/div><\/section><br \/>\n<section class=\"av_textblock_section\"  itemscope=\"itemscope\" itemtype=\"https:\/\/schema.org\/CreativeWork\"  ><div class='avia_textblock'   itemprop=\"text\" ><p><strong>L'Adirondack Historical Association (DBA Adirondack Experience, The Museum on Blue Mountain Lake) est une organisation \u00e0 but non lucratif 501(c)3 dont le num\u00e9ro d'identification fiscale f\u00e9d\u00e9ral est # 13-5635801.<\/strong><\/p>\n<\/div><\/section><\/p><\/div><\/div><\/div><!--close column table wrapper. Autoclose: 1 -->\n\n<\/div><\/div><\/div><!-- close content main div --><\/div><\/div><div id='av_section_4'  class='avia-section main_color avia-section-default avia-no-border-styling  avia-bg-style-scroll  avia-builder-el-11  el_after_av_section  avia-builder-el-last   avia-section-fwd container_wrap fullsize' style='  '   ><div class='container' style=\"\"><div class='template-page content  av-content-full alpha units' style='padding-top:0px; padding-bottom:0px; '><div class='post-entry post-entry-type-page post-entry-159'><div class='entry-content-wrapper clearfix'>\n\n\t\t\t\t<div  class='ep-item-grid-wrapper ep-grid-wrapper    avia-builder-el-12  el_before_av_hr  avia-builder-el-first  programs-items-grid' style='--itemCount: 6;' >\n\t\t\t\t\t<div class=\"ep-item-grid ep-grid  columns is-multiline is-mobile is-variable is-3\" >\n\t\t\t\t\t\t\n<div class='ep-item-grid-item ep-item-1 ep-item-fill  column is-full-mobile is-half-tablet is-one-third-desktop' >\n<a class=\"noHover ep-link-wrapper\" href=\"https:\/\/www.theadkx.org\/fr\/joindre-support\/faire-un-don\/fonds-annuel-13\/\" >\t<div class='ep-item-grid-item-inner column-inner'>\n        <div class=\"program-item-wrapper\">\n            <div class=\"program-item-thumb\" style=\"background-image: url(https:\/\/www.theadkx.org\/wp-content\/uploads\/2021\/04\/always-on-view-720x540-1.jpg)\">\n            <\/div>\n            <div class=\"program-item-content in-school-bottom bg-pos-left\">\n                                    <div class=\"program-item-title\">\n                        <h4 class=\"ep-item-grid-item-title\" style='font-size:40px;'>Fonds conseill\u00e9 par les donateurs<\/h4>\n                    <\/div>\n                                                    <div class=\"program-item-extract\">\n                        <p>Un Donor Advised Fund (DAF) est un moyen simple et flexible de soutenir Adirondack Experience tout en maximisant votre impact philanthropique.<\/p>\n                    <\/div>\n                                                <div class=\"program-item-link\">\n                    <span>\n                        En savoir plus                    <\/span>\n                <\/div>\n                            <\/div>\n        <\/div>\n\t<\/div>\n    <\/a><\/div>\n<div class='ep-item-grid-item ep-item-2 ep-item-fill  column is-full-mobile is-half-tablet is-one-third-desktop' >\n<a class=\"noHover ep-link-wrapper\" href=\"https:\/\/www.theadkx.org\/fr\/join-support\/donate\/tribute-memorial-gifts\/\" >\t<div class='ep-item-grid-item-inner column-inner'>\n        <div class=\"program-item-wrapper\">\n            <div class=\"program-item-thumb\" style=\"background-image: url(https:\/\/www.theadkx.org\/wp-content\/uploads\/2021\/04\/tributememorials-mobile-720x540-1.jpg)\">\n            <\/div>\n            <div class=\"program-item-content field-trips-bottom bg-pos-left\">\n                                    <div class=\"program-item-title\">\n                        <h4 class=\"ep-item-grid-item-title\" style='font-size:40px;'>Hommages et m\u00e9moires<\/h4>\n                    <\/div>\n                                                    <div class=\"program-item-extract\">\n                        <p>C\u00e9l\u00e9brez les f\u00eates et les occasions sp\u00e9ciales, ou marquez le d\u00e9c\u00e8s d'un \u00eatre cher en faisant un don \u00e0 l'Adirondack Experience.<\/p>\n                    <\/div>\n                                                <div class=\"program-item-link\">\n                    <span>\n                        En savoir plus                    <\/span>\n                <\/div>\n                            <\/div>\n        <\/div>\n\t<\/div>\n    <\/a><\/div>\n<div class='ep-item-grid-item ep-item-3 ep-item-fill  column is-full-mobile is-half-tablet is-one-third-desktop' >\n<a class=\"noHover ep-link-wrapper\" href=\"https:\/\/www.theadkx.org\/fr\/join-support\/donate\/planned-giving\/\" >\t<div class='ep-item-grid-item-inner column-inner'>\n        <div class=\"program-item-wrapper\">\n            <div class=\"program-item-thumb\" style=\"background-image: url(https:\/\/www.theadkx.org\/wp-content\/uploads\/2021\/04\/planned-giving-mobile-720x540-1.jpg)\">\n            <\/div>\n            <div class=\"program-item-content resources-top bg-pos-right\">\n                                    <div class=\"program-item-title\">\n                        <h4 class=\"ep-item-grid-item-title\" style='font-size:40px;'>Donations planifi\u00e9es<\/h4>\n                    <\/div>\n                                                    <div class=\"program-item-extract\">\n                        <p>Les dons planifi\u00e9s, tels que les legs, sont l'une des contributions les plus importantes que vous pouvez faire pour assurer l'avenir de l'Adirondack Experience.<\/p>\n                    <\/div>\n                                                <div class=\"program-item-link\">\n                    <span>\n                        En savoir plus                    <\/span>\n                <\/div>\n                            <\/div>\n        <\/div>\n\t<\/div>\n    <\/a><\/div>\n<div class='ep-item-grid-item ep-item-4 ep-item-fill  column is-full-mobile is-half-tablet is-one-third-desktop' >\n<a class=\"noHover ep-link-wrapper\" href=\"https:\/\/www.theadkx.org\/fr\/join-support\/donate\/special-projects\/\" >\t<div class='ep-item-grid-item-inner column-inner'>\n        <div class=\"program-item-wrapper\">\n            <div class=\"program-item-thumb\" style=\"background-image: url(https:\/\/www.theadkx.org\/wp-content\/uploads\/2021\/04\/special-programs-mobile-720x540-1.jpg)\">\n            <\/div>\n            <div class=\"program-item-content in-school-top bg-pos-left\">\n                                    <div class=\"program-item-title\">\n                        <h4 class=\"ep-item-grid-item-title\" style='font-size:40px;'>Programmes sp\u00e9ciaux<\/h4>\n                    <\/div>\n                                                    <div class=\"program-item-extract\">\n                        <p>Trouvez un projet qui correspond \u00e0 un int\u00e9r\u00eat personnel ou \u00e0 votre propre vision et vos valeurs. Votre soutien fait la diff\u00e9rence.<\/p>\n                    <\/div>\n                                                <div class=\"program-item-link\">\n                    <span>\n                        En savoir plus                    <\/span>\n                <\/div>\n                            <\/div>\n        <\/div>\n\t<\/div>\n    <\/a><\/div>\n<div class='ep-item-grid-item ep-item-5 ep-item-fill  column is-full-mobile is-half-tablet is-one-third-desktop' >\n<a class=\"noHover ep-link-wrapper\" href=\"https:\/\/www.theadkx.org\/fr\/join-support\/donate\/matching-gifts\/\" >\t<div class='ep-item-grid-item-inner column-inner'>\n        <div class=\"program-item-wrapper\">\n            <div class=\"program-item-thumb\" style=\"background-image: url(https:\/\/www.theadkx.org\/wp-content\/uploads\/2021\/04\/matching-gifts-mobile-720x540-1.jpg)\">\n            <\/div>\n            <div class=\"program-item-content in-school-bottom bg-pos-left\">\n                                    <div class=\"program-item-title\">\n                        <h4 class=\"ep-item-grid-item-title\" style='font-size:40px;'>Dons jumel\u00e9s<\/h4>\n                    <\/div>\n                                                    <div class=\"program-item-extract\">\n                        <p>Des centaines d'entreprises et de soci\u00e9t\u00e9s ont des programmes de dons jumel\u00e9s pour les employ\u00e9s et les retrait\u00e9s qui maximiseront votre don \u00e0 l'ADKX.<\/p>\n                    <\/div>\n                                                <div class=\"program-item-link\">\n                    <span>\n                        En savoir plus                    <\/span>\n                <\/div>\n                            <\/div>\n        <\/div>\n\t<\/div>\n    <\/a><\/div>\n<div class='ep-item-grid-item ep-item-6 ep-item-fill  column is-full-mobile is-half-tablet is-one-third-desktop' >\n<a class=\"noHover ep-link-wrapper\" href=\"https:\/\/www.theadkx.org\/fr\/join-support\/donate\/gift-of-stock\/\" >\t<div class='ep-item-grid-item-inner column-inner'>\n        <div class=\"program-item-wrapper\">\n            <div class=\"program-item-thumb\" style=\"background-image: url(https:\/\/www.theadkx.org\/wp-content\/uploads\/2023\/05\/Photo-Workshop.jpg)\">\n            <\/div>\n            <div class=\"program-item-content in-school-bottom bg-pos-left\">\n                                    <div class=\"program-item-title\">\n                        <h4 class=\"ep-item-grid-item-title\" style='font-size:40px;'>Don d'actions <\/h4>\n                    <\/div>\n                                                    <div class=\"program-item-extract\">\n                        <p>Le don d'actions que vous avez d\u00e9tenues peut vous donner droit \u00e0 une d\u00e9duction d'imp\u00f4t sur le revenu pour la juste valeur marchande de l'actif donn\u00e9.<\/p>\n                    <\/div>\n                                                <div class=\"program-item-link\">\n                    <span>\n                        En savoir plus                    <\/span>\n                <\/div>\n                            <\/div>\n        <\/div>\n\t<\/div>\n    <\/a><\/div>\n\t\t\t\t\t<\/div>\n\t\t\t\t\t\t\t\t\t<\/div>\n\n\t\t\t\t\n<div   class='hr hr-invisible  hr-responsive   avia-builder-el-13  el_after_ep_item_grid  avia-builder-el-last' ><div style='height:30px' class='hr-desktop'><\/div><div style='height:1px; margin-top:0px'  class='hr-tablet'><\/div><div style='height:1px; margin-top:0px'  class='hr-mobile'><\/div><\/div>","protected":false},"excerpt":{"rendered":"","protected":false},"author":4,"featured_media":0,"parent":30,"menu_order":140,"comment_status":"closed","ping_status":"closed","template":"","meta":{"_acf_changed":false,"om_disable_all_campaigns":false,"footnotes":""},"class_list":["post-159","page","type-page","status-publish","hentry"],"acf":[],"yoast_head":"<!-- This site is optimized with the Yoast SEO Premium plugin v22.8 (Yoast SEO v27.4) - https:\/\/yoast.com\/product\/yoast-seo-premium-wordpress\/ -->\n<title>Donate | Support Adirondack History - People &amp; Wilderness<\/title>\n<meta name=\"description\" content=\"Show your support for the Adirondack Experience. Donate, become a member, support our special programs. Learn more!\" \/>\n<meta name=\"robots\" content=\"index, follow, max-snippet:-1, max-image-preview:large, max-video-preview:-1\" \/>\n<link rel=\"canonical\" href=\"https:\/\/www.theadkx.org\/fr\/joindre-support\/faire-un-don\/\" \/>\n<meta property=\"og:locale\" content=\"fr_FR\" \/>\n<meta property=\"og:type\" content=\"article\" \/>\n<meta property=\"og:title\" content=\"Donate\" \/>\n<meta property=\"og:url\" content=\"https:\/\/www.theadkx.org\/fr\/joindre-support\/faire-un-don\/\" \/>\n<meta property=\"og:site_name\" content=\"Adirondack Experience\" \/>\n<meta property=\"article:publisher\" content=\"https:\/\/www.facebook.com\/theADKX\/\" \/>\n<meta property=\"article:modified_time\" content=\"2026-01-28T18:59:07+00:00\" \/>\n<meta name=\"twitter:card\" content=\"summary_large_image\" \/>\n<meta name=\"twitter:site\" content=\"@theadkx\" \/>\n<meta name=\"twitter:label1\" content=\"Dur\u00e9e de lecture estim\u00e9e\" \/>\n\t<meta name=\"twitter:data1\" content=\"2 minutes\" \/>\n<script type=\"application\/ld+json\" class=\"yoast-schema-graph\">{\"@context\":\"https:\\\/\\\/schema.org\",\"@graph\":[{\"@type\":\"WebPage\",\"@id\":\"https:\\\/\\\/www.theadkx.org\\\/join-support\\\/donate\\\/\",\"url\":\"https:\\\/\\\/www.theadkx.org\\\/join-support\\\/donate\\\/\",\"name\":\"Donate | Support Adirondack History - People & Wilderness\",\"isPartOf\":{\"@id\":\"https:\\\/\\\/www.theadkx.org\\\/#website\"},\"datePublished\":\"2021-03-09T11:29:13+00:00\",\"dateModified\":\"2026-01-28T18:59:07+00:00\",\"description\":\"Show your support for the Adirondack Experience. Donate, become a member, support our special programs. Learn more!\",\"breadcrumb\":{\"@id\":\"https:\\\/\\\/www.theadkx.org\\\/join-support\\\/donate\\\/#breadcrumb\"},\"inLanguage\":\"fr-FR\",\"potentialAction\":[{\"@type\":\"ReadAction\",\"target\":[\"https:\\\/\\\/www.theadkx.org\\\/join-support\\\/donate\\\/\"]}]},{\"@type\":\"BreadcrumbList\",\"@id\":\"https:\\\/\\\/www.theadkx.org\\\/join-support\\\/donate\\\/#breadcrumb\",\"itemListElement\":[{\"@type\":\"ListItem\",\"position\":1,\"name\":\"Home\",\"item\":\"https:\\\/\\\/www.theadkx.org\\\/homepage\\\/\"},{\"@type\":\"ListItem\",\"position\":2,\"name\":\"Join\\\/Renew + Support\",\"item\":\"https:\\\/\\\/www.theadkx.org\\\/join-support\\\/\"},{\"@type\":\"ListItem\",\"position\":3,\"name\":\"Donate\"}]},{\"@type\":\"WebSite\",\"@id\":\"https:\\\/\\\/www.theadkx.org\\\/#website\",\"url\":\"https:\\\/\\\/www.theadkx.org\\\/\",\"name\":\"Adirondack Experience\",\"description\":\"The Museum on Blue Mountain Lake\",\"publisher\":{\"@id\":\"https:\\\/\\\/www.theadkx.org\\\/#organization\"},\"potentialAction\":[{\"@type\":\"SearchAction\",\"target\":{\"@type\":\"EntryPoint\",\"urlTemplate\":\"https:\\\/\\\/www.theadkx.org\\\/?s={search_term_string}\"},\"query-input\":{\"@type\":\"PropertyValueSpecification\",\"valueRequired\":true,\"valueName\":\"search_term_string\"}}],\"inLanguage\":\"fr-FR\"},{\"@type\":\"Organization\",\"@id\":\"https:\\\/\\\/www.theadkx.org\\\/#organization\",\"name\":\"Adirondack Experience, The Museum on Blue Mountain Lake\",\"url\":\"https:\\\/\\\/www.theadkx.org\\\/\",\"logo\":{\"@type\":\"ImageObject\",\"inLanguage\":\"fr-FR\",\"@id\":\"https:\\\/\\\/www.theadkx.org\\\/#\\\/schema\\\/logo\\\/image\\\/\",\"url\":\"https:\\\/\\\/www.theadkx.org\\\/wp-content\\\/uploads\\\/2021\\\/03\\\/ADKX_LOGO.png\",\"contentUrl\":\"https:\\\/\\\/www.theadkx.org\\\/wp-content\\\/uploads\\\/2021\\\/03\\\/ADKX_LOGO.png\",\"width\":440,\"height\":276,\"caption\":\"Adirondack Experience, The Museum on Blue Mountain Lake\"},\"image\":{\"@id\":\"https:\\\/\\\/www.theadkx.org\\\/#\\\/schema\\\/logo\\\/image\\\/\"},\"sameAs\":[\"https:\\\/\\\/www.facebook.com\\\/theADKX\\\/\",\"https:\\\/\\\/x.com\\\/theadkx\",\"https:\\\/\\\/www.instagram.com\\\/theadkx\\\/\",\"https:\\\/\\\/www.youtube.com\\\/user\\\/AdirondackMuseum\"]}]}<\/script>\n<!-- \/ Yoast SEO Premium plugin. -->","yoast_head_json":{"title":"Faites un don | Soutenez l'histoire des Adirondacks - Les gens et la nature sauvage","description":"Montrez votre soutien \u00e0 l'Adirondack Experience. Faites un don, devenez membre, soutenez nos programmes sp\u00e9ciaux. Apprenez-en plus !","robots":{"index":"index","follow":"follow","max-snippet":"max-snippet:-1","max-image-preview":"max-image-preview:large","max-video-preview":"max-video-preview:-1"},"canonical":"https:\/\/www.theadkx.org\/fr\/joindre-support\/faire-un-don\/","og_locale":"fr_FR","og_type":"article","og_title":"Donate","og_url":"https:\/\/www.theadkx.org\/fr\/joindre-support\/faire-un-don\/","og_site_name":"Adirondack Experience","article_publisher":"https:\/\/www.facebook.com\/theADKX\/","article_modified_time":"2026-01-28T18:59:07+00:00","twitter_card":"summary_large_image","twitter_site":"@theadkx","twitter_misc":{"Dur\u00e9e de lecture estim\u00e9e":"2 minutes"},"schema":{"@context":"https:\/\/schema.org","@graph":[{"@type":"WebPage","@id":"https:\/\/www.theadkx.org\/join-support\/donate\/","url":"https:\/\/www.theadkx.org\/join-support\/donate\/","name":"Faites un don | Soutenez l'histoire des Adirondacks - Les gens et la nature sauvage","isPartOf":{"@id":"https:\/\/www.theadkx.org\/#website"},"datePublished":"2021-03-09T11:29:13+00:00","dateModified":"2026-01-28T18:59:07+00:00","description":"Montrez votre soutien \u00e0 l'Adirondack Experience. Faites un don, devenez membre, soutenez nos programmes sp\u00e9ciaux. Apprenez-en plus !","breadcrumb":{"@id":"https:\/\/www.theadkx.org\/join-support\/donate\/#breadcrumb"},"inLanguage":"fr-FR","potentialAction":[{"@type":"ReadAction","target":["https:\/\/www.theadkx.org\/join-support\/donate\/"]}]},{"@type":"BreadcrumbList","@id":"https:\/\/www.theadkx.org\/join-support\/donate\/#breadcrumb","itemListElement":[{"@type":"ListItem","position":1,"name":"Home","item":"https:\/\/www.theadkx.org\/homepage\/"},{"@type":"ListItem","position":2,"name":"Join\/Renew + Support","item":"https:\/\/www.theadkx.org\/join-support\/"},{"@type":"ListItem","position":3,"name":"Donate"}]},{"@type":"WebSite","@id":"https:\/\/www.theadkx.org\/#website","url":"https:\/\/www.theadkx.org\/","name":"L'exp\u00e9rience des Adirondacks","description":"Le mus\u00e9e du lac Blue Mountain","publisher":{"@id":"https:\/\/www.theadkx.org\/#organization"},"potentialAction":[{"@type":"SearchAction","target":{"@type":"EntryPoint","urlTemplate":"https:\/\/www.theadkx.org\/?s={search_term_string}"},"query-input":{"@type":"PropertyValueSpecification","valueRequired":true,"valueName":"search_term_string"}}],"inLanguage":"fr-FR"},{"@type":"Organization","@id":"https:\/\/www.theadkx.org\/#organization","name":"Adirondack Experience, le mus\u00e9e du lac Blue Mountain","url":"https:\/\/www.theadkx.org\/","logo":{"@type":"ImageObject","inLanguage":"fr-FR","@id":"https:\/\/www.theadkx.org\/#\/schema\/logo\/image\/","url":"https:\/\/www.theadkx.org\/wp-content\/uploads\/2021\/03\/ADKX_LOGO.png","contentUrl":"https:\/\/www.theadkx.org\/wp-content\/uploads\/2021\/03\/ADKX_LOGO.png","width":440,"height":276,"caption":"Adirondack Experience, The Museum on Blue Mountain Lake"},"image":{"@id":"https:\/\/www.theadkx.org\/#\/schema\/logo\/image\/"},"sameAs":["https:\/\/www.facebook.com\/theADKX\/","https:\/\/x.com\/theadkx","https:\/\/www.instagram.com\/theadkx\/","https:\/\/www.youtube.com\/user\/AdirondackMuseum"]}]}},"_links":{"self":[{"href":"https:\/\/www.theadkx.org\/fr\/wp-json\/wp\/v2\/pages\/159","targetHints":{"allow":["GET"]}}],"collection":[{"href":"https:\/\/www.theadkx.org\/fr\/wp-json\/wp\/v2\/pages"}],"about":[{"href":"https:\/\/www.theadkx.org\/fr\/wp-json\/wp\/v2\/types\/page"}],"author":[{"embeddable":true,"href":"https:\/\/www.theadkx.org\/fr\/wp-json\/wp\/v2\/users\/4"}],"replies":[{"embeddable":true,"href":"https:\/\/www.theadkx.org\/fr\/wp-json\/wp\/v2\/comments?post=159"}],"version-history":[{"count":10,"href":"https:\/\/www.theadkx.org\/fr\/wp-json\/wp\/v2\/pages\/159\/revisions"}],"predecessor-version":[{"id":17855,"href":"https:\/\/www.theadkx.org\/fr\/wp-json\/wp\/v2\/pages\/159\/revisions\/17855"}],"up":[{"embeddable":true,"href":"https:\/\/www.theadkx.org\/fr\/wp-json\/wp\/v2\/pages\/30"}],"wp:attachment":[{"href":"https:\/\/www.theadkx.org\/fr\/wp-json\/wp\/v2\/media?parent=159"}],"curies":[{"name":"wp","href":"https:\/\/api.w.org\/{rel}","templated":true}]}}