{"id":1640,"date":"2021-04-19T19:56:41","date_gmt":"2021-04-19T23:56:41","guid":{"rendered":"http:\/\/www.theadkx.org\/?page_id=1640"},"modified":"2026-01-27T15:35:59","modified_gmt":"2026-01-27T20:35:59","slug":"fonds-annuel-2","status":"publish","type":"page","link":"https:\/\/www.theadkx.org\/fr\/join-support\/donate\/annual-fund\/","title":{"rendered":"Fonds annuel"},"content":{"rendered":"<div id='av_section_1'  class='avia-section main_color avia-section-no-padding avia-no-border-styling  ep-lazy-loaded avia-full-stretch avia-bg-style-scroll  avia-builder-el-0  el_before_av_section  avia-builder-el-first   avia-section-fwd container_wrap fullsize' style='background-repeat: no-repeat; --epBGImgDesktop: url(https:\/\/www.theadkx.org\/wp-content\/uploads\/2023\/10\/ADKX-2-scaled.jpg);--epBGImgTablet: var(--epBGImgDesktop); --epBGImgMobile: url(https:\/\/www.theadkx.org\/wp-content\/uploads\/2021\/04\/donate-720x540-1-300x225.jpg);;background-attachment: scroll; background-position: center center;   '   data-section-bg-repeat='stretch' ><div class='container' style=\"\"><main  role=\"main\" itemprop=\"mainContentOfPage\"  class='template-page content  av-content-full alpha units' ><div class='post-entry post-entry-type-page post-entry-1640'><div class='entry-content-wrapper clearfix'>\n<div   class='hr hr-invisible  hr-responsive   avia-builder-el-1  avia-builder-el-no-sibling' ><div style='height:300px' class='hr-desktop'><\/div><div style='height:300px' class='hr-tablet'><\/div><div style='height:150px' class='hr-mobile'><\/div><\/div>\n\n<\/div><\/div><\/main><!-- close content main element --><\/div><\/div><div id='av_section_2'  class='avia-section main_color avia-section-default avia-no-border-styling  ep-lazy-loaded avia-full-stretch avia-bg-style-scroll  avia-builder-el-2  el_after_av_section  el_before_av_section   container_wrap fullsize' style='background-color: #fcfaf5; background-repeat: no-repeat; --epBGImg: url(https:\/\/www.theadkx.org\/wp-content\/uploads\/2021\/03\/Brown-Topo-Map-1.png);;background-attachment: scroll; background-position: center center;   '  data-lazy-bg data-section-bg-repeat='stretch' ><div class='container' ><div class='template-page content  av-content-full alpha units' ><div class='post-entry post-entry-type-page post-entry-1640'><div class='entry-content-wrapper clearfix'>\n<div   class='av-special-heading av-special-heading-h1   blockquote modern-quote  avia-builder-el-3  avia-builder-el-no-sibling' ><h1 class='av-special-heading-tag'   itemprop=\"headline\"  >Fonds annuel<\/h1><div class='special-heading-border'><div class='special-heading-inner-border' ><\/div><\/div><\/div>\n\n<\/div><\/div><\/div><!-- close content main div --><\/div><\/div><div id='av_section_3'  class='avia-section main_color avia-section-default avia-no-border-styling  avia-bg-style-scroll  avia-builder-el-4  el_after_av_section  avia-builder-el-last   container_wrap fullsize' style='  '   ><div class='container' style=\"--containerWidth:1150px;max-width:1150px;\"><div class='template-page content  av-content-full alpha units' ><div class='post-entry post-entry-type-page post-entry-1640'><div class='entry-content-wrapper clearfix'>\n<div   class='flex_column_table  ep-lazy-loaded   av-equal-height-column-flextable -flextable flex-column-table-1'  ><div  class=\"flex_column av_one_full  no_margin flex_column_table_cell av-equal-height-column av-align-top ep-lazy-loaded first  avia-builder-el-5  avia-builder-el-no-sibling\" ><div class=\"flex-column-inner\"><p><div  style='height:20px' class='hr hr-invisible   av-desktop-hide  avia-builder-el-6  el_before_av_textblock  avia-builder-el-first' ><span class='hr-inner' ><span class='hr-inner-style'><\/span><\/span><\/div><br \/>\n<section class=\"av_textblock_section\"  itemscope=\"itemscope\" itemtype=\"https:\/\/schema.org\/CreativeWork\"  ><div class='avia_textblock'   itemprop=\"text\" ><p>Un don au Fonds annuel fournit un soutien essentiel \u00e0 chaque aspect des programmes et des op\u00e9rations de l'Adirondack Experience. Il comble le foss\u00e9 entre les entr\u00e9es, les ventes de la boutique du mus\u00e9e, les revenus des \u00e9v\u00e9nements sp\u00e9ciaux et le co\u00fbt r\u00e9el du fonctionnement de l'Adirondack Experience et de ses programmes. Bien qu'une partie de notre fonds de dotation soit \u00e9galement utilis\u00e9e pour les co\u00fbts op\u00e9rationnels quotidiens associ\u00e9s au mus\u00e9e, nous g\u00e9rons soigneusement ce fonds afin qu'il continue de cro\u00eetre, nous donnant \u00e0 tous la s\u00e9curit\u00e9 de savoir qu'il existe une base financi\u00e8re solide pour les g\u00e9n\u00e9rations \u00e0 venir.<\/p>\n<p>Le Fonds annuel permet de garantir que les d\u00e9monstrations et les conf\u00e9rences ont lieu, que les \u00e9coles participent aux cours, que les collections et les b\u00e2timents sont entretenus et que chacun des plus de 70 000 visiteurs annuels de l'Adirondack Experience vit une exp\u00e9rience inoubliable.<\/p>\n<p>Pour faire un don en ligne, remplissez le formulaire ci-dessous. Pour plus d'informations sur les dons, veuillez contacter le Bureau de l'avancement institutionnel au 518.352.7311, poste 130.<\/p>\n<div id=\"blackbaud-donation-form_0079ceb1-db7a-4122-93e7-e14b1c32d21e\"><\/div>\n<div id=\"blackbaud-donation-form_0079ceb1-db7a-4122-93e7-e14b1c32d21e\"><\/div>\n<p><script src=\"https:\/\/sky.blackbaudcdn.net\/static\/donor-form-loader\/2\/main.js\"><\/script><\/p>\n<p><script>BBDonorFormLoader.newBlackbaudDonationFormZoned('tcs', 'p-fqHP24RAuUW60A3G5QA3IQ', '0079ceb1-db7a-4122-93e7-e14b1c32d21e', 'usa')<\/script><\/p>\n<\/div><\/section><\/p><\/div><\/div><\/div><!--close column table wrapper. Autoclose: 1 -->","protected":false},"excerpt":{"rendered":"","protected":false},"author":4,"featured_media":0,"parent":159,"menu_order":141,"comment_status":"closed","ping_status":"closed","template":"","meta":{"_acf_changed":false,"om_disable_all_campaigns":false,"footnotes":""},"class_list":["post-1640","page","type-page","status-publish","hentry"],"acf":[],"yoast_head":"<!-- This site is optimized with the Yoast SEO Premium plugin v22.8 (Yoast SEO v27.3) - https:\/\/yoast.com\/product\/yoast-seo-premium-wordpress\/ -->\n<title>Annual Fund | Make your Contribution Today | Adirondack Experience<\/title>\n<meta name=\"description\" content=\"Provide vital support to every aspect of the Adirondack Experience\u2019s programs and operations by contributing the our Annual Fund.\" \/>\n<meta name=\"robots\" content=\"index, follow, max-snippet:-1, max-image-preview:large, max-video-preview:-1\" \/>\n<link rel=\"canonical\" href=\"https:\/\/www.theadkx.org\/fr\/joindre-support\/faire-un-don\/fonds-annuel-2\/\" \/>\n<meta property=\"og:locale\" content=\"fr_FR\" \/>\n<meta property=\"og:type\" content=\"article\" \/>\n<meta property=\"og:title\" content=\"Annual Fund\" \/>\n<meta property=\"og:url\" content=\"https:\/\/www.theadkx.org\/fr\/joindre-support\/faire-un-don\/fonds-annuel-2\/\" \/>\n<meta property=\"og:site_name\" content=\"Adirondack Experience\" \/>\n<meta property=\"article:publisher\" content=\"https:\/\/www.facebook.com\/theADKX\/\" \/>\n<meta property=\"article:modified_time\" content=\"2026-01-27T20:35:59+00:00\" \/>\n<meta name=\"twitter:card\" content=\"summary_large_image\" \/>\n<meta name=\"twitter:site\" content=\"@theadkx\" \/>\n<meta name=\"twitter:label1\" content=\"Dur\u00e9e de lecture estim\u00e9e\" \/>\n\t<meta name=\"twitter:data1\" content=\"1 minute\" \/>\n<script type=\"application\/ld+json\" class=\"yoast-schema-graph\">{\"@context\":\"https:\\\/\\\/schema.org\",\"@graph\":[{\"@type\":\"WebPage\",\"@id\":\"https:\\\/\\\/www.theadkx.org\\\/join-support\\\/donate\\\/annual-fund\\\/\",\"url\":\"https:\\\/\\\/www.theadkx.org\\\/join-support\\\/donate\\\/annual-fund\\\/\",\"name\":\"Annual Fund | Make your Contribution Today | Adirondack Experience\",\"isPartOf\":{\"@id\":\"https:\\\/\\\/www.theadkx.org\\\/#website\"},\"datePublished\":\"2021-04-19T23:56:41+00:00\",\"dateModified\":\"2026-01-27T20:35:59+00:00\",\"description\":\"Provide vital support to every aspect of the Adirondack Experience\u2019s programs and operations by contributing the our Annual Fund.\",\"breadcrumb\":{\"@id\":\"https:\\\/\\\/www.theadkx.org\\\/join-support\\\/donate\\\/annual-fund\\\/#breadcrumb\"},\"inLanguage\":\"fr-FR\",\"potentialAction\":[{\"@type\":\"ReadAction\",\"target\":[\"https:\\\/\\\/www.theadkx.org\\\/join-support\\\/donate\\\/annual-fund\\\/\"]}]},{\"@type\":\"BreadcrumbList\",\"@id\":\"https:\\\/\\\/www.theadkx.org\\\/join-support\\\/donate\\\/annual-fund\\\/#breadcrumb\",\"itemListElement\":[{\"@type\":\"ListItem\",\"position\":1,\"name\":\"Home\",\"item\":\"https:\\\/\\\/www.theadkx.org\\\/homepage\\\/\"},{\"@type\":\"ListItem\",\"position\":2,\"name\":\"Join\\\/Renew + Support\",\"item\":\"https:\\\/\\\/www.theadkx.org\\\/join-support\\\/\"},{\"@type\":\"ListItem\",\"position\":3,\"name\":\"Donate\",\"item\":\"https:\\\/\\\/www.theadkx.org\\\/join-support\\\/donate\\\/\"},{\"@type\":\"ListItem\",\"position\":4,\"name\":\"Annual Fund\"}]},{\"@type\":\"WebSite\",\"@id\":\"https:\\\/\\\/www.theadkx.org\\\/#website\",\"url\":\"https:\\\/\\\/www.theadkx.org\\\/\",\"name\":\"Adirondack Experience\",\"description\":\"The Museum on Blue Mountain Lake\",\"publisher\":{\"@id\":\"https:\\\/\\\/www.theadkx.org\\\/#organization\"},\"potentialAction\":[{\"@type\":\"SearchAction\",\"target\":{\"@type\":\"EntryPoint\",\"urlTemplate\":\"https:\\\/\\\/www.theadkx.org\\\/?s={search_term_string}\"},\"query-input\":{\"@type\":\"PropertyValueSpecification\",\"valueRequired\":true,\"valueName\":\"search_term_string\"}}],\"inLanguage\":\"fr-FR\"},{\"@type\":\"Organization\",\"@id\":\"https:\\\/\\\/www.theadkx.org\\\/#organization\",\"name\":\"Adirondack Experience, The Museum on Blue Mountain Lake\",\"url\":\"https:\\\/\\\/www.theadkx.org\\\/\",\"logo\":{\"@type\":\"ImageObject\",\"inLanguage\":\"fr-FR\",\"@id\":\"https:\\\/\\\/www.theadkx.org\\\/#\\\/schema\\\/logo\\\/image\\\/\",\"url\":\"https:\\\/\\\/www.theadkx.org\\\/wp-content\\\/uploads\\\/2021\\\/03\\\/ADKX_LOGO.png\",\"contentUrl\":\"https:\\\/\\\/www.theadkx.org\\\/wp-content\\\/uploads\\\/2021\\\/03\\\/ADKX_LOGO.png\",\"width\":440,\"height\":276,\"caption\":\"Adirondack Experience, The Museum on Blue Mountain Lake\"},\"image\":{\"@id\":\"https:\\\/\\\/www.theadkx.org\\\/#\\\/schema\\\/logo\\\/image\\\/\"},\"sameAs\":[\"https:\\\/\\\/www.facebook.com\\\/theADKX\\\/\",\"https:\\\/\\\/x.com\\\/theadkx\",\"https:\\\/\\\/www.instagram.com\\\/theadkx\\\/\",\"https:\\\/\\\/www.youtube.com\\\/user\\\/AdirondackMuseum\"]}]}<\/script>\n<!-- \/ Yoast SEO Premium plugin. -->","yoast_head_json":{"title":"Fonds annuel | Faites votre contribution aujourd'hui | Adirondack Experience","description":"Apportez un soutien vital \u00e0 tous les aspects des programmes et op\u00e9rations de l'Adirondack Experience en contribuant \u00e0 notre Fonds annuel.","robots":{"index":"index","follow":"follow","max-snippet":"max-snippet:-1","max-image-preview":"max-image-preview:large","max-video-preview":"max-video-preview:-1"},"canonical":"https:\/\/www.theadkx.org\/fr\/joindre-support\/faire-un-don\/fonds-annuel-2\/","og_locale":"fr_FR","og_type":"article","og_title":"Annual Fund","og_url":"https:\/\/www.theadkx.org\/fr\/joindre-support\/faire-un-don\/fonds-annuel-2\/","og_site_name":"Adirondack Experience","article_publisher":"https:\/\/www.facebook.com\/theADKX\/","article_modified_time":"2026-01-27T20:35:59+00:00","twitter_card":"summary_large_image","twitter_site":"@theadkx","twitter_misc":{"Dur\u00e9e de lecture estim\u00e9e":"1 minute"},"schema":{"@context":"https:\/\/schema.org","@graph":[{"@type":"WebPage","@id":"https:\/\/www.theadkx.org\/join-support\/donate\/annual-fund\/","url":"https:\/\/www.theadkx.org\/join-support\/donate\/annual-fund\/","name":"Fonds annuel | Faites votre contribution aujourd'hui | Adirondack Experience","isPartOf":{"@id":"https:\/\/www.theadkx.org\/#website"},"datePublished":"2021-04-19T23:56:41+00:00","dateModified":"2026-01-27T20:35:59+00:00","description":"Apportez un soutien vital \u00e0 tous les aspects des programmes et op\u00e9rations de l'Adirondack Experience en contribuant \u00e0 notre Fonds annuel.","breadcrumb":{"@id":"https:\/\/www.theadkx.org\/join-support\/donate\/annual-fund\/#breadcrumb"},"inLanguage":"fr-FR","potentialAction":[{"@type":"ReadAction","target":["https:\/\/www.theadkx.org\/join-support\/donate\/annual-fund\/"]}]},{"@type":"BreadcrumbList","@id":"https:\/\/www.theadkx.org\/join-support\/donate\/annual-fund\/#breadcrumb","itemListElement":[{"@type":"ListItem","position":1,"name":"Home","item":"https:\/\/www.theadkx.org\/homepage\/"},{"@type":"ListItem","position":2,"name":"Join\/Renew + Support","item":"https:\/\/www.theadkx.org\/join-support\/"},{"@type":"ListItem","position":3,"name":"Donate","item":"https:\/\/www.theadkx.org\/join-support\/donate\/"},{"@type":"ListItem","position":4,"name":"Annual Fund"}]},{"@type":"WebSite","@id":"https:\/\/www.theadkx.org\/#website","url":"https:\/\/www.theadkx.org\/","name":"L'exp\u00e9rience des Adirondacks","description":"Le mus\u00e9e du lac Blue Mountain","publisher":{"@id":"https:\/\/www.theadkx.org\/#organization"},"potentialAction":[{"@type":"SearchAction","target":{"@type":"EntryPoint","urlTemplate":"https:\/\/www.theadkx.org\/?s={search_term_string}"},"query-input":{"@type":"PropertyValueSpecification","valueRequired":true,"valueName":"search_term_string"}}],"inLanguage":"fr-FR"},{"@type":"Organization","@id":"https:\/\/www.theadkx.org\/#organization","name":"Adirondack Experience, le mus\u00e9e du lac Blue Mountain","url":"https:\/\/www.theadkx.org\/","logo":{"@type":"ImageObject","inLanguage":"fr-FR","@id":"https:\/\/www.theadkx.org\/#\/schema\/logo\/image\/","url":"https:\/\/www.theadkx.org\/wp-content\/uploads\/2021\/03\/ADKX_LOGO.png","contentUrl":"https:\/\/www.theadkx.org\/wp-content\/uploads\/2021\/03\/ADKX_LOGO.png","width":440,"height":276,"caption":"Adirondack Experience, The Museum on Blue Mountain Lake"},"image":{"@id":"https:\/\/www.theadkx.org\/#\/schema\/logo\/image\/"},"sameAs":["https:\/\/www.facebook.com\/theADKX\/","https:\/\/x.com\/theadkx","https:\/\/www.instagram.com\/theadkx\/","https:\/\/www.youtube.com\/user\/AdirondackMuseum"]}]}},"_links":{"self":[{"href":"https:\/\/www.theadkx.org\/fr\/wp-json\/wp\/v2\/pages\/1640","targetHints":{"allow":["GET"]}}],"collection":[{"href":"https:\/\/www.theadkx.org\/fr\/wp-json\/wp\/v2\/pages"}],"about":[{"href":"https:\/\/www.theadkx.org\/fr\/wp-json\/wp\/v2\/types\/page"}],"author":[{"embeddable":true,"href":"https:\/\/www.theadkx.org\/fr\/wp-json\/wp\/v2\/users\/4"}],"replies":[{"embeddable":true,"href":"https:\/\/www.theadkx.org\/fr\/wp-json\/wp\/v2\/comments?post=1640"}],"version-history":[{"count":10,"href":"https:\/\/www.theadkx.org\/fr\/wp-json\/wp\/v2\/pages\/1640\/revisions"}],"predecessor-version":[{"id":17964,"href":"https:\/\/www.theadkx.org\/fr\/wp-json\/wp\/v2\/pages\/1640\/revisions\/17964"}],"up":[{"embeddable":true,"href":"https:\/\/www.theadkx.org\/fr\/wp-json\/wp\/v2\/pages\/159"}],"wp:attachment":[{"href":"https:\/\/www.theadkx.org\/fr\/wp-json\/wp\/v2\/media?parent=1640"}],"curies":[{"name":"wp","href":"https:\/\/api.w.org\/{rel}","templated":true}]}}