{"id":1676,"date":"2021-04-19T23:50:59","date_gmt":"2021-04-20T03:50:59","guid":{"rendered":"http:\/\/www.theadkx.org\/?page_id=1676"},"modified":"2025-04-25T14:31:41","modified_gmt":"2025-04-25T18:31:41","slug":"cadeau-abonnement","status":"publish","type":"page","link":"https:\/\/www.theadkx.org\/fr\/join-support\/join\/gift-membership\/","title":{"rendered":"Adh\u00e9sion cadeau"},"content":{"rendered":"<div id='av_section_1'  class='avia-section main_color avia-section-no-padding avia-no-border-styling  ep-lazy-loaded avia-full-stretch avia-bg-style-scroll  avia-builder-el-0  el_before_av_section  avia-builder-el-first   avia-section-fwd container_wrap fullsize' style='background-repeat: no-repeat; --epBGImgDesktop: url(https:\/\/www.theadkx.org\/wp-content\/uploads\/2021\/04\/gift-membership-1920x640-1.jpg);--epBGImgTablet: var(--epBGImgDesktop); --epBGImgMobile: url(https:\/\/www.theadkx.org\/wp-content\/uploads\/2021\/04\/gift-membership-mobile-720x540-1.jpg);;background-attachment: scroll; background-position: center center;   '   data-section-bg-repeat='stretch' ><div class='container' style=\"\"><main  role=\"main\" itemprop=\"mainContentOfPage\"  class='template-page content  av-content-full alpha units' ><div class='post-entry post-entry-type-page post-entry-1676'><div class='entry-content-wrapper clearfix'>\n<div   class='hr hr-invisible  hr-responsive   avia-builder-el-1  avia-builder-el-no-sibling' ><div style='height:300px' class='hr-desktop'><\/div><div style='height:300px' class='hr-tablet'><\/div><div style='height:150px' class='hr-mobile'><\/div><\/div>\n\n<\/div><\/div><\/main><!-- close content main element --><\/div><\/div><div id='av_section_2'  class='avia-section main_color avia-section-default avia-no-border-styling  ep-lazy-loaded avia-full-stretch avia-bg-style-scroll  avia-builder-el-2  el_after_av_section  el_before_av_section   container_wrap fullsize' style='background-color: #fcfaf5; background-repeat: no-repeat; --epBGImg: url(https:\/\/www.theadkx.org\/wp-content\/uploads\/2021\/03\/Brown-Topo-Map-1.png);;background-attachment: scroll; background-position: center center;   '  data-lazy-bg data-section-bg-repeat='stretch' ><div class='container' ><div class='template-page content  av-content-full alpha units' ><div class='post-entry post-entry-type-page post-entry-1676'><div class='entry-content-wrapper clearfix'>\n<div   class='av-special-heading av-special-heading-h1   blockquote modern-quote  avia-builder-el-3  avia-builder-el-no-sibling' ><h1 class='av-special-heading-tag'   itemprop=\"headline\"  >Adh\u00e9sion cadeau<\/h1><div class='special-heading-border'><div class='special-heading-inner-border' ><\/div><\/div><\/div>\n\n<\/div><\/div><\/div><!-- close content main div --><\/div><\/div><div id='av_section_3'  class='avia-section main_color avia-section-default avia-no-border-styling  avia-bg-style-scroll  avia-builder-el-4  el_after_av_section  avia-builder-el-last   container_wrap fullsize' style='  '   ><div class='container' style=\"--containerWidth:1150px;max-width:1150px;\"><div class='template-page content  av-content-full alpha units' ><div class='post-entry post-entry-type-page post-entry-1676'><div class='entry-content-wrapper clearfix'>\n<div   class='flex_column_table  ep-lazy-loaded   av-equal-height-column-flextable -flextable flex-column-table-1'  ><div  class=\"flex_column av_one_full  flex_column_table_cell av-equal-height-column av-align-top ep-lazy-loaded first  avia-builder-el-5  el_before_av_button  avia-builder-el-first\" ><div class=\"flex-column-inner\"><p><div  style='height:20px' class='hr hr-invisible   av-desktop-hide  avia-builder-el-6  el_before_av_textblock  avia-builder-el-first' ><span class='hr-inner' ><span class='hr-inner-style'><\/span><\/span><\/div><br \/>\n<section class=\"av_textblock_section\"  itemscope=\"itemscope\" itemtype=\"https:\/\/schema.org\/CreativeWork\"  ><div class='avia_textblock'   itemprop=\"text\" ><p><strong>Vous cherchez le cadeau id\u00e9al ?<\/strong><br \/>\nUn cadeau d'adh\u00e9sion \u00e0 l'Adirondack Experience est un cadeau unique et significatif qui dure toute l'ann\u00e9e ! Partagez votre amour de l'ADKX avec votre famille, vos amis et vos coll\u00e8gues pendant les f\u00eates.<\/p>\n<p>Click the button below or call (518) 352-7311, ext. 112 to purchase gifts of membership for everyone on your list!<\/p>\n<\/div><\/section><\/p><\/div><\/div><\/div><!--close column table wrapper. Autoclose: 1 --><div  class='avia-button-wrap avia-button-left    avia-builder-el-8  el_after_av_one_full  avia-builder-el-last'  ><a href='https:\/\/theadkx.ticketapp.org\/portal\/product\/37'  class='avia-button   avia-icon_select-no avia-color-regular avia-size-medium avia-position-left'   ><span class='avia_iconbox_title' >Offrez le cadeau de l'adh\u00e9sion<\/span><\/a><\/div>","protected":false},"excerpt":{"rendered":"","protected":false},"author":4,"featured_media":0,"parent":157,"menu_order":139,"comment_status":"closed","ping_status":"closed","template":"","meta":{"_acf_changed":false,"om_disable_all_campaigns":false,"footnotes":""},"class_list":["post-1676","page","type-page","status-publish","hentry"],"acf":[],"yoast_head":"<!-- This site is optimized with the Yoast SEO Premium plugin v22.8 (Yoast SEO v27.3) - https:\/\/yoast.com\/product\/yoast-seo-premium-wordpress\/ -->\n<title>Gift Membership | Support the Adirondack Experience<\/title>\n<meta name=\"description\" content=\"Give the gift of membership to the Adirondack Experience. Support our mission while sharing the history &amp; beauty of the Adirondack region.\" \/>\n<meta name=\"robots\" content=\"index, follow, max-snippet:-1, max-image-preview:large, max-video-preview:-1\" \/>\n<link rel=\"canonical\" href=\"https:\/\/www.theadkx.org\/fr\/joindre-support\/rejoindre\/cadeau-abonnement\/\" \/>\n<meta property=\"og:locale\" content=\"fr_FR\" \/>\n<meta property=\"og:type\" content=\"article\" \/>\n<meta property=\"og:title\" content=\"Gift Membership\" \/>\n<meta property=\"og:url\" content=\"https:\/\/www.theadkx.org\/fr\/joindre-support\/rejoindre\/cadeau-abonnement\/\" \/>\n<meta property=\"og:site_name\" content=\"Adirondack Experience\" \/>\n<meta property=\"article:publisher\" content=\"https:\/\/www.facebook.com\/theADKX\/\" \/>\n<meta property=\"article:modified_time\" content=\"2025-04-25T18:31:41+00:00\" \/>\n<meta name=\"twitter:card\" content=\"summary_large_image\" \/>\n<meta name=\"twitter:site\" content=\"@theadkx\" \/>\n<meta name=\"twitter:label1\" content=\"Dur\u00e9e de lecture estim\u00e9e\" \/>\n\t<meta name=\"twitter:data1\" content=\"1 minute\" \/>\n<script type=\"application\/ld+json\" class=\"yoast-schema-graph\">{\"@context\":\"https:\\\/\\\/schema.org\",\"@graph\":[{\"@type\":\"WebPage\",\"@id\":\"https:\\\/\\\/www.theadkx.org\\\/join-support\\\/join\\\/gift-membership\\\/\",\"url\":\"https:\\\/\\\/www.theadkx.org\\\/join-support\\\/join\\\/gift-membership\\\/\",\"name\":\"Gift Membership | Support the Adirondack Experience\",\"isPartOf\":{\"@id\":\"https:\\\/\\\/www.theadkx.org\\\/#website\"},\"datePublished\":\"2021-04-20T03:50:59+00:00\",\"dateModified\":\"2025-04-25T18:31:41+00:00\",\"description\":\"Give the gift of membership to the Adirondack Experience. Support our mission while sharing the history & beauty of the Adirondack region.\",\"breadcrumb\":{\"@id\":\"https:\\\/\\\/www.theadkx.org\\\/join-support\\\/join\\\/gift-membership\\\/#breadcrumb\"},\"inLanguage\":\"fr-FR\",\"potentialAction\":[{\"@type\":\"ReadAction\",\"target\":[\"https:\\\/\\\/www.theadkx.org\\\/join-support\\\/join\\\/gift-membership\\\/\"]}]},{\"@type\":\"BreadcrumbList\",\"@id\":\"https:\\\/\\\/www.theadkx.org\\\/join-support\\\/join\\\/gift-membership\\\/#breadcrumb\",\"itemListElement\":[{\"@type\":\"ListItem\",\"position\":1,\"name\":\"Home\",\"item\":\"https:\\\/\\\/www.theadkx.org\\\/homepage\\\/\"},{\"@type\":\"ListItem\",\"position\":2,\"name\":\"Join\\\/Renew + Support\",\"item\":\"https:\\\/\\\/www.theadkx.org\\\/join-support\\\/\"},{\"@type\":\"ListItem\",\"position\":3,\"name\":\"Join\",\"item\":\"https:\\\/\\\/www.theadkx.org\\\/join-support\\\/join\\\/\"},{\"@type\":\"ListItem\",\"position\":4,\"name\":\"Gift Membership\"}]},{\"@type\":\"WebSite\",\"@id\":\"https:\\\/\\\/www.theadkx.org\\\/#website\",\"url\":\"https:\\\/\\\/www.theadkx.org\\\/\",\"name\":\"Adirondack Experience\",\"description\":\"The Museum on Blue Mountain Lake\",\"publisher\":{\"@id\":\"https:\\\/\\\/www.theadkx.org\\\/#organization\"},\"potentialAction\":[{\"@type\":\"SearchAction\",\"target\":{\"@type\":\"EntryPoint\",\"urlTemplate\":\"https:\\\/\\\/www.theadkx.org\\\/?s={search_term_string}\"},\"query-input\":{\"@type\":\"PropertyValueSpecification\",\"valueRequired\":true,\"valueName\":\"search_term_string\"}}],\"inLanguage\":\"fr-FR\"},{\"@type\":\"Organization\",\"@id\":\"https:\\\/\\\/www.theadkx.org\\\/#organization\",\"name\":\"Adirondack Experience, The Museum on Blue Mountain Lake\",\"url\":\"https:\\\/\\\/www.theadkx.org\\\/\",\"logo\":{\"@type\":\"ImageObject\",\"inLanguage\":\"fr-FR\",\"@id\":\"https:\\\/\\\/www.theadkx.org\\\/#\\\/schema\\\/logo\\\/image\\\/\",\"url\":\"https:\\\/\\\/www.theadkx.org\\\/wp-content\\\/uploads\\\/2021\\\/03\\\/ADKX_LOGO.png\",\"contentUrl\":\"https:\\\/\\\/www.theadkx.org\\\/wp-content\\\/uploads\\\/2021\\\/03\\\/ADKX_LOGO.png\",\"width\":440,\"height\":276,\"caption\":\"Adirondack Experience, The Museum on Blue Mountain Lake\"},\"image\":{\"@id\":\"https:\\\/\\\/www.theadkx.org\\\/#\\\/schema\\\/logo\\\/image\\\/\"},\"sameAs\":[\"https:\\\/\\\/www.facebook.com\\\/theADKX\\\/\",\"https:\\\/\\\/x.com\\\/theadkx\",\"https:\\\/\\\/www.instagram.com\\\/theadkx\\\/\",\"https:\\\/\\\/www.youtube.com\\\/user\\\/AdirondackMuseum\"]}]}<\/script>\n<!-- \/ Yoast SEO Premium plugin. -->","yoast_head_json":{"title":"Adh\u00e9sion cadeau | Soutenez l'exp\u00e9rience Adirondack","description":"Offrez le cadeau d'une adh\u00e9sion \u00e0 l'Adirondack Experience. Soutenez notre mission tout en partageant l'histoire et la beaut\u00e9 de la r\u00e9gion des Adirondacks.","robots":{"index":"index","follow":"follow","max-snippet":"max-snippet:-1","max-image-preview":"max-image-preview:large","max-video-preview":"max-video-preview:-1"},"canonical":"https:\/\/www.theadkx.org\/fr\/joindre-support\/rejoindre\/cadeau-abonnement\/","og_locale":"fr_FR","og_type":"article","og_title":"Gift Membership","og_url":"https:\/\/www.theadkx.org\/fr\/joindre-support\/rejoindre\/cadeau-abonnement\/","og_site_name":"Adirondack Experience","article_publisher":"https:\/\/www.facebook.com\/theADKX\/","article_modified_time":"2025-04-25T18:31:41+00:00","twitter_card":"summary_large_image","twitter_site":"@theadkx","twitter_misc":{"Dur\u00e9e de lecture estim\u00e9e":"1 minute"},"schema":{"@context":"https:\/\/schema.org","@graph":[{"@type":"WebPage","@id":"https:\/\/www.theadkx.org\/join-support\/join\/gift-membership\/","url":"https:\/\/www.theadkx.org\/join-support\/join\/gift-membership\/","name":"Adh\u00e9sion cadeau | Soutenez l'exp\u00e9rience Adirondack","isPartOf":{"@id":"https:\/\/www.theadkx.org\/#website"},"datePublished":"2021-04-20T03:50:59+00:00","dateModified":"2025-04-25T18:31:41+00:00","description":"Offrez le cadeau d'une adh\u00e9sion \u00e0 l'Adirondack Experience. Soutenez notre mission tout en partageant l'histoire et la beaut\u00e9 de la r\u00e9gion des Adirondacks.","breadcrumb":{"@id":"https:\/\/www.theadkx.org\/join-support\/join\/gift-membership\/#breadcrumb"},"inLanguage":"fr-FR","potentialAction":[{"@type":"ReadAction","target":["https:\/\/www.theadkx.org\/join-support\/join\/gift-membership\/"]}]},{"@type":"BreadcrumbList","@id":"https:\/\/www.theadkx.org\/join-support\/join\/gift-membership\/#breadcrumb","itemListElement":[{"@type":"ListItem","position":1,"name":"Home","item":"https:\/\/www.theadkx.org\/homepage\/"},{"@type":"ListItem","position":2,"name":"Join\/Renew + Support","item":"https:\/\/www.theadkx.org\/join-support\/"},{"@type":"ListItem","position":3,"name":"Join","item":"https:\/\/www.theadkx.org\/join-support\/join\/"},{"@type":"ListItem","position":4,"name":"Gift Membership"}]},{"@type":"WebSite","@id":"https:\/\/www.theadkx.org\/#website","url":"https:\/\/www.theadkx.org\/","name":"L'exp\u00e9rience des Adirondacks","description":"Le mus\u00e9e du lac Blue Mountain","publisher":{"@id":"https:\/\/www.theadkx.org\/#organization"},"potentialAction":[{"@type":"SearchAction","target":{"@type":"EntryPoint","urlTemplate":"https:\/\/www.theadkx.org\/?s={search_term_string}"},"query-input":{"@type":"PropertyValueSpecification","valueRequired":true,"valueName":"search_term_string"}}],"inLanguage":"fr-FR"},{"@type":"Organization","@id":"https:\/\/www.theadkx.org\/#organization","name":"Adirondack Experience, le mus\u00e9e du lac Blue Mountain","url":"https:\/\/www.theadkx.org\/","logo":{"@type":"ImageObject","inLanguage":"fr-FR","@id":"https:\/\/www.theadkx.org\/#\/schema\/logo\/image\/","url":"https:\/\/www.theadkx.org\/wp-content\/uploads\/2021\/03\/ADKX_LOGO.png","contentUrl":"https:\/\/www.theadkx.org\/wp-content\/uploads\/2021\/03\/ADKX_LOGO.png","width":440,"height":276,"caption":"Adirondack Experience, The Museum on Blue Mountain Lake"},"image":{"@id":"https:\/\/www.theadkx.org\/#\/schema\/logo\/image\/"},"sameAs":["https:\/\/www.facebook.com\/theADKX\/","https:\/\/x.com\/theadkx","https:\/\/www.instagram.com\/theadkx\/","https:\/\/www.youtube.com\/user\/AdirondackMuseum"]}]}},"_links":{"self":[{"href":"https:\/\/www.theadkx.org\/fr\/wp-json\/wp\/v2\/pages\/1676","targetHints":{"allow":["GET"]}}],"collection":[{"href":"https:\/\/www.theadkx.org\/fr\/wp-json\/wp\/v2\/pages"}],"about":[{"href":"https:\/\/www.theadkx.org\/fr\/wp-json\/wp\/v2\/types\/page"}],"author":[{"embeddable":true,"href":"https:\/\/www.theadkx.org\/fr\/wp-json\/wp\/v2\/users\/4"}],"replies":[{"embeddable":true,"href":"https:\/\/www.theadkx.org\/fr\/wp-json\/wp\/v2\/comments?post=1676"}],"version-history":[{"count":10,"href":"https:\/\/www.theadkx.org\/fr\/wp-json\/wp\/v2\/pages\/1676\/revisions"}],"predecessor-version":[{"id":17426,"href":"https:\/\/www.theadkx.org\/fr\/wp-json\/wp\/v2\/pages\/1676\/revisions\/17426"}],"up":[{"embeddable":true,"href":"https:\/\/www.theadkx.org\/fr\/wp-json\/wp\/v2\/pages\/157"}],"wp:attachment":[{"href":"https:\/\/www.theadkx.org\/fr\/wp-json\/wp\/v2\/media?parent=1676"}],"curies":[{"name":"wp","href":"https:\/\/api.w.org\/{rel}","templated":true}]}}