{"id":2042,"date":"2021-04-21T13:26:35","date_gmt":"2021-04-21T17:26:35","guid":{"rendered":"http:\/\/www.theadkx.org\/?page_id=2042"},"modified":"2026-01-27T14:09:41","modified_gmt":"2026-01-27T19:09:41","slug":"dons-planifies","status":"publish","type":"page","link":"https:\/\/www.theadkx.org\/fr\/join-support\/donate\/planned-giving\/","title":{"rendered":"Donations planifi\u00e9es"},"content":{"rendered":"<div id='av_section_1'  class='avia-section main_color avia-section-no-padding avia-no-border-styling  ep-lazy-loaded avia-full-stretch avia-bg-style-scroll  avia-builder-el-0  el_before_av_section  avia-builder-el-first   avia-section-fwd container_wrap fullsize' style='background-repeat: no-repeat; --epBGImgDesktop: url(https:\/\/www.theadkx.org\/wp-content\/uploads\/2021\/04\/planned-giving-1920x640-1.jpg);--epBGImgTablet: var(--epBGImgDesktop); --epBGImgMobile: url(https:\/\/www.theadkx.org\/wp-content\/uploads\/2021\/04\/planned-giving-mobile-720x540-1.jpg);;background-attachment: scroll; background-position: center center;   '   data-section-bg-repeat='stretch' ><div class='container' style=\"\"><main  role=\"main\" itemprop=\"mainContentOfPage\"  class='template-page content  av-content-full alpha units' ><div class='post-entry post-entry-type-page post-entry-2042'><div class='entry-content-wrapper clearfix'>\n<div   class='hr hr-invisible  hr-responsive   avia-builder-el-1  avia-builder-el-no-sibling' ><div style='height:300px' class='hr-desktop'><\/div><div style='height:300px' class='hr-tablet'><\/div><div style='height:150px' class='hr-mobile'><\/div><\/div>\n\n<\/div><\/div><\/main><!-- close content main element --><\/div><\/div><div id='av_section_2'  class='avia-section main_color avia-section-default avia-no-border-styling  ep-lazy-loaded avia-full-stretch avia-bg-style-scroll  avia-builder-el-2  el_after_av_section  el_before_av_section   container_wrap fullsize' style='background-color: #fcfaf5; background-repeat: no-repeat; --epBGImg: url(https:\/\/www.theadkx.org\/wp-content\/uploads\/2021\/03\/Brown-Topo-Map-1.png);;background-attachment: scroll; background-position: center center;   '  data-lazy-bg data-section-bg-repeat='stretch' ><div class='container' ><div class='template-page content  av-content-full alpha units' ><div class='post-entry post-entry-type-page post-entry-2042'><div class='entry-content-wrapper clearfix'>\n<div   class='av-special-heading av-special-heading-h1   blockquote modern-quote  avia-builder-el-3  avia-builder-el-no-sibling' ><h1 class='av-special-heading-tag'   itemprop=\"headline\"  >Donations planifi\u00e9es<\/h1><div class='special-heading-border'><div class='special-heading-inner-border' ><\/div><\/div><\/div>\n\n<\/div><\/div><\/div><!-- close content main div --><\/div><\/div><div id='av_section_3'  class='avia-section main_color avia-section-default avia-no-border-styling  avia-bg-style-scroll  avia-builder-el-4  el_after_av_section  el_before_av_section   container_wrap fullsize' style='  '   ><div class='container' style=\"--containerWidth:1150px;max-width:1150px;\"><div class='template-page content  av-content-full alpha units' ><div class='post-entry post-entry-type-page post-entry-2042'><div class='entry-content-wrapper clearfix'>\n<div   class='flex_column_table  ep-lazy-loaded   av-equal-height-column-flextable -flextable flex-column-table-1'  ><div  class=\"flex_column av_one_full  no_margin flex_column_table_cell av-equal-height-column av-align-top ep-lazy-loaded first  avia-builder-el-5  avia-builder-el-no-sibling\" ><div class=\"flex-column-inner\"><p><div  style='height:20px' class='hr hr-invisible   av-desktop-hide  avia-builder-el-6  el_before_av_textblock  avia-builder-el-first' ><span class='hr-inner' ><span class='hr-inner-style'><\/span><\/span><\/div><br \/>\n<section class=\"av_textblock_section\"  itemscope=\"itemscope\" itemtype=\"https:\/\/schema.org\/CreativeWork\"  ><div class='avia_textblock'   itemprop=\"text\" ><p>Les dons planifi\u00e9s sont l'une des contributions les plus importantes que vous pouvez faire pour assurer l'avenir de l'Adirondack Experience, de ses collections et de ses programmes. Vous pouvez b\u00e9n\u00e9ficier d'avantages fiscaux et successoraux substantiels gr\u00e2ce aux dons planifi\u00e9s, en particulier s'ils sont financ\u00e9s par des dons d'actions ou de biens immobiliers \u00e0 valeur ajout\u00e9e. Les dons peuvent prendre la forme d'un legs, d'une fiducie r\u00e9siduelle de bienfaisance, d'une fiducie principale de bienfaisance, de dons d'actifs de r\u00e9gimes de retraite et de polices d'assurance-vie, et de biens personnels ou immobiliers tangibles.<\/p>\n<p>Le bureau de l'avancement institutionnel d'Adirondack Experience sera heureux de discuter avec vous des diff\u00e9rentes possibilit\u00e9s de dons planifi\u00e9s. <strong>Pour de plus amples informations, veuillez contacter l'Office of Institutional Advancement au 518.352.7311, poste 125.<\/strong><\/p>\n<\/div><\/section><br \/>\n<div   class='hr hr-default    avia-builder-el-8  el_after_av_textblock  el_before_av_textblock' ><span class='hr-inner' ><span class='hr-inner-style'><\/span><\/span><\/div><br \/>\n<section class=\"av_textblock_section\"  itemscope=\"itemscope\" itemtype=\"https:\/\/schema.org\/CreativeWork\"  ><div class='avia_textblock'   itemprop=\"text\" ><h3>Faire un don par l'interm\u00e9diaire de votre IRA<\/h3>\n<p>Si vous avez 70 ans ou plus, vous pouvez faire un don fiscalement avantageux directement de votre compte de retraite individuel (IRA) \u00e0 Adirondack Experience. Ces dons, connus sous le nom de Qualified Charitable Distributions (QCD), sont un excellent moyen de soutenir le mus\u00e9e tout en r\u00e9duisant votre revenu imposable.<\/p>\n<h5>Avantages d'un don par l'interm\u00e9diaire d'un IRA<\/h5>\n<ul>\n<li>R\u00e9duction du revenu imposable - Un DQC n'est pas consid\u00e9r\u00e9 comme un revenu imposable, ce qui peut r\u00e9duire votre facture fiscale globale.<\/li>\n<li>Respecter les distributions minimales requises (DMR) - Si vous avez 73 ans ou plus, les dons effectu\u00e9s par l'interm\u00e9diaire d'un CDQ sont pris en compte dans le calcul de votre distribution minimale requise annuelle.<\/li>\n<li>Simple et direct - Les fonds sont transf\u00e9r\u00e9s directement de votre IRA \u00e0 Adirondack Experience - pas besoin de d\u00e9tailler les d\u00e9ductions.<\/li>\n<li>L'impact aujourd'hui - Votre don soutient imm\u00e9diatement le travail d'ADKX, en aidant \u00e0 pr\u00e9server et \u00e0 partager l'histoire et la culture des Adirondacks.<\/li>\n<\/ul>\n<h5>Comment faire un don IRA \u00e0 ADKX<\/h5>\n<ol>\n<li>Contactez l'administrateur de votre IRA pour demander une distribution caritative qualifi\u00e9e directement \u00e0 Adirondack Experience.<\/li>\n<li>Fournissez les d\u00e9tails suivants :\n<ul>\n<li>Nom l\u00e9gal : Adirondack Historical Association (dba Adirondack Experience)<\/li>\n<li>EIN : 13-5635801<\/li>\n<li>Adresse : 9097 State Route 30, Blue Mountain Lake, NY 12812 9097 State Route 30, Blue Mountain Lake, NY 12812<\/li>\n<\/ul>\n<\/li>\n<li>Faites-nous part de votre don afin que nous puissions vous remercier et veiller \u00e0 ce que votre don soit utilis\u00e9 conform\u00e9ment \u00e0 vos souhaits.<\/li>\n<\/ol>\n<h5>Notes importantes<\/h5>\n<ul>\n<li>Les dons doivent \u00eatre transf\u00e9r\u00e9s directement de votre IRA \u00e0 Adirondack Experience pour \u00eatre qualifi\u00e9s de QCD.<\/li>\n<li>Vous pouvez verser jusqu'\u00e0 $100 000 par an par le biais de QCDs (les couples mari\u00e9s peuvent chacun verser jusqu'\u00e0 $108 000 \u00e0 partir de leur propre IRA).<\/li>\n<\/ul>\n<\/div><\/section><\/p><\/div><\/div><\/div><!--close column table wrapper. Autoclose: 1 --><\/div><\/div><\/div><!-- close content main div --><\/div><\/div><div id='av_section_4'  class='avia-section alternate_color avia-section-default avia-no-border-styling  avia-bg-style-scroll  avia-builder-el-10  el_after_av_section  avia-builder-el-last   container_wrap fullsize' style='background-color: #789d4a;   '   ><div class='container' ><div class='template-page content  av-content-full alpha units' ><div class='post-entry post-entry-type-page post-entry-2042'><div class='entry-content-wrapper clearfix'>\n<div   class='flex_column_table  ep-lazy-loaded   av-equal-height-column-flextable -flextable flex-column-table-2'  ><div  class=\"flex_column av_one_full  flex_column_table_cell av-equal-height-column av-align-top ep-lazy-loaded first  avia-builder-el-11  avia-builder-el-no-sibling\" ><div class=\"flex-column-inner\"><p><div  style='color:#fcfaf5;' class='av-special-heading av-special-heading-h3  custom-color-heading blockquote modern-quote  avia-builder-el-12  el_before_av_textblock  avia-builder-el-first' ><h3 class='av-special-heading-tag'   itemprop=\"headline\"  >La Soci\u00e9t\u00e9 Hochschild<\/h3><div class='special-heading-border'><div class='special-heading-inner-border' style='border-color:#fcfaf5'><\/div><\/div><\/div><br \/>\n<section class=\"av_textblock_section\"  itemscope=\"itemscope\" itemtype=\"https:\/\/schema.org\/CreativeWork\"  ><div class='avia_textblock   av_inherit_color'  style='font-size:20px; color:#fcfaf5; '  itemprop=\"text\" ><p>Pour ceux qui soutiennent l'Adirondack Experience par le biais de leur testament, d'un plan de succession ou d'un contrat de rente viag\u00e8re, nous avons cr\u00e9\u00e9 un programme d'assistance technique.<i>a Soci\u00e9t\u00e9 Hochschild<\/i>. En devenant membre, vous contribuerez \u00e0 garantir que cette institution unique enrichira la vie des g\u00e9n\u00e9rations \u00e0 venir.<\/p>\n<p><strong>Si vous nous avez d\u00e9j\u00e0 inclus dans vos plans successoraux, si vous envisagez de faire un don planifi\u00e9, une fiducie ou toute autre option, ou si vous souhaitez simplement obtenir plus d'informations sur l'action de la Fondation.<i>a Soci\u00e9t\u00e9 Hochschild <\/i>veuillez contacter le Bureau de l'avancement institutionnel au 518.352.7311, poste 125.<\/strong><\/p>\n<\/div><\/section><\/p><\/div><\/div><\/div><!--close column table wrapper. Autoclose: 1 -->\n<\/p>","protected":false},"excerpt":{"rendered":"","protected":false},"author":4,"featured_media":0,"parent":159,"menu_order":143,"comment_status":"closed","ping_status":"closed","template":"","meta":{"_acf_changed":false,"om_disable_all_campaigns":false,"footnotes":""},"class_list":["post-2042","page","type-page","status-publish","hentry"],"acf":[],"yoast_head":"<!-- This site is optimized with the Yoast SEO Premium plugin v22.8 (Yoast SEO v27.5) - https:\/\/yoast.com\/product\/yoast-seo-premium-wordpress\/ -->\n<title>Planned Gifts | Support the Adirondack Experience Leave a Lasting Legacy<\/title>\n<meta name=\"description\" content=\"Planned gifts are one of the most significant contributions that you can make to secure the future of the Adirondack Experience.\" \/>\n<meta name=\"robots\" content=\"index, follow, max-snippet:-1, max-image-preview:large, max-video-preview:-1\" \/>\n<link rel=\"canonical\" href=\"https:\/\/www.theadkx.org\/fr\/joindre-support\/faire-un-don\/dons-planifies\/\" \/>\n<meta property=\"og:locale\" content=\"fr_FR\" \/>\n<meta property=\"og:type\" content=\"article\" \/>\n<meta property=\"og:title\" content=\"Planned Giving\" \/>\n<meta property=\"og:url\" content=\"https:\/\/www.theadkx.org\/fr\/joindre-support\/faire-un-don\/dons-planifies\/\" \/>\n<meta property=\"og:site_name\" content=\"Adirondack Experience\" \/>\n<meta property=\"article:publisher\" content=\"https:\/\/www.facebook.com\/theADKX\/\" \/>\n<meta property=\"article:modified_time\" content=\"2026-01-27T19:09:41+00:00\" \/>\n<meta name=\"twitter:card\" content=\"summary_large_image\" \/>\n<meta name=\"twitter:site\" content=\"@theadkx\" \/>\n<script type=\"application\/ld+json\" class=\"yoast-schema-graph\">{\"@context\":\"https:\\\/\\\/schema.org\",\"@graph\":[{\"@type\":\"WebPage\",\"@id\":\"https:\\\/\\\/www.theadkx.org\\\/fr\\\/joindre-support\\\/faire-un-don\\\/dons-planifies\\\/\",\"url\":\"https:\\\/\\\/www.theadkx.org\\\/fr\\\/joindre-support\\\/faire-un-don\\\/dons-planifies\\\/\",\"name\":\"Planned Gifts | Support the Adirondack Experience Leave a Lasting Legacy\",\"isPartOf\":{\"@id\":\"https:\\\/\\\/www.theadkx.org\\\/#website\"},\"datePublished\":\"2021-04-21T17:26:35+00:00\",\"dateModified\":\"2026-01-27T19:09:41+00:00\",\"description\":\"Planned gifts are one of the most significant contributions that you can make to secure the future of the Adirondack Experience.\",\"breadcrumb\":{\"@id\":\"https:\\\/\\\/www.theadkx.org\\\/fr\\\/joindre-support\\\/faire-un-don\\\/dons-planifies\\\/#breadcrumb\"},\"inLanguage\":\"fr-FR\",\"potentialAction\":[{\"@type\":\"ReadAction\",\"target\":[\"https:\\\/\\\/www.theadkx.org\\\/fr\\\/joindre-support\\\/faire-un-don\\\/dons-planifies\\\/\"]}]},{\"@type\":\"BreadcrumbList\",\"@id\":\"https:\\\/\\\/www.theadkx.org\\\/fr\\\/joindre-support\\\/faire-un-don\\\/dons-planifies\\\/#breadcrumb\",\"itemListElement\":[{\"@type\":\"ListItem\",\"position\":1,\"name\":\"Home\",\"item\":\"https:\\\/\\\/www.theadkx.org\\\/homepage\\\/\"},{\"@type\":\"ListItem\",\"position\":2,\"name\":\"Join\\\/Renew + Support\",\"item\":\"https:\\\/\\\/www.theadkx.org\\\/join-support\\\/\"},{\"@type\":\"ListItem\",\"position\":3,\"name\":\"Donate\",\"item\":\"https:\\\/\\\/www.theadkx.org\\\/join-support\\\/donate\\\/\"},{\"@type\":\"ListItem\",\"position\":4,\"name\":\"Planned Giving\"}]},{\"@type\":\"WebSite\",\"@id\":\"https:\\\/\\\/www.theadkx.org\\\/#website\",\"url\":\"https:\\\/\\\/www.theadkx.org\\\/\",\"name\":\"Adirondack Experience\",\"description\":\"The Museum on Blue Mountain Lake\",\"publisher\":{\"@id\":\"https:\\\/\\\/www.theadkx.org\\\/#organization\"},\"potentialAction\":[{\"@type\":\"SearchAction\",\"target\":{\"@type\":\"EntryPoint\",\"urlTemplate\":\"https:\\\/\\\/www.theadkx.org\\\/?s={search_term_string}\"},\"query-input\":{\"@type\":\"PropertyValueSpecification\",\"valueRequired\":true,\"valueName\":\"search_term_string\"}}],\"inLanguage\":\"fr-FR\"},{\"@type\":\"Organization\",\"@id\":\"https:\\\/\\\/www.theadkx.org\\\/#organization\",\"name\":\"Adirondack Experience, The Museum on Blue Mountain Lake\",\"url\":\"https:\\\/\\\/www.theadkx.org\\\/\",\"logo\":{\"@type\":\"ImageObject\",\"inLanguage\":\"fr-FR\",\"@id\":\"https:\\\/\\\/www.theadkx.org\\\/#\\\/schema\\\/logo\\\/image\\\/\",\"url\":\"https:\\\/\\\/www.theadkx.org\\\/wp-content\\\/uploads\\\/2021\\\/03\\\/ADKX_LOGO.png\",\"contentUrl\":\"https:\\\/\\\/www.theadkx.org\\\/wp-content\\\/uploads\\\/2021\\\/03\\\/ADKX_LOGO.png\",\"width\":440,\"height\":276,\"caption\":\"Adirondack Experience, The Museum on Blue Mountain Lake\"},\"image\":{\"@id\":\"https:\\\/\\\/www.theadkx.org\\\/#\\\/schema\\\/logo\\\/image\\\/\"},\"sameAs\":[\"https:\\\/\\\/www.facebook.com\\\/theADKX\\\/\",\"https:\\\/\\\/x.com\\\/theadkx\",\"https:\\\/\\\/www.instagram.com\\\/theadkx\\\/\",\"https:\\\/\\\/www.youtube.com\\\/user\\\/AdirondackMuseum\"]}]}<\/script>\n<!-- \/ Yoast SEO Premium plugin. -->","yoast_head_json":{"title":"Les dons planifi\u00e9s pour soutenir l'exp\u00e9rience Adirondack laissent un h\u00e9ritage durable.","description":"Les dons planifi\u00e9s sont l'une des contributions les plus importantes que vous pouvez faire pour assurer l'avenir de l'Adirondack Experience.","robots":{"index":"index","follow":"follow","max-snippet":"max-snippet:-1","max-image-preview":"max-image-preview:large","max-video-preview":"max-video-preview:-1"},"canonical":"https:\/\/www.theadkx.org\/fr\/joindre-support\/faire-un-don\/dons-planifies\/","og_locale":"fr_FR","og_type":"article","og_title":"Planned Giving","og_url":"https:\/\/www.theadkx.org\/fr\/joindre-support\/faire-un-don\/dons-planifies\/","og_site_name":"Adirondack Experience","article_publisher":"https:\/\/www.facebook.com\/theADKX\/","article_modified_time":"2026-01-27T19:09:41+00:00","twitter_card":"summary_large_image","twitter_site":"@theadkx","schema":{"@context":"https:\/\/schema.org","@graph":[{"@type":"WebPage","@id":"https:\/\/www.theadkx.org\/fr\/joindre-support\/faire-un-don\/dons-planifies\/","url":"https:\/\/www.theadkx.org\/fr\/joindre-support\/faire-un-don\/dons-planifies\/","name":"Les dons planifi\u00e9s pour soutenir l'exp\u00e9rience Adirondack laissent un h\u00e9ritage durable.","isPartOf":{"@id":"https:\/\/www.theadkx.org\/#website"},"datePublished":"2021-04-21T17:26:35+00:00","dateModified":"2026-01-27T19:09:41+00:00","description":"Les dons planifi\u00e9s sont l'une des contributions les plus importantes que vous pouvez faire pour assurer l'avenir de l'Adirondack Experience.","breadcrumb":{"@id":"https:\/\/www.theadkx.org\/fr\/joindre-support\/faire-un-don\/dons-planifies\/#breadcrumb"},"inLanguage":"fr-FR","potentialAction":[{"@type":"ReadAction","target":["https:\/\/www.theadkx.org\/fr\/joindre-support\/faire-un-don\/dons-planifies\/"]}]},{"@type":"BreadcrumbList","@id":"https:\/\/www.theadkx.org\/fr\/joindre-support\/faire-un-don\/dons-planifies\/#breadcrumb","itemListElement":[{"@type":"ListItem","position":1,"name":"Home","item":"https:\/\/www.theadkx.org\/homepage\/"},{"@type":"ListItem","position":2,"name":"Join\/Renew + Support","item":"https:\/\/www.theadkx.org\/join-support\/"},{"@type":"ListItem","position":3,"name":"Donate","item":"https:\/\/www.theadkx.org\/join-support\/donate\/"},{"@type":"ListItem","position":4,"name":"Planned Giving"}]},{"@type":"WebSite","@id":"https:\/\/www.theadkx.org\/#website","url":"https:\/\/www.theadkx.org\/","name":"L'exp\u00e9rience des Adirondacks","description":"Le mus\u00e9e du lac Blue Mountain","publisher":{"@id":"https:\/\/www.theadkx.org\/#organization"},"potentialAction":[{"@type":"SearchAction","target":{"@type":"EntryPoint","urlTemplate":"https:\/\/www.theadkx.org\/?s={search_term_string}"},"query-input":{"@type":"PropertyValueSpecification","valueRequired":true,"valueName":"search_term_string"}}],"inLanguage":"fr-FR"},{"@type":"Organization","@id":"https:\/\/www.theadkx.org\/#organization","name":"Adirondack Experience, le mus\u00e9e du lac Blue Mountain","url":"https:\/\/www.theadkx.org\/","logo":{"@type":"ImageObject","inLanguage":"fr-FR","@id":"https:\/\/www.theadkx.org\/#\/schema\/logo\/image\/","url":"https:\/\/www.theadkx.org\/wp-content\/uploads\/2021\/03\/ADKX_LOGO.png","contentUrl":"https:\/\/www.theadkx.org\/wp-content\/uploads\/2021\/03\/ADKX_LOGO.png","width":440,"height":276,"caption":"Adirondack Experience, The Museum on Blue Mountain Lake"},"image":{"@id":"https:\/\/www.theadkx.org\/#\/schema\/logo\/image\/"},"sameAs":["https:\/\/www.facebook.com\/theADKX\/","https:\/\/x.com\/theadkx","https:\/\/www.instagram.com\/theadkx\/","https:\/\/www.youtube.com\/user\/AdirondackMuseum"]}]}},"_links":{"self":[{"href":"https:\/\/www.theadkx.org\/fr\/wp-json\/wp\/v2\/pages\/2042","targetHints":{"allow":["GET"]}}],"collection":[{"href":"https:\/\/www.theadkx.org\/fr\/wp-json\/wp\/v2\/pages"}],"about":[{"href":"https:\/\/www.theadkx.org\/fr\/wp-json\/wp\/v2\/types\/page"}],"author":[{"embeddable":true,"href":"https:\/\/www.theadkx.org\/fr\/wp-json\/wp\/v2\/users\/4"}],"replies":[{"embeddable":true,"href":"https:\/\/www.theadkx.org\/fr\/wp-json\/wp\/v2\/comments?post=2042"}],"version-history":[{"count":10,"href":"https:\/\/www.theadkx.org\/fr\/wp-json\/wp\/v2\/pages\/2042\/revisions"}],"predecessor-version":[{"id":17961,"href":"https:\/\/www.theadkx.org\/fr\/wp-json\/wp\/v2\/pages\/2042\/revisions\/17961"}],"up":[{"embeddable":true,"href":"https:\/\/www.theadkx.org\/fr\/wp-json\/wp\/v2\/pages\/159"}],"wp:attachment":[{"href":"https:\/\/www.theadkx.org\/fr\/wp-json\/wp\/v2\/media?parent=2042"}],"curies":[{"name":"wp","href":"https:\/\/api.w.org\/{rel}","templated":true}]}}