{"id":2590,"date":"2021-04-24T20:06:15","date_gmt":"2021-04-25T00:06:15","guid":{"rendered":"http:\/\/www.theadkx.org\/?page_id=2590"},"modified":"2021-10-14T14:21:08","modified_gmt":"2021-10-14T18:21:08","slug":"creativite-en-quarantaine","status":"publish","type":"page","link":"https:\/\/www.theadkx.org\/fr\/exhibitions\/always-online\/meet-the-artist\/","title":{"rendered":"Rencontre avec l'artiste"},"content":{"rendered":"<div id='av_section_1'  class='avia-section main_color avia-section-no-padding avia-no-border-styling  ep-lazy-loaded avia-full-stretch avia-bg-style-scroll  avia-builder-el-0  el_before_av_section  avia-builder-el-first   avia-section-fwd container_wrap fullsize' style='background-repeat: no-repeat; --epBGImgDesktop: url(https:\/\/www.theadkx.org\/wp-content\/uploads\/2021\/04\/creativity-in-quarantine-1920x640-1.jpg);--epBGImgTablet: var(--epBGImgDesktop); --epBGImgMobile: url(https:\/\/www.theadkx.org\/wp-content\/uploads\/2021\/04\/creativity-in-quarantine-720x540-1.jpg);;background-attachment: scroll; background-position: bottom center;   '   data-section-bg-repeat='stretch' ><div class='container' style=\"\"><main  role=\"main\" itemprop=\"mainContentOfPage\"  class='template-page content  av-content-full alpha units' ><div class='post-entry post-entry-type-page post-entry-2590'><div class='entry-content-wrapper clearfix'>\n<div   class='hr hr-invisible  hr-responsive   avia-builder-el-1  avia-builder-el-no-sibling' ><div style='height:300px' class='hr-desktop'><\/div><div style='height:300px' class='hr-tablet'><\/div><div style='height:150px' class='hr-mobile'><\/div><\/div>\n\n<\/div><\/div><\/main><!-- close content main element --><\/div><\/div><div id='av_section_2'  class='avia-section main_color avia-section-default avia-no-border-styling  ep-lazy-loaded avia-full-stretch avia-bg-style-scroll  avia-builder-el-2  el_after_av_section  el_before_av_section   container_wrap fullsize' style='background-color: #fcfaf5; background-repeat: no-repeat; --epBGImg: url(https:\/\/www.theadkx.org\/wp-content\/uploads\/2021\/03\/Brown-Topo-Map-1.png);;background-attachment: scroll; background-position: center center;   '  data-lazy-bg data-section-bg-repeat='stretch' ><div class='container' ><div class='template-page content  av-content-full alpha units' ><div class='post-entry post-entry-type-page post-entry-2590'><div class='entry-content-wrapper clearfix'>\n<div   class='av-special-heading av-special-heading-h1   blockquote modern-quote  avia-builder-el-3  avia-builder-el-no-sibling' ><h1 class='av-special-heading-tag'   itemprop=\"headline\"  >Rencontre avec l'artiste<\/h1><div class='special-heading-border'><div class='special-heading-inner-border' ><\/div><\/div><\/div>\n<\/div><\/div><\/div><!-- close content main div --><\/div><\/div><div id='av_section_3'  class='avia-section main_color avia-section-default avia-no-border-styling  avia-bg-style-scroll  avia-builder-el-4  el_after_av_section  el_before_av_section   container_wrap fullsize' style='  '   ><div class='container' style=\"--containerWidth:1150px;max-width:1150px;\"><div class='template-page content  av-content-full alpha units' ><div class='post-entry post-entry-type-page post-entry-2590'><div class='entry-content-wrapper clearfix'>\n<div   class='flex_column_table  reverse-order ep-lazy-loaded   av-equal-height-column-flextable av-break-at-tablet-flextable flex-column-table-1'  ><div  class=\"flex_column av_one_full  custom_space av-break-at-tablet flex_column_table_cell av-equal-height-column av-align-top ep-lazy-loaded first  avia-builder-el-5  avia-builder-el-no-sibling\" ><div class=\"flex-column-inner\"><p><div  style='height:20px' class='hr hr-invisible   av-desktop-hide  avia-builder-el-6  el_before_av_heading  avia-builder-el-first' ><span class='hr-inner' ><span class='hr-inner-style'><\/span><\/span><\/div><br \/>\n<div   class='av-special-heading av-special-heading-h3   blockquote modern-quote  avia-builder-el-7  el_after_av_hr  el_before_av_textblock' ><h3 class='av-special-heading-tag'   itemprop=\"headline\"  >Les artistes des Adirondacks au travail<\/h3><div class='special-heading-border'><div class='special-heading-inner-border' ><\/div><\/div><\/div><br \/>\n<section class=\"av_textblock_section\"  itemscope=\"itemscope\" itemtype=\"https:\/\/schema.org\/CreativeWork\"  ><div class='avia_textblock'   itemprop=\"text\" ><p>Le parc des Adirondacks abrite une communaut\u00e9 d'artistes dynamique et diversifi\u00e9e. Pendant cette p\u00e9riode difficile, l'Adirondack Experience offrira un aper\u00e7u unique du travail cr\u00e9atif des peintres, sculpteurs, vanniers, photographes, imprimeurs, fabricants de meubles et autres qui trouvent leur inspiration dans le paysage et la vie des petites villes du parc Adirondack. Travaillant aussi bien \u00e0 l'ext\u00e9rieur qu'\u00e0 l'abri de leur atelier, les artistes partagent leurs travaux en cours et expliquent comment la crise du coronavirus fa\u00e7onne leur processus cr\u00e9atif.<\/p>\n<\/div><\/section><\/p><\/div><\/div><\/div><!--close column table wrapper. Autoclose: 1 -->\n<\/p>\n<\/div><\/div><\/div><!-- close content main div --><\/div><\/div><div id='av_section_4'  class='avia-section main_color avia-section-default avia-no-border-styling  avia-bg-style-scroll  avia-builder-el-9  el_after_av_section  avia-builder-el-last   avia-section-fwd container_wrap fullsize' style='  '   ><div class='container' style=\"\"><div class='template-page content  av-content-full alpha units' style='padding-top:0px; padding-bottom:0px; '><div class='post-entry post-entry-type-page post-entry-2590'><div class='entry-content-wrapper clearfix'>\n\n\t\t\t\t<div  class='ep-item-grid-wrapper ep-grid-wrapper    avia-builder-el-10  el_before_av_hr  avia-builder-el-first  programs-items-grid' style='--itemCount: 3;' >\n\t\t\t\t\t<div class=\"ep-item-grid ep-grid  columns is-multiline is-mobile is-variable is-3 ep-grid-align-center\" >\n\t\t\t\t\t\t\n<div class='ep-item-grid-item ep-item-1  column is-full-mobile is-half-tablet is-one-third-desktop' >\n<a class=\"noHover ep-link-wrapper\" href=\"https:\/\/www.theadkx.org\/fr\/exhibitions\/always-online\/meet-the-artist\/barney-bellinger\/\" >\t<div class='ep-item-grid-item-inner column-inner'>\n        <div class=\"program-item-wrapper\">\n            <div class=\"program-item-thumb\" style=\"background-image: url(https:\/\/www.theadkx.org\/wp-content\/uploads\/2021\/04\/barney-bellinger-720x540-1.jpg)\">\n            <\/div>\n            <div class=\"program-item-content field-trips-top bg-pos-right\">\n                                    <div class=\"program-item-title\">\n                        <h4 class=\"ep-item-grid-item-title\" style='font-size:50px;'>Barney Bellinger<\/h4>\n                    <\/div>\n                                                    <div class=\"program-item-extract\">\n                        <p>Originaire de Johnstown, Barney a commenc\u00e9 sa carri\u00e8re artistique en personnalisant des motos et en sculptant et peignant \u00e0 la main des enseignes. Inspir\u00e9 par une visite \u00e0 l'Adirondack Experience's Rustic Fair en 1990, il s'est tourn\u00e9 vers la fabrication de meubles et a cr\u00e9\u00e9 le Sampson Bog Studio quatre ans plus tard. Son travail est \u00e9troitement li\u00e9 aux bois et aux eaux de sa maison des Adirondacks.<br \/>\n<span style=\"color: #789d4a;\">-<\/span><\/p>\n                    <\/div>\n                                                <div class=\"program-item-link\">\n                    <span>\n                        En savoir plus                    <\/span>\n                <\/div>\n                            <\/div>\n        <\/div>\n\t<\/div>\n    <\/a><\/div>\n<div class='ep-item-grid-item ep-item-2  column is-full-mobile is-half-tablet is-one-third-desktop' >\n<a class=\"noHover ep-link-wrapper\" href=\"https:\/\/www.theadkx.org\/fr\/exhibitions\/always-online\/meet-the-artist\/john-van-alstine\/\" >\t<div class='ep-item-grid-item-inner column-inner'>\n        <div class=\"program-item-wrapper\">\n            <div class=\"program-item-thumb\" style=\"background-image: url(https:\/\/www.theadkx.org\/wp-content\/uploads\/2021\/04\/john-van-alstine-720x540-1.jpg)\">\n            <\/div>\n            <div class=\"program-item-content in-school-top bg-pos-left\">\n                                    <div class=\"program-item-title\">\n                        <h4 class=\"ep-item-grid-item-title\" style='font-size:50px;'>John Van Alstine<\/h4>\n                    <\/div>\n                                                    <div class=\"program-item-extract\">\n                        <p>John Van Alstine (n\u00e9 en 1952) est n\u00e9 et a grandi dans les Adirondacks. Il vit et travaille \u00e0 Wells, NY, dans une ancienne usine de transformation du bois, au bord de la rivi\u00e8re Sacandaga. Ses sculptures abstraites en pierre et en m\u00e9tal marient des \u00e9l\u00e9ments naturels avec des fragments industriels trouv\u00e9s et font souvent r\u00e9f\u00e9rence \u00e0 des th\u00e8mes nautiques ou mythologiques grecs.<br \/>\n<span style=\"color: #cba052;\">-<\/span><\/p>\n                    <\/div>\n                                                <div class=\"program-item-link\">\n                    <span>\n                        En savoir plus                    <\/span>\n                <\/div>\n                            <\/div>\n        <\/div>\n\t<\/div>\n    <\/a><\/div>\n<div class='ep-item-grid-item ep-item-3  column is-full-mobile is-half-tablet is-one-third-desktop' >\n<a class=\"noHover ep-link-wrapper\" href=\"https:\/\/www.theadkx.org\/fr\/exhibitions\/always-online\/meet-the-artist\/valerie-patterson\/\" >\t<div class='ep-item-grid-item-inner column-inner'>\n        <div class=\"program-item-wrapper\">\n            <div class=\"program-item-thumb\" style=\"background-image: url(https:\/\/www.theadkx.org\/wp-content\/uploads\/2021\/04\/valerie-patterson-720x540-1.jpg)\">\n            <\/div>\n            <div class=\"program-item-content resources-top bg-pos-right\">\n                                    <div class=\"program-item-title\">\n                        <h4 class=\"ep-item-grid-item-title\" style='font-size:50px;'>Valerie Patterson<\/h4>\n                    <\/div>\n                                                    <div class=\"program-item-extract\">\n                        <p>L'aquarelliste Valerie Patterson a grandi \u00e0 Ogdensburg, dans l'\u00c9tat de New York. Elle a obtenu une licence en art\/peinture et une ma\u00eetrise en \u00e9ducation \u00e9l\u00e9mentaire \u00e0 SUNY Potsdam. Bien que son travail soit souvent provocateur, avec des commentaires sociaux et politiques pointus, sa vie dans les Adirondacks se refl\u00e8te \u00e9galement dans sa peinture.<\/p>\n                    <\/div>\n                                                <div class=\"program-item-link\">\n                    <span>\n                        En savoir plus                    <\/span>\n                <\/div>\n                            <\/div>\n        <\/div>\n\t<\/div>\n    <\/a><\/div>\n\t\t\t\t\t<\/div>\n\t\t\t\t\t\t\t\t\t<\/div>\n\n\t\t\t\t\n<div   class='hr hr-invisible  hr-responsive   avia-builder-el-11  el_after_ep_item_grid  avia-builder-el-last' ><div style='height:30px' class='hr-desktop'><\/div><div style='height:1px; margin-top:0px'  class='hr-tablet'><\/div><div style='height:1px; margin-top:0px'  class='hr-mobile'><\/div><\/div>","protected":false},"excerpt":{"rendered":"","protected":false},"author":4,"featured_media":0,"parent":50,"menu_order":48,"comment_status":"closed","ping_status":"closed","template":"","meta":{"_acf_changed":false,"om_disable_all_campaigns":false,"footnotes":""},"class_list":["post-2590","page","type-page","status-publish","hentry"],"acf":[],"yoast_head":"<!-- This site is optimized with the Yoast SEO Premium plugin v22.8 (Yoast SEO v27.4) - https:\/\/yoast.com\/product\/yoast-seo-premium-wordpress\/ -->\n<title>Meet the Artist | Adirondack Experience<\/title>\n<meta name=\"robots\" content=\"index, follow, max-snippet:-1, max-image-preview:large, max-video-preview:-1\" \/>\n<link rel=\"canonical\" href=\"https:\/\/www.theadkx.org\/fr\/expositions\/toujours-en-ligne\/creativite-en-quarantaine\/\" \/>\n<meta property=\"og:locale\" content=\"fr_FR\" \/>\n<meta property=\"og:type\" content=\"article\" \/>\n<meta property=\"og:title\" content=\"Meet the Artist\" \/>\n<meta property=\"og:url\" content=\"https:\/\/www.theadkx.org\/fr\/expositions\/toujours-en-ligne\/creativite-en-quarantaine\/\" \/>\n<meta property=\"og:site_name\" content=\"Adirondack Experience\" \/>\n<meta property=\"article:publisher\" content=\"https:\/\/www.facebook.com\/theADKX\/\" \/>\n<meta property=\"article:modified_time\" content=\"2021-10-14T18:21:08+00:00\" \/>\n<meta name=\"twitter:card\" content=\"summary_large_image\" \/>\n<meta name=\"twitter:site\" content=\"@theadkx\" \/>\n<meta name=\"twitter:label1\" content=\"Dur\u00e9e de lecture estim\u00e9e\" \/>\n\t<meta name=\"twitter:data1\" content=\"4 minutes\" \/>\n<script type=\"application\/ld+json\" class=\"yoast-schema-graph\">{\"@context\":\"https:\\\/\\\/schema.org\",\"@graph\":[{\"@type\":\"WebPage\",\"@id\":\"https:\\\/\\\/www.theadkx.org\\\/exhibitions\\\/always-online\\\/meet-the-artist\\\/\",\"url\":\"https:\\\/\\\/www.theadkx.org\\\/exhibitions\\\/always-online\\\/meet-the-artist\\\/\",\"name\":\"Meet the Artist | Adirondack Experience\",\"isPartOf\":{\"@id\":\"https:\\\/\\\/www.theadkx.org\\\/#website\"},\"datePublished\":\"2021-04-25T00:06:15+00:00\",\"dateModified\":\"2021-10-14T18:21:08+00:00\",\"breadcrumb\":{\"@id\":\"https:\\\/\\\/www.theadkx.org\\\/exhibitions\\\/always-online\\\/meet-the-artist\\\/#breadcrumb\"},\"inLanguage\":\"fr-FR\",\"potentialAction\":[{\"@type\":\"ReadAction\",\"target\":[\"https:\\\/\\\/www.theadkx.org\\\/exhibitions\\\/always-online\\\/meet-the-artist\\\/\"]}]},{\"@type\":\"BreadcrumbList\",\"@id\":\"https:\\\/\\\/www.theadkx.org\\\/exhibitions\\\/always-online\\\/meet-the-artist\\\/#breadcrumb\",\"itemListElement\":[{\"@type\":\"ListItem\",\"position\":1,\"name\":\"Home\",\"item\":\"https:\\\/\\\/www.theadkx.org\\\/homepage\\\/\"},{\"@type\":\"ListItem\",\"position\":2,\"name\":\"Exhibitions\",\"item\":\"https:\\\/\\\/www.theadkx.org\\\/exhibitions\\\/\"},{\"@type\":\"ListItem\",\"position\":3,\"name\":\"Always Online\",\"item\":\"https:\\\/\\\/www.theadkx.org\\\/exhibitions\\\/always-online\\\/\"},{\"@type\":\"ListItem\",\"position\":4,\"name\":\"Meet the Artist\"}]},{\"@type\":\"WebSite\",\"@id\":\"https:\\\/\\\/www.theadkx.org\\\/#website\",\"url\":\"https:\\\/\\\/www.theadkx.org\\\/\",\"name\":\"Adirondack Experience\",\"description\":\"The Museum on Blue Mountain Lake\",\"publisher\":{\"@id\":\"https:\\\/\\\/www.theadkx.org\\\/#organization\"},\"potentialAction\":[{\"@type\":\"SearchAction\",\"target\":{\"@type\":\"EntryPoint\",\"urlTemplate\":\"https:\\\/\\\/www.theadkx.org\\\/?s={search_term_string}\"},\"query-input\":{\"@type\":\"PropertyValueSpecification\",\"valueRequired\":true,\"valueName\":\"search_term_string\"}}],\"inLanguage\":\"fr-FR\"},{\"@type\":\"Organization\",\"@id\":\"https:\\\/\\\/www.theadkx.org\\\/#organization\",\"name\":\"Adirondack Experience, The Museum on Blue Mountain Lake\",\"url\":\"https:\\\/\\\/www.theadkx.org\\\/\",\"logo\":{\"@type\":\"ImageObject\",\"inLanguage\":\"fr-FR\",\"@id\":\"https:\\\/\\\/www.theadkx.org\\\/#\\\/schema\\\/logo\\\/image\\\/\",\"url\":\"https:\\\/\\\/www.theadkx.org\\\/wp-content\\\/uploads\\\/2021\\\/03\\\/ADKX_LOGO.png\",\"contentUrl\":\"https:\\\/\\\/www.theadkx.org\\\/wp-content\\\/uploads\\\/2021\\\/03\\\/ADKX_LOGO.png\",\"width\":440,\"height\":276,\"caption\":\"Adirondack Experience, The Museum on Blue Mountain Lake\"},\"image\":{\"@id\":\"https:\\\/\\\/www.theadkx.org\\\/#\\\/schema\\\/logo\\\/image\\\/\"},\"sameAs\":[\"https:\\\/\\\/www.facebook.com\\\/theADKX\\\/\",\"https:\\\/\\\/x.com\\\/theadkx\",\"https:\\\/\\\/www.instagram.com\\\/theadkx\\\/\",\"https:\\\/\\\/www.youtube.com\\\/user\\\/AdirondackMuseum\"]}]}<\/script>\n<!-- \/ Yoast SEO Premium plugin. -->","yoast_head_json":{"title":"Rencontre avec l'artiste - Adirondack Experience","robots":{"index":"index","follow":"follow","max-snippet":"max-snippet:-1","max-image-preview":"max-image-preview:large","max-video-preview":"max-video-preview:-1"},"canonical":"https:\/\/www.theadkx.org\/fr\/expositions\/toujours-en-ligne\/creativite-en-quarantaine\/","og_locale":"fr_FR","og_type":"article","og_title":"Meet the Artist","og_url":"https:\/\/www.theadkx.org\/fr\/expositions\/toujours-en-ligne\/creativite-en-quarantaine\/","og_site_name":"Adirondack Experience","article_publisher":"https:\/\/www.facebook.com\/theADKX\/","article_modified_time":"2021-10-14T18:21:08+00:00","twitter_card":"summary_large_image","twitter_site":"@theadkx","twitter_misc":{"Dur\u00e9e de lecture estim\u00e9e":"4 minutes"},"schema":{"@context":"https:\/\/schema.org","@graph":[{"@type":"WebPage","@id":"https:\/\/www.theadkx.org\/exhibitions\/always-online\/meet-the-artist\/","url":"https:\/\/www.theadkx.org\/exhibitions\/always-online\/meet-the-artist\/","name":"Rencontre avec l'artiste - Adirondack Experience","isPartOf":{"@id":"https:\/\/www.theadkx.org\/#website"},"datePublished":"2021-04-25T00:06:15+00:00","dateModified":"2021-10-14T18:21:08+00:00","breadcrumb":{"@id":"https:\/\/www.theadkx.org\/exhibitions\/always-online\/meet-the-artist\/#breadcrumb"},"inLanguage":"fr-FR","potentialAction":[{"@type":"ReadAction","target":["https:\/\/www.theadkx.org\/exhibitions\/always-online\/meet-the-artist\/"]}]},{"@type":"BreadcrumbList","@id":"https:\/\/www.theadkx.org\/exhibitions\/always-online\/meet-the-artist\/#breadcrumb","itemListElement":[{"@type":"ListItem","position":1,"name":"Home","item":"https:\/\/www.theadkx.org\/homepage\/"},{"@type":"ListItem","position":2,"name":"Exhibitions","item":"https:\/\/www.theadkx.org\/exhibitions\/"},{"@type":"ListItem","position":3,"name":"Always Online","item":"https:\/\/www.theadkx.org\/exhibitions\/always-online\/"},{"@type":"ListItem","position":4,"name":"Meet the Artist"}]},{"@type":"WebSite","@id":"https:\/\/www.theadkx.org\/#website","url":"https:\/\/www.theadkx.org\/","name":"L'exp\u00e9rience des Adirondacks","description":"Le mus\u00e9e du lac Blue Mountain","publisher":{"@id":"https:\/\/www.theadkx.org\/#organization"},"potentialAction":[{"@type":"SearchAction","target":{"@type":"EntryPoint","urlTemplate":"https:\/\/www.theadkx.org\/?s={search_term_string}"},"query-input":{"@type":"PropertyValueSpecification","valueRequired":true,"valueName":"search_term_string"}}],"inLanguage":"fr-FR"},{"@type":"Organization","@id":"https:\/\/www.theadkx.org\/#organization","name":"Adirondack Experience, le mus\u00e9e du lac Blue Mountain","url":"https:\/\/www.theadkx.org\/","logo":{"@type":"ImageObject","inLanguage":"fr-FR","@id":"https:\/\/www.theadkx.org\/#\/schema\/logo\/image\/","url":"https:\/\/www.theadkx.org\/wp-content\/uploads\/2021\/03\/ADKX_LOGO.png","contentUrl":"https:\/\/www.theadkx.org\/wp-content\/uploads\/2021\/03\/ADKX_LOGO.png","width":440,"height":276,"caption":"Adirondack Experience, The Museum on Blue Mountain Lake"},"image":{"@id":"https:\/\/www.theadkx.org\/#\/schema\/logo\/image\/"},"sameAs":["https:\/\/www.facebook.com\/theADKX\/","https:\/\/x.com\/theadkx","https:\/\/www.instagram.com\/theadkx\/","https:\/\/www.youtube.com\/user\/AdirondackMuseum"]}]}},"_links":{"self":[{"href":"https:\/\/www.theadkx.org\/fr\/wp-json\/wp\/v2\/pages\/2590","targetHints":{"allow":["GET"]}}],"collection":[{"href":"https:\/\/www.theadkx.org\/fr\/wp-json\/wp\/v2\/pages"}],"about":[{"href":"https:\/\/www.theadkx.org\/fr\/wp-json\/wp\/v2\/types\/page"}],"author":[{"embeddable":true,"href":"https:\/\/www.theadkx.org\/fr\/wp-json\/wp\/v2\/users\/4"}],"replies":[{"embeddable":true,"href":"https:\/\/www.theadkx.org\/fr\/wp-json\/wp\/v2\/comments?post=2590"}],"version-history":[{"count":10,"href":"https:\/\/www.theadkx.org\/fr\/wp-json\/wp\/v2\/pages\/2590\/revisions"}],"predecessor-version":[{"id":7753,"href":"https:\/\/www.theadkx.org\/fr\/wp-json\/wp\/v2\/pages\/2590\/revisions\/7753"}],"up":[{"embeddable":true,"href":"https:\/\/www.theadkx.org\/fr\/wp-json\/wp\/v2\/pages\/50"}],"wp:attachment":[{"href":"https:\/\/www.theadkx.org\/fr\/wp-json\/wp\/v2\/media?parent=2590"}],"curies":[{"name":"wp","href":"https:\/\/api.w.org\/{rel}","templated":true}]}}