{"id":2605,"date":"2021-04-24T20:12:18","date_gmt":"2021-04-25T00:12:18","guid":{"rendered":"http:\/\/www.theadkx.org\/?page_id=2605"},"modified":"2021-05-02T22:05:34","modified_gmt":"2021-05-03T02:05:34","slug":"john-van-alstine","status":"publish","type":"page","link":"https:\/\/www.theadkx.org\/fr\/exhibitions\/always-online\/meet-the-artist\/john-van-alstine\/","title":{"rendered":"John Van Alstine"},"content":{"rendered":"<div id='av_section_1'  class='avia-section main_color avia-section-no-padding avia-no-border-styling  ep-lazy-loaded avia-full-stretch avia-bg-style-scroll  avia-builder-el-0  el_before_av_section  avia-builder-el-first   avia-section-fwd container_wrap fullsize' style='background-repeat: no-repeat; --epBGImgDesktop: url(https:\/\/www.theadkx.org\/wp-content\/uploads\/2021\/04\/john-van-alstine-01-1920x640-1.jpg);--epBGImgTablet: var(--epBGImgDesktop); --epBGImgMobile: url(https:\/\/www.theadkx.org\/wp-content\/uploads\/2021\/04\/john-van-alstine-01-720x540-1.jpg);;background-attachment: scroll; background-position: bottom center;   '   data-section-bg-repeat='stretch' ><div class='container' style=\"\"><main  role=\"main\" itemprop=\"mainContentOfPage\"  class='template-page content  av-content-full alpha units' ><div class='post-entry post-entry-type-page post-entry-2605'><div class='entry-content-wrapper clearfix'>\n<div   class='hr hr-invisible  hr-responsive   avia-builder-el-1  avia-builder-el-no-sibling' ><div style='height:300px' class='hr-desktop'><\/div><div style='height:300px' class='hr-tablet'><\/div><div style='height:150px' class='hr-mobile'><\/div><\/div>\n\n<\/div><\/div><\/main><!-- close content main element --><\/div><\/div><div id='av_section_2'  class='avia-section main_color avia-section-default avia-no-border-styling  ep-lazy-loaded avia-full-stretch avia-bg-style-scroll  avia-builder-el-2  el_after_av_section  el_before_av_section   container_wrap fullsize' style='background-color: #fcfaf5; background-repeat: no-repeat; --epBGImg: url(https:\/\/www.theadkx.org\/wp-content\/uploads\/2021\/03\/Brown-Topo-Map-1.png);;background-attachment: scroll; background-position: center center;   '  data-lazy-bg data-section-bg-repeat='stretch' ><div class='container' ><div class='template-page content  av-content-full alpha units' ><div class='post-entry post-entry-type-page post-entry-2605'><div class='entry-content-wrapper clearfix'>\n<div   class='av-special-heading av-special-heading-h1   blockquote modern-quote  avia-builder-el-3  avia-builder-el-no-sibling' ><h1 class='av-special-heading-tag'   itemprop=\"headline\"  >John Van Alstine<\/h1><div class='special-heading-border'><div class='special-heading-inner-border' ><\/div><\/div><\/div>\n\n<\/div><\/div><\/div><!-- close content main div --><\/div><\/div><div id='av_section_3'  class='avia-section main_color avia-section-default avia-no-border-styling  avia-bg-style-scroll  avia-builder-el-4  el_after_av_section  el_before_av_section   container_wrap fullsize' style='  '   ><div class='container' style=\"--containerWidth:1150px;max-width:1150px;\"><div class='template-page content  av-content-full alpha units' ><div class='post-entry post-entry-type-page post-entry-2605'><div class='entry-content-wrapper clearfix'>\n<div   class='flex_column_table  reverse-order ep-lazy-loaded   av-equal-height-column-flextable av-break-at-tablet-flextable flex-column-table-1' style='margin-top:0px; margin-bottom:0px; ' ><div  class=\"flex_column av_two_fifth  custom_space av-break-at-tablet flex_column_table_cell av-equal-height-column av-align-top av-zero-column-padding ep-lazy-loaded first  avia-builder-el-5  el_before_av_three_fifth  avia-builder-el-first\" ><div class=\"flex-column-inner\"><p><section class=\"av_textblock_section\"  itemscope=\"itemscope\" itemtype=\"https:\/\/schema.org\/CreativeWork\"  ><div class='avia_textblock   av_inherit_color'  style='font-size:30px; color:#789d4a; '  itemprop=\"text\" ><p>John Van Alstine (n\u00e9 en 1952) est n\u00e9 et a grandi dans les Adirondacks. Il vit et travaille \u00e0 Wells, NY, dans une ancienne usine de transformation du bois, au bord de la rivi\u00e8re Sacandaga.<\/p>\n<\/div><\/section><br \/>\n<section class=\"av_textblock_section\"  itemscope=\"itemscope\" itemtype=\"https:\/\/schema.org\/CreativeWork\"  ><div class='avia_textblock'   itemprop=\"text\" ><p>Ses sculptures abstraites en pierre et en m\u00e9tal marient des \u00e9l\u00e9ments naturels avec des fragments industriels trouv\u00e9s et font souvent r\u00e9f\u00e9rence \u00e0 des th\u00e8mes nautiques ou mythologiques grecs.<\/p>\n<\/div><\/section><\/p><\/div><\/div><div class='av-flex-placeholder' style='width: 10%'><\/div><div  class=\"flex_column av_three_fifth  custom_space av-break-at-tablet flex_column_table_cell av-equal-height-column av-align-top av-zero-column-padding ep-lazy-loaded   avia-builder-el-8  el_after_av_two_fifth  el_before_av_one_full  mobile-offset\" ><div class=\"flex-column-inner\"><div  class='avia-image-container  av-styling-      avia-builder-el-9  avia-builder-el-no-sibling  avia-align-center'  itemprop=\"image\" itemscope=\"itemscope\" itemtype=\"https:\/\/schema.org\/ImageObject\"   ><div class='avia-image-container-inner'><div class='avia-image-overlay-wrap'><img decoding=\"async\" fetchpriority=\"high\" class='wp-image-2689 avia-img-lazy-loading-not-2689 avia_image' src=\"https:\/\/www.theadkx.org\/wp-content\/uploads\/2021\/04\/john-van-alstine-inset-720x540-1.jpg\" alt='' title='john-van-alstine-inset-720x540' height=\"540\" width=\"720\"  itemprop=\"thumbnailUrl\" srcset=\"https:\/\/www.theadkx.org\/wp-content\/uploads\/2021\/04\/john-van-alstine-inset-720x540-1.jpg 720w, https:\/\/www.theadkx.org\/wp-content\/uploads\/2021\/04\/john-van-alstine-inset-720x540-1-300x225.jpg 300w\" sizes=\"(max-width: 720px) 100vw, 720px\" \/><\/div><\/div><\/div><\/div><\/div><\/div><!--close column table wrapper. Autoclose: 1 --><div   class='flex_column_table  reverse-order ep-lazy-loaded   av-equal-height-column-flextable av-break-at-tablet-flextable flex-column-table-2' style='margin-top:0px; margin-bottom:0px; ' ><div  class=\"flex_column av_one_full  custom_space av-break-at-tablet flex_column_table_cell av-equal-height-column av-align-top av-zero-column-padding ep-lazy-loaded first  avia-builder-el-10  el_after_av_three_fifth  el_before_av_button\" ><div class=\"flex-column-inner\"><section class=\"av_textblock_section\"  itemscope=\"itemscope\" itemtype=\"https:\/\/schema.org\/CreativeWork\"  ><div class='avia_textblock'   itemprop=\"text\" ><p>Artiste de renomm\u00e9e internationale, Van Alstine a expos\u00e9, entre autres, au Baltimore Museum of Art, \u00e0 la Corcoran Gallery of Art, au Hirshhorn Museum and Sculpture Garden, au Smithsonian American Art Museum, au Parc olympique de la ville de P\u00e9kin, en Chine, et \u00e0 la Phillips Collection. Le mus\u00e9e poss\u00e8de trois \u0153uvres de Van Alstine :\u00a0<em>Passage de l'East River<\/em>\u00a0(1988.038.0001);\u00a0<em>BROADREACH III (red billow)<\/em>\u00a0(2007.077.0001) ; et\u00a0<em>Cercle de Sisyphe XXXIII<\/em>\u00a0(2010.072.0001).<\/p>\n<p>Face \u00e0 l'arr\u00eat de la pand\u00e9mie, \"Nous (Van Alstine et sa femme, la sculptrice Caroline Ramersdorfer) avons la chance d'avoir une magnifique propri\u00e9t\u00e9 pour nous abriter sur place - et m\u00eame \u00eatre productifs ces deux derniers mois. En fait, nous consid\u00e9rons la situation comme une sorte de \"retraite d'artiste\", o\u00f9 les artistes s'isolent du reste du monde et travaillent sans \u00eatre d\u00e9rang\u00e9s (et sans \u00eatre distraits, si vous ne regardez pas les nouvelles et les m\u00e9dias...).<\/p>\n<p>Je me suis lanc\u00e9 dans une nouvelle s\u00e9rie de bronze \"d'auto-distancing\" \/ Covid, en essayant d'incorporer certains des th\u00e8mes sur lesquels j'ai travaill\u00e9 pendant de nombreuses ann\u00e9es (comme le mythe de Sisyphe) et de les recentrer pour apporter un sens et une voix d'artiste \u00e0 ces temps tr\u00e8s inhabituels. Pendant cette p\u00e9riode d'\"autodestruction\/isolement\", j'ai cr\u00e9\u00e9 35 sculptures en bronze et en pierre depuis le mois de mars, un nombre extraordinaire pour moi, totalement provoqu\u00e9 par cette situation folle. Je pense \u00e0 de nombreux artistes du pass\u00e9 qui ont su utiliser des p\u00e9riodes dangereuses et incertaines pour stimuler leur cr\u00e9ativit\u00e9 (Shakespeare pendant la peste noire, de nombreux artistes pendant la pand\u00e9mie de grippe espagnole de 1918 comme Gustav Klimt et Egon Schiele, et beaucoup d'autres qui ont \u00e9t\u00e9 confront\u00e9s au nazisme ou \u00e0 la grande d\u00e9pression, ou m\u00eame \u00e0 l'\u00e8re McCarthy dans les ann\u00e9es 1950). Je ne suis pas s\u00fbr que la mienne soit \u00e0 la hauteur de ces artistes tr\u00e8s connus, mais je tente le coup...\".<\/p>\n<\/div><\/section><\/div><\/div><\/div><!--close column table wrapper. Autoclose: 1 --><div  class='avia-button-wrap avia-button-left  avia-button-mobile-center  avia-builder-el-12  el_after_av_one_full  avia-builder-el-last'  ><a href='http:\/\/www.johnvanalstine.com\/'  class='avia-button   avia-icon_select-no avia-color-border avia-size-medium avia-position-left'  target=\"_blank\"   ><span class='avia_iconbox_title' >En savoir plus sur John Van Alstine<\/span><\/a><\/div>\n<\/div><\/div><\/div><!-- close content main div --><\/div><\/div><div id='av_section_4'  class='avia-section main_color avia-section-default avia-no-border-styling  avia-bg-style-scroll  avia-builder-el-13  el_after_av_section  avia-builder-el-last   container_wrap fullsize' style='  '   ><div class='container' ><div class='template-page content  av-content-full alpha units' ><div class='post-entry post-entry-type-page post-entry-2605'><div class='entry-content-wrapper clearfix'>\n\t\t\t<div  class='ep-content-slider-wrapper  ep-flickity-slider-wrapper   avia-builder-el-14  el_before_av_heading  avia-builder-el-first  single-event-slider' style=\"--itemCount: 6\" >\n\t\t\t\t<div class='ep-content-slider ep-flickity-slider-single ep-flickity-slider' data-flickity='{\"wrapAround\":true,\"groupCells\":true}'>\n\t\t\t\t\t\n<div  class='ep-flickity-slide ep-item-1'>\r\n\t<div class=\"ep-flickity-slide-inner\">\r\n\t\t\t\t\t\t<div class='ep-flickity-image'><img decoding=\"async\" width=\"1920\" height=\"1080\" src=\"https:\/\/www.theadkx.org\/wp-content\/uploads\/2021\/04\/john-van-alstine-slider-01-1920x1080-1.jpg\" class=\"avia-img-lazy-loading-2696\" alt=\"\" srcset=\"https:\/\/www.theadkx.org\/wp-content\/uploads\/2021\/04\/john-van-alstine-slider-01-1920x1080-1.jpg 1920w, https:\/\/www.theadkx.org\/wp-content\/uploads\/2021\/04\/john-van-alstine-slider-01-1920x1080-1-300x169.jpg 300w, https:\/\/www.theadkx.org\/wp-content\/uploads\/2021\/04\/john-van-alstine-slider-01-1920x1080-1-1030x579.jpg 1030w, https:\/\/www.theadkx.org\/wp-content\/uploads\/2021\/04\/john-van-alstine-slider-01-1920x1080-1-768x432.jpg 768w, https:\/\/www.theadkx.org\/wp-content\/uploads\/2021\/04\/john-van-alstine-slider-01-1920x1080-1-1536x864.jpg 1536w\" sizes=\"auto, (max-width: 1920px) 100vw, 1920px\" loading=\"lazy\" \/><\/div>\t\t\t\t\t\t\t<\/div>\r\n<\/div>\n<div  class='ep-flickity-slide ep-item-2'>\r\n\t<div class=\"ep-flickity-slide-inner\">\r\n\t\t\t\t\t\t<div class='ep-flickity-image'><img decoding=\"async\" width=\"1920\" height=\"1080\" src=\"https:\/\/www.theadkx.org\/wp-content\/uploads\/2021\/04\/john-van-alstine-slider-02-1920x1080-1.jpg\" class=\"avia-img-lazy-loading-2701\" alt=\"\" srcset=\"https:\/\/www.theadkx.org\/wp-content\/uploads\/2021\/04\/john-van-alstine-slider-02-1920x1080-1.jpg 1920w, https:\/\/www.theadkx.org\/wp-content\/uploads\/2021\/04\/john-van-alstine-slider-02-1920x1080-1-300x169.jpg 300w, https:\/\/www.theadkx.org\/wp-content\/uploads\/2021\/04\/john-van-alstine-slider-02-1920x1080-1-1030x579.jpg 1030w, https:\/\/www.theadkx.org\/wp-content\/uploads\/2021\/04\/john-van-alstine-slider-02-1920x1080-1-768x432.jpg 768w, https:\/\/www.theadkx.org\/wp-content\/uploads\/2021\/04\/john-van-alstine-slider-02-1920x1080-1-1536x864.jpg 1536w\" sizes=\"auto, (max-width: 1920px) 100vw, 1920px\" loading=\"lazy\" \/><\/div>\t\t\t\t\t\t\t<\/div>\r\n<\/div>\n<div  class='ep-flickity-slide ep-item-3'>\r\n\t<div class=\"ep-flickity-slide-inner\">\r\n\t\t\t\t\t\t<div class='ep-flickity-image'><img decoding=\"async\" width=\"1920\" height=\"1080\" src=\"https:\/\/www.theadkx.org\/wp-content\/uploads\/2021\/04\/john-van-alstine-slider-03-1920x1080-1.jpg\" class=\"avia-img-lazy-loading-2700\" alt=\"\" srcset=\"https:\/\/www.theadkx.org\/wp-content\/uploads\/2021\/04\/john-van-alstine-slider-03-1920x1080-1.jpg 1920w, https:\/\/www.theadkx.org\/wp-content\/uploads\/2021\/04\/john-van-alstine-slider-03-1920x1080-1-300x169.jpg 300w, https:\/\/www.theadkx.org\/wp-content\/uploads\/2021\/04\/john-van-alstine-slider-03-1920x1080-1-1030x579.jpg 1030w, https:\/\/www.theadkx.org\/wp-content\/uploads\/2021\/04\/john-van-alstine-slider-03-1920x1080-1-768x432.jpg 768w, https:\/\/www.theadkx.org\/wp-content\/uploads\/2021\/04\/john-van-alstine-slider-03-1920x1080-1-1536x864.jpg 1536w\" sizes=\"auto, (max-width: 1920px) 100vw, 1920px\" loading=\"lazy\" \/><\/div>\t\t\t\t\t\t\t<\/div>\r\n<\/div>\n<div  class='ep-flickity-slide ep-item-4'>\r\n\t<div class=\"ep-flickity-slide-inner\">\r\n\t\t\t\t\t\t<div class='ep-flickity-image'><img decoding=\"async\" width=\"1920\" height=\"1080\" src=\"https:\/\/www.theadkx.org\/wp-content\/uploads\/2021\/04\/john-van-alstine-slider-04-1920x1080-1.jpg\" class=\"avia-img-lazy-loading-2699\" alt=\"\" srcset=\"https:\/\/www.theadkx.org\/wp-content\/uploads\/2021\/04\/john-van-alstine-slider-04-1920x1080-1.jpg 1920w, https:\/\/www.theadkx.org\/wp-content\/uploads\/2021\/04\/john-van-alstine-slider-04-1920x1080-1-300x169.jpg 300w, https:\/\/www.theadkx.org\/wp-content\/uploads\/2021\/04\/john-van-alstine-slider-04-1920x1080-1-1030x579.jpg 1030w, https:\/\/www.theadkx.org\/wp-content\/uploads\/2021\/04\/john-van-alstine-slider-04-1920x1080-1-768x432.jpg 768w, https:\/\/www.theadkx.org\/wp-content\/uploads\/2021\/04\/john-van-alstine-slider-04-1920x1080-1-1536x864.jpg 1536w\" sizes=\"auto, (max-width: 1920px) 100vw, 1920px\" loading=\"lazy\" \/><\/div>\t\t\t\t\t\t\t<\/div>\r\n<\/div>\n<div  class='ep-flickity-slide ep-item-5'>\r\n\t<div class=\"ep-flickity-slide-inner\">\r\n\t\t\t\t\t\t<div class='ep-flickity-image'><img decoding=\"async\" width=\"1920\" height=\"1080\" src=\"https:\/\/www.theadkx.org\/wp-content\/uploads\/2021\/04\/john-van-alstine-slider-05-1920x1080-1.jpg\" class=\"avia-img-lazy-loading-2698\" alt=\"\" srcset=\"https:\/\/www.theadkx.org\/wp-content\/uploads\/2021\/04\/john-van-alstine-slider-05-1920x1080-1.jpg 1920w, https:\/\/www.theadkx.org\/wp-content\/uploads\/2021\/04\/john-van-alstine-slider-05-1920x1080-1-300x169.jpg 300w, https:\/\/www.theadkx.org\/wp-content\/uploads\/2021\/04\/john-van-alstine-slider-05-1920x1080-1-1030x579.jpg 1030w, https:\/\/www.theadkx.org\/wp-content\/uploads\/2021\/04\/john-van-alstine-slider-05-1920x1080-1-768x432.jpg 768w, https:\/\/www.theadkx.org\/wp-content\/uploads\/2021\/04\/john-van-alstine-slider-05-1920x1080-1-1536x864.jpg 1536w\" sizes=\"auto, (max-width: 1920px) 100vw, 1920px\" loading=\"lazy\" \/><\/div>\t\t\t\t\t\t\t<\/div>\r\n<\/div>\n<div  class='ep-flickity-slide ep-item-6'>\r\n\t<div class=\"ep-flickity-slide-inner\">\r\n\t\t\t\t\t\t<div class='ep-flickity-image'><img decoding=\"async\" width=\"1920\" height=\"1080\" src=\"https:\/\/www.theadkx.org\/wp-content\/uploads\/2021\/04\/john-van-alstine-slider-06-1920x1080-1.jpg\" class=\"avia-img-lazy-loading-2697\" alt=\"\" srcset=\"https:\/\/www.theadkx.org\/wp-content\/uploads\/2021\/04\/john-van-alstine-slider-06-1920x1080-1.jpg 1920w, https:\/\/www.theadkx.org\/wp-content\/uploads\/2021\/04\/john-van-alstine-slider-06-1920x1080-1-300x169.jpg 300w, https:\/\/www.theadkx.org\/wp-content\/uploads\/2021\/04\/john-van-alstine-slider-06-1920x1080-1-1030x579.jpg 1030w, https:\/\/www.theadkx.org\/wp-content\/uploads\/2021\/04\/john-van-alstine-slider-06-1920x1080-1-768x432.jpg 768w, https:\/\/www.theadkx.org\/wp-content\/uploads\/2021\/04\/john-van-alstine-slider-06-1920x1080-1-1536x864.jpg 1536w\" sizes=\"auto, (max-width: 1920px) 100vw, 1920px\" loading=\"lazy\" \/><\/div>\t\t\t\t\t\t\t<\/div>\r\n<\/div>\n\t\t\t\t<\/div>\n\t\t\t<\/div>\n\t\t\t\n<div   class='av-special-heading av-special-heading-h4   blockquote modern-quote  avia-builder-el-15  el_after_ep_content_slider  avia-builder-el-last' ><h4 class='av-special-heading-tag'   itemprop=\"headline\"  >\"CIRCLE SISYPHEEN-COVID VI : L'arc de Covid est long - mais il penche vers la science\"<\/h4><div class ='av-subheading av-subheading_below' style='font-size:15px;'><p>5-2020, bronze et pierre de rivi\u00e8re, 9.5 \"h x 20 \"w x8 \"d<br \/>\n<em>Le titre est un hommage \u00e0 la citation souvent attribu\u00e9e \u00e0 Martin Luther King : \"R\u00e9alisons que l'arc de l'univers moral est long mais qu'il se courbe vers la justice\".<\/em><\/p>\n<\/div><div class='special-heading-border'><div class='special-heading-inner-border' ><\/div><\/div><\/div>\n<\/p>","protected":false},"excerpt":{"rendered":"","protected":false},"author":4,"featured_media":0,"parent":2590,"menu_order":50,"comment_status":"closed","ping_status":"closed","template":"","meta":{"_acf_changed":false,"om_disable_all_campaigns":false,"footnotes":""},"class_list":["post-2605","page","type-page","status-publish","hentry"],"acf":[],"yoast_head":"<!-- This site is optimized with the Yoast SEO Premium plugin v22.8 (Yoast SEO v27.4) - https:\/\/yoast.com\/product\/yoast-seo-premium-wordpress\/ -->\n<title>John Van Alstine | Adirondack Experience<\/title>\n<meta name=\"robots\" content=\"index, follow, max-snippet:-1, max-image-preview:large, max-video-preview:-1\" \/>\n<link rel=\"canonical\" href=\"https:\/\/www.theadkx.org\/fr\/expositions\/toujours-en-ligne\/creativite-en-quarantaine\/john-van-alstine\/\" \/>\n<meta property=\"og:locale\" content=\"fr_FR\" \/>\n<meta property=\"og:type\" content=\"article\" \/>\n<meta property=\"og:title\" content=\"John Van Alstine\" \/>\n<meta property=\"og:url\" content=\"https:\/\/www.theadkx.org\/fr\/expositions\/toujours-en-ligne\/creativite-en-quarantaine\/john-van-alstine\/\" \/>\n<meta property=\"og:site_name\" content=\"Adirondack Experience\" \/>\n<meta property=\"article:publisher\" content=\"https:\/\/www.facebook.com\/theADKX\/\" \/>\n<meta property=\"article:modified_time\" content=\"2021-05-03T02:05:34+00:00\" \/>\n<meta name=\"twitter:card\" content=\"summary_large_image\" \/>\n<meta name=\"twitter:site\" content=\"@theadkx\" \/>\n<meta name=\"twitter:label1\" content=\"Dur\u00e9e de lecture estim\u00e9e\" \/>\n\t<meta name=\"twitter:data1\" content=\"6 minutes\" \/>\n<script type=\"application\/ld+json\" class=\"yoast-schema-graph\">{\"@context\":\"https:\\\/\\\/schema.org\",\"@graph\":[{\"@type\":\"WebPage\",\"@id\":\"https:\\\/\\\/www.theadkx.org\\\/exhibitions\\\/always-online\\\/meet-the-artist\\\/john-van-alstine\\\/\",\"url\":\"https:\\\/\\\/www.theadkx.org\\\/exhibitions\\\/always-online\\\/meet-the-artist\\\/john-van-alstine\\\/\",\"name\":\"John Van Alstine | Adirondack Experience\",\"isPartOf\":{\"@id\":\"https:\\\/\\\/www.theadkx.org\\\/#website\"},\"datePublished\":\"2021-04-25T00:12:18+00:00\",\"dateModified\":\"2021-05-03T02:05:34+00:00\",\"breadcrumb\":{\"@id\":\"https:\\\/\\\/www.theadkx.org\\\/exhibitions\\\/always-online\\\/meet-the-artist\\\/john-van-alstine\\\/#breadcrumb\"},\"inLanguage\":\"fr-FR\",\"potentialAction\":[{\"@type\":\"ReadAction\",\"target\":[\"https:\\\/\\\/www.theadkx.org\\\/exhibitions\\\/always-online\\\/meet-the-artist\\\/john-van-alstine\\\/\"]}]},{\"@type\":\"BreadcrumbList\",\"@id\":\"https:\\\/\\\/www.theadkx.org\\\/exhibitions\\\/always-online\\\/meet-the-artist\\\/john-van-alstine\\\/#breadcrumb\",\"itemListElement\":[{\"@type\":\"ListItem\",\"position\":1,\"name\":\"Home\",\"item\":\"https:\\\/\\\/www.theadkx.org\\\/homepage\\\/\"},{\"@type\":\"ListItem\",\"position\":2,\"name\":\"Exhibitions\",\"item\":\"https:\\\/\\\/www.theadkx.org\\\/exhibitions\\\/\"},{\"@type\":\"ListItem\",\"position\":3,\"name\":\"Always Online\",\"item\":\"https:\\\/\\\/www.theadkx.org\\\/exhibitions\\\/always-online\\\/\"},{\"@type\":\"ListItem\",\"position\":4,\"name\":\"Meet the Artist\",\"item\":\"https:\\\/\\\/www.theadkx.org\\\/exhibitions\\\/always-online\\\/meet-the-artist\\\/\"},{\"@type\":\"ListItem\",\"position\":5,\"name\":\"John Van Alstine\"}]},{\"@type\":\"WebSite\",\"@id\":\"https:\\\/\\\/www.theadkx.org\\\/#website\",\"url\":\"https:\\\/\\\/www.theadkx.org\\\/\",\"name\":\"Adirondack Experience\",\"description\":\"The Museum on Blue Mountain Lake\",\"publisher\":{\"@id\":\"https:\\\/\\\/www.theadkx.org\\\/#organization\"},\"potentialAction\":[{\"@type\":\"SearchAction\",\"target\":{\"@type\":\"EntryPoint\",\"urlTemplate\":\"https:\\\/\\\/www.theadkx.org\\\/?s={search_term_string}\"},\"query-input\":{\"@type\":\"PropertyValueSpecification\",\"valueRequired\":true,\"valueName\":\"search_term_string\"}}],\"inLanguage\":\"fr-FR\"},{\"@type\":\"Organization\",\"@id\":\"https:\\\/\\\/www.theadkx.org\\\/#organization\",\"name\":\"Adirondack Experience, The Museum on Blue Mountain Lake\",\"url\":\"https:\\\/\\\/www.theadkx.org\\\/\",\"logo\":{\"@type\":\"ImageObject\",\"inLanguage\":\"fr-FR\",\"@id\":\"https:\\\/\\\/www.theadkx.org\\\/#\\\/schema\\\/logo\\\/image\\\/\",\"url\":\"https:\\\/\\\/www.theadkx.org\\\/wp-content\\\/uploads\\\/2021\\\/03\\\/ADKX_LOGO.png\",\"contentUrl\":\"https:\\\/\\\/www.theadkx.org\\\/wp-content\\\/uploads\\\/2021\\\/03\\\/ADKX_LOGO.png\",\"width\":440,\"height\":276,\"caption\":\"Adirondack Experience, The Museum on Blue Mountain Lake\"},\"image\":{\"@id\":\"https:\\\/\\\/www.theadkx.org\\\/#\\\/schema\\\/logo\\\/image\\\/\"},\"sameAs\":[\"https:\\\/\\\/www.facebook.com\\\/theADKX\\\/\",\"https:\\\/\\\/x.com\\\/theadkx\",\"https:\\\/\\\/www.instagram.com\\\/theadkx\\\/\",\"https:\\\/\\\/www.youtube.com\\\/user\\\/AdirondackMuseum\"]}]}<\/script>\n<!-- \/ Yoast SEO Premium plugin. -->","yoast_head_json":{"title":"John Van Alstine | Adirondack Experience","robots":{"index":"index","follow":"follow","max-snippet":"max-snippet:-1","max-image-preview":"max-image-preview:large","max-video-preview":"max-video-preview:-1"},"canonical":"https:\/\/www.theadkx.org\/fr\/expositions\/toujours-en-ligne\/creativite-en-quarantaine\/john-van-alstine\/","og_locale":"fr_FR","og_type":"article","og_title":"John Van Alstine","og_url":"https:\/\/www.theadkx.org\/fr\/expositions\/toujours-en-ligne\/creativite-en-quarantaine\/john-van-alstine\/","og_site_name":"Adirondack Experience","article_publisher":"https:\/\/www.facebook.com\/theADKX\/","article_modified_time":"2021-05-03T02:05:34+00:00","twitter_card":"summary_large_image","twitter_site":"@theadkx","twitter_misc":{"Dur\u00e9e de lecture estim\u00e9e":"6 minutes"},"schema":{"@context":"https:\/\/schema.org","@graph":[{"@type":"WebPage","@id":"https:\/\/www.theadkx.org\/exhibitions\/always-online\/meet-the-artist\/john-van-alstine\/","url":"https:\/\/www.theadkx.org\/exhibitions\/always-online\/meet-the-artist\/john-van-alstine\/","name":"John Van Alstine | Adirondack Experience","isPartOf":{"@id":"https:\/\/www.theadkx.org\/#website"},"datePublished":"2021-04-25T00:12:18+00:00","dateModified":"2021-05-03T02:05:34+00:00","breadcrumb":{"@id":"https:\/\/www.theadkx.org\/exhibitions\/always-online\/meet-the-artist\/john-van-alstine\/#breadcrumb"},"inLanguage":"fr-FR","potentialAction":[{"@type":"ReadAction","target":["https:\/\/www.theadkx.org\/exhibitions\/always-online\/meet-the-artist\/john-van-alstine\/"]}]},{"@type":"BreadcrumbList","@id":"https:\/\/www.theadkx.org\/exhibitions\/always-online\/meet-the-artist\/john-van-alstine\/#breadcrumb","itemListElement":[{"@type":"ListItem","position":1,"name":"Home","item":"https:\/\/www.theadkx.org\/homepage\/"},{"@type":"ListItem","position":2,"name":"Exhibitions","item":"https:\/\/www.theadkx.org\/exhibitions\/"},{"@type":"ListItem","position":3,"name":"Always Online","item":"https:\/\/www.theadkx.org\/exhibitions\/always-online\/"},{"@type":"ListItem","position":4,"name":"Meet the Artist","item":"https:\/\/www.theadkx.org\/exhibitions\/always-online\/meet-the-artist\/"},{"@type":"ListItem","position":5,"name":"John Van Alstine"}]},{"@type":"WebSite","@id":"https:\/\/www.theadkx.org\/#website","url":"https:\/\/www.theadkx.org\/","name":"L'exp\u00e9rience des Adirondacks","description":"Le mus\u00e9e du lac Blue Mountain","publisher":{"@id":"https:\/\/www.theadkx.org\/#organization"},"potentialAction":[{"@type":"SearchAction","target":{"@type":"EntryPoint","urlTemplate":"https:\/\/www.theadkx.org\/?s={search_term_string}"},"query-input":{"@type":"PropertyValueSpecification","valueRequired":true,"valueName":"search_term_string"}}],"inLanguage":"fr-FR"},{"@type":"Organization","@id":"https:\/\/www.theadkx.org\/#organization","name":"Adirondack Experience, le mus\u00e9e du lac Blue Mountain","url":"https:\/\/www.theadkx.org\/","logo":{"@type":"ImageObject","inLanguage":"fr-FR","@id":"https:\/\/www.theadkx.org\/#\/schema\/logo\/image\/","url":"https:\/\/www.theadkx.org\/wp-content\/uploads\/2021\/03\/ADKX_LOGO.png","contentUrl":"https:\/\/www.theadkx.org\/wp-content\/uploads\/2021\/03\/ADKX_LOGO.png","width":440,"height":276,"caption":"Adirondack Experience, The Museum on Blue Mountain Lake"},"image":{"@id":"https:\/\/www.theadkx.org\/#\/schema\/logo\/image\/"},"sameAs":["https:\/\/www.facebook.com\/theADKX\/","https:\/\/x.com\/theadkx","https:\/\/www.instagram.com\/theadkx\/","https:\/\/www.youtube.com\/user\/AdirondackMuseum"]}]}},"_links":{"self":[{"href":"https:\/\/www.theadkx.org\/fr\/wp-json\/wp\/v2\/pages\/2605","targetHints":{"allow":["GET"]}}],"collection":[{"href":"https:\/\/www.theadkx.org\/fr\/wp-json\/wp\/v2\/pages"}],"about":[{"href":"https:\/\/www.theadkx.org\/fr\/wp-json\/wp\/v2\/types\/page"}],"author":[{"embeddable":true,"href":"https:\/\/www.theadkx.org\/fr\/wp-json\/wp\/v2\/users\/4"}],"replies":[{"embeddable":true,"href":"https:\/\/www.theadkx.org\/fr\/wp-json\/wp\/v2\/comments?post=2605"}],"version-history":[{"count":10,"href":"https:\/\/www.theadkx.org\/fr\/wp-json\/wp\/v2\/pages\/2605\/revisions"}],"predecessor-version":[{"id":4804,"href":"https:\/\/www.theadkx.org\/fr\/wp-json\/wp\/v2\/pages\/2605\/revisions\/4804"}],"up":[{"embeddable":true,"href":"https:\/\/www.theadkx.org\/fr\/wp-json\/wp\/v2\/pages\/2590"}],"wp:attachment":[{"href":"https:\/\/www.theadkx.org\/fr\/wp-json\/wp\/v2\/media?parent=2605"}],"curies":[{"name":"wp","href":"https:\/\/api.w.org\/{rel}","templated":true}]}}