{"id":32,"date":"2024-04-08T05:47:18","date_gmt":"2024-04-08T09:47:18","guid":{"rendered":"http:\/\/www.theadkx.org\/?page_id=32"},"modified":"2024-11-20T11:29:49","modified_gmt":"2024-11-20T16:29:49","slug":"billets","status":"publish","type":"page","link":"https:\/\/www.theadkx.org\/fr\/visit\/tickets\/","title":{"rendered":"Billets"},"content":{"rendered":"<div id='av_section_1'  class='avia-section main_color avia-section-no-padding avia-no-border-styling  ep-lazy-loaded avia-full-stretch avia-bg-style-scroll  avia-builder-el-0  el_before_av_section  avia-builder-el-first   avia-section-fwd container_wrap fullsize' style='background-repeat: no-repeat; --epBGImgDesktop: url(https:\/\/www.theadkx.org\/wp-content\/uploads\/2021\/04\/tickets-1920x640-1.jpg);--epBGImgTablet: var(--epBGImgDesktop); --epBGImgMobile: url(https:\/\/www.theadkx.org\/wp-content\/uploads\/2021\/04\/tickets-mobile-720x540-1.jpg);;background-attachment: scroll; background-position: bottom center;   '   data-section-bg-repeat='stretch' ><div class='container' style=><main  role=\"main\" itemprop=\"mainContentOfPage\"  class='template-page content  av-content-full alpha units' ><div class='post-entry post-entry-type-page post-entry-32'><div class='entry-content-wrapper clearfix'>\n<div   class='hr hr-invisible  hr-responsive   avia-builder-el-1  avia-builder-el-no-sibling ' ><div style='height:300px' class='hr-desktop '><\/div><div style='height:300px' class='hr-tablet '><\/div><div style='height:150px' class='hr-mobile'><\/div><\/div>\n\n<\/div><\/div><\/main><!-- close content main element --><\/div><\/div><div id='av_section_2'  class='avia-section main_color avia-section-default avia-no-border-styling  ep-lazy-loaded avia-full-stretch avia-bg-style-scroll  avia-builder-el-2  el_after_av_section  el_before_av_section   container_wrap fullsize' style='background-color: #fcfaf5; background-repeat: no-repeat; --epBGImg: url(https:\/\/www.theadkx.org\/wp-content\/uploads\/2021\/03\/Brown-Topo-Map-1.png);;background-attachment: scroll; background-position: center center;   '  data-lazy-bg data-section-bg-repeat='stretch' ><div class='container' ><div class='template-page content  av-content-full alpha units' ><div class='post-entry post-entry-type-page post-entry-32'><div class='entry-content-wrapper clearfix'>\n<div   class='av-special-heading av-special-heading-h1   blockquote modern-quote  avia-builder-el-3  avia-builder-el-no-sibling     ' ><h1 class='av-special-heading-tag '   itemprop=\"headline\"  >Tickets<\/h1><div class='special-heading-border'><div class='special-heading-inner-border' ><\/div><\/div><\/div>\n\n<\/div><\/div><\/div><!-- close content main div --><\/div><\/div><div id='av_section_3'  class='avia-section main_color avia-section-default avia-no-border-styling  avia-bg-style-scroll  avia-builder-el-4  el_after_av_section  el_before_ep_template_part   avia-section-fwd container_wrap fullsize' style='  '   ><div class='container' style=><div class='template-page content  av-content-full alpha units' style='padding-top:0px; padding-bottom:0px; '><div class='post-entry post-entry-type-page post-entry-32'><div class='entry-content-wrapper clearfix'>\n<div   class='hr hr-invisible  hr-responsive   avia-builder-el-5  el_before_ep_item_grid  avia-builder-el-first ' ><div style='height:30px' class='hr-desktop '><\/div><div style='height:1px; margin-top:0px'  class='hr-tablet '><\/div><div style='height:1px; margin-top:0px'  class='hr-mobile'><\/div><\/div>\n\n\t\t\t\t<div  class='ep-item-grid-wrapper ep-grid-wrapper    avia-builder-el-6  el_after_av_hr  el_before_av_hr  programs-items-grid' style='--itemCount: 2;' >\n\t\t\t\t\t<div class=\"ep-item-grid ep-grid  columns is-multiline is-mobile is-variable is-3 ep-grid-align-center\" >\n\t\t\t\t\t\t\n<div class='ep-item-grid-item ep-item-1  column is-full-mobile is-half-tablet is-half-desktop ' >\n<a class=\"noHover ep-link-wrapper\" href=\"https:\/\/www.theadkx.org\/fr\/visit\/tickets\/purchase-online-tickets\/\" >\t<div class='ep-item-grid-item-inner column-inner'>\n        <div class=\"program-item-wrapper\">\n            <div class=\"program-item-thumb\" style=\"background-image: url(https:\/\/www.theadkx.org\/wp-content\/uploads\/2021\/04\/tickets-720x540-1.jpg)\">\n            <\/div>\n            <div class=\"program-item-content field-trips-top bg-pos-right\">\n                                    <div class=\"program-item-title\">\n                        <h4 class=\"ep-item-grid-item-title\" style='font-size:60px;'>Get Online Tickets<\/h4>\n                    <\/div>\n                                                                <div class=\"program-item-link\">\n                    <span>\n                        Learn More                    <\/span>\n                <\/div>\n                            <\/div>\n        <\/div>\n\t<\/div>\n    <\/a><\/div>\n<div class='ep-item-grid-item ep-item-2  column is-full-mobile is-half-tablet is-half-desktop ' >\n<a class=\"noHover ep-link-wrapper\" href=\"https:\/\/www.theadkx.org\/visit\/gift-tickets\/\" >\t<div class='ep-item-grid-item-inner column-inner'>\n        <div class=\"program-item-wrapper\">\n            <div class=\"program-item-thumb\" style=\"background-image: url(https:\/\/www.theadkx.org\/wp-content\/uploads\/2021\/07\/ADKX-Newsletter-Fall-2019-01-scaled.jpg)\">\n            <\/div>\n            <div class=\"program-item-content in-school-top bg-pos-left\">\n                                    <div class=\"program-item-title\">\n                        <h4 class=\"ep-item-grid-item-title\" style='font-size:60px;'>Get Gift Tickets<\/h4>\n                    <\/div>\n                                                                <div class=\"program-item-link\">\n                    <span>\n                        Learn More                    <\/span>\n                <\/div>\n                            <\/div>\n        <\/div>\n\t<\/div>\n    <\/a><\/div>\n\t\t\t\t\t<\/div>\n\t\t\t\t\t\t\t\t\t<\/div>\n\n\t\t\t\t\n<div   class='hr hr-invisible  hr-responsive   avia-builder-el-7  el_after_ep_item_grid  avia-builder-el-last ' ><div style='height:30px' class='hr-desktop '><\/div><div style='height:1px; margin-top:0px'  class='hr-tablet '><\/div><div style='height:1px; margin-top:0px'  class='hr-mobile'><\/div><\/div>\n<\/div><\/div><\/div><!-- close content main div --><\/div><\/div><div id='after_section_3'  class='main_color av_default_container_wrap container_wrap fullsize' style='  '   ><div class='container' ><div class='template-page content  av-content-full alpha units' ><div class='post-entry post-entry-type-page post-entry-32'><div class='entry-content-wrapper clearfix'>[av_section min_height='' min_height_pc='25' min_height_px='500px' custom_container='fwd' custom_container_width='1100px' padding='default' custom_padding='' custom_padding_sync='true' custom_margin='0px' custom_margin_sync='true' color='alternate_color' background='bg_color' custom_bg='' background_gradient_color1='' background_gradient_color2='' background_gradient_direction='vertical' src='https:\/\/www.theadkx.org\/wp-content\/uploads\/2021\/05\/membership-banner-01-1500x420-1.jpg' attachment='4996,' attachment_size='full,' attach='scroll' position='center center' repeat='stretch' src_mobile='' video='' video_ratio='16:9' overlay_opacity='0.5' overlay_color='' overlay_pattern='' overlay_custom_pattern='' overlay_attach='scroll' overlay_position='top left' overlay_repeat='repeat' shadow='no-border-styling' bottom_border='no-border-styling' bottom_border_diagonal_color='#333333' bottom_border_diagonal_direction='' bottom_border_style='' custom_arrow_bg='' id='' custom_class='informative-section left-colored' template_class='' aria_label='' z_index='' av_element_hidden_in_editor='0' av_uid='av-h8tuva' sc_version='1.0']\r\n[av_one_half first min_height='av-equal-height-column' vertical_alignment='av-align-top' space='' custom_space='' margin='' margin_sync='true' margin_tablet='' margin_tablet_sync='true' margin_mobile='' margin_mobile_sync='true' row_border='' row_border_color='' row_radius='' row_radius_sync='true' row_padding='' row_padding_sync='true' row_padding_tablet='' row_padding_tablet_sync='true' row_padding_mobile='' row_padding_mobile_sync='true' row_boxshadow_color='' row_boxshadow_width='10' row_background='bg_color' row_background_color='' row_background_gradient_color1='' row_background_gradient_color2='' row_background_gradient_direction='vertical' row_src='' attachment=',' attachment_size=',' row_background_attachment='scroll' row_background_position='top left' row_background_repeat='no-repeat' mobile_breaking='' row_class='' row_id='' offset_left='aviaTBoffset_left' offset_fwd_mobile='aviaTBoffset_fwd_mobile' border='' border_color='' radius='0px' radius_sync='true' padding='' padding_sync='true' padding_tablet='' padding_tablet_sync='true' padding_mobile='' padding_mobile_sync='true' column_boxshadow_color='' column_boxshadow_width='10' background='bg_color' background_color='' background_gradient_color1='' background_gradient_color2='' background_gradient_direction='vertical' src='' background_position='top left' background_repeat='no-repeat' highlight_size='1.1' animation='' link='' linktarget='' link_hover='' title_attr='' alt_attr='' mobile_display='av-hide-on-mobile' id='' custom_class='' template_class='' aria_label='' av_uid='av-fn38me' sc_version='1.0']\r\n\r\n[av_heading heading='Come Back to Discover <br>More About the <br> Adirondack Region' tag='h3' style='blockquote modern-quote' alignment='' tablet_alignment='' mobile_alignment='' subheading_active='' size='' av-medium-font-size-title='' av-small-font-size-title='' av-mini-font-size-title='' subheading_size='' av-medium-font-size='' av-small-font-size='' av-mini-font-size='' weight='' text_transform='' loh='' text_sep='' subheading_weight='' subheading_text_transform='' subheading_loh='' subheading_text_sep='' color='' custom_font='' custom_subheading_font='' margin='' margin_sync='true' padding='0' animation='' link='' link_target='' id='' custom_class='' template_class='' av_uid='av-emkidi' sc_version='1.0' admin_preview_bg=''][\/av_heading]\r\n\r\n[av_button label='Become a Member' icon_select='no' icon='ue800' font='entypo-fontello' size='medium' position='left' tablet_position='' mobile_position='' label_display='' title_attr='' color='border' custom_bg='#444444' custom_font='#ffffff' animation='' link='page,157' link_target='' id='' custom_class='' template_class='' av_uid='av-cmxf5i' sc_version='1.0' admin_preview_bg='']\r\n\r\n[\/av_one_half][av_one_half min_height='av-equal-height-column' vertical_alignment='av-align-middle' space='' custom_space='' margin='' margin_sync='true' margin_tablet='' margin_tablet_sync='true' margin_mobile='' margin_mobile_sync='true' row_border='' row_border_color='' row_radius='' row_radius_sync='true' row_padding='' row_padding_sync='true' row_padding_tablet='' row_padding_tablet_sync='true' row_padding_mobile='' row_padding_mobile_sync='true' row_boxshadow_color='' row_boxshadow_width='10' row_background='bg_color' row_background_color='' row_background_gradient_color1='' row_background_gradient_color2='' row_background_gradient_direction='vertical' row_src='' attachment=',' attachment_size=',' row_background_attachment='scroll' row_background_position='top left' row_background_repeat='no-repeat' mobile_breaking='' row_class='' row_id='' border='' border_color='' radius='0px' radius_sync='true' padding='' padding_sync='true' padding_tablet='' padding_tablet_sync='true' padding_mobile='' padding_mobile_sync='true' column_boxshadow_color='' column_boxshadow_width='10' background='bg_color' background_color='' background_gradient_color1='' background_gradient_color2='' background_gradient_direction='vertical' src='' background_position='top left' background_repeat='no-repeat' highlight_size='1.1' animation='' link='' linktarget='' link_hover='' title_attr='' alt_attr='' mobile_display='' id='' custom_class='' aria_label='' av_uid='av-bdp4bq']\r\n\r\n[av_image src='https:\/\/www.theadkx.org\/wp-content\/uploads\/2021\/04\/membership-banner-01-600x450-1.jpg' attachment='1010,,,' attachment_size='full,,,' src_retina='' src_mobile='' src_retina_mobile='' copyright='' caption='' styling='fwd-image' align='center' tablet_align='' mobile_align='' font_size='' overlay_opacity='0.4' overlay_color='#000000' overlay_text_color='#ffffff' animation='no-animation' hover='' appearance='' link='' target='' title_attr='' alt_attr='' lazy_loading='disabled' av-desktop-hide='aviaTBav-desktop-hide' av-medium-hide='aviaTBav-medium-hide' id='' custom_class='' template_class='' av_element_hidden_in_editor='0' av_uid='av-9rpxfq' sc_version='1.0' admin_preview_bg=''][\/av_image]\r\n\r\n[\/av_one_half]\r\n[\/av_section]\r\n\r\n[av_section min_height='' min_height_pc='25' min_height_px='500px' custom_container='' custom_container_width='1100px' padding='small' custom_padding='' custom_padding_sync='true' custom_margin='0px' custom_margin_sync='true' color='alternate_color' background='bg_color' custom_bg='#7f9c90' background_gradient_color1='' background_gradient_color2='' background_gradient_direction='vertical' src='' attachment=',' attachment_size=',' attach='scroll' position='top left' repeat='no-repeat' src_mobile='' video='' video_ratio='16:9' overlay_opacity='0.5' overlay_color='' overlay_pattern='' overlay_custom_pattern='' overlay_attach='scroll' overlay_position='top left' overlay_repeat='repeat' shadow='no-border-styling' bottom_border='no-border-styling' bottom_border_diagonal_color='#333333' bottom_border_diagonal_direction='' bottom_border_style='' custom_arrow_bg='' av-desktop-hide='aviaTBav-desktop-hide' av-medium-hide='aviaTBav-medium-hide' id='' custom_class='' template_class='' aria_label='' z_index='' av_element_hidden_in_editor='0' av_uid='av-84ul52' sc_version='1.0']\r\n[av_one_full first min_height='av-equal-height-column' vertical_alignment='av-align-top' space='' custom_space='' custom_margin='' margin='' margin_tablet='' margin_mobile='' row_border='' row_border_color='' row_radius='' row_padding='' row_padding_tablet='' row_padding_mobile='' row_boxshadow='' row_boxshadow_color='' row_boxshadow_width='10' row_background='bg_color' row_background_color='' row_background_gradient_color1='' row_background_gradient_color2='' row_background_gradient_direction='vertical' row_src='' row_background_attachment='scroll' row_background_position='top left' row_background_repeat='no-repeat' mobile_breaking='' reverse_order='' row_class='' row_id='' offset_left='' offset_right='' offset_fwd_mobile='' row_container='' border='' border_color='' radius='0px' padding='' padding_tablet='' padding_mobile='' column_boxshadow='' column_boxshadow_color='' column_boxshadow_width='10' background='bg_color' background_color='' background_gradient_color1='' background_gradient_color2='' background_gradient_direction='vertical' src='' background_position='top left' background_repeat='no-repeat' background_overlay='' highlight='' highlight_size='' animation='' link='' linktarget='' link_hover='' title_attr='' alt_attr='' mobile_display='' remove_margins='' id='' custom_class='' template_class='' aria_label='' av_uid='av-6gcaxi' sc_version='1.0']\r\n\r\n[av_heading heading='Come Back to Discover More About the Adirondack Region' tag='h3' style='blockquote modern-quote' alignment='' tablet_alignment='' mobile_alignment='' subheading_active='' size='32' av-medium-font-size-title='' av-small-font-size-title='' av-mini-font-size-title='' subheading_size='' av-medium-font-size='' av-small-font-size='' av-mini-font-size='' weight='bold' text_transform='' loh='' text_sep='' subheading_weight='' subheading_text_transform='' subheading_loh='' subheading_text_sep='' color='custom-color-heading' custom_font='#ffffff' custom_subheading_font='' margin='' margin_sync='true' padding='0' animation='' link='' link_target='' id='' custom_class='hide-caption' template_class='' av_uid='av-ko8187k9' sc_version='1.0' admin_preview_bg=''][\/av_heading]\r\n\r\n[av_hr class='invisible' height='50' tablet_height='' mobile_height='' shadow='no-shadow' position='center' mobile_position='' custom_short_margin='' custom_short_margin_sync='true' custom_short_width='' custom_border='av-border-thin' custom_width='50px' custom_border_color='' custom_margin_top='30px' custom_margin_bottom='30px' icon_select='yes' custom_icon_color='' icon='ue808' font='entypo-fontello' custom_class='' template_class='' av_uid='av-4abvja' sc_version='1.0' admin_preview_bg='']\r\n\r\n[av_button label='Become a Member' icon_select='no' icon='ue800' font='entypo-fontello' size='medium' position='left' tablet_position='' mobile_position='' label_display='' title_attr='' color='border' custom_bg='#444444' custom_font='#ffffff' animation='' link='page,157' link_target='' id='' custom_class='' template_class='' av_uid='av-30ckhi' sc_version='1.0' admin_preview_bg='']\r\n\r\n[\/av_one_full]\r\n[\/av_section]\r\n\r\n<\/p>\n","protected":false},"excerpt":{"rendered":"","protected":false},"author":4,"featured_media":0,"parent":18,"menu_order":9,"comment_status":"closed","ping_status":"closed","template":"","meta":{"_acf_changed":false,"om_disable_all_campaigns":false,"footnotes":""},"class_list":["post-32","page","type-page","status-publish","hentry"],"acf":[],"yoast_head":"<!-- This site is optimized with the Yoast SEO Premium plugin v22.8 (Yoast SEO v27.4) - https:\/\/yoast.com\/product\/yoast-seo-premium-wordpress\/ -->\n<title>Buy Tickets for Adirondack Experience - The Museum at Blue Mountain Lake<\/title>\n<meta name=\"description\" content=\"Come visit us in the heart of the Adirondacks for a truly unique experience. Tickets include access to more than 20 buildings nestled across 120 acres overlooking Blue Mountain Lake.\u00a0\" \/>\n<meta name=\"robots\" content=\"index, follow, max-snippet:-1, max-image-preview:large, max-video-preview:-1\" \/>\n<link rel=\"canonical\" href=\"https:\/\/www.theadkx.org\/fr\/visitez\/billets\/\" \/>\n<meta property=\"og:locale\" content=\"fr_FR\" \/>\n<meta property=\"og:type\" content=\"article\" \/>\n<meta property=\"og:title\" content=\"Tickets\" \/>\n<meta property=\"og:url\" content=\"https:\/\/www.theadkx.org\/fr\/visitez\/billets\/\" \/>\n<meta property=\"og:site_name\" content=\"Adirondack Experience\" \/>\n<meta property=\"article:publisher\" content=\"https:\/\/www.facebook.com\/theADKX\/\" \/>\n<meta property=\"article:modified_time\" content=\"2024-11-20T16:29:49+00:00\" \/>\n<meta name=\"twitter:card\" content=\"summary_large_image\" \/>\n<meta name=\"twitter:site\" content=\"@theadkx\" \/>\n<meta name=\"twitter:label1\" content=\"Dur\u00e9e de lecture estim\u00e9e\" \/>\n\t<meta name=\"twitter:data1\" content=\"1 minute\" \/>\n<script type=\"application\/ld+json\" class=\"yoast-schema-graph\">{\"@context\":\"https:\\\/\\\/schema.org\",\"@graph\":[{\"@type\":\"WebPage\",\"@id\":\"https:\\\/\\\/www.theadkx.org\\\/visit\\\/tickets\\\/\",\"url\":\"https:\\\/\\\/www.theadkx.org\\\/visit\\\/tickets\\\/\",\"name\":\"Buy Tickets for Adirondack Experience - The Museum at Blue Mountain Lake\",\"isPartOf\":{\"@id\":\"https:\\\/\\\/www.theadkx.org\\\/#website\"},\"datePublished\":\"2024-04-08T09:47:18+00:00\",\"dateModified\":\"2024-11-20T16:29:49+00:00\",\"description\":\"Come visit us in the heart of the Adirondacks for a truly unique experience. Tickets include access to more than 20 buildings nestled across 120 acres overlooking Blue Mountain Lake.\u00a0\",\"breadcrumb\":{\"@id\":\"https:\\\/\\\/www.theadkx.org\\\/visit\\\/tickets\\\/#breadcrumb\"},\"inLanguage\":\"fr-FR\",\"potentialAction\":[{\"@type\":\"ReadAction\",\"target\":[\"https:\\\/\\\/www.theadkx.org\\\/visit\\\/tickets\\\/\"]}]},{\"@type\":\"BreadcrumbList\",\"@id\":\"https:\\\/\\\/www.theadkx.org\\\/visit\\\/tickets\\\/#breadcrumb\",\"itemListElement\":[{\"@type\":\"ListItem\",\"position\":1,\"name\":\"Home\",\"item\":\"https:\\\/\\\/www.theadkx.org\\\/homepage\\\/\"},{\"@type\":\"ListItem\",\"position\":2,\"name\":\"Visit\",\"item\":\"https:\\\/\\\/www.theadkx.org\\\/visit\\\/\"},{\"@type\":\"ListItem\",\"position\":3,\"name\":\"Tickets\"}]},{\"@type\":\"WebSite\",\"@id\":\"https:\\\/\\\/www.theadkx.org\\\/#website\",\"url\":\"https:\\\/\\\/www.theadkx.org\\\/\",\"name\":\"Adirondack Experience\",\"description\":\"The Museum on Blue Mountain Lake\",\"publisher\":{\"@id\":\"https:\\\/\\\/www.theadkx.org\\\/#organization\"},\"potentialAction\":[{\"@type\":\"SearchAction\",\"target\":{\"@type\":\"EntryPoint\",\"urlTemplate\":\"https:\\\/\\\/www.theadkx.org\\\/?s={search_term_string}\"},\"query-input\":{\"@type\":\"PropertyValueSpecification\",\"valueRequired\":true,\"valueName\":\"search_term_string\"}}],\"inLanguage\":\"fr-FR\"},{\"@type\":\"Organization\",\"@id\":\"https:\\\/\\\/www.theadkx.org\\\/#organization\",\"name\":\"Adirondack Experience, The Museum on Blue Mountain Lake\",\"url\":\"https:\\\/\\\/www.theadkx.org\\\/\",\"logo\":{\"@type\":\"ImageObject\",\"inLanguage\":\"fr-FR\",\"@id\":\"https:\\\/\\\/www.theadkx.org\\\/#\\\/schema\\\/logo\\\/image\\\/\",\"url\":\"https:\\\/\\\/www.theadkx.org\\\/wp-content\\\/uploads\\\/2021\\\/03\\\/ADKX_LOGO.png\",\"contentUrl\":\"https:\\\/\\\/www.theadkx.org\\\/wp-content\\\/uploads\\\/2021\\\/03\\\/ADKX_LOGO.png\",\"width\":440,\"height\":276,\"caption\":\"Adirondack Experience, The Museum on Blue Mountain Lake\"},\"image\":{\"@id\":\"https:\\\/\\\/www.theadkx.org\\\/#\\\/schema\\\/logo\\\/image\\\/\"},\"sameAs\":[\"https:\\\/\\\/www.facebook.com\\\/theADKX\\\/\",\"https:\\\/\\\/x.com\\\/theadkx\",\"https:\\\/\\\/www.instagram.com\\\/theadkx\\\/\",\"https:\\\/\\\/www.youtube.com\\\/user\\\/AdirondackMuseum\"]}]}<\/script>\n<!-- \/ Yoast SEO Premium plugin. -->","yoast_head_json":{"title":"Acheter des billets pour Adirondack Experience - The Museum at Blue Mountain Lake","description":"Venez nous rendre visite au c\u0153ur des Adirondacks pour vivre une exp\u00e9rience unique. Les billets comprennent l'acc\u00e8s \u00e0 plus de 20 b\u00e2timents nich\u00e9s sur 120 acres surplombant le lac Blue Mountain.\u00a0","robots":{"index":"index","follow":"follow","max-snippet":"max-snippet:-1","max-image-preview":"max-image-preview:large","max-video-preview":"max-video-preview:-1"},"canonical":"https:\/\/www.theadkx.org\/fr\/visitez\/billets\/","og_locale":"fr_FR","og_type":"article","og_title":"Tickets","og_url":"https:\/\/www.theadkx.org\/fr\/visitez\/billets\/","og_site_name":"Adirondack Experience","article_publisher":"https:\/\/www.facebook.com\/theADKX\/","article_modified_time":"2024-11-20T16:29:49+00:00","twitter_card":"summary_large_image","twitter_site":"@theadkx","twitter_misc":{"Dur\u00e9e de lecture estim\u00e9e":"1 minute"},"schema":{"@context":"https:\/\/schema.org","@graph":[{"@type":"WebPage","@id":"https:\/\/www.theadkx.org\/visit\/tickets\/","url":"https:\/\/www.theadkx.org\/visit\/tickets\/","name":"Acheter des billets pour Adirondack Experience - The Museum at Blue Mountain Lake","isPartOf":{"@id":"https:\/\/www.theadkx.org\/#website"},"datePublished":"2024-04-08T09:47:18+00:00","dateModified":"2024-11-20T16:29:49+00:00","description":"Venez nous rendre visite au c\u0153ur des Adirondacks pour vivre une exp\u00e9rience unique. Les billets comprennent l'acc\u00e8s \u00e0 plus de 20 b\u00e2timents nich\u00e9s sur 120 acres surplombant le lac Blue Mountain.\u00a0","breadcrumb":{"@id":"https:\/\/www.theadkx.org\/visit\/tickets\/#breadcrumb"},"inLanguage":"fr-FR","potentialAction":[{"@type":"ReadAction","target":["https:\/\/www.theadkx.org\/visit\/tickets\/"]}]},{"@type":"BreadcrumbList","@id":"https:\/\/www.theadkx.org\/visit\/tickets\/#breadcrumb","itemListElement":[{"@type":"ListItem","position":1,"name":"Home","item":"https:\/\/www.theadkx.org\/homepage\/"},{"@type":"ListItem","position":2,"name":"Visit","item":"https:\/\/www.theadkx.org\/visit\/"},{"@type":"ListItem","position":3,"name":"Tickets"}]},{"@type":"WebSite","@id":"https:\/\/www.theadkx.org\/#website","url":"https:\/\/www.theadkx.org\/","name":"L'exp\u00e9rience des Adirondacks","description":"Le mus\u00e9e du lac Blue Mountain","publisher":{"@id":"https:\/\/www.theadkx.org\/#organization"},"potentialAction":[{"@type":"SearchAction","target":{"@type":"EntryPoint","urlTemplate":"https:\/\/www.theadkx.org\/?s={search_term_string}"},"query-input":{"@type":"PropertyValueSpecification","valueRequired":true,"valueName":"search_term_string"}}],"inLanguage":"fr-FR"},{"@type":"Organization","@id":"https:\/\/www.theadkx.org\/#organization","name":"Adirondack Experience, le mus\u00e9e du lac Blue Mountain","url":"https:\/\/www.theadkx.org\/","logo":{"@type":"ImageObject","inLanguage":"fr-FR","@id":"https:\/\/www.theadkx.org\/#\/schema\/logo\/image\/","url":"https:\/\/www.theadkx.org\/wp-content\/uploads\/2021\/03\/ADKX_LOGO.png","contentUrl":"https:\/\/www.theadkx.org\/wp-content\/uploads\/2021\/03\/ADKX_LOGO.png","width":440,"height":276,"caption":"Adirondack Experience, The Museum on Blue Mountain Lake"},"image":{"@id":"https:\/\/www.theadkx.org\/#\/schema\/logo\/image\/"},"sameAs":["https:\/\/www.facebook.com\/theADKX\/","https:\/\/x.com\/theadkx","https:\/\/www.instagram.com\/theadkx\/","https:\/\/www.youtube.com\/user\/AdirondackMuseum"]}]}},"_links":{"self":[{"href":"https:\/\/www.theadkx.org\/fr\/wp-json\/wp\/v2\/pages\/32","targetHints":{"allow":["GET"]}}],"collection":[{"href":"https:\/\/www.theadkx.org\/fr\/wp-json\/wp\/v2\/pages"}],"about":[{"href":"https:\/\/www.theadkx.org\/fr\/wp-json\/wp\/v2\/types\/page"}],"author":[{"embeddable":true,"href":"https:\/\/www.theadkx.org\/fr\/wp-json\/wp\/v2\/users\/4"}],"replies":[{"embeddable":true,"href":"https:\/\/www.theadkx.org\/fr\/wp-json\/wp\/v2\/comments?post=32"}],"version-history":[{"count":10,"href":"https:\/\/www.theadkx.org\/fr\/wp-json\/wp\/v2\/pages\/32\/revisions"}],"predecessor-version":[{"id":15276,"href":"https:\/\/www.theadkx.org\/fr\/wp-json\/wp\/v2\/pages\/32\/revisions\/15276"}],"up":[{"embeddable":true,"href":"https:\/\/www.theadkx.org\/fr\/wp-json\/wp\/v2\/pages\/18"}],"wp:attachment":[{"href":"https:\/\/www.theadkx.org\/fr\/wp-json\/wp\/v2\/media?parent=32"}],"curies":[{"name":"wp","href":"https:\/\/api.w.org\/{rel}","templated":true}]}}