{"id":3511,"date":"2021-04-27T14:35:02","date_gmt":"2021-04-27T18:35:02","guid":{"rendered":"http:\/\/www.theadkx.org\/?page_id=3511"},"modified":"2021-05-03T23:13:04","modified_gmt":"2021-05-04T03:13:04","slug":"empathie-curiosite-et-compassion","status":"publish","type":"page","link":"https:\/\/www.theadkx.org\/fr\/education\/resources\/adkx-inquires\/empathy-curiosity-and-compassion\/","title":{"rendered":"Empathie, curiosit\u00e9 et compassion"},"content":{"rendered":"<div id='av_section_1'  class='avia-section main_color avia-section-no-padding avia-no-border-styling  ep-lazy-loaded avia-full-stretch avia-bg-style-scroll  avia-builder-el-0  el_before_av_section  avia-builder-el-first   avia-section-fwd container_wrap fullsize' style='background-repeat: no-repeat; --epBGImgDesktop: url(https:\/\/www.theadkx.org\/wp-content\/uploads\/2021\/04\/empathy-curiosity-compassion-1920x640-1.jpg);--epBGImgTablet: var(--epBGImgDesktop); --epBGImgMobile: url(https:\/\/www.theadkx.org\/wp-content\/uploads\/2021\/04\/empathy-curiosity-compassion-mobile-720x540-1.jpg);;background-attachment: scroll; background-position: bottom center;   '   data-section-bg-repeat='stretch' ><div class='container' style=\"\"><main  role=\"main\" itemprop=\"mainContentOfPage\"  class='template-page content  av-content-full alpha units' ><div class='post-entry post-entry-type-page post-entry-3511'><div class='entry-content-wrapper clearfix'>\n<div   class='hr hr-invisible  hr-responsive   avia-builder-el-1  avia-builder-el-no-sibling' ><div style='height:300px' class='hr-desktop'><\/div><div style='height:300px' class='hr-tablet'><\/div><div style='height:150px' class='hr-mobile'><\/div><\/div>\n\n<\/div><\/div><\/main><!-- close content main element --><\/div><\/div><div id='av_section_2'  class='avia-section main_color avia-section-default avia-no-border-styling  ep-lazy-loaded avia-full-stretch avia-bg-style-scroll  avia-builder-el-2  el_after_av_section  el_before_av_section   container_wrap fullsize' style='background-color: #fcfaf5; background-repeat: no-repeat; --epBGImg: url(https:\/\/www.theadkx.org\/wp-content\/uploads\/2021\/03\/Brown-Topo-Map-1.png);;background-attachment: scroll; background-position: center center;   '  data-lazy-bg data-section-bg-repeat='stretch' ><div class='container' ><div class='template-page content  av-content-full alpha units' ><div class='post-entry post-entry-type-page post-entry-3511'><div class='entry-content-wrapper clearfix'>\n<div   class='av-special-heading av-special-heading-h1   blockquote modern-quote  avia-builder-el-3  avia-builder-el-no-sibling' ><h1 class='av-special-heading-tag'   itemprop=\"headline\"  >Empathie, curiosit\u00e9 et compassion <em>(de la 6e \u00e0 la 12e ann\u00e9e)<\/em><\/h1><div class='special-heading-border'><div class='special-heading-inner-border' ><\/div><\/div><\/div>\n\n<\/div><\/div><\/div><!-- close content main div --><\/div><\/div><div id='av_section_3'  class='avia-section main_color avia-section-default avia-no-border-styling  avia-bg-style-scroll  avia-builder-el-4  el_after_av_section  el_before_av_section   avia-section-fwd container_wrap fullsize' style='  '   ><div class='container' style=\"\"><div class='template-page content  av-content-full alpha units' ><div class='post-entry post-entry-type-page post-entry-3511'><div class='entry-content-wrapper clearfix'>\n<div   class='flex_column_table  reverse-order ep-lazy-loaded plan-your-visit-row  av-equal-height-column-flextable av-break-at-tablet-flextable flex-column-table-1'  ><div  class=\"flex_column av_three_fifth  custom_space av-break-at-tablet flex_column_table_cell av-equal-height-column av-align-top ep-lazy-loaded first  avia-builder-el-5  el_before_av_two_fifth  avia-builder-el-first  mobile-offset\" ><div class=\"flex-column-inner\"><p><section class=\"av_textblock_section\"  itemscope=\"itemscope\" itemtype=\"https:\/\/schema.org\/CreativeWork\"  ><div class='avia_textblock   av_inherit_color'  style='font-size:30px; color:#789d4a; '  itemprop=\"text\" ><p>ADKX Inquiries - Favoriser des choix \u00e9clair\u00e9s pour l'avenir<\/p>\n<\/div><\/section><br \/>\n<section class=\"av_textblock_section\"  itemscope=\"itemscope\" itemtype=\"https:\/\/schema.org\/CreativeWork\"  ><div class='avia_textblock'   itemprop=\"text\" ><p>Utilisez les images, les vid\u00e9os et les questions ci-dessous pour organiser des conversations et cr\u00e9er une communaut\u00e9 dans vos propres espaces \u00e9ducatifs dans la r\u00e9gion des Adirondacks et du North Country.<\/p>\n<\/div><\/section><br \/>\n<div  style='height:20px' class='hr hr-invisible    avia-builder-el-8  el_after_av_textblock  el_before_av_video' ><span class='hr-inner' ><span class='hr-inner-style'><\/span><\/span><\/div><br \/>\n<div  class='avia-video av-ko0em7ys-df5a02e548004b05b1126a7445a42c33 avia-video-16-9 av-no-preview-image avia-video-load-always av-lazyload-immediate av-lazyload-video-embed'  itemprop=\"video\" itemtype=\"https:\/\/schema.org\/VideoObject\"  data-original_url='https:\/\/www.youtube.com\/watch?v=fcVOIipNPVI'><script type='text\/html' class='av-video-tmpl'><div class='avia-iframe-wrap'><iframe loading=\"lazy\" title=\"Let&#039;s Talk - Appreciating Differences\" width=\"1500\" height=\"844\" src=\"https:\/\/www.youtube.com\/embed\/fcVOIipNPVI?feature=oembed&autoplay=0&loop=0&controls=1&mute=0\" frameborder=\"0\" allow=\"accelerometer; autoplay; clipboard-write; encrypted-media; gyroscope; picture-in-picture\" allowfullscreen><\/iframe><\/div><\/script><div class='av-click-to-play-overlay'><div class=\"avia_playpause_icon\"><\/div><\/div><\/div><br \/>\n<div  style='height:20px' class='hr hr-invisible    avia-builder-el-10  el_after_av_video  el_before_av_button' ><span class='hr-inner' ><span class='hr-inner-style'><\/span><\/span><\/div><br \/>\n<div  class='avia-button-wrap avia-button-left    avia-builder-el-11  el_after_av_hr  el_before_av_textblock'  ><a href='https:\/\/www.theadkx.org\/fr\/education\/resources\/adkx-inquires\/'  class='avia-button   avia-icon_select-no avia-color-border avia-size-medium avia-position-left'   ><span class='avia_iconbox_title' >Retour \u00e0 la page d'accueil des demandes de renseignements<\/span><\/a><\/div><br \/>\n<section class=\"av_textblock_section\"  itemscope=\"itemscope\" itemtype=\"https:\/\/schema.org\/CreativeWork\"  ><div class='avia_textblock'   itemprop=\"text\" ><p><a href=\"https:\/\/www.theadkx.org\/fr\/expositions\/always-on-view\/life-in-the-adirondacks\/\" data-emacategory=\"In-Page Navigation\">Connexion \u00e0 l'enqu\u00eate ADKX<\/a><\/p>\n<\/div><\/section><\/p><\/div><\/div><div class='av-flex-placeholder' style='width: 10%'><\/div><div  class=\"flex_column av_two_fifth  custom_space av-break-at-tablet flex_column_table_cell av-equal-height-column av-align-top no-margins-on-breakpoint ep-lazy-loaded   avia-builder-el-13  el_after_av_three_fifth  avia-builder-el-last\" ><div class=\"flex-column-inner\"><p><div   class='av-special-heading av-special-heading-h2   blockquote modern-quote  avia-builder-el-14  el_before_av_sidebar  avia-builder-el-first' ><h2 class='av-special-heading-tag'   itemprop=\"headline\"  >Demandes de renseignements<\/h2><div class='special-heading-border'><div class='special-heading-inner-border' ><\/div><\/div><\/div><br \/>\n<div  class='avia-builder-widget-area clearfix  avia-builder-el-15  el_after_av_heading  avia-builder-el-last'><div id=\"text-3\" class=\"widget clearfix widget_text\">\t\t\t<div class=\"textwidget\"><p><a href=\"https:\/\/www.theadkx.org\/fr\/fonds-annuel\/ressources\/adkx-enquetes\/universal-expressions\/\"><strong>Expressions universelles<\/strong><em> (de la 8e \u00e0 la 12e ann\u00e9e)<\/em><\/a><\/p>\n<p><a href=\"https:\/\/www.theadkx.org\/fr\/fonds-annuel\/ressources\/adkx-enquetes\/make-the-world-better\/\"><strong>Rendre le monde meilleur<\/strong><em> (de la 3e \u00e0 la 12e ann\u00e9e)<\/em><\/a><\/p>\n<p><a href=\"https:\/\/www.theadkx.org\/fr\/fonds-annuel\/ressources\/adkx-enquetes\/mr-rogers\/\"><strong>M. Rogers<\/strong><em> (de la 6e \u00e0 la 12e ann\u00e9e)<\/em><\/a><\/p>\n<p><a href=\"https:\/\/www.theadkx.org\/fr\/fonds-annuel\/ressources\/adkx-enquetes\/la-regle-dor\/\"><strong>La r\u00e8gle d'or<\/strong> <em>(de la 6e \u00e0 la 12e ann\u00e9e)<\/em><\/a><\/p>\n<p><a href=\"https:\/\/www.theadkx.org\/fr\/fonds-annuel\/ressources\/adkx-enquetes\/empathie-curiosite-et-compassion\/\"><strong>Empathie, curiosit\u00e9 et compassion<\/strong> <em>(de la 6e \u00e0 la 12e ann\u00e9e)<\/em><\/a><\/p>\n<\/div>\n\t\t<\/div><\/div><\/p><\/div><\/div><\/div><!--close column table wrapper. Autoclose: 1 -->\n\n<\/div><\/div><\/div><!-- close content main div --><\/div><\/div><div id='av_section_4'  class='avia-section alternate_color avia-section-default avia-no-border-styling  avia-bg-style-scroll  avia-builder-el-16  el_after_av_section  avia-builder-el-last   container_wrap fullsize' style='background-color: #7f9c90;   '   ><div class='container' ><div class='template-page content  av-content-full alpha units' ><div class='post-entry post-entry-type-page post-entry-3511'><div class='entry-content-wrapper clearfix'>\n<div   class='flex_column_table  ep-lazy-loaded   av-equal-height-column-flextable -flextable flex-column-table-2'  ><div  class=\"flex_column av_one_half  flex_column_table_cell av-equal-height-column av-align-top ep-lazy-loaded first  avia-builder-el-17  el_before_av_one_half  avia-builder-el-first\" ><div class=\"flex-column-inner\"><p><div  style='color:#fcfaf5;' class='av-special-heading av-special-heading-h2  custom-color-heading blockquote modern-quote  avia-builder-el-18  el_before_av_textblock  avia-builder-el-first' ><h2 class='av-special-heading-tag'   itemprop=\"headline\"  >Parlons-en<\/h2><div class='special-heading-border'><div class='special-heading-inner-border' style='border-color:#fcfaf5'><\/div><\/div><\/div><br \/>\n<section class=\"av_textblock_section\"  itemscope=\"itemscope\" itemtype=\"https:\/\/schema.org\/CreativeWork\"  ><div class='avia_textblock   av_inherit_color'  style='font-size:24px; color:#fcfaf5; '  itemprop=\"text\" ><p><b><i>\u00c9coutez ces \u00e9tudiants<\/i><\/b><b>.\u00a0<\/b><\/p>\n<p>Notre empathie, notre curiosit\u00e9 et notre compassion sont n\u00e9cessaires maintenant. Comment pouvons-nous utiliser nos actions, nos voix et nos id\u00e9es pour c\u00e9l\u00e9brer et reconna\u00eetre nos nombreuses diff\u00e9rences ?<\/p>\n<\/div><\/section><br \/>\n<div  class='avia-button-wrap avia-button-left    avia-builder-el-20  el_after_av_textblock  el_before_av_textblock'  ><a href='https:\/\/docs.google.com\/presentation\/d\/1zT9QkGKb83Xyn8H4QjVF7Gm6MgLBEU9YdfpiRgkLXzA\/edit#slide=id.g9a4f82f53b_0_0'  class='avia-button   avia-icon_select-no avia-color-border avia-size-medium avia-position-left'  target=\"_blank\"   ><span class='avia_iconbox_title' >T\u00e9l\u00e9charger cette page<\/span><\/a><\/div><br \/>\n<section class=\"av_textblock_section\"  itemscope=\"itemscope\" itemtype=\"https:\/\/schema.org\/CreativeWork\"  ><div class='avia_textblock'   itemprop=\"text\" ><p><a href=\"https:\/\/www.theadkx.org\/fr\/fonds-annuel\/ressources\/adkx-enquetes\/additional-resources\/\">Ressources suppl\u00e9mentaires<\/a><\/p>\n<\/div><\/section><\/p><\/div><\/div><div class='av-flex-placeholder' ><\/div><div  class=\"flex_column av_one_half  flex_column_table_cell av-equal-height-column av-align-top ep-lazy-loaded   avia-builder-el-22  el_after_av_one_half  avia-builder-el-last\" ><div class=\"flex-column-inner\"><p><div  style='color:#fcfaf5;' class='av-special-heading av-special-heading-h4  custom-color-heading blockquote modern-quote  avia-builder-el-23  el_before_av_image  avia-builder-el-first' ><h4 class='av-special-heading-tag'   itemprop=\"headline\"  >AFFICHE IMPRIMABLE :<\/h4><div class='special-heading-border'><div class='special-heading-inner-border' style='border-color:#fcfaf5'><\/div><\/div><\/div><br \/>\n<div  class='avia-image-container  av-styling-      avia-builder-el-24  el_after_av_heading  el_before_av_textblock  avia-align-center'  itemprop=\"image\" itemscope=\"itemscope\" itemtype=\"https:\/\/schema.org\/ImageObject\"   ><div class='avia-image-container-inner'><div class='avia-image-overlay-wrap'><img decoding=\"async\" fetchpriority=\"high\" class='wp-image-3535 avia-img-lazy-loading-not-3535 avia_image' src=\"https:\/\/www.theadkx.org\/wp-content\/uploads\/2021\/04\/empathy-curiosity-compassion-720x960-1.jpg\" alt='' title='empathie-curiosit\u00e9-compassion-720x960' height=\"960\" width=\"720\"  itemprop=\"thumbnailUrl\" srcset=\"https:\/\/www.theadkx.org\/wp-content\/uploads\/2021\/04\/empathy-curiosity-compassion-720x960-1.jpg 720w, https:\/\/www.theadkx.org\/wp-content\/uploads\/2021\/04\/empathy-curiosity-compassion-720x960-1-225x300.jpg 225w\" sizes=\"(max-width: 720px) 100vw, 720px\" \/><\/div><\/div><\/div><br \/>\n<section class=\"av_textblock_section\"  itemscope=\"itemscope\" itemtype=\"https:\/\/schema.org\/CreativeWork\"  ><div class='avia_textblock'   itemprop=\"text\" ><p><a href=\"https:\/\/www.tolerance.org\/classroom-resources\/one-world-posters\" target=\"_blank\" rel=\"noopener\">C<em>ourtesy of Teaching Tolerance<\/em><\/a><\/p>\n<\/div><\/section><\/p><\/div><\/div><\/div><!--close column table wrapper. Autoclose: 1 -->","protected":false},"excerpt":{"rendered":"","protected":false},"author":4,"featured_media":0,"parent":179,"menu_order":87,"comment_status":"closed","ping_status":"closed","template":"","meta":{"_acf_changed":false,"om_disable_all_campaigns":false,"footnotes":""},"class_list":["post-3511","page","type-page","status-publish","hentry"],"acf":[],"yoast_head":"<!-- This site is optimized with the Yoast SEO Premium plugin v22.8 (Yoast SEO v27.3) - https:\/\/yoast.com\/product\/yoast-seo-premium-wordpress\/ -->\n<title>Empathy, Curiosity, and Compassion | Adirondack Experience<\/title>\n<meta name=\"robots\" content=\"index, follow, max-snippet:-1, max-image-preview:large, max-video-preview:-1\" \/>\n<link rel=\"canonical\" href=\"https:\/\/www.theadkx.org\/fr\/fonds-annuel\/ressources\/adkx-enquetes\/empathie-curiosite-et-compassion\/\" \/>\n<meta property=\"og:locale\" content=\"fr_FR\" \/>\n<meta property=\"og:type\" content=\"article\" \/>\n<meta property=\"og:title\" content=\"Empathy, Curiosity, and Compassion\" \/>\n<meta property=\"og:url\" content=\"https:\/\/www.theadkx.org\/fr\/fonds-annuel\/ressources\/adkx-enquetes\/empathie-curiosite-et-compassion\/\" \/>\n<meta property=\"og:site_name\" content=\"Adirondack Experience\" \/>\n<meta property=\"article:publisher\" content=\"https:\/\/www.facebook.com\/theADKX\/\" \/>\n<meta property=\"article:modified_time\" content=\"2021-05-04T03:13:04+00:00\" \/>\n<meta name=\"twitter:card\" content=\"summary_large_image\" \/>\n<meta name=\"twitter:site\" content=\"@theadkx\" \/>\n<script type=\"application\/ld+json\" class=\"yoast-schema-graph\">{\"@context\":\"https:\\\/\\\/schema.org\",\"@graph\":[{\"@type\":\"WebPage\",\"@id\":\"https:\\\/\\\/www.theadkx.org\\\/education\\\/resources\\\/adkx-inquires\\\/empathy-curiosity-and-compassion\\\/\",\"url\":\"https:\\\/\\\/www.theadkx.org\\\/education\\\/resources\\\/adkx-inquires\\\/empathy-curiosity-and-compassion\\\/\",\"name\":\"Empathy, Curiosity, and Compassion | Adirondack Experience\",\"isPartOf\":{\"@id\":\"https:\\\/\\\/www.theadkx.org\\\/#website\"},\"datePublished\":\"2021-04-27T18:35:02+00:00\",\"dateModified\":\"2021-05-04T03:13:04+00:00\",\"breadcrumb\":{\"@id\":\"https:\\\/\\\/www.theadkx.org\\\/education\\\/resources\\\/adkx-inquires\\\/empathy-curiosity-and-compassion\\\/#breadcrumb\"},\"inLanguage\":\"fr-FR\",\"potentialAction\":[{\"@type\":\"ReadAction\",\"target\":[\"https:\\\/\\\/www.theadkx.org\\\/education\\\/resources\\\/adkx-inquires\\\/empathy-curiosity-and-compassion\\\/\"]}]},{\"@type\":\"BreadcrumbList\",\"@id\":\"https:\\\/\\\/www.theadkx.org\\\/education\\\/resources\\\/adkx-inquires\\\/empathy-curiosity-and-compassion\\\/#breadcrumb\",\"itemListElement\":[{\"@type\":\"ListItem\",\"position\":1,\"name\":\"Home\",\"item\":\"https:\\\/\\\/www.theadkx.org\\\/homepage\\\/\"},{\"@type\":\"ListItem\",\"position\":2,\"name\":\"Education\",\"item\":\"https:\\\/\\\/www.theadkx.org\\\/education\\\/\"},{\"@type\":\"ListItem\",\"position\":3,\"name\":\"Resources\",\"item\":\"https:\\\/\\\/www.theadkx.org\\\/education\\\/resources\\\/\"},{\"@type\":\"ListItem\",\"position\":4,\"name\":\"ADKX Inquires\",\"item\":\"https:\\\/\\\/www.theadkx.org\\\/education\\\/resources\\\/adkx-inquires\\\/\"},{\"@type\":\"ListItem\",\"position\":5,\"name\":\"Empathy, Curiosity, and Compassion\"}]},{\"@type\":\"WebSite\",\"@id\":\"https:\\\/\\\/www.theadkx.org\\\/#website\",\"url\":\"https:\\\/\\\/www.theadkx.org\\\/\",\"name\":\"Adirondack Experience\",\"description\":\"The Museum on Blue Mountain Lake\",\"publisher\":{\"@id\":\"https:\\\/\\\/www.theadkx.org\\\/#organization\"},\"potentialAction\":[{\"@type\":\"SearchAction\",\"target\":{\"@type\":\"EntryPoint\",\"urlTemplate\":\"https:\\\/\\\/www.theadkx.org\\\/?s={search_term_string}\"},\"query-input\":{\"@type\":\"PropertyValueSpecification\",\"valueRequired\":true,\"valueName\":\"search_term_string\"}}],\"inLanguage\":\"fr-FR\"},{\"@type\":\"Organization\",\"@id\":\"https:\\\/\\\/www.theadkx.org\\\/#organization\",\"name\":\"Adirondack Experience, The Museum on Blue Mountain Lake\",\"url\":\"https:\\\/\\\/www.theadkx.org\\\/\",\"logo\":{\"@type\":\"ImageObject\",\"inLanguage\":\"fr-FR\",\"@id\":\"https:\\\/\\\/www.theadkx.org\\\/#\\\/schema\\\/logo\\\/image\\\/\",\"url\":\"https:\\\/\\\/www.theadkx.org\\\/wp-content\\\/uploads\\\/2021\\\/03\\\/ADKX_LOGO.png\",\"contentUrl\":\"https:\\\/\\\/www.theadkx.org\\\/wp-content\\\/uploads\\\/2021\\\/03\\\/ADKX_LOGO.png\",\"width\":440,\"height\":276,\"caption\":\"Adirondack Experience, The Museum on Blue Mountain Lake\"},\"image\":{\"@id\":\"https:\\\/\\\/www.theadkx.org\\\/#\\\/schema\\\/logo\\\/image\\\/\"},\"sameAs\":[\"https:\\\/\\\/www.facebook.com\\\/theADKX\\\/\",\"https:\\\/\\\/x.com\\\/theadkx\",\"https:\\\/\\\/www.instagram.com\\\/theadkx\\\/\",\"https:\\\/\\\/www.youtube.com\\\/user\\\/AdirondackMuseum\"]}]}<\/script>\n<!-- \/ Yoast SEO Premium plugin. -->","yoast_head_json":{"title":"Empathie, Curiosit\u00e9 et Compassion | Adirondack Experience","robots":{"index":"index","follow":"follow","max-snippet":"max-snippet:-1","max-image-preview":"max-image-preview:large","max-video-preview":"max-video-preview:-1"},"canonical":"https:\/\/www.theadkx.org\/fr\/fonds-annuel\/ressources\/adkx-enquetes\/empathie-curiosite-et-compassion\/","og_locale":"fr_FR","og_type":"article","og_title":"Empathy, Curiosity, and Compassion","og_url":"https:\/\/www.theadkx.org\/fr\/fonds-annuel\/ressources\/adkx-enquetes\/empathie-curiosite-et-compassion\/","og_site_name":"Adirondack Experience","article_publisher":"https:\/\/www.facebook.com\/theADKX\/","article_modified_time":"2021-05-04T03:13:04+00:00","twitter_card":"summary_large_image","twitter_site":"@theadkx","schema":{"@context":"https:\/\/schema.org","@graph":[{"@type":"WebPage","@id":"https:\/\/www.theadkx.org\/education\/resources\/adkx-inquires\/empathy-curiosity-and-compassion\/","url":"https:\/\/www.theadkx.org\/education\/resources\/adkx-inquires\/empathy-curiosity-and-compassion\/","name":"Empathie, Curiosit\u00e9 et Compassion | Adirondack Experience","isPartOf":{"@id":"https:\/\/www.theadkx.org\/#website"},"datePublished":"2021-04-27T18:35:02+00:00","dateModified":"2021-05-04T03:13:04+00:00","breadcrumb":{"@id":"https:\/\/www.theadkx.org\/education\/resources\/adkx-inquires\/empathy-curiosity-and-compassion\/#breadcrumb"},"inLanguage":"fr-FR","potentialAction":[{"@type":"ReadAction","target":["https:\/\/www.theadkx.org\/education\/resources\/adkx-inquires\/empathy-curiosity-and-compassion\/"]}]},{"@type":"BreadcrumbList","@id":"https:\/\/www.theadkx.org\/education\/resources\/adkx-inquires\/empathy-curiosity-and-compassion\/#breadcrumb","itemListElement":[{"@type":"ListItem","position":1,"name":"Home","item":"https:\/\/www.theadkx.org\/homepage\/"},{"@type":"ListItem","position":2,"name":"Education","item":"https:\/\/www.theadkx.org\/education\/"},{"@type":"ListItem","position":3,"name":"Resources","item":"https:\/\/www.theadkx.org\/education\/resources\/"},{"@type":"ListItem","position":4,"name":"ADKX Inquires","item":"https:\/\/www.theadkx.org\/education\/resources\/adkx-inquires\/"},{"@type":"ListItem","position":5,"name":"Empathy, Curiosity, and Compassion"}]},{"@type":"WebSite","@id":"https:\/\/www.theadkx.org\/#website","url":"https:\/\/www.theadkx.org\/","name":"L'exp\u00e9rience des Adirondacks","description":"Le mus\u00e9e du lac Blue Mountain","publisher":{"@id":"https:\/\/www.theadkx.org\/#organization"},"potentialAction":[{"@type":"SearchAction","target":{"@type":"EntryPoint","urlTemplate":"https:\/\/www.theadkx.org\/?s={search_term_string}"},"query-input":{"@type":"PropertyValueSpecification","valueRequired":true,"valueName":"search_term_string"}}],"inLanguage":"fr-FR"},{"@type":"Organization","@id":"https:\/\/www.theadkx.org\/#organization","name":"Adirondack Experience, le mus\u00e9e du lac Blue Mountain","url":"https:\/\/www.theadkx.org\/","logo":{"@type":"ImageObject","inLanguage":"fr-FR","@id":"https:\/\/www.theadkx.org\/#\/schema\/logo\/image\/","url":"https:\/\/www.theadkx.org\/wp-content\/uploads\/2021\/03\/ADKX_LOGO.png","contentUrl":"https:\/\/www.theadkx.org\/wp-content\/uploads\/2021\/03\/ADKX_LOGO.png","width":440,"height":276,"caption":"Adirondack Experience, The Museum on Blue Mountain Lake"},"image":{"@id":"https:\/\/www.theadkx.org\/#\/schema\/logo\/image\/"},"sameAs":["https:\/\/www.facebook.com\/theADKX\/","https:\/\/x.com\/theadkx","https:\/\/www.instagram.com\/theadkx\/","https:\/\/www.youtube.com\/user\/AdirondackMuseum"]}]}},"_links":{"self":[{"href":"https:\/\/www.theadkx.org\/fr\/wp-json\/wp\/v2\/pages\/3511","targetHints":{"allow":["GET"]}}],"collection":[{"href":"https:\/\/www.theadkx.org\/fr\/wp-json\/wp\/v2\/pages"}],"about":[{"href":"https:\/\/www.theadkx.org\/fr\/wp-json\/wp\/v2\/types\/page"}],"author":[{"embeddable":true,"href":"https:\/\/www.theadkx.org\/fr\/wp-json\/wp\/v2\/users\/4"}],"replies":[{"embeddable":true,"href":"https:\/\/www.theadkx.org\/fr\/wp-json\/wp\/v2\/comments?post=3511"}],"version-history":[{"count":9,"href":"https:\/\/www.theadkx.org\/fr\/wp-json\/wp\/v2\/pages\/3511\/revisions"}],"predecessor-version":[{"id":5064,"href":"https:\/\/www.theadkx.org\/fr\/wp-json\/wp\/v2\/pages\/3511\/revisions\/5064"}],"up":[{"embeddable":true,"href":"https:\/\/www.theadkx.org\/fr\/wp-json\/wp\/v2\/pages\/179"}],"wp:attachment":[{"href":"https:\/\/www.theadkx.org\/fr\/wp-json\/wp\/v2\/media?parent=3511"}],"curies":[{"name":"wp","href":"https:\/\/api.w.org\/{rel}","templated":true}]}}