{"id":5247,"date":"2021-05-18T12:51:49","date_gmt":"2021-05-18T16:51:49","guid":{"rendered":"http:\/\/www.theadkx.org\/?page_id=5247"},"modified":"2021-05-18T14:07:06","modified_gmt":"2021-05-18T18:07:06","slug":"le-gout-des-adirondacks","status":"publish","type":"page","link":"https:\/\/www.theadkx.org\/fr\/our-events\/taste-of-the-adirondacks\/","title":{"rendered":"Le go\u00fbt des Adirondacks"},"content":{"rendered":"<div id='av_section_1'  class='avia-section main_color avia-section-no-padding avia-no-border-styling  ep-lazy-loaded avia-full-stretch avia-bg-style-scroll  avia-builder-el-0  el_before_av_section  avia-builder-el-first   avia-section-fwd container_wrap fullsize' style='background-repeat: no-repeat; --epBGImgDesktop: url(https:\/\/www.theadkx.org\/wp-content\/uploads\/2021\/05\/taste-of-the-adirondacks-1920x640-1.jpg);--epBGImgTablet: var(--epBGImgDesktop); --epBGImgMobile: url(https:\/\/www.theadkx.org\/wp-content\/uploads\/2021\/05\/taste-of-the-adirondacks-720x540-1.jpg);;background-attachment: scroll; background-position: bottom center;   '   data-section-bg-repeat='stretch' ><div class='container' style=\"\"><main  role=\"main\" itemprop=\"mainContentOfPage\"  class='template-page content  av-content-full alpha units' ><div class='post-entry post-entry-type-page post-entry-5247'><div class='entry-content-wrapper clearfix'>\n<div   class='hr hr-invisible  hr-responsive   avia-builder-el-1  avia-builder-el-no-sibling' ><div style='height:300px' class='hr-desktop'><\/div><div style='height:300px' class='hr-tablet'><\/div><div style='height:150px' class='hr-mobile'><\/div><\/div>\n\n<\/div><\/div><\/main><!-- close content main element --><\/div><\/div><div id='av_section_2'  class='avia-section main_color avia-section-default avia-no-border-styling  ep-lazy-loaded avia-full-stretch avia-bg-style-scroll  avia-builder-el-2  el_after_av_section  el_before_av_section   container_wrap fullsize' style='background-color: #fcfaf5; background-repeat: no-repeat; --epBGImg: url(https:\/\/www.theadkx.org\/wp-content\/uploads\/2021\/03\/Brown-Topo-Map-1.png);;background-attachment: scroll; background-position: center center;   '  data-lazy-bg data-section-bg-repeat='stretch' ><div class='container' ><div class='template-page content  av-content-full alpha units' ><div class='post-entry post-entry-type-page post-entry-5247'><div class='entry-content-wrapper clearfix'>\n<div   class='av-special-heading av-special-heading-h1   blockquote modern-quote  avia-builder-el-3  avia-builder-el-no-sibling' ><h1 class='av-special-heading-tag'   itemprop=\"headline\"  >Le go\u00fbt des Adirondacks<\/h1><div class='special-heading-border'><div class='special-heading-inner-border' ><\/div><\/div><\/div>\n\n<\/div><\/div><\/div><!-- close content main div --><\/div><\/div><div id='av_section_3'  class='avia-section main_color avia-section-default avia-no-border-styling  avia-bg-style-scroll  avia-builder-el-4  el_after_av_section  avia-builder-el-last   container_wrap fullsize' style='  '   ><div class='container' style=\"--containerWidth:1150px;max-width:1150px;\"><div class='template-page content  av-content-full alpha units' ><div class='post-entry post-entry-type-page post-entry-5247'><div class='entry-content-wrapper clearfix'>\n<div   class='flex_column_table  ep-lazy-loaded   av-equal-height-column-flextable -flextable flex-column-table-1'  ><div  class=\"flex_column av_one_full  flex_column_table_cell av-equal-height-column av-align-top ep-lazy-loaded first  avia-builder-el-5  el_before_av_one_third  avia-builder-el-first\" ><div class=\"flex-column-inner\"><div  style='color:#7f9c90;font-size:38px;' class='av-special-heading av-special-heading-h3  custom-color-heading blockquote modern-quote  avia-builder-el-6  avia-builder-el-no-sibling  av-inherit-size' ><h3 class='av-special-heading-tag'   itemprop=\"headline\"  >\u00c9v\u00e9nements pr\u00e9c\u00e9dents de Taste of the Adirondacks<\/h3><div class='special-heading-border'><div class='special-heading-inner-border' style='border-color:#7f9c90'><\/div><\/div><\/div><\/div><\/div><\/div><!--close column table wrapper. Autoclose: 1 --><div   class='flex_column_table  ep-lazy-loaded   av-equal-height-column-flextable -flextable flex-column-table-2'  ><div  class=\"flex_column av_one_third  flex_column_table_cell av-equal-height-column av-align-top ep-lazy-loaded first  avia-builder-el-7  el_after_av_one_full  el_before_av_two_third  column-top-margin\" ><div class=\"flex-column-inner\"><div  class='avia-image-container  av-styling-      avia-builder-el-8  avia-builder-el-no-sibling  avia-align-center'  itemprop=\"image\" itemscope=\"itemscope\" itemtype=\"https:\/\/schema.org\/ImageObject\"   ><div class='avia-image-container-inner'><div class='avia-image-overlay-wrap'><img decoding=\"async\" fetchpriority=\"high\" class='wp-image-4016 avia-img-lazy-loading-not-4016 avia_image' src=\"https:\/\/www.theadkx.org\/wp-content\/uploads\/2021\/04\/a-taste-of-the-ADK.jpg\" alt='Des \u00e9tudiants du programme de cuisine et d&#039;h\u00f4tellerie du Paul Smith&#039;s College, le coll\u00e8ge des Adirondacks.' title='Adirondack Style Encore : Un go\u00fbt de l&#039;ADK !' height=\"400\" width=\"500\"  itemprop=\"thumbnailUrl\" srcset=\"https:\/\/www.theadkx.org\/wp-content\/uploads\/2021\/04\/a-taste-of-the-ADK.jpg 500w, https:\/\/www.theadkx.org\/wp-content\/uploads\/2021\/04\/a-taste-of-the-ADK-300x240.jpg 300w\" sizes=\"(max-width: 500px) 100vw, 500px\" \/><\/div><\/div><\/div><\/div><\/div><div class='av-flex-placeholder' ><\/div><div  class=\"flex_column av_two_third  flex_column_table_cell av-equal-height-column av-align-top ep-lazy-loaded   avia-builder-el-9  el_after_av_one_third  el_before_av_hr  column-top-margin\" ><div class=\"flex-column-inner\"><p><div   class='av-special-heading av-special-heading-h3   blockquote modern-quote  avia-builder-el-10  el_before_av_textblock  avia-builder-el-first' ><h3 class='av-special-heading-tag'   itemprop=\"headline\"  >Adirondack Style Encore : Un go\u00fbt de l'ADK !<\/h3><div class ='av-subheading av-subheading_below' style='font-size:15px;'><p>Mercredi 14 avril 2021 | 19h00<\/p>\n<\/div><div class='special-heading-border'><div class='special-heading-inner-border' ><\/div><\/div><\/div><br \/>\n<section class=\"av_textblock_section\"  itemscope=\"itemscope\" itemtype=\"https:\/\/schema.org\/CreativeWork\"  ><div class='avia_textblock'   itemprop=\"text\" ><p>Vous passez plus de temps dans votre cuisine ces derniers temps ? Rejoignez-nous pour un nouveau programme de notre s\u00e9rie Adirondack Style : une d\u00e9monstration de cuisine mettant en sc\u00e8ne des professeurs et des \u00e9tudiants du programme de cuisine et d'h\u00f4tellerie du Paul Smith's College, le College of the Adirondacks. Ce programme mettra en vedette des ingr\u00e9dients provenant de fermes locales et des aliments produits localement. Le chef Kevin et les \u00e9tudiants feront :<\/p>\n<p style=\"padding-left: 40px;\">M\u00e9daillons de cerf avec une sauce au cidre dur et \u00e0 l'\u00e9rable<br \/>\nGratin de 3 pommes de terre Tuckers avec Dutch knuckle et thym<br \/>\nPur\u00e9e de carottes, pousses de pois et c\u00e9leri rave glac\u00e9<\/p>\n<p><strong>Vous voulez savoir o\u00f9 acheter les ingr\u00e9dients ?<\/strong><\/p>\n<p style=\"padding-left: 40px;\">Coll\u00e8ge Paul Smiths - Sirop d'\u00e9rable et cidre<br \/>\nTucker Farms - Mollies magiques, Daisy Golds et Adirondack Reds<br \/>\nFromage Sugar House Creamery-Dutch Knuckle<br \/>\nFerme Juniper Hill-Carottes, c\u00e9leri-rave et thym<br \/>\nFerme de la pierre de lune - Pousses de pois<\/p>\n<p><strong><em>Co-sponsoris\u00e9 par l'Adirondack Experience et la biblioth\u00e8que publique d'Albany en partenariat avec le Paul Smith's College.<\/em><\/strong><\/p>\n<\/div><\/section><br \/>\n<section class=\"av_textblock_section\"  itemscope=\"itemscope\" itemtype=\"https:\/\/schema.org\/CreativeWork\"  ><div class='avia_textblock'   itemprop=\"text\" ><p><img loading=\"lazy\" decoding=\"async\" class=\"size-full wp-image-4015 alignnone\" src=\"https:\/\/www.theadkx.org\/wp-content\/uploads\/2021\/04\/albany-paul-smiths-logo.jpg\" alt=\"\" width=\"800\" height=\"150\" srcset=\"https:\/\/www.theadkx.org\/wp-content\/uploads\/2021\/04\/albany-paul-smiths-logo.jpg 800w, https:\/\/www.theadkx.org\/wp-content\/uploads\/2021\/04\/albany-paul-smiths-logo-300x56.jpg 300w, https:\/\/www.theadkx.org\/wp-content\/uploads\/2021\/04\/albany-paul-smiths-logo-768x144.jpg 768w\" sizes=\"auto, (max-width: 800px) 100vw, 800px\" \/><\/p>\n<\/div><\/section><br \/>\n<div  class='avia-button-wrap avia-button-left    avia-builder-el-13  el_after_av_textblock  avia-builder-el-last'  ><a href='https:\/\/vimeo.com\/537714179'  class='avia-button   avia-icon_select-no avia-color-border avia-size-medium avia-position-left'  target=\"_blank\"   ><span class='avia_iconbox_title' >Regardez l'enregistrement<\/span><\/a><\/div><\/p><\/div><\/div><\/div><!--close column table wrapper. Autoclose: 1 --><div  style=' margin-top:50px; margin-bottom:0px;'  class='hr hr-custom hr-center   hr-icon-no    avia-builder-el-14  el_after_av_two_third  el_before_av_one_third' ><span class='hr-inner   inner-border-av-border-fat' style=' width:800px; border-color:#719430;' ><span class='hr-inner-style'><\/span><\/span><\/div>\n<div   class='flex_column_table  ep-lazy-loaded   av-equal-height-column-flextable -flextable flex-column-table-3'  ><div  class=\"flex_column av_one_third  flex_column_table_cell av-equal-height-column av-align-top ep-lazy-loaded first  avia-builder-el-15  el_after_av_hr  el_before_av_two_third\" ><div class=\"flex-column-inner\"><div  class='avia-image-container  av-styling-      avia-builder-el-16  avia-builder-el-no-sibling  avia-align-center'  itemprop=\"image\" itemscope=\"itemscope\" itemtype=\"https:\/\/schema.org\/ImageObject\"   ><div class='avia-image-container-inner'><div class='avia-image-overlay-wrap'><img decoding=\"async\" fetchpriority=\"high\" class='wp-image-4017 avia-img-lazy-loading-not-4017 avia_image' src=\"https:\/\/www.theadkx.org\/wp-content\/uploads\/2021\/04\/food-glorious-food-675x540-1.jpg\" alt='Vieille carte postale repr\u00e9sentant la Prospect House sur le lac Blue Mountain.' title='Nourriture, nourriture glorieuse, style Adirondack' height=\"540\" width=\"675\"  itemprop=\"thumbnailUrl\" srcset=\"https:\/\/www.theadkx.org\/wp-content\/uploads\/2021\/04\/food-glorious-food-675x540-1.jpg 675w, https:\/\/www.theadkx.org\/wp-content\/uploads\/2021\/04\/food-glorious-food-675x540-1-300x240.jpg 300w\" sizes=\"(max-width: 675px) 100vw, 675px\" \/><\/div><\/div><\/div><\/div><\/div><div class='av-flex-placeholder' ><\/div><div  class=\"flex_column av_two_third  flex_column_table_cell av-equal-height-column av-align-top ep-lazy-loaded   avia-builder-el-17  el_after_av_one_third  el_before_av_hr\" ><div class=\"flex-column-inner\"><p><div   class='av-special-heading av-special-heading-h3   blockquote modern-quote  avia-builder-el-18  el_before_av_textblock  avia-builder-el-first' ><h3 class='av-special-heading-tag'   itemprop=\"headline\"  >Nourriture, nourriture glorieuse, style Adirondack<\/h3><div class ='av-subheading av-subheading_below' style='font-size:15px;'><p>Mercredi 31 mars 2021 | 19h00<\/p>\n<\/div><div class='special-heading-border'><div class='special-heading-inner-border' ><\/div><\/div><\/div><br \/>\n<section class=\"av_textblock_section\"  itemscope=\"itemscope\" itemtype=\"https:\/\/schema.org\/CreativeWork\"  ><div class='avia_textblock'   itemprop=\"text\" ><p><strong><em>La nourriture, la glorieuse nourriture, le style Adirondack !\u00a0<\/em><\/strong>Obtenez un aper\u00e7u des menus des h\u00f4tels de vill\u00e9giature et des grands camps des Adirondacks \u00e0 leur apog\u00e9e dans les ann\u00e9es 1800.  Comment la nourriture servie aux riches diff\u00e9rait-elle de la nourriture et des recettes populaires parmi les r\u00e9sidents moyens des Adirondacks ?  D\u00e9couvrez-le gr\u00e2ce \u00e0 Bethany Nyborg, \u00e9tudiante dipl\u00f4m\u00e9e de l'universit\u00e9 George Mason et ancienne stagiaire de l'Adirondack Experience. Bethany pr\u00e9parera une recette de cette \u00e9poque pour la montrer aux participants.<\/p>\n<div><em><strong>Coparrain\u00e9 par l'Adirondack Experience et la biblioth\u00e8que publique d'Albany.<\/strong><\/em><\/div>\n<div><\/div>\n<\/div><\/section><br \/>\n<section class=\"av_textblock_section\"  itemscope=\"itemscope\" itemtype=\"https:\/\/schema.org\/CreativeWork\"  ><div class='avia_textblock'   itemprop=\"text\" ><p><img loading=\"lazy\" decoding=\"async\" class=\"alignnone wp-image-4014\" src=\"https:\/\/www.theadkx.org\/wp-content\/uploads\/2021\/04\/apl-logo_straight_cropped.jpeg\" alt=\"\" width=\"300\" height=\"107\" \/><\/p>\n<\/div><\/section><br \/>\n<div  class='avia-button-wrap avia-button-left    avia-builder-el-21  el_after_av_textblock  avia-builder-el-last'  ><a href='https:\/\/vimeo.com\/539665290'  class='avia-button   avia-icon_select-no avia-color-border avia-size-medium avia-position-left'  target=\"_blank\"   ><span class='avia_iconbox_title' >Regardez l'enregistrement<\/span><\/a><\/div><\/p><\/div><\/div><\/div><!--close column table wrapper. Autoclose: 1 --><div  style=' margin-top:50px; margin-bottom:0px;'  class='hr hr-custom hr-center   hr-icon-no    avia-builder-el-22  el_after_av_two_third  el_before_av_one_third' ><span class='hr-inner   inner-border-av-border-fat' style=' width:800px; border-color:#719430;' ><span class='hr-inner-style'><\/span><\/span><\/div>\n<div   class='flex_column_table  ep-lazy-loaded   av-equal-height-column-flextable -flextable flex-column-table-4'  ><div  class=\"flex_column av_one_third  flex_column_table_cell av-equal-height-column av-align-top ep-lazy-loaded first  avia-builder-el-23  el_after_av_hr  el_before_av_two_third\" ><div class=\"flex-column-inner\"><div  class='avia-image-container  av-styling-      avia-builder-el-24  avia-builder-el-no-sibling  avia-align-center'  itemprop=\"image\" itemscope=\"itemscope\" itemtype=\"https:\/\/schema.org\/ImageObject\"   ><div class='avia-image-container-inner'><div class='avia-image-overlay-wrap'><img decoding=\"async\" fetchpriority=\"high\" class='wp-image-4018 avia-img-lazy-loading-not-4018 avia_image' src=\"https:\/\/www.theadkx.org\/wp-content\/uploads\/2021\/04\/maple-sugaring-675x540-1.jpg\" alt='Des \u00e9rables avec des seaux attach\u00e9s pour recueillir la s\u00e8ve pour faire du sirop d&#039;\u00e9rable.' title='L&#039;\u00e9rabli\u00e8re, le style Adirondack' height=\"540\" width=\"675\"  itemprop=\"thumbnailUrl\" srcset=\"https:\/\/www.theadkx.org\/wp-content\/uploads\/2021\/04\/maple-sugaring-675x540-1.jpg 675w, https:\/\/www.theadkx.org\/wp-content\/uploads\/2021\/04\/maple-sugaring-675x540-1-300x240.jpg 300w\" sizes=\"(max-width: 675px) 100vw, 675px\" \/><\/div><\/div><\/div><\/div><\/div><div class='av-flex-placeholder' ><\/div><div  class=\"flex_column av_two_third  flex_column_table_cell av-equal-height-column av-align-top ep-lazy-loaded   avia-builder-el-25  el_after_av_one_third  avia-builder-el-last\" ><div class=\"flex-column-inner\"><p><div   class='av-special-heading av-special-heading-h3   blockquote modern-quote  avia-builder-el-26  el_before_av_textblock  avia-builder-el-first' ><h3 class='av-special-heading-tag'   itemprop=\"headline\"  >L'\u00e9rabli\u00e8re, le style Adirondack<\/h3><div class ='av-subheading av-subheading_below' style='font-size:15px;'><p>Mercredi 24 mars 2021 | 19h00<\/p>\n<\/div><div class='special-heading-border'><div class='special-heading-inner-border' ><\/div><\/div><\/div><br \/>\n<section class=\"av_textblock_section\"  itemscope=\"itemscope\" itemtype=\"https:\/\/schema.org\/CreativeWork\"  ><div class='avia_textblock'   itemprop=\"text\" ><p><strong><em>C'est le temps de la r\u00e9colte des \u00e9rables dans les Adirondacks !<\/em><\/strong><em>\u00a0<\/em>Joignez-vous \u00e0 Ivy Gocker, directrice de la biblioth\u00e8que de l'Adirondack Experience, et \u00e0 Matt Thomas, historien ind\u00e9pendant sp\u00e9cialiste du sirop d'\u00e9rable, qui vous parleront de l'histoire et de la culture mat\u00e9rielle de l'exploitation des sucres d'\u00e9rable dans la r\u00e9gion des Adirondacks : le processus, la fa\u00e7on dont il \u00e9tait effectu\u00e9 dans le pass\u00e9 et l'histoire de la Horse Shoe Forestry Company pr\u00e8s de Tupper Lake, qui \u00e9tait autrefois la plus grande exploitation de production de sirop au monde.<\/p>\n<p><em><strong>Coparrain\u00e9 par l'Adirondack Experience et la biblioth\u00e8que publique d'Albany.<\/strong><\/em><\/p>\n<\/div><\/section><br \/>\n<section class=\"av_textblock_section\"  itemscope=\"itemscope\" itemtype=\"https:\/\/schema.org\/CreativeWork\"  ><div class='avia_textblock'   itemprop=\"text\" ><p><img loading=\"lazy\" decoding=\"async\" class=\"alignnone wp-image-4014\" src=\"https:\/\/www.theadkx.org\/wp-content\/uploads\/2021\/04\/apl-logo_straight_cropped.jpeg\" alt=\"\" width=\"300\" height=\"107\" \/><\/p>\n<\/div><\/section><br \/>\n<div  class='avia-button-wrap avia-button-left    avia-builder-el-29  el_after_av_textblock  avia-builder-el-last'  ><a href='https:\/\/vimeo.com\/529364013'  class='avia-button   avia-icon_select-no avia-color-border avia-size-medium avia-position-left'  target=\"_blank\"   ><span class='avia_iconbox_title' >Regardez l'enregistrement<\/span><\/a><\/div><\/p><\/div><\/div><\/div><!--close column table wrapper. Autoclose: 1 -->","protected":false},"excerpt":{"rendered":"","protected":false},"author":4,"featured_media":0,"parent":22,"menu_order":64,"comment_status":"closed","ping_status":"closed","template":"","meta":{"_acf_changed":false,"om_disable_all_campaigns":false,"footnotes":""},"class_list":["post-5247","page","type-page","status-publish","hentry"],"acf":[],"yoast_head":"<!-- This site is optimized with the Yoast SEO Premium plugin v22.8 (Yoast SEO v27.3) - https:\/\/yoast.com\/product\/yoast-seo-premium-wordpress\/ -->\n<title>Taste of the Adirondacks | Adirondack Experience<\/title>\n<meta name=\"robots\" content=\"index, follow, max-snippet:-1, max-image-preview:large, max-video-preview:-1\" \/>\n<link rel=\"canonical\" href=\"https:\/\/www.theadkx.org\/fr\/nos-evenements\/le-gout-des-adirondacks\/\" \/>\n<meta property=\"og:locale\" content=\"fr_FR\" \/>\n<meta property=\"og:type\" content=\"article\" \/>\n<meta property=\"og:title\" content=\"Taste of the Adirondacks\" \/>\n<meta property=\"og:url\" content=\"https:\/\/www.theadkx.org\/fr\/nos-evenements\/le-gout-des-adirondacks\/\" \/>\n<meta property=\"og:site_name\" content=\"Adirondack Experience\" \/>\n<meta property=\"article:publisher\" content=\"https:\/\/www.facebook.com\/theADKX\/\" \/>\n<meta property=\"article:modified_time\" content=\"2021-05-18T18:07:06+00:00\" \/>\n<meta property=\"og:image\" content=\"https:\/\/www.theadkx.org\/wp-content\/uploads\/2021\/04\/albany-paul-smiths-logo.jpg\" \/>\n<meta name=\"twitter:card\" content=\"summary_large_image\" \/>\n<meta name=\"twitter:site\" content=\"@theadkx\" \/>\n<meta name=\"twitter:label1\" content=\"Dur\u00e9e de lecture estim\u00e9e\" \/>\n\t<meta name=\"twitter:data1\" content=\"14 minutes\" \/>\n<script type=\"application\/ld+json\" class=\"yoast-schema-graph\">{\"@context\":\"https:\\\/\\\/schema.org\",\"@graph\":[{\"@type\":\"WebPage\",\"@id\":\"https:\\\/\\\/www.theadkx.org\\\/es\\\/our-events\\\/taste-of-the-adirondacks\\\/\",\"url\":\"https:\\\/\\\/www.theadkx.org\\\/es\\\/our-events\\\/taste-of-the-adirondacks\\\/\",\"name\":\"Taste of the Adirondacks | Adirondack Experience\",\"isPartOf\":{\"@id\":\"https:\\\/\\\/www.theadkx.org\\\/#website\"},\"primaryImageOfPage\":{\"@id\":\"https:\\\/\\\/www.theadkx.org\\\/es\\\/our-events\\\/taste-of-the-adirondacks\\\/#primaryimage\"},\"image\":{\"@id\":\"https:\\\/\\\/www.theadkx.org\\\/es\\\/our-events\\\/taste-of-the-adirondacks\\\/#primaryimage\"},\"thumbnailUrl\":\"https:\\\/\\\/www.theadkx.org\\\/wp-content\\\/uploads\\\/2021\\\/04\\\/albany-paul-smiths-logo.jpg\",\"datePublished\":\"2021-05-18T16:51:49+00:00\",\"dateModified\":\"2021-05-18T18:07:06+00:00\",\"breadcrumb\":{\"@id\":\"https:\\\/\\\/www.theadkx.org\\\/es\\\/our-events\\\/taste-of-the-adirondacks\\\/#breadcrumb\"},\"inLanguage\":\"fr-FR\",\"potentialAction\":[{\"@type\":\"ReadAction\",\"target\":[\"https:\\\/\\\/www.theadkx.org\\\/es\\\/our-events\\\/taste-of-the-adirondacks\\\/\"]}]},{\"@type\":\"ImageObject\",\"inLanguage\":\"fr-FR\",\"@id\":\"https:\\\/\\\/www.theadkx.org\\\/es\\\/our-events\\\/taste-of-the-adirondacks\\\/#primaryimage\",\"url\":\"https:\\\/\\\/www.theadkx.org\\\/wp-content\\\/uploads\\\/2021\\\/04\\\/albany-paul-smiths-logo.jpg\",\"contentUrl\":\"https:\\\/\\\/www.theadkx.org\\\/wp-content\\\/uploads\\\/2021\\\/04\\\/albany-paul-smiths-logo.jpg\"},{\"@type\":\"BreadcrumbList\",\"@id\":\"https:\\\/\\\/www.theadkx.org\\\/es\\\/our-events\\\/taste-of-the-adirondacks\\\/#breadcrumb\",\"itemListElement\":[{\"@type\":\"ListItem\",\"position\":1,\"name\":\"Home\",\"item\":\"https:\\\/\\\/www.theadkx.org\\\/homepage\\\/\"},{\"@type\":\"ListItem\",\"position\":2,\"name\":\"Events\",\"item\":\"https:\\\/\\\/www.theadkx.org\\\/our-events\\\/\"},{\"@type\":\"ListItem\",\"position\":3,\"name\":\"Taste of the Adirondacks\"}]},{\"@type\":\"WebSite\",\"@id\":\"https:\\\/\\\/www.theadkx.org\\\/#website\",\"url\":\"https:\\\/\\\/www.theadkx.org\\\/\",\"name\":\"Adirondack Experience\",\"description\":\"The Museum on Blue Mountain Lake\",\"publisher\":{\"@id\":\"https:\\\/\\\/www.theadkx.org\\\/#organization\"},\"potentialAction\":[{\"@type\":\"SearchAction\",\"target\":{\"@type\":\"EntryPoint\",\"urlTemplate\":\"https:\\\/\\\/www.theadkx.org\\\/?s={search_term_string}\"},\"query-input\":{\"@type\":\"PropertyValueSpecification\",\"valueRequired\":true,\"valueName\":\"search_term_string\"}}],\"inLanguage\":\"fr-FR\"},{\"@type\":\"Organization\",\"@id\":\"https:\\\/\\\/www.theadkx.org\\\/#organization\",\"name\":\"Adirondack Experience, The Museum on Blue Mountain Lake\",\"url\":\"https:\\\/\\\/www.theadkx.org\\\/\",\"logo\":{\"@type\":\"ImageObject\",\"inLanguage\":\"fr-FR\",\"@id\":\"https:\\\/\\\/www.theadkx.org\\\/#\\\/schema\\\/logo\\\/image\\\/\",\"url\":\"https:\\\/\\\/www.theadkx.org\\\/wp-content\\\/uploads\\\/2021\\\/03\\\/ADKX_LOGO.png\",\"contentUrl\":\"https:\\\/\\\/www.theadkx.org\\\/wp-content\\\/uploads\\\/2021\\\/03\\\/ADKX_LOGO.png\",\"width\":440,\"height\":276,\"caption\":\"Adirondack Experience, The Museum on Blue Mountain Lake\"},\"image\":{\"@id\":\"https:\\\/\\\/www.theadkx.org\\\/#\\\/schema\\\/logo\\\/image\\\/\"},\"sameAs\":[\"https:\\\/\\\/www.facebook.com\\\/theADKX\\\/\",\"https:\\\/\\\/x.com\\\/theadkx\",\"https:\\\/\\\/www.instagram.com\\\/theadkx\\\/\",\"https:\\\/\\\/www.youtube.com\\\/user\\\/AdirondackMuseum\"]}]}<\/script>\n<!-- \/ Yoast SEO Premium plugin. -->","yoast_head_json":{"title":"Taste of the Adirondacks | L'exp\u00e9rience des Adirondacks","robots":{"index":"index","follow":"follow","max-snippet":"max-snippet:-1","max-image-preview":"max-image-preview:large","max-video-preview":"max-video-preview:-1"},"canonical":"https:\/\/www.theadkx.org\/fr\/nos-evenements\/le-gout-des-adirondacks\/","og_locale":"fr_FR","og_type":"article","og_title":"Taste of the Adirondacks","og_url":"https:\/\/www.theadkx.org\/fr\/nos-evenements\/le-gout-des-adirondacks\/","og_site_name":"Adirondack Experience","article_publisher":"https:\/\/www.facebook.com\/theADKX\/","article_modified_time":"2021-05-18T18:07:06+00:00","og_image":[{"url":"https:\/\/www.theadkx.org\/wp-content\/uploads\/2021\/04\/albany-paul-smiths-logo.jpg","type":"","width":"","height":""}],"twitter_card":"summary_large_image","twitter_site":"@theadkx","twitter_misc":{"Dur\u00e9e de lecture estim\u00e9e":"14 minutes"},"schema":{"@context":"https:\/\/schema.org","@graph":[{"@type":"WebPage","@id":"https:\/\/www.theadkx.org\/es\/our-events\/taste-of-the-adirondacks\/","url":"https:\/\/www.theadkx.org\/es\/our-events\/taste-of-the-adirondacks\/","name":"Taste of the Adirondacks | L'exp\u00e9rience des Adirondacks","isPartOf":{"@id":"https:\/\/www.theadkx.org\/#website"},"primaryImageOfPage":{"@id":"https:\/\/www.theadkx.org\/es\/our-events\/taste-of-the-adirondacks\/#primaryimage"},"image":{"@id":"https:\/\/www.theadkx.org\/es\/our-events\/taste-of-the-adirondacks\/#primaryimage"},"thumbnailUrl":"https:\/\/www.theadkx.org\/wp-content\/uploads\/2021\/04\/albany-paul-smiths-logo.jpg","datePublished":"2021-05-18T16:51:49+00:00","dateModified":"2021-05-18T18:07:06+00:00","breadcrumb":{"@id":"https:\/\/www.theadkx.org\/es\/our-events\/taste-of-the-adirondacks\/#breadcrumb"},"inLanguage":"fr-FR","potentialAction":[{"@type":"ReadAction","target":["https:\/\/www.theadkx.org\/es\/our-events\/taste-of-the-adirondacks\/"]}]},{"@type":"ImageObject","inLanguage":"fr-FR","@id":"https:\/\/www.theadkx.org\/es\/our-events\/taste-of-the-adirondacks\/#primaryimage","url":"https:\/\/www.theadkx.org\/wp-content\/uploads\/2021\/04\/albany-paul-smiths-logo.jpg","contentUrl":"https:\/\/www.theadkx.org\/wp-content\/uploads\/2021\/04\/albany-paul-smiths-logo.jpg"},{"@type":"BreadcrumbList","@id":"https:\/\/www.theadkx.org\/es\/our-events\/taste-of-the-adirondacks\/#breadcrumb","itemListElement":[{"@type":"ListItem","position":1,"name":"Home","item":"https:\/\/www.theadkx.org\/homepage\/"},{"@type":"ListItem","position":2,"name":"Events","item":"https:\/\/www.theadkx.org\/our-events\/"},{"@type":"ListItem","position":3,"name":"Taste of the Adirondacks"}]},{"@type":"WebSite","@id":"https:\/\/www.theadkx.org\/#website","url":"https:\/\/www.theadkx.org\/","name":"L'exp\u00e9rience des Adirondacks","description":"Le mus\u00e9e du lac Blue Mountain","publisher":{"@id":"https:\/\/www.theadkx.org\/#organization"},"potentialAction":[{"@type":"SearchAction","target":{"@type":"EntryPoint","urlTemplate":"https:\/\/www.theadkx.org\/?s={search_term_string}"},"query-input":{"@type":"PropertyValueSpecification","valueRequired":true,"valueName":"search_term_string"}}],"inLanguage":"fr-FR"},{"@type":"Organization","@id":"https:\/\/www.theadkx.org\/#organization","name":"Adirondack Experience, le mus\u00e9e du lac Blue Mountain","url":"https:\/\/www.theadkx.org\/","logo":{"@type":"ImageObject","inLanguage":"fr-FR","@id":"https:\/\/www.theadkx.org\/#\/schema\/logo\/image\/","url":"https:\/\/www.theadkx.org\/wp-content\/uploads\/2021\/03\/ADKX_LOGO.png","contentUrl":"https:\/\/www.theadkx.org\/wp-content\/uploads\/2021\/03\/ADKX_LOGO.png","width":440,"height":276,"caption":"Adirondack Experience, The Museum on Blue Mountain Lake"},"image":{"@id":"https:\/\/www.theadkx.org\/#\/schema\/logo\/image\/"},"sameAs":["https:\/\/www.facebook.com\/theADKX\/","https:\/\/x.com\/theadkx","https:\/\/www.instagram.com\/theadkx\/","https:\/\/www.youtube.com\/user\/AdirondackMuseum"]}]}},"_links":{"self":[{"href":"https:\/\/www.theadkx.org\/fr\/wp-json\/wp\/v2\/pages\/5247","targetHints":{"allow":["GET"]}}],"collection":[{"href":"https:\/\/www.theadkx.org\/fr\/wp-json\/wp\/v2\/pages"}],"about":[{"href":"https:\/\/www.theadkx.org\/fr\/wp-json\/wp\/v2\/types\/page"}],"author":[{"embeddable":true,"href":"https:\/\/www.theadkx.org\/fr\/wp-json\/wp\/v2\/users\/4"}],"replies":[{"embeddable":true,"href":"https:\/\/www.theadkx.org\/fr\/wp-json\/wp\/v2\/comments?post=5247"}],"version-history":[{"count":4,"href":"https:\/\/www.theadkx.org\/fr\/wp-json\/wp\/v2\/pages\/5247\/revisions"}],"predecessor-version":[{"id":5267,"href":"https:\/\/www.theadkx.org\/fr\/wp-json\/wp\/v2\/pages\/5247\/revisions\/5267"}],"up":[{"embeddable":true,"href":"https:\/\/www.theadkx.org\/fr\/wp-json\/wp\/v2\/pages\/22"}],"wp:attachment":[{"href":"https:\/\/www.theadkx.org\/fr\/wp-json\/wp\/v2\/media?parent=5247"}],"curies":[{"name":"wp","href":"https:\/\/api.w.org\/{rel}","templated":true}]}}