{"id":6039,"date":"2021-07-06T12:58:22","date_gmt":"2021-07-06T16:58:22","guid":{"rendered":"http:\/\/www.theadkx.org\/?page_id=6039"},"modified":"2021-07-06T13:04:28","modified_gmt":"2021-07-06T17:04:28","slug":"theapaat50","status":"publish","type":"page","link":"https:\/\/www.theadkx.org\/fr\/our-events\/theapaat50\/","title":{"rendered":"Le symposium APA@50"},"content":{"rendered":"<div id='av_section_1'  class='avia-section main_color avia-section-no-padding avia-no-border-styling  ep-lazy-loaded avia-full-stretch avia-bg-style-scroll  avia-builder-el-0  el_before_av_section  avia-builder-el-first   avia-section-fwd container_wrap fullsize' style='background-repeat: no-repeat; --epBGImgDesktop: url(https:\/\/www.theadkx.org\/wp-content\/uploads\/2021\/04\/apa-symp-1536x1098-1-min.jpeg);--epBGImgTablet: var(--epBGImgDesktop); --epBGImgMobile: url(https:\/\/www.theadkx.org\/wp-content\/uploads\/2021\/04\/the-black-experience-mobile-720x540-1.jpg);;background-attachment: scroll; background-position: center center;   '   data-section-bg-repeat='stretch' ><div class='container' style=\"\"><main  role=\"main\" itemprop=\"mainContentOfPage\"  class='template-page content  av-content-full alpha units' ><div class='post-entry post-entry-type-page post-entry-6039'><div class='entry-content-wrapper clearfix'>\n<div   class='hr hr-invisible  hr-responsive   avia-builder-el-1  avia-builder-el-no-sibling' ><div style='height:300px' class='hr-desktop'><\/div><div style='height:300px' class='hr-tablet'><\/div><div style='height:150px' class='hr-mobile'><\/div><\/div>\n\n<\/div><\/div><\/main><!-- close content main element --><\/div><\/div><div id='av_section_2'  class='avia-section main_color avia-section-default avia-no-border-styling  ep-lazy-loaded avia-full-stretch avia-bg-style-scroll  avia-builder-el-2  el_after_av_section  el_before_av_section   container_wrap fullsize' style='background-color: #fcfaf5; background-repeat: no-repeat; --epBGImg: url(https:\/\/www.theadkx.org\/wp-content\/uploads\/2021\/03\/Brown-Topo-Map-1.png);;background-attachment: scroll; background-position: center center;   '  data-lazy-bg data-section-bg-repeat='stretch' ><div class='container' ><div class='template-page content  av-content-full alpha units' ><div class='post-entry post-entry-type-page post-entry-6039'><div class='entry-content-wrapper clearfix'>\n<div   class='av-special-heading av-special-heading-h1   blockquote modern-quote  avia-builder-el-3  avia-builder-el-no-sibling' ><h1 class='av-special-heading-tag'   itemprop=\"headline\"  >Le symposium APA@50<\/h1><div class='special-heading-border'><div class='special-heading-inner-border' ><\/div><\/div><\/div>\n\n<\/div><\/div><\/div><!-- close content main div --><\/div><\/div><div id='av_section_3'  class='avia-section main_color avia-section-default avia-no-border-styling  avia-bg-style-scroll  avia-builder-el-4  el_after_av_section  el_before_av_section   container_wrap fullsize' style='  '   ><div class='container' style=\"--containerWidth:1150px;max-width:1150px;\"><div class='template-page content  av-content-full alpha units' ><div class='post-entry post-entry-type-page post-entry-6039'><div class='entry-content-wrapper clearfix'>\n<div   class='flex_column_table  reverse-order ep-lazy-loaded   av-equal-height-column-flextable av-break-at-tablet-flextable flex-column-table-1'  ><div  class=\"flex_column av_one_full  custom_space av-break-at-tablet flex_column_table_cell av-equal-height-column av-align-top ep-lazy-loaded first  avia-builder-el-5  avia-builder-el-no-sibling  mobile-offset\" ><div class=\"flex-column-inner\"><p><div  style='height:20px' class='hr hr-invisible   av-desktop-hide  avia-builder-el-6  el_before_av_textblock  avia-builder-el-first' ><span class='hr-inner' ><span class='hr-inner-style'><\/span><\/span><\/div><br \/>\n<section class=\"av_textblock_section\"  itemscope=\"itemscope\" itemtype=\"https:\/\/schema.org\/CreativeWork\"  ><div class='avia_textblock'   itemprop=\"text\" ><h2>Un demi-si\u00e8cle de politique et de planification dans le parc des Adirondacks.<\/h2>\n<p>En juin 1971, le gouverneur de l'\u00c9tat de New York, Nelson Rockefeller, a sign\u00e9 une loi cr\u00e9ant l'Adirondack Park Agency. Rejoignez ADKX le 22 juin lors d'un symposium webinaire d'une journ\u00e9e qui \u00e9valuera le demi-si\u00e8cle d'orientation de l'APA en mati\u00e8re de gestion de la r\u00e9serve foresti\u00e8re et de d\u00e9veloppement des terres priv\u00e9es dans le parc des Adirondacks. Les pr\u00e9sentations principales par des universitaires et d'autres personnes \u00e9troitement impliqu\u00e9es dans l'APA seront suivies de commentaires d'autres experts et d'un dialogue avec notre public.<\/p>\n<p>Le mardi 22 juin 2021, l'Adirondack Experience a mis en ligne un symposium virtuel en direct pour comm\u00e9morer le 50e anniversaire de l'entreprise.<sup>th<\/sup> anniversaire de l'Agence du parc des Adirondacks.<\/p>\n<\/div><\/section><\/p><\/div><\/div><\/div><!--close column table wrapper. Autoclose: 1 -->\n\n<\/div><\/div><\/div><!-- close content main div --><\/div><\/div><div id='av_section_4'  class='avia-section main_color avia-section-default avia-no-border-styling  avia-bg-style-scroll  avia-builder-el-8  el_after_av_section  avia-builder-el-last   container_wrap fullsize' style='  '   ><div class='container' style=\"--containerWidth:1150px;max-width:1150px;\"><div class='template-page content  av-content-full alpha units' ><div class='post-entry post-entry-type-page post-entry-6039'><div class='entry-content-wrapper clearfix'>\n<div   class='flex_column_table  ep-lazy-loaded   av-equal-height-column-flextable -flextable flex-column-table-2'  ><div  class=\"flex_column av_one_full  flex_column_table_cell av-equal-height-column av-align-top ep-lazy-loaded first  avia-builder-el-9  el_before_av_one_third  avia-builder-el-first\" ><div class=\"flex-column-inner\"><div  style='color:#7f9c90;font-size:38px;' class='av-special-heading av-special-heading-h3  custom-color-heading blockquote modern-quote  avia-builder-el-10  avia-builder-el-no-sibling  av-inherit-size' ><h3 class='av-special-heading-tag'   itemprop=\"headline\"  >Sessions enregistr\u00e9es du symposium<\/h3><div class='special-heading-border'><div class='special-heading-inner-border' style='border-color:#7f9c90'><\/div><\/div><\/div><\/div><\/div><\/div><!--close column table wrapper. Autoclose: 1 --><div   class='flex_column_table  ep-lazy-loaded   av-equal-height-column-flextable -flextable flex-column-table-3'  ><div  class=\"flex_column av_one_third  flex_column_table_cell av-equal-height-column av-align-top ep-lazy-loaded first  avia-builder-el-11  el_after_av_one_full  el_before_av_two_third  column-top-margin\" ><div class=\"flex-column-inner\"><div  class='avia-image-container  av-styling-      avia-builder-el-12  avia-builder-el-no-sibling  avia-align-center'  itemprop=\"image\" itemscope=\"itemscope\" itemtype=\"https:\/\/schema.org\/ImageObject\"   ><div class='avia-image-container-inner'><div class='avia-image-overlay-wrap'><img decoding=\"async\" fetchpriority=\"high\" class='wp-image-6040 avia-img-lazy-loading-not-6040 avia_image' src=\"https:\/\/www.theadkx.org\/wp-content\/uploads\/2021\/07\/APA-session-1-snapshot.jpg\" alt='' title='Aper\u00e7u de la session 1 de l&#039;APA' height=\"567\" width=\"1028\"  itemprop=\"thumbnailUrl\" srcset=\"https:\/\/www.theadkx.org\/wp-content\/uploads\/2021\/07\/APA-session-1-snapshot.jpg 1028w, https:\/\/www.theadkx.org\/wp-content\/uploads\/2021\/07\/APA-session-1-snapshot-300x165.jpg 300w, https:\/\/www.theadkx.org\/wp-content\/uploads\/2021\/07\/APA-session-1-snapshot-768x424.jpg 768w\" sizes=\"(max-width: 1028px) 100vw, 1028px\" \/><\/div><\/div><\/div><\/div><\/div><div class='av-flex-placeholder' ><\/div><div  class=\"flex_column av_two_third  flex_column_table_cell av-equal-height-column av-align-top ep-lazy-loaded   avia-builder-el-13  el_after_av_one_third  el_before_av_hr  column-top-margin\" ><div class=\"flex-column-inner\"><p><div   class='av-special-heading av-special-heading-h3   blockquote modern-quote  avia-builder-el-14  el_before_av_textblock  avia-builder-el-first' ><h3 class='av-special-heading-tag'   itemprop=\"headline\"  >Premi\u00e8re session : \"Les premi\u00e8res ann\u00e9es de l'APA : \u00c9nergie, innovation et perspectives\"<\/h3><div class ='av-subheading av-subheading_below' style='font-size:15px;'><p>Mardi 22 juin 2021<\/p>\n<\/div><div class='special-heading-border'><div class='special-heading-inner-border' ><\/div><\/div><\/div><br \/>\n<section class=\"av_textblock_section\"  itemscope=\"itemscope\" itemtype=\"https:\/\/schema.org\/CreativeWork\"  ><div class='avia_textblock'   itemprop=\"text\" ><p><strong>Conf\u00e9rencier vedette :<\/strong> Richard S. Booth, D\u00e9partement de la planification urbaine et r\u00e9gionale, Universit\u00e9 Cornell, ancien conseiller de l'APA et ancien commissaire de l'APA<\/p>\n<p><strong>Discutants :<\/strong><\/p>\n<ul>\n<li>Marilyn DuBois, ancienne analyste politique senior \u00e0 l'Assembl\u00e9e de l'\u00c9tat de New York<\/li>\n<li>Bill Kissell, ancien conseiller juridique de l'APA<\/li>\n<li>Liz Thorndike, ancienne commissaire de l'APA<\/li>\n<\/ul>\n<\/div><\/section><br \/>\n<div  class='avia-button-wrap avia-button-left    avia-builder-el-16  el_after_av_textblock  avia-builder-el-last'  ><a href='https:\/\/vimeo.com\/571637345'  class='avia-button   avia-icon_select-no avia-color-border avia-size-medium avia-position-left'  target=\"_blank\"   ><span class='avia_iconbox_title' >Regardez l'enregistrement<\/span><\/a><\/div><\/p><\/div><\/div><\/div><!--close column table wrapper. Autoclose: 1 --><div  style=' margin-top:50px; margin-bottom:0px;'  class='hr hr-custom hr-center   hr-icon-no    avia-builder-el-17  el_after_av_two_third  el_before_av_one_third' ><span class='hr-inner   inner-border-av-border-fat' style=' width:800px; border-color:#719430;' ><span class='hr-inner-style'><\/span><\/span><\/div>\n<div   class='flex_column_table  ep-lazy-loaded   av-equal-height-column-flextable -flextable flex-column-table-4'  ><div  class=\"flex_column av_one_third  flex_column_table_cell av-equal-height-column av-align-top ep-lazy-loaded first  avia-builder-el-18  el_after_av_hr  el_before_av_two_third\" ><div class=\"flex-column-inner\"><div  class='avia-image-container  av-styling-      avia-builder-el-19  avia-builder-el-no-sibling  avia-align-center'  itemprop=\"image\" itemscope=\"itemscope\" itemtype=\"https:\/\/schema.org\/ImageObject\"   ><div class='avia-image-container-inner'><div class='avia-image-overlay-wrap'><img decoding=\"async\" fetchpriority=\"high\" class='wp-image-6040 avia-img-lazy-loading-not-6040 avia_image' src=\"https:\/\/www.theadkx.org\/wp-content\/uploads\/2021\/07\/APA-session-1-snapshot.jpg\" alt='' title='Aper\u00e7u de la session 1 de l&#039;APA' height=\"567\" width=\"1028\"  itemprop=\"thumbnailUrl\" srcset=\"https:\/\/www.theadkx.org\/wp-content\/uploads\/2021\/07\/APA-session-1-snapshot.jpg 1028w, https:\/\/www.theadkx.org\/wp-content\/uploads\/2021\/07\/APA-session-1-snapshot-300x165.jpg 300w, https:\/\/www.theadkx.org\/wp-content\/uploads\/2021\/07\/APA-session-1-snapshot-768x424.jpg 768w\" sizes=\"(max-width: 1028px) 100vw, 1028px\" \/><\/div><\/div><\/div><\/div><\/div><div class='av-flex-placeholder' ><\/div><div  class=\"flex_column av_two_third  flex_column_table_cell av-equal-height-column av-align-top ep-lazy-loaded   avia-builder-el-20  el_after_av_one_third  el_before_av_hr\" ><div class=\"flex-column-inner\"><p><div   class='av-special-heading av-special-heading-h3   blockquote modern-quote  avia-builder-el-21  el_before_av_textblock  avia-builder-el-first' ><h3 class='av-special-heading-tag'   itemprop=\"headline\"  >Deuxi\u00e8me session : \"Trail Blazin' : Reconstruire la nature sauvage dans l'esprit du public\".<\/h3><div class ='av-subheading av-subheading_below' style='font-size:15px;'><p>Mardi 22 juin 2021<\/p>\n<\/div><div class='special-heading-border'><div class='special-heading-inner-border' ><\/div><\/div><\/div><br \/>\n<section class=\"av_textblock_section\"  itemscope=\"itemscope\" itemtype=\"https:\/\/schema.org\/CreativeWork\"  ><div class='avia_textblock'   itemprop=\"text\" ><p><strong>Conf\u00e9rencier vedette :<\/strong> Elizabeth Vidon, professeur adjoint d'\u00e9tudes environnementales, SUNY-ESF<\/p>\n<p><strong>Discutants :<\/strong><\/p>\n<ul>\n<li>Heidi Kretser, sp\u00e9cialiste en sciences sociales de la conservation, Wildlife Conservation Society<\/li>\n<li>Peter Paine, membre de la commission d'\u00e9tude temporaire sur l'avenir des Adirondacks et ancien commissaire de l'APA<\/li>\n<li>John Sheehan, Conseil des Adirondacks<\/li>\n<\/ul>\n<\/div><\/section><br \/>\n<div  class='avia-button-wrap avia-button-left    avia-builder-el-23  el_after_av_textblock  avia-builder-el-last'  ><a href='https:\/\/vimeo.com\/571642645'  class='avia-button   avia-icon_select-no avia-color-border avia-size-medium avia-position-left'  target=\"_blank\"   ><span class='avia_iconbox_title' >Regardez l'enregistrement<\/span><\/a><\/div><\/p><\/div><\/div><\/div><!--close column table wrapper. Autoclose: 1 --><div  style=' margin-top:50px; margin-bottom:0px;'  class='hr hr-custom hr-center   hr-icon-no    avia-builder-el-24  el_after_av_two_third  el_before_av_one_third' ><span class='hr-inner   inner-border-av-border-fat' style=' width:800px; border-color:#719430;' ><span class='hr-inner-style'><\/span><\/span><\/div>\n<div   class='flex_column_table  ep-lazy-loaded   av-equal-height-column-flextable -flextable flex-column-table-5'  ><div  class=\"flex_column av_one_third  flex_column_table_cell av-equal-height-column av-align-top ep-lazy-loaded first  avia-builder-el-25  el_after_av_hr  el_before_av_two_third\" ><div class=\"flex-column-inner\"><div  class='avia-image-container  av-styling-      avia-builder-el-26  avia-builder-el-no-sibling  avia-align-center'  itemprop=\"image\" itemscope=\"itemscope\" itemtype=\"https:\/\/schema.org\/ImageObject\"   ><div class='avia-image-container-inner'><div class='avia-image-overlay-wrap'><img decoding=\"async\" fetchpriority=\"high\" class='wp-image-6040 avia-img-lazy-loading-not-6040 avia_image' src=\"https:\/\/www.theadkx.org\/wp-content\/uploads\/2021\/07\/APA-session-1-snapshot.jpg\" alt='' title='Aper\u00e7u de la session 1 de l&#039;APA' height=\"567\" width=\"1028\"  itemprop=\"thumbnailUrl\" srcset=\"https:\/\/www.theadkx.org\/wp-content\/uploads\/2021\/07\/APA-session-1-snapshot.jpg 1028w, https:\/\/www.theadkx.org\/wp-content\/uploads\/2021\/07\/APA-session-1-snapshot-300x165.jpg 300w, https:\/\/www.theadkx.org\/wp-content\/uploads\/2021\/07\/APA-session-1-snapshot-768x424.jpg 768w\" sizes=\"(max-width: 1028px) 100vw, 1028px\" \/><\/div><\/div><\/div><\/div><\/div><div class='av-flex-placeholder' ><\/div><div  class=\"flex_column av_two_third  flex_column_table_cell av-equal-height-column av-align-top ep-lazy-loaded   avia-builder-el-27  el_after_av_one_third  avia-builder-el-last\" ><div class=\"flex-column-inner\"><p><div   class='av-special-heading av-special-heading-h3   blockquote modern-quote  avia-builder-el-28  el_before_av_textblock  avia-builder-el-first' ><h3 class='av-special-heading-tag'   itemprop=\"headline\"  >Troisi\u00e8me session : \"L'am\u00e9nagement du territoire aujourd'hui<\/h3><div class ='av-subheading av-subheading_below' style='font-size:15px;'><p>Mardi 22 juin 2021<\/p>\n<\/div><div class='special-heading-border'><div class='special-heading-inner-border' ><\/div><\/div><\/div><br \/>\n<section class=\"av_textblock_section\"  itemscope=\"itemscope\" itemtype=\"https:\/\/schema.org\/CreativeWork\"  ><div class='avia_textblock'   itemprop=\"text\" ><p><strong>Conf\u00e9rencier vedette : <\/strong>Frank Popper, professeur \u00e0 la Edward J. Bloustein School of Planning and Public Policy de l'universit\u00e9 Rutgers, et professeur invit\u00e9 d'ing\u00e9nierie civile et environnementale \u00e0 l'Institut environnemental de High Meadows de l'universit\u00e9 de Princeton.<\/p>\n<p><strong>Discutants :<\/strong><\/p>\n<ul>\n<li>Peter Bauer, Directeur ex\u00e9cutif, Protect the Adirondacks<\/li>\n<li>Bill McKibben, environnementaliste et auteur<\/li>\n<li>Lani Ulrich, ancienne pr\u00e9sidente de l'APA<\/li>\n<li>William Farber, pr\u00e9sident du conseil des superviseurs du comt\u00e9 de Hamilton<\/li>\n<\/ul>\n<\/div><\/section><br \/>\n<div  class='avia-button-wrap avia-button-left    avia-builder-el-30  el_after_av_textblock  avia-builder-el-last'  ><a href='https:\/\/vimeo.com\/571646985'  class='avia-button   avia-icon_select-no avia-color-border avia-size-medium avia-position-left'  target=\"_blank\"   ><span class='avia_iconbox_title' >Regardez l'enregistrement<\/span><\/a><\/div><\/p><\/div><\/div><\/div><!--close column table wrapper. Autoclose: 1 -->","protected":false},"excerpt":{"rendered":"","protected":false},"author":4,"featured_media":0,"parent":22,"menu_order":66,"comment_status":"closed","ping_status":"closed","template":"","meta":{"_acf_changed":false,"om_disable_all_campaigns":false,"footnotes":""},"class_list":["post-6039","page","type-page","status-publish","hentry"],"acf":[],"yoast_head":"<!-- This site is optimized with the Yoast SEO Premium plugin v22.8 (Yoast SEO v27.5) - https:\/\/yoast.com\/product\/yoast-seo-premium-wordpress\/ -->\n<title>The APA@50 Symposium | Adirondack Experience<\/title>\n<meta name=\"robots\" content=\"index, follow, max-snippet:-1, max-image-preview:large, max-video-preview:-1\" \/>\n<link rel=\"canonical\" href=\"https:\/\/www.theadkx.org\/fr\/nos-evenements\/theapaat50\/\" \/>\n<meta property=\"og:locale\" content=\"fr_FR\" \/>\n<meta property=\"og:type\" content=\"article\" \/>\n<meta property=\"og:title\" content=\"The APA@50 Symposium\" \/>\n<meta property=\"og:url\" content=\"https:\/\/www.theadkx.org\/fr\/nos-evenements\/theapaat50\/\" \/>\n<meta property=\"og:site_name\" content=\"Adirondack Experience\" \/>\n<meta property=\"article:publisher\" content=\"https:\/\/www.facebook.com\/theADKX\/\" \/>\n<meta property=\"article:modified_time\" content=\"2021-07-06T17:04:28+00:00\" \/>\n<meta name=\"twitter:card\" content=\"summary_large_image\" \/>\n<meta name=\"twitter:site\" content=\"@theadkx\" \/>\n<meta name=\"twitter:label1\" content=\"Dur\u00e9e de lecture estim\u00e9e\" \/>\n\t<meta name=\"twitter:data1\" content=\"17 minutes\" \/>\n<script type=\"application\/ld+json\" class=\"yoast-schema-graph\">{\"@context\":\"https:\\\/\\\/schema.org\",\"@graph\":[{\"@type\":\"WebPage\",\"@id\":\"https:\\\/\\\/www.theadkx.org\\\/es\\\/our-events\\\/elapaat50\\\/\",\"url\":\"https:\\\/\\\/www.theadkx.org\\\/es\\\/our-events\\\/elapaat50\\\/\",\"name\":\"The APA@50 Symposium | Adirondack Experience\",\"isPartOf\":{\"@id\":\"https:\\\/\\\/www.theadkx.org\\\/#website\"},\"datePublished\":\"2021-07-06T16:58:22+00:00\",\"dateModified\":\"2021-07-06T17:04:28+00:00\",\"breadcrumb\":{\"@id\":\"https:\\\/\\\/www.theadkx.org\\\/es\\\/our-events\\\/elapaat50\\\/#breadcrumb\"},\"inLanguage\":\"fr-FR\",\"potentialAction\":[{\"@type\":\"ReadAction\",\"target\":[\"https:\\\/\\\/www.theadkx.org\\\/es\\\/our-events\\\/elapaat50\\\/\"]}]},{\"@type\":\"BreadcrumbList\",\"@id\":\"https:\\\/\\\/www.theadkx.org\\\/es\\\/our-events\\\/elapaat50\\\/#breadcrumb\",\"itemListElement\":[{\"@type\":\"ListItem\",\"position\":1,\"name\":\"Home\",\"item\":\"https:\\\/\\\/www.theadkx.org\\\/homepage\\\/\"},{\"@type\":\"ListItem\",\"position\":2,\"name\":\"Events\",\"item\":\"https:\\\/\\\/www.theadkx.org\\\/our-events\\\/\"},{\"@type\":\"ListItem\",\"position\":3,\"name\":\"The APA@50 Symposium\"}]},{\"@type\":\"WebSite\",\"@id\":\"https:\\\/\\\/www.theadkx.org\\\/#website\",\"url\":\"https:\\\/\\\/www.theadkx.org\\\/\",\"name\":\"Adirondack Experience\",\"description\":\"The Museum on Blue Mountain Lake\",\"publisher\":{\"@id\":\"https:\\\/\\\/www.theadkx.org\\\/#organization\"},\"potentialAction\":[{\"@type\":\"SearchAction\",\"target\":{\"@type\":\"EntryPoint\",\"urlTemplate\":\"https:\\\/\\\/www.theadkx.org\\\/?s={search_term_string}\"},\"query-input\":{\"@type\":\"PropertyValueSpecification\",\"valueRequired\":true,\"valueName\":\"search_term_string\"}}],\"inLanguage\":\"fr-FR\"},{\"@type\":\"Organization\",\"@id\":\"https:\\\/\\\/www.theadkx.org\\\/#organization\",\"name\":\"Adirondack Experience, The Museum on Blue Mountain Lake\",\"url\":\"https:\\\/\\\/www.theadkx.org\\\/\",\"logo\":{\"@type\":\"ImageObject\",\"inLanguage\":\"fr-FR\",\"@id\":\"https:\\\/\\\/www.theadkx.org\\\/#\\\/schema\\\/logo\\\/image\\\/\",\"url\":\"https:\\\/\\\/www.theadkx.org\\\/wp-content\\\/uploads\\\/2021\\\/03\\\/ADKX_LOGO.png\",\"contentUrl\":\"https:\\\/\\\/www.theadkx.org\\\/wp-content\\\/uploads\\\/2021\\\/03\\\/ADKX_LOGO.png\",\"width\":440,\"height\":276,\"caption\":\"Adirondack Experience, The Museum on Blue Mountain Lake\"},\"image\":{\"@id\":\"https:\\\/\\\/www.theadkx.org\\\/#\\\/schema\\\/logo\\\/image\\\/\"},\"sameAs\":[\"https:\\\/\\\/www.facebook.com\\\/theADKX\\\/\",\"https:\\\/\\\/x.com\\\/theadkx\",\"https:\\\/\\\/www.instagram.com\\\/theadkx\\\/\",\"https:\\\/\\\/www.youtube.com\\\/user\\\/AdirondackMuseum\"]}]}<\/script>\n<!-- \/ Yoast SEO Premium plugin. -->","yoast_head_json":{"title":"Le symposium APA@50 - L'exp\u00e9rience des Adirondacks","robots":{"index":"index","follow":"follow","max-snippet":"max-snippet:-1","max-image-preview":"max-image-preview:large","max-video-preview":"max-video-preview:-1"},"canonical":"https:\/\/www.theadkx.org\/fr\/nos-evenements\/theapaat50\/","og_locale":"fr_FR","og_type":"article","og_title":"The APA@50 Symposium","og_url":"https:\/\/www.theadkx.org\/fr\/nos-evenements\/theapaat50\/","og_site_name":"Adirondack Experience","article_publisher":"https:\/\/www.facebook.com\/theADKX\/","article_modified_time":"2021-07-06T17:04:28+00:00","twitter_card":"summary_large_image","twitter_site":"@theadkx","twitter_misc":{"Dur\u00e9e de lecture estim\u00e9e":"17 minutes"},"schema":{"@context":"https:\/\/schema.org","@graph":[{"@type":"WebPage","@id":"https:\/\/www.theadkx.org\/es\/our-events\/elapaat50\/","url":"https:\/\/www.theadkx.org\/es\/our-events\/elapaat50\/","name":"Le symposium APA@50 - L'exp\u00e9rience des Adirondacks","isPartOf":{"@id":"https:\/\/www.theadkx.org\/#website"},"datePublished":"2021-07-06T16:58:22+00:00","dateModified":"2021-07-06T17:04:28+00:00","breadcrumb":{"@id":"https:\/\/www.theadkx.org\/es\/our-events\/elapaat50\/#breadcrumb"},"inLanguage":"fr-FR","potentialAction":[{"@type":"ReadAction","target":["https:\/\/www.theadkx.org\/es\/our-events\/elapaat50\/"]}]},{"@type":"BreadcrumbList","@id":"https:\/\/www.theadkx.org\/es\/our-events\/elapaat50\/#breadcrumb","itemListElement":[{"@type":"ListItem","position":1,"name":"Home","item":"https:\/\/www.theadkx.org\/homepage\/"},{"@type":"ListItem","position":2,"name":"Events","item":"https:\/\/www.theadkx.org\/our-events\/"},{"@type":"ListItem","position":3,"name":"The APA@50 Symposium"}]},{"@type":"WebSite","@id":"https:\/\/www.theadkx.org\/#website","url":"https:\/\/www.theadkx.org\/","name":"L'exp\u00e9rience des Adirondacks","description":"Le mus\u00e9e du lac Blue Mountain","publisher":{"@id":"https:\/\/www.theadkx.org\/#organization"},"potentialAction":[{"@type":"SearchAction","target":{"@type":"EntryPoint","urlTemplate":"https:\/\/www.theadkx.org\/?s={search_term_string}"},"query-input":{"@type":"PropertyValueSpecification","valueRequired":true,"valueName":"search_term_string"}}],"inLanguage":"fr-FR"},{"@type":"Organization","@id":"https:\/\/www.theadkx.org\/#organization","name":"Adirondack Experience, le mus\u00e9e du lac Blue Mountain","url":"https:\/\/www.theadkx.org\/","logo":{"@type":"ImageObject","inLanguage":"fr-FR","@id":"https:\/\/www.theadkx.org\/#\/schema\/logo\/image\/","url":"https:\/\/www.theadkx.org\/wp-content\/uploads\/2021\/03\/ADKX_LOGO.png","contentUrl":"https:\/\/www.theadkx.org\/wp-content\/uploads\/2021\/03\/ADKX_LOGO.png","width":440,"height":276,"caption":"Adirondack Experience, The Museum on Blue Mountain Lake"},"image":{"@id":"https:\/\/www.theadkx.org\/#\/schema\/logo\/image\/"},"sameAs":["https:\/\/www.facebook.com\/theADKX\/","https:\/\/x.com\/theadkx","https:\/\/www.instagram.com\/theadkx\/","https:\/\/www.youtube.com\/user\/AdirondackMuseum"]}]}},"_links":{"self":[{"href":"https:\/\/www.theadkx.org\/fr\/wp-json\/wp\/v2\/pages\/6039","targetHints":{"allow":["GET"]}}],"collection":[{"href":"https:\/\/www.theadkx.org\/fr\/wp-json\/wp\/v2\/pages"}],"about":[{"href":"https:\/\/www.theadkx.org\/fr\/wp-json\/wp\/v2\/types\/page"}],"author":[{"embeddable":true,"href":"https:\/\/www.theadkx.org\/fr\/wp-json\/wp\/v2\/users\/4"}],"replies":[{"embeddable":true,"href":"https:\/\/www.theadkx.org\/fr\/wp-json\/wp\/v2\/comments?post=6039"}],"version-history":[{"count":4,"href":"https:\/\/www.theadkx.org\/fr\/wp-json\/wp\/v2\/pages\/6039\/revisions"}],"predecessor-version":[{"id":6050,"href":"https:\/\/www.theadkx.org\/fr\/wp-json\/wp\/v2\/pages\/6039\/revisions\/6050"}],"up":[{"embeddable":true,"href":"https:\/\/www.theadkx.org\/fr\/wp-json\/wp\/v2\/pages\/22"}],"wp:attachment":[{"href":"https:\/\/www.theadkx.org\/fr\/wp-json\/wp\/v2\/media?parent=6039"}],"curies":[{"name":"wp","href":"https:\/\/api.w.org\/{rel}","templated":true}]}}