{"id":8596,"date":"2022-03-03T11:53:31","date_gmt":"2022-03-03T16:53:31","guid":{"rendered":"http:\/\/www.theadkx.org\/?page_id=8596"},"modified":"2022-05-03T16:26:10","modified_gmt":"2022-05-03T20:26:10","slug":"dacks-dishes-2","status":"publish","type":"page","link":"https:\/\/www.theadkx.org\/fr\/our-events\/dacks-drinks\/","title":{"rendered":"Boissons 'Dacks"},"content":{"rendered":"<div id='av_section_1'  class='avia-section main_color avia-section-no-padding avia-no-border-styling  ep-lazy-loaded avia-full-stretch avia-bg-style-scroll  avia-builder-el-0  el_before_av_section  avia-builder-el-first   avia-section-fwd container_wrap fullsize' style='background-repeat: no-repeat; --epBGImgDesktop: url(https:\/\/www.theadkx.org\/wp-content\/uploads\/2022\/03\/o.jpg);--epBGImgTablet: var(--epBGImgDesktop); --epBGImgMobile: url();;background-attachment: scroll; background-position: center center;   '   data-section-bg-repeat='stretch' ><div class='container' style=\"\"><main  role=\"main\" itemprop=\"mainContentOfPage\"  class='template-page content  av-content-full alpha units' ><div class='post-entry post-entry-type-page post-entry-8596'><div class='entry-content-wrapper clearfix'>\n<div   class='hr hr-invisible  hr-responsive   avia-builder-el-1  avia-builder-el-no-sibling' ><div style='height:300px' class='hr-desktop'><\/div><div style='height:300px' class='hr-tablet'><\/div><div style='height:150px' class='hr-mobile'><\/div><\/div>\n\n<\/div><\/div><\/main><!-- close content main element --><\/div><\/div><div id='av_section_2'  class='avia-section main_color avia-section-default avia-no-border-styling  ep-lazy-loaded avia-full-stretch avia-bg-style-scroll  avia-builder-el-2  el_after_av_section  el_before_av_section   container_wrap fullsize' style='background-color: #fcfaf5; background-repeat: no-repeat; --epBGImg: url(https:\/\/www.theadkx.org\/wp-content\/uploads\/2021\/03\/Brown-Topo-Map-1.png);;background-attachment: scroll; background-position: center center;   '  data-lazy-bg data-section-bg-repeat='stretch' ><div class='container' ><div class='template-page content  av-content-full alpha units' ><div class='post-entry post-entry-type-page post-entry-8596'><div class='entry-content-wrapper clearfix'>\n<div   class='av-special-heading av-special-heading-h1   blockquote modern-quote  avia-builder-el-3  avia-builder-el-no-sibling' ><h1 class='av-special-heading-tag'   itemprop=\"headline\"  >Boissons 'Dacks<\/h1><div class='special-heading-border'><div class='special-heading-inner-border' ><\/div><\/div><\/div>\n\n<\/div><\/div><\/div><!-- close content main div --><\/div><\/div><div id='av_section_3'  class='avia-section main_color avia-section-default avia-no-border-styling  avia-bg-style-scroll  avia-builder-el-4  el_after_av_section  el_before_av_section   container_wrap fullsize' style='  '   ><div class='container' style=\"--containerWidth:1150px;max-width:1150px;\"><div class='template-page content  av-content-full alpha units' ><div class='post-entry post-entry-type-page post-entry-8596'><div class='entry-content-wrapper clearfix'>\n<div   class='flex_column_table  reverse-order ep-lazy-loaded   av-equal-height-column-flextable av-break-at-tablet-flextable flex-column-table-1'  ><div  class=\"flex_column av_one_full  custom_space av-break-at-tablet flex_column_table_cell av-equal-height-column av-align-top ep-lazy-loaded first  avia-builder-el-5  avia-builder-el-no-sibling  mobile-offset\" ><div class=\"flex-column-inner\"><p><div  style='height:20px' class='hr hr-invisible   av-desktop-hide  avia-builder-el-6  el_before_av_textblock  avia-builder-el-first' ><span class='hr-inner' ><span class='hr-inner-style'><\/span><\/span><\/div><br \/>\n<section class=\"av_textblock_section\"  itemscope=\"itemscope\" itemtype=\"https:\/\/schema.org\/CreativeWork\"  ><div class='avia_textblock'   itemprop=\"text\" ><p>Whether you enjoy a cool brew by the lake or a warm toddy by the fire, the Adirondacks and northern New York are home to some wonderful breweries, cideries, vineyards, and distilleries. Learn more about local flavor \u2013 from the adventurous rum-runners of the early 20th-century to today\u2019s craft brewers infusing their brews with tastes from Adirondack forests.<\/p>\n<p>Programs are Wednesday evenings at 7:00pm.<\/p>\n<p><em>Vous avez manqu\u00e9 une \u00e9mission ? Les enregistrements seront disponibles ci-dessous apr\u00e8s chaque \u00e9mission en direct.<\/em><\/p>\n<p>You may also be interested in our previous programs <a href=\"https:\/\/www.theadkx.org\/fr\/evenements\/dacks-dishes\/\"><strong>&#8216;Dacks Dishes.<\/strong><\/a><\/p>\n<\/div><\/section><\/p><\/div><\/div><\/div><!--close column table wrapper. Autoclose: 1 -->\n\n<\/div><\/div><\/div><!-- close content main div --><\/div><\/div><div id='av_section_4'  class='avia-section main_color avia-section-default avia-no-border-styling  avia-bg-style-scroll  avia-builder-el-8  el_after_av_section  el_before_av_one_third   container_wrap fullsize' style='  '   ><div class='container' style=\"--containerWidth:1150px;max-width:1150px;\"><div class='template-page content  av-content-full alpha units' ><div class='post-entry post-entry-type-page post-entry-8596'><div class='entry-content-wrapper clearfix'>\n<div   class='flex_column_table  ep-lazy-loaded   av-equal-height-column-flextable -flextable flex-column-table-2'  ><div  class=\"flex_column av_one_full  flex_column_table_cell av-equal-height-column av-align-top ep-lazy-loaded first  avia-builder-el-9  avia-builder-el-no-sibling\" ><div class=\"flex-column-inner\"><div  style='color:#7f9c90;font-size:38px;' class='av-special-heading av-special-heading-h3  custom-color-heading blockquote modern-quote  avia-builder-el-10  avia-builder-el-no-sibling  av-inherit-size' ><h3 class='av-special-heading-tag'   itemprop=\"headline\"  >Previous \u2018Dacks Drinks Events<\/h3><div class ='av-subheading av-subheading_below av_custom_color' style='font-size:15px;'><p>Recordings will be available below after each live program.<\/p>\n<\/div><div class='special-heading-border'><div class='special-heading-inner-border' style='border-color:#7f9c90'><\/div><\/div><\/div><\/div><\/div><\/div><!--close column table wrapper. Autoclose: 1 -->\n<\/div><\/div><\/div><!-- close content main div --><\/div><\/div><div id='after_section_4'  class='main_color av_default_container_wrap container_wrap fullsize' style='  '   ><div class='container' ><div class='template-page content  av-content-full alpha units' ><div class='post-entry post-entry-type-page post-entry-8596'><div class='entry-content-wrapper clearfix'>\n<div   class='flex_column_table  ep-lazy-loaded   av-equal-height-column-flextable -flextable flex-column-table-3'  ><div  class=\"flex_column av_one_third  flex_column_table_cell av-equal-height-column av-align-top ep-lazy-loaded first  avia-builder-el-11  el_after_av_section  el_before_av_two_third  avia-builder-el-first\" ><div class=\"flex-column-inner\"><div  class='avia-image-container  av-styling-      avia-builder-el-12  avia-builder-el-no-sibling  avia-align-center'  itemprop=\"image\" itemscope=\"itemscope\" itemtype=\"https:\/\/schema.org\/ImageObject\"   ><div class='avia-image-container-inner'><div class='avia-image-overlay-wrap'><img decoding=\"async\" loading='lazy' class='wp-image-8746 avia-img-lazy-loading-8746 avia_image' src=\"https:\/\/www.theadkx.org\/wp-content\/uploads\/2022\/03\/BeerWineRecipes_cropped-for-web-slider.jpg\" alt='' title='BeerWineRecipes_cropped for web slider (en anglais)' height=\"646\" width=\"1500\"  itemprop=\"thumbnailUrl\" srcset=\"https:\/\/www.theadkx.org\/wp-content\/uploads\/2022\/03\/BeerWineRecipes_cropped-for-web-slider.jpg 1500w, https:\/\/www.theadkx.org\/wp-content\/uploads\/2022\/03\/BeerWineRecipes_cropped-for-web-slider-300x129.jpg 300w, https:\/\/www.theadkx.org\/wp-content\/uploads\/2022\/03\/BeerWineRecipes_cropped-for-web-slider-1030x444.jpg 1030w, https:\/\/www.theadkx.org\/wp-content\/uploads\/2022\/03\/BeerWineRecipes_cropped-for-web-slider-768x331.jpg 768w, https:\/\/www.theadkx.org\/wp-content\/uploads\/2022\/03\/BeerWineRecipes_cropped-for-web-slider-18x8.jpg 18w\" sizes=\"auto, (max-width: 1500px) 100vw, 1500px\" \/><\/div><\/div><\/div><\/div><\/div><div class='av-flex-placeholder' ><\/div><div  class=\"flex_column av_two_third  flex_column_table_cell av-equal-height-column av-align-top ep-lazy-loaded   avia-builder-el-13  el_after_av_one_third  el_before_av_one_third\" ><div class=\"flex-column-inner\"><p><div   class='av-special-heading av-special-heading-h3   blockquote modern-quote  avia-builder-el-14  el_before_av_textblock  avia-builder-el-first' ><h3 class='av-special-heading-tag'   itemprop=\"headline\"  >History with a Twist &#8211; Adirondack Bootlegging<\/h3><div class ='av-subheading av-subheading_below' style='font-size:15px;'><p>Wednesday, April 20, 2022 | 7:00 pm<\/p>\n<\/div><div class='special-heading-border'><div class='special-heading-inner-border' ><\/div><\/div><\/div><br \/>\n<section class=\"av_textblock_section\"  itemscope=\"itemscope\" itemtype=\"https:\/\/schema.org\/CreativeWork\"  ><div class='avia_textblock'   itemprop=\"text\" ><p>Ce sera la f\u00eate ! Joignez-vous \u00e0 Niki Kourofsky pour une promenade endiabl\u00e9e \u00e0 travers les jours pas si secs de la Prohibition dans le parc. Stacia Takach, du Lake Placid Stagecoach Inn, vous fera d\u00e9couvrir des recettes de cocktails inspir\u00e9es des ann\u00e9es 1920 ou populaires dans cette p\u00e9riode. Le chef Billy Darrah pr\u00e9sentera des options de petits plats qui feront de votre prochaine r\u00e9union un v\u00e9ritable succ\u00e8s.<\/p>\n<\/div><\/section><br \/>\n<div   class='av-special-heading av-special-heading-h4   blockquote modern-quote  avia-builder-el-16  el_after_av_textblock  el_before_av_textblock' ><h4 class='av-special-heading-tag'   itemprop=\"headline\"  >A propos des orateurs<\/h4><div class='special-heading-border'><div class='special-heading-inner-border' ><\/div><\/div><\/div><br \/>\n<section class=\"av_textblock_section\"  itemscope=\"itemscope\" itemtype=\"https:\/\/schema.org\/CreativeWork\"  ><div class='avia_textblock'  style='font-size:18px; '  itemprop=\"text\" ><div class=\"cxmmr5t8 oygrvhab hcukyx3x c1et5uql o9v6fnle\">About the speaker: Niki Kourofsky, author of Adirondack Outlaws, has been an editor at Adirondack Life for more than a decade. Her articles often delve into the grittier side of regional history, covering hard times and hard-knock characters, including \u201cThe Girls Next Door,\u201d a recent exploration of prostitution in the park.<\/div>\n<div><\/div>\n<div class=\"cxmmr5t8 oygrvhab hcukyx3x c1et5uql o9v6fnle\">\n<div class=\"cxmmr5t8 oygrvhab hcukyx3x c1et5uql o9v6fnle\">Stacia Takach bio coming soon!<\/div>\n<\/div>\n<\/div><\/section><br \/>\n<div  style='height:30px' class='hr hr-invisible    avia-builder-el-18  el_after_av_textblock  el_before_av_button' ><span class='hr-inner' ><span class='hr-inner-style'><\/span><\/span><\/div><br \/>\n<div  class='avia-button-wrap avia-button-left    avia-builder-el-19  el_after_av_hr  avia-builder-el-last'  ><a href='https:\/\/www.youtube.com\/watch?v=jIeytQWA6cQ'  class='avia-button   avia-icon_select-no avia-color-border avia-size-medium avia-position-left'   ><span class='avia_iconbox_title' >Regardez l'enregistrement<\/span><\/a><\/div><\/p><\/div><\/div><\/div><!--close column table wrapper. Autoclose: 1 --><div   class='flex_column_table  ep-lazy-loaded   av-equal-height-column-flextable -flextable flex-column-table-4'  ><div  class=\"flex_column av_one_third  flex_column_table_cell av-equal-height-column av-align-top ep-lazy-loaded first  avia-builder-el-20  el_after_av_two_third  el_before_av_two_third  column-top-margin\" ><div class=\"flex-column-inner\"><div  class='avia-image-container  av-styling-      avia-builder-el-21  avia-builder-el-no-sibling  avia-align-center'  itemprop=\"image\" itemscope=\"itemscope\" itemtype=\"https:\/\/schema.org\/ImageObject\"   ><div class='avia-image-container-inner'><div class='avia-image-overlay-wrap'><img decoding=\"async\" loading='lazy' class='wp-image-8600 avia-img-lazy-loading-8600 avia_image' src=\"https:\/\/www.theadkx.org\/wp-content\/uploads\/2022\/03\/April13_ChuggaChuggaChaga1_cropped-for-web.jpg\" alt='' title='April13_ChuggaChuggaChaga1_cropped for web' height=\"810\" width=\"1440\"  itemprop=\"thumbnailUrl\" srcset=\"https:\/\/www.theadkx.org\/wp-content\/uploads\/2022\/03\/April13_ChuggaChuggaChaga1_cropped-for-web.jpg 1440w, https:\/\/www.theadkx.org\/wp-content\/uploads\/2022\/03\/April13_ChuggaChuggaChaga1_cropped-for-web-300x169.jpg 300w, https:\/\/www.theadkx.org\/wp-content\/uploads\/2022\/03\/April13_ChuggaChuggaChaga1_cropped-for-web-1030x579.jpg 1030w, https:\/\/www.theadkx.org\/wp-content\/uploads\/2022\/03\/April13_ChuggaChuggaChaga1_cropped-for-web-768x432.jpg 768w, https:\/\/www.theadkx.org\/wp-content\/uploads\/2022\/03\/April13_ChuggaChuggaChaga1_cropped-for-web-18x10.jpg 18w\" sizes=\"auto, (max-width: 1440px) 100vw, 1440px\" \/><\/div><\/div><\/div><\/div><\/div><\/p>\n<div class='av-flex-placeholder' ><\/div><div  class=\"flex_column av_two_third  flex_column_table_cell av-equal-height-column av-align-top ep-lazy-loaded   avia-builder-el-22  el_after_av_one_third  avia-builder-el-last  column-top-margin\" ><div class=\"flex-column-inner\"><p><div   class='av-special-heading av-special-heading-h3   blockquote modern-quote  avia-builder-el-23  el_before_av_textblock  avia-builder-el-first' ><h3 class='av-special-heading-tag'   itemprop=\"headline\"  >A Taste of Tupper<\/h3><div class ='av-subheading av-subheading_below' style='font-size:15px;'><p>Wednesday, April 13, 2022 | 7:00 pm<\/p>\n<\/div><div class='special-heading-border'><div class='special-heading-inner-border' ><\/div><\/div><\/div><br \/>\n<section class=\"av_textblock_section\"  itemscope=\"itemscope\" itemtype=\"https:\/\/schema.org\/CreativeWork\"  ><div class='avia_textblock'   itemprop=\"text\" ><p>Faites la connaissance de deux entreprises de Tupper Lake, Raquette River Brewing et Birch Boys, qui partagent leurs histoires et leurs offres. D\u00e9couvrez leur collaboration unique pour cr\u00e9er Chugga Chugga Chaga. Josh Weise et Tanner Hockey, de la brasserie Raquette River, concluront la soir\u00e9e par quelques conseils sur la fa\u00e7on d'infuser des saveurs locales pour les brasseurs amateurs.<\/p>\n<\/div><\/section><br \/>\n<div   class='av-special-heading av-special-heading-h4   blockquote modern-quote  avia-builder-el-25  el_after_av_textblock  el_before_av_textblock' ><h4 class='av-special-heading-tag'   itemprop=\"headline\"  >A propos des orateurs<\/h4><div class='special-heading-border'><div class='special-heading-inner-border' ><\/div><\/div><\/div><br \/>\n<section class=\"av_textblock_section\"  itemscope=\"itemscope\" itemtype=\"https:\/\/schema.org\/CreativeWork\"  ><div class='avia_textblock'  style='font-size:18px; '  itemprop=\"text\" ><div class=\"cxmmr5t8 oygrvhab hcukyx3x c1et5uql o9v6fnle\"><img loading=\"lazy\" decoding=\"async\" class=\"size-thumbnail wp-image-8609 alignleft\" src=\"https:\/\/www.theadkx.org\/wp-content\/uploads\/2022\/03\/April13_Garrett-Chaga_2-80x80.jpg\" alt=\"\" width=\"80\" height=\"80\" \/>About the speaker: Garret Kopp grew up in Tupper Lake and naturally formed a close relationship with nature from an early age. He began harvesting Chaga and selling it at local pop-up markets with his grandmother when he was 15. While attending business school at Clarkson University, Garrett began turning his passion for wild Chaga into a career-oriented enterprise, which he named Birch Boys. Now 24, Garrett is a certified mushroom identification expert &amp; licensed NYS guide. Today, Birch Boys leases 220,000 acres of private land in the Adirondacks for sustainable Chaga harvesting. The company has shipped Chaga-based handmade products (including teas, tinctures, and skin care products) to over 20,000 online customers in all 50 states.<\/div>\n<div><\/div>\n<div><\/div>\n<div class=\"cxmmr5t8 oygrvhab hcukyx3x c1et5uql o9v6fnle\">Josh Weise + Tanner Hockey \u2013 Brewers at Raquette River Brewery<\/div>\n<\/div><\/section><br \/>\n<div  style='height:30px' class='hr hr-invisible    avia-builder-el-27  el_after_av_textblock  el_before_av_button' ><span class='hr-inner' ><span class='hr-inner-style'><\/span><\/span><\/div><br \/>\n<div  class='avia-button-wrap avia-button-left    avia-builder-el-28  el_after_av_hr  avia-builder-el-last'  ><a href='https:\/\/www.youtube.com\/watch?v=a-XxTw0qh2Y'  class='avia-button   avia-icon_select-no avia-color-border avia-size-medium avia-position-left'   ><span class='avia_iconbox_title' >Regardez l'enregistrement<\/span><\/a><\/div><\/p><\/div><\/div><\/div><!--close column table wrapper. Autoclose: 1 -->","protected":false},"excerpt":{"rendered":"","protected":false},"author":4,"featured_media":0,"parent":22,"menu_order":57,"comment_status":"closed","ping_status":"closed","template":"","meta":{"_acf_changed":false,"om_disable_all_campaigns":false,"footnotes":""},"class_list":["post-8596","page","type-page","status-publish","hentry"],"acf":[],"yoast_head":"<!-- This site is optimized with the Yoast SEO Premium plugin v22.8 (Yoast SEO v27.3) - https:\/\/yoast.com\/product\/yoast-seo-premium-wordpress\/ -->\n<title>&#039;Dacks Dishes Virtual Event Series | Adirondack Experience<\/title>\n<meta name=\"description\" content=\"Join us for &#039;Dacks Dishes. Explore the ingredients and rich food history of the region while learning techniques to use in your own kitchen.\" \/>\n<meta name=\"robots\" content=\"index, follow, max-snippet:-1, max-image-preview:large, max-video-preview:-1\" \/>\n<link rel=\"canonical\" href=\"https:\/\/www.theadkx.org\/fr\/nos-evenements\/dacks-dishes-2\/\" \/>\n<meta property=\"og:locale\" content=\"fr_FR\" \/>\n<meta property=\"og:type\" content=\"article\" \/>\n<meta property=\"og:title\" content=\"\u2018Dacks Drinks\" \/>\n<meta property=\"og:url\" content=\"https:\/\/www.theadkx.org\/fr\/nos-evenements\/dacks-dishes-2\/\" \/>\n<meta property=\"og:site_name\" content=\"Adirondack Experience\" \/>\n<meta property=\"article:publisher\" content=\"https:\/\/www.facebook.com\/theADKX\/\" \/>\n<meta property=\"article:modified_time\" content=\"2022-05-03T20:26:10+00:00\" \/>\n<meta property=\"og:image\" content=\"https:\/\/www.theadkx.org\/wp-content\/uploads\/2022\/03\/April13_Garrett-Chaga_2-80x80.jpg\" \/>\n<meta name=\"twitter:card\" content=\"summary_large_image\" \/>\n<meta name=\"twitter:site\" content=\"@theadkx\" \/>\n<meta name=\"twitter:label1\" content=\"Dur\u00e9e de lecture estim\u00e9e\" \/>\n\t<meta name=\"twitter:data1\" content=\"8 minutes\" \/>\n<script type=\"application\/ld+json\" class=\"yoast-schema-graph\">{\"@context\":\"https:\\\/\\\/schema.org\",\"@graph\":[{\"@type\":\"WebPage\",\"@id\":\"https:\\\/\\\/www.theadkx.org\\\/our-events\\\/dacks-drinks\\\/\",\"url\":\"https:\\\/\\\/www.theadkx.org\\\/our-events\\\/dacks-drinks\\\/\",\"name\":\"'Dacks Dishes Virtual Event Series | Adirondack Experience\",\"isPartOf\":{\"@id\":\"https:\\\/\\\/www.theadkx.org\\\/#website\"},\"primaryImageOfPage\":{\"@id\":\"https:\\\/\\\/www.theadkx.org\\\/our-events\\\/dacks-drinks\\\/#primaryimage\"},\"image\":{\"@id\":\"https:\\\/\\\/www.theadkx.org\\\/our-events\\\/dacks-drinks\\\/#primaryimage\"},\"thumbnailUrl\":\"https:\\\/\\\/www.theadkx.org\\\/wp-content\\\/uploads\\\/2022\\\/03\\\/April13_Garrett-Chaga_2-80x80.jpg\",\"datePublished\":\"2022-03-03T16:53:31+00:00\",\"dateModified\":\"2022-05-03T20:26:10+00:00\",\"description\":\"Join us for 'Dacks Dishes. Explore the ingredients and rich food history of the region while learning techniques to use in your own kitchen.\",\"breadcrumb\":{\"@id\":\"https:\\\/\\\/www.theadkx.org\\\/our-events\\\/dacks-drinks\\\/#breadcrumb\"},\"inLanguage\":\"fr-FR\",\"potentialAction\":[{\"@type\":\"ReadAction\",\"target\":[\"https:\\\/\\\/www.theadkx.org\\\/our-events\\\/dacks-drinks\\\/\"]}]},{\"@type\":\"ImageObject\",\"inLanguage\":\"fr-FR\",\"@id\":\"https:\\\/\\\/www.theadkx.org\\\/our-events\\\/dacks-drinks\\\/#primaryimage\",\"url\":\"https:\\\/\\\/www.theadkx.org\\\/wp-content\\\/uploads\\\/2022\\\/03\\\/April13_Garrett-Chaga_2-80x80.jpg\",\"contentUrl\":\"https:\\\/\\\/www.theadkx.org\\\/wp-content\\\/uploads\\\/2022\\\/03\\\/April13_Garrett-Chaga_2-80x80.jpg\"},{\"@type\":\"BreadcrumbList\",\"@id\":\"https:\\\/\\\/www.theadkx.org\\\/our-events\\\/dacks-drinks\\\/#breadcrumb\",\"itemListElement\":[{\"@type\":\"ListItem\",\"position\":1,\"name\":\"Home\",\"item\":\"https:\\\/\\\/www.theadkx.org\\\/homepage\\\/\"},{\"@type\":\"ListItem\",\"position\":2,\"name\":\"Events\",\"item\":\"https:\\\/\\\/www.theadkx.org\\\/our-events\\\/\"},{\"@type\":\"ListItem\",\"position\":3,\"name\":\"\u2018Dacks Drinks\"}]},{\"@type\":\"WebSite\",\"@id\":\"https:\\\/\\\/www.theadkx.org\\\/#website\",\"url\":\"https:\\\/\\\/www.theadkx.org\\\/\",\"name\":\"Adirondack Experience\",\"description\":\"The Museum on Blue Mountain Lake\",\"publisher\":{\"@id\":\"https:\\\/\\\/www.theadkx.org\\\/#organization\"},\"potentialAction\":[{\"@type\":\"SearchAction\",\"target\":{\"@type\":\"EntryPoint\",\"urlTemplate\":\"https:\\\/\\\/www.theadkx.org\\\/?s={search_term_string}\"},\"query-input\":{\"@type\":\"PropertyValueSpecification\",\"valueRequired\":true,\"valueName\":\"search_term_string\"}}],\"inLanguage\":\"fr-FR\"},{\"@type\":\"Organization\",\"@id\":\"https:\\\/\\\/www.theadkx.org\\\/#organization\",\"name\":\"Adirondack Experience, The Museum on Blue Mountain Lake\",\"url\":\"https:\\\/\\\/www.theadkx.org\\\/\",\"logo\":{\"@type\":\"ImageObject\",\"inLanguage\":\"fr-FR\",\"@id\":\"https:\\\/\\\/www.theadkx.org\\\/#\\\/schema\\\/logo\\\/image\\\/\",\"url\":\"https:\\\/\\\/www.theadkx.org\\\/wp-content\\\/uploads\\\/2021\\\/03\\\/ADKX_LOGO.png\",\"contentUrl\":\"https:\\\/\\\/www.theadkx.org\\\/wp-content\\\/uploads\\\/2021\\\/03\\\/ADKX_LOGO.png\",\"width\":440,\"height\":276,\"caption\":\"Adirondack Experience, The Museum on Blue Mountain Lake\"},\"image\":{\"@id\":\"https:\\\/\\\/www.theadkx.org\\\/#\\\/schema\\\/logo\\\/image\\\/\"},\"sameAs\":[\"https:\\\/\\\/www.facebook.com\\\/theADKX\\\/\",\"https:\\\/\\\/x.com\\\/theadkx\",\"https:\\\/\\\/www.instagram.com\\\/theadkx\\\/\",\"https:\\\/\\\/www.youtube.com\\\/user\\\/AdirondackMuseum\"]}]}<\/script>\n<!-- \/ Yoast SEO Premium plugin. -->","yoast_head_json":{"title":"S\u00e9rie d'\u00e9v\u00e9nements virtuels \"Dacks Dishes\" | Adirondack Experience","description":"Rejoignez-nous pour \"Dacks Dishes\". Explorez les ingr\u00e9dients et la riche histoire alimentaire de la r\u00e9gion tout en apprenant des techniques \u00e0 utiliser dans votre propre cuisine.","robots":{"index":"index","follow":"follow","max-snippet":"max-snippet:-1","max-image-preview":"max-image-preview:large","max-video-preview":"max-video-preview:-1"},"canonical":"https:\/\/www.theadkx.org\/fr\/nos-evenements\/dacks-dishes-2\/","og_locale":"fr_FR","og_type":"article","og_title":"\u2018Dacks Drinks","og_url":"https:\/\/www.theadkx.org\/fr\/nos-evenements\/dacks-dishes-2\/","og_site_name":"Adirondack Experience","article_publisher":"https:\/\/www.facebook.com\/theADKX\/","article_modified_time":"2022-05-03T20:26:10+00:00","og_image":[{"url":"https:\/\/www.theadkx.org\/wp-content\/uploads\/2022\/03\/April13_Garrett-Chaga_2-80x80.jpg","type":"","width":"","height":""}],"twitter_card":"summary_large_image","twitter_site":"@theadkx","twitter_misc":{"Dur\u00e9e de lecture estim\u00e9e":"8 minutes"},"schema":{"@context":"https:\/\/schema.org","@graph":[{"@type":"WebPage","@id":"https:\/\/www.theadkx.org\/our-events\/dacks-drinks\/","url":"https:\/\/www.theadkx.org\/our-events\/dacks-drinks\/","name":"S\u00e9rie d'\u00e9v\u00e9nements virtuels \"Dacks Dishes\" | Adirondack Experience","isPartOf":{"@id":"https:\/\/www.theadkx.org\/#website"},"primaryImageOfPage":{"@id":"https:\/\/www.theadkx.org\/our-events\/dacks-drinks\/#primaryimage"},"image":{"@id":"https:\/\/www.theadkx.org\/our-events\/dacks-drinks\/#primaryimage"},"thumbnailUrl":"https:\/\/www.theadkx.org\/wp-content\/uploads\/2022\/03\/April13_Garrett-Chaga_2-80x80.jpg","datePublished":"2022-03-03T16:53:31+00:00","dateModified":"2022-05-03T20:26:10+00:00","description":"Rejoignez-nous pour \"Dacks Dishes\". Explorez les ingr\u00e9dients et la riche histoire alimentaire de la r\u00e9gion tout en apprenant des techniques \u00e0 utiliser dans votre propre cuisine.","breadcrumb":{"@id":"https:\/\/www.theadkx.org\/our-events\/dacks-drinks\/#breadcrumb"},"inLanguage":"fr-FR","potentialAction":[{"@type":"ReadAction","target":["https:\/\/www.theadkx.org\/our-events\/dacks-drinks\/"]}]},{"@type":"ImageObject","inLanguage":"fr-FR","@id":"https:\/\/www.theadkx.org\/our-events\/dacks-drinks\/#primaryimage","url":"https:\/\/www.theadkx.org\/wp-content\/uploads\/2022\/03\/April13_Garrett-Chaga_2-80x80.jpg","contentUrl":"https:\/\/www.theadkx.org\/wp-content\/uploads\/2022\/03\/April13_Garrett-Chaga_2-80x80.jpg"},{"@type":"BreadcrumbList","@id":"https:\/\/www.theadkx.org\/our-events\/dacks-drinks\/#breadcrumb","itemListElement":[{"@type":"ListItem","position":1,"name":"Home","item":"https:\/\/www.theadkx.org\/homepage\/"},{"@type":"ListItem","position":2,"name":"Events","item":"https:\/\/www.theadkx.org\/our-events\/"},{"@type":"ListItem","position":3,"name":"\u2018Dacks Drinks"}]},{"@type":"WebSite","@id":"https:\/\/www.theadkx.org\/#website","url":"https:\/\/www.theadkx.org\/","name":"L'exp\u00e9rience des Adirondacks","description":"Le mus\u00e9e du lac Blue Mountain","publisher":{"@id":"https:\/\/www.theadkx.org\/#organization"},"potentialAction":[{"@type":"SearchAction","target":{"@type":"EntryPoint","urlTemplate":"https:\/\/www.theadkx.org\/?s={search_term_string}"},"query-input":{"@type":"PropertyValueSpecification","valueRequired":true,"valueName":"search_term_string"}}],"inLanguage":"fr-FR"},{"@type":"Organization","@id":"https:\/\/www.theadkx.org\/#organization","name":"Adirondack Experience, le mus\u00e9e du lac Blue Mountain","url":"https:\/\/www.theadkx.org\/","logo":{"@type":"ImageObject","inLanguage":"fr-FR","@id":"https:\/\/www.theadkx.org\/#\/schema\/logo\/image\/","url":"https:\/\/www.theadkx.org\/wp-content\/uploads\/2021\/03\/ADKX_LOGO.png","contentUrl":"https:\/\/www.theadkx.org\/wp-content\/uploads\/2021\/03\/ADKX_LOGO.png","width":440,"height":276,"caption":"Adirondack Experience, The Museum on Blue Mountain Lake"},"image":{"@id":"https:\/\/www.theadkx.org\/#\/schema\/logo\/image\/"},"sameAs":["https:\/\/www.facebook.com\/theADKX\/","https:\/\/x.com\/theadkx","https:\/\/www.instagram.com\/theadkx\/","https:\/\/www.youtube.com\/user\/AdirondackMuseum"]}]}},"_links":{"self":[{"href":"https:\/\/www.theadkx.org\/fr\/wp-json\/wp\/v2\/pages\/8596","targetHints":{"allow":["GET"]}}],"collection":[{"href":"https:\/\/www.theadkx.org\/fr\/wp-json\/wp\/v2\/pages"}],"about":[{"href":"https:\/\/www.theadkx.org\/fr\/wp-json\/wp\/v2\/types\/page"}],"author":[{"embeddable":true,"href":"https:\/\/www.theadkx.org\/fr\/wp-json\/wp\/v2\/users\/4"}],"replies":[{"embeddable":true,"href":"https:\/\/www.theadkx.org\/fr\/wp-json\/wp\/v2\/comments?post=8596"}],"version-history":[{"count":10,"href":"https:\/\/www.theadkx.org\/fr\/wp-json\/wp\/v2\/pages\/8596\/revisions"}],"predecessor-version":[{"id":16341,"href":"https:\/\/www.theadkx.org\/fr\/wp-json\/wp\/v2\/pages\/8596\/revisions\/16341"}],"up":[{"embeddable":true,"href":"https:\/\/www.theadkx.org\/fr\/wp-json\/wp\/v2\/pages\/22"}],"wp:attachment":[{"href":"https:\/\/www.theadkx.org\/fr\/wp-json\/wp\/v2\/media?parent=8596"}],"curies":[{"name":"wp","href":"https:\/\/api.w.org\/{rel}","templated":true}]}}